{"id":44306,"date":"2021-10-20T14:05:10","date_gmt":"2021-10-20T14:05:10","guid":{"rendered":"https:\/\/casavi.com\/de\/?page_id=44306"},"modified":"2024-07-03T10:56:25","modified_gmt":"2024-07-03T08:56:25","slug":"feingeist","status":"publish","type":"page","link":"https:\/\/casavi.com\/de\/feingeist\/","title":{"rendered":"casavi und Feingeist"},"content":{"rendered":"\n<div class=\"wp-block-group alignfull is-style-default\"><div class=\"wp-block-group__inner-container is-layout-flow wp-block-group-is-layout-flow\">\n<div class=\"acf-block-casavi-responsive-spacer clearfix has-space-xs-2 has-space-md-4\" id=\"block_d6d806153d8ee0ca22ed9dac8de3705a\"><\/div>\n\n\n\n<div class=\"wp-block-media-text alignwide has-media-on-the-right is-stacked-on-mobile casavi-grid-35-65\" style=\"grid-template-columns:auto 35%\"><div class=\"wp-block-media-text__content\">\n<h1 class=\"wp-block-heading\" id=\"casavi-fur-feingeist\">casavi f\u00fcr Feingeist<\/h1>\n\n\n\n<p>Die&nbsp;Feingeist Unternehmensberatung&nbsp;unterst\u00fctzt Immobilienverwalter dabei, sich optimal f\u00fcr die Zukunft aufzustellen. Als Branchenl\u00f6sung wurde dazu der Digitality Check entwickelt, um mit einer individuellen Digitalstrategie Immobilienverwalter auf das neue Zeitalter vorzubereiten.<\/p>\n<\/div><figure class=\"wp-block-media-text__media\"><img fetchpriority=\"high\" decoding=\"async\" width=\"1024\" height=\"276\" src=\"https:\/\/casavi.com\/de\/wp-content\/uploads\/sites\/2\/2021\/10\/feingeist_logo-1024x276.png\" alt=\"\" class=\"wp-image-334 size-full\" srcset=\"https:\/\/casavi.com\/de\/wp-content\/uploads\/sites\/2\/2021\/10\/feingeist_logo-1024x276.png 1024w, https:\/\/casavi.com\/de\/wp-content\/uploads\/sites\/2\/2021\/10\/feingeist_logo-1960x528.png 1960w, https:\/\/casavi.com\/de\/wp-content\/uploads\/sites\/2\/2021\/10\/feingeist_logo-300x81.png 300w, https:\/\/casavi.com\/de\/wp-content\/uploads\/sites\/2\/2021\/10\/feingeist_logo-768x207.png 768w, https:\/\/casavi.com\/de\/wp-content\/uploads\/sites\/2\/2021\/10\/feingeist_logo-1536x414.png 1536w, https:\/\/casavi.com\/de\/wp-content\/uploads\/sites\/2\/2021\/10\/feingeist_logo-2048x552.png 2048w, https:\/\/casavi.com\/de\/wp-content\/uploads\/sites\/2\/2021\/10\/feingeist_logo-480x129.png 480w\" sizes=\"(max-width: 1024px) 100vw, 1024px\" \/><\/figure><\/div>\n\n\n\n<div class=\"acf-block-casavi-responsive-spacer clearfix has-space-xs-2 has-space-md-4\" id=\"block_d6d806153d8ee0ca22ed9dac8de3705a\"><\/div>\n<\/div><\/div>\n\n\n\n<div class=\"wp-block-group alignfull has-gray-1-gradient-background has-background\"><div class=\"wp-block-group__inner-container is-layout-constrained wp-block-group-is-layout-constrained\">\n<div class=\"acf-block-casavi-responsive-spacer clearfix has-space-xs-2 has-space-md-4\" id=\"block_d6d806153d8ee0ca22ed9dac8de3705a\"><\/div>\n\n\n\n<h2 class=\"wp-block-heading alignwide has-text-align-center\" id=\"zwei-losungen-kombinieren-und-doppelt-profitieren\">Zwei <mark style=\"background-color:rgba(0, 0, 0, 0)\" class=\"has-inline-color has-primary-300-color\">L\u00f6sungen kombinieren<\/mark> und doppelt profitieren<\/h2>\n\n\n\n<p class=\"alignwide has-text-align-wide has-text-align-center\">Gemeinsam mit casavi&nbsp;\u2013 der zentralen Plattform zur Kommunikation mit Eigent\u00fcmern, Mietern und Dienstleistern \u2013 kann die Digitalisierung Ihrer Immobilienverwaltung mit einer&nbsp;Digitalstrategie der Feingeist Unternehmensberatung&nbsp;schnell und erfolgreich gelingen. Dabei steht die Optimierung der Prozesse bzw. Workflows, die durch casavi unterst\u00fctzt werden, im Vordergrund.<\/p>\n\n\n\n<div class=\"wp-block-columns alignwide is-layout-flex wp-container-core-columns-is-layout-9d6595d7 wp-block-columns-is-layout-flex\">\n<div class=\"wp-block-column is-layout-flow wp-block-column-is-layout-flow\">\n<figure class=\"wp-block-image size-large has-casavi-box-shadow is-style-border-radius\"><img decoding=\"async\" width=\"1024\" height=\"784\" src=\"https:\/\/casavi.com\/de\/wp-content\/uploads\/sites\/2\/2021\/10\/grafik_feingeist-2-1024x784.png\" alt=\"\" class=\"wp-image-44598\" srcset=\"https:\/\/casavi.com\/de\/wp-content\/uploads\/sites\/2\/2021\/10\/grafik_feingeist-2-1024x784.png 1024w, https:\/\/casavi.com\/de\/wp-content\/uploads\/sites\/2\/2021\/10\/grafik_feingeist-2-300x230.png 300w, https:\/\/casavi.com\/de\/wp-content\/uploads\/sites\/2\/2021\/10\/grafik_feingeist-2-768x588.png 768w, https:\/\/casavi.com\/de\/wp-content\/uploads\/sites\/2\/2021\/10\/grafik_feingeist-2-353x270.png 353w, https:\/\/casavi.com\/de\/wp-content\/uploads\/sites\/2\/2021\/10\/grafik_feingeist-2-690x528.png 690w, https:\/\/casavi.com\/de\/wp-content\/uploads\/sites\/2\/2021\/10\/grafik_feingeist-2.png 1338w\" sizes=\"(max-width: 1024px) 100vw, 1024px\" \/><\/figure>\n\n\n\n<h3 class=\"wp-block-heading\" id=\"ihre-vorteile-einer-beratung-durch-die-feingeist-gmbh-sind\">Ihre Vorteile einer Beratung durch die Feingeist GmbH sind<\/h3>\n\n\n\n<ul class=\"wp-block-list\">\n<li>Entwicklung einer Digitalstrategie&nbsp;um strukturiert die Prozesse anzugehen<\/li>\n\n\n\n<li>Zukunftssicherung&nbsp;Ihres Gesch\u00e4ftsmodells<\/li>\n\n\n\n<li>Bestimmung der zuk\u00fcnftigen&nbsp;Ausrichtung im digitalen Wandel<\/li>\n\n\n\n<li>Neuen Herausforderungen&nbsp;begegnen<\/li>\n\n\n\n<li>Neue Erl\u00f6squellen&nbsp;erschlie\u00dfen und Potentiale heben<\/li>\n<\/ul>\n<\/div>\n\n\n\n<div class=\"wp-block-column is-layout-flow wp-block-column-is-layout-flow\">\n<figure class=\"wp-block-image size-large\"><img decoding=\"async\" width=\"1024\" height=\"768\" src=\"https:\/\/casavi.com\/de\/wp-content\/uploads\/sites\/2\/table-visual-german-1024x768.png\" alt=\"\" class=\"wp-image-61307\" srcset=\"https:\/\/casavi.com\/de\/wp-content\/uploads\/sites\/2\/table-visual-german-1024x768.png 1024w, https:\/\/casavi.com\/de\/wp-content\/uploads\/sites\/2\/table-visual-german-300x225.png 300w, https:\/\/casavi.com\/de\/wp-content\/uploads\/sites\/2\/table-visual-german-768x576.png 768w, https:\/\/casavi.com\/de\/wp-content\/uploads\/sites\/2\/table-visual-german-1536x1152.png 1536w, https:\/\/casavi.com\/de\/wp-content\/uploads\/sites\/2\/table-visual-german-2048x1536.png 2048w, https:\/\/casavi.com\/de\/wp-content\/uploads\/sites\/2\/table-visual-german-360x270.png 360w, https:\/\/casavi.com\/de\/wp-content\/uploads\/sites\/2\/table-visual-german-704x528.png 704w\" sizes=\"(max-width: 1024px) 100vw, 1024px\" \/><\/figure>\n\n\n\n<h3 class=\"wp-block-heading\" id=\"ihre-vorteile-eines-digitalen-property-managements-durch-casavi\">Ihre Vorteile eines digitalen Property Managements durch casavi<\/h3>\n\n\n\n<ul class=\"wp-block-list\">\n<li>St\u00e4rkere Kundenzufriedenheit&nbsp;durch transparente Prozesse<\/li>\n\n\n\n<li>Einfaches Dienstleistermanagement&nbsp;durch digitale Vernetzung<\/li>\n\n\n\n<li>45% weniger Anrufe&nbsp;durch proaktive Informationsverteilung<\/li>\n\n\n\n<li>Portoeinsparung&nbsp;durch digitale Bereitstellung von Dokumenten<\/li>\n\n\n\n<li>85% Zeitersparnis&nbsp;bei der Abwicklung von Auftr\u00e4gen<\/li>\n<\/ul>\n<\/div>\n<\/div>\n<\/div><\/div>\n\n\n\n<div class=\"wp-block-group alignfull has-white-background-color has-background\"><div class=\"wp-block-group__inner-container is-layout-flow wp-block-group-is-layout-flow\">\n<div class=\"acf-block-casavi-responsive-spacer clearfix has-space-xs-2 has-space-md-4\" id=\"block_d6d806153d8ee0ca22ed9dac8de3705a\"><\/div>\n\n\n\n<div class=\"acf-block-casavi-responsive-spacer clearfix has-space-xs-2 has-space-md-4\" id=\"block_d6d806153d8ee0ca22ed9dac8de3705a\"><\/div>\n\n\n\n<div class=\"wp-block-columns alignwide is-layout-flex wp-container-core-columns-is-layout-9d6595d7 wp-block-columns-is-layout-flex\">\n<div class=\"wp-block-column is-layout-flow wp-block-column-is-layout-flow\">\n<figure class=\"wp-block-image size-large\"><img loading=\"lazy\" decoding=\"async\" width=\"1024\" height=\"783\" src=\"https:\/\/casavi.com\/de\/wp-content\/uploads\/sites\/2\/2021\/10\/casavi-partner-schnittstellen-api-1024x783.png\" alt=\"\" class=\"wp-image-84\" srcset=\"https:\/\/casavi.com\/de\/wp-content\/uploads\/sites\/2\/2021\/10\/casavi-partner-schnittstellen-api-1024x783.png 1024w, https:\/\/casavi.com\/de\/wp-content\/uploads\/sites\/2\/2021\/10\/casavi-partner-schnittstellen-api-300x229.png 300w, https:\/\/casavi.com\/de\/wp-content\/uploads\/sites\/2\/2021\/10\/casavi-partner-schnittstellen-api-768x587.png 768w, https:\/\/casavi.com\/de\/wp-content\/uploads\/sites\/2\/2021\/10\/casavi-partner-schnittstellen-api-353x270.png 353w, https:\/\/casavi.com\/de\/wp-content\/uploads\/sites\/2\/2021\/10\/casavi-partner-schnittstellen-api-690x528.png 690w, https:\/\/casavi.com\/de\/wp-content\/uploads\/sites\/2\/2021\/10\/casavi-partner-schnittstellen-api.png 1361w\" sizes=\"(max-width: 1024px) 100vw, 1024px\" \/><\/figure>\n<\/div>\n\n\n\n<div class=\"wp-block-column is-layout-flow wp-block-column-is-layout-flow\">\n<div class=\"wp-block-group has-horizontal-padding has-casavi-box-shadow is-style-border-radius has-white-background-color has-background\"><div class=\"wp-block-group__inner-container is-layout-flow wp-block-group-is-layout-flow\">\n<div class=\"acf-block-casavi-responsive-spacer clearfix has-space-xs-1\" id=\"block_b085c96e5be3971d4a2f7924765a2a91\"><\/div>\n\n\n\n<h3 class=\"wp-block-heading\" id=\"informationen-anfordern\"><meta charset=\"utf-8\"><\/meta><mark style=\"background-color:rgba(0, 0, 0, 0)\" class=\"has-inline-color has-primary-300-color\">Informationen <\/mark>anfordern<\/h3>\n\n\n\n<div class=\"acf-block-casavi-iframe\" id=\"block_f4096b469a2f048615432c2156656e8e\">\n\t\t<iframe\n\t\tclass=\"casavi-iframe js--casavi-iframe\"\n\t\tsrc=\"https:\/\/info.casavi.com\/l\/1001551\/2023-03-21\/b7md?Conversion_Page=feingeist\"\n\t\theight=\"500\"\n\t\twidth=\"100%\"\n\t\ttype=\"text\/html\"\n\t\tframeborder=\"0\"\n\t\tallowtransparency=\"true\"\n\t><\/iframe>\n\t<\/div>\n\n\n\n<div class=\"acf-block-casavi-responsive-spacer clearfix has-space-xs-1\" id=\"block_b085c96e5be3971d4a2f7924765a2a91\"><\/div>\n<\/div><\/div>\n<\/div>\n<\/div>\n\n\n\n<div class=\"acf-block-casavi-responsive-spacer clearfix has-space-xs-2 has-space-md-4\" id=\"block_d6d806153d8ee0ca22ed9dac8de3705a\"><\/div>\n<\/div><\/div>\n\n\n\n<div class=\"wp-block-group alignfull\"><div class=\"wp-block-group__inner-container is-layout-constrained wp-block-group-is-layout-constrained\">\n<div class=\"acf-block-casavi-responsive-spacer clearfix has-space-xs-2 has-space-md-4\" id=\"block_d6d806153d8ee0ca22ed9dac8de3705a\"><\/div>\n\n\n\n<p class=\"has-text-align-center has-primary-700-color has-text-color has-link-color wp-elements-86addffbb30249235587fe94a8edfbf2\" style=\"text-transform:uppercase\">IMMOBILIENMANAGEMENT mit casavi<\/p>\n\n\n\n<h2 class=\"wp-block-heading alignwide has-text-align-center\"><mark style=\"background-color:rgba(0, 0, 0, 0)\" class=\"has-inline-color has-primary-300-color\">Passende L\u00f6sungen<\/mark> f\u00fcr die Immobilienwirtschaft<\/h2>\n\n\n\n<div class=\"acf-block-casavi-responsive-spacer clearfix has-space-xs-2 has-space-md-4\" id=\"block_d6d806153d8ee0ca22ed9dac8de3705a\"><\/div>\n\n\n\n<div class=\"wp-block-columns alignwide has-force-unified-height is-layout-flex wp-container-core-columns-is-layout-9d6595d7 wp-block-columns-is-layout-flex\">\n<div class=\"wp-block-column is-vertically-aligned-stretch is-layout-flow wp-block-column-is-layout-flow\">\n<div class=\"wp-block-group has-casavi-box-shadow is-style-border-radius has-gray-0-background-color has-background\"><div class=\"wp-block-group__inner-container is-layout-constrained wp-block-group-is-layout-constrained\">\n<div class=\"wp-block-group\"><div class=\"wp-block-group__inner-container is-layout-constrained wp-block-group-is-layout-constrained\"><div class=\"wp-block-image is-style-default\">\n<figure class=\"aligncenter size-full is-resized\"><img loading=\"lazy\" decoding=\"async\" width=\"2560\" height=\"1871\" src=\"https:\/\/casavi.com\/de\/wp-content\/uploads\/sites\/2\/WEG_hero_visual-3.png\" alt=\"\" class=\"wp-image-63509\" style=\"object-fit:cover;width:592px;height:auto\" srcset=\"https:\/\/casavi.com\/de\/wp-content\/uploads\/sites\/2\/WEG_hero_visual-3.png 2560w, https:\/\/casavi.com\/de\/wp-content\/uploads\/sites\/2\/WEG_hero_visual-3-300x219.png 300w, https:\/\/casavi.com\/de\/wp-content\/uploads\/sites\/2\/WEG_hero_visual-3-1024x748.png 1024w, https:\/\/casavi.com\/de\/wp-content\/uploads\/sites\/2\/WEG_hero_visual-3-768x561.png 768w, https:\/\/casavi.com\/de\/wp-content\/uploads\/sites\/2\/WEG_hero_visual-3-1536x1123.png 1536w, https:\/\/casavi.com\/de\/wp-content\/uploads\/sites\/2\/WEG_hero_visual-3-2048x1497.png 2048w, https:\/\/casavi.com\/de\/wp-content\/uploads\/sites\/2\/WEG_hero_visual-3-369x270.png 369w, https:\/\/casavi.com\/de\/wp-content\/uploads\/sites\/2\/WEG_hero_visual-3-722x528.png 722w\" sizes=\"(max-width: 2560px) 100vw, 2560px\" \/><\/figure>\n<\/div>\n\n\n<div class=\"acf-block-casavi-responsive-spacer clearfix has-space-xs-1 has-space-md-2\" id=\"block_3733b9c1e68bff37814e06fa8bec670d\"><\/div>\n\n\n\n<h3 class=\"wp-block-heading\">Software f\u00fcr <br><mark style=\"background-color:rgba(0, 0, 0, 0)\" class=\"has-inline-color has-primary-300-color\">Hausverwalter<\/mark><\/h3>\n\n\n\n<p>Mit unserer Software gehen Sie mit Ihrer Hausverwaltung den n\u00e4chsten Schritt in der&nbsp;Digitalisierung&nbsp;Ihrer Gesch\u00e4ftsprozesse. Vereinfachen Sie interne Prozesse, nutzen Sie Synergien mit&nbsp;anderen Anwendungen&nbsp;und kommunizieren Sie&nbsp;transparent&nbsp;mit Kunden und&nbsp;Dienstleistern. Profitieren Sie von einer verbesserten Effizienz sowie Zeit- und Kostenersparnis.<\/p>\n\n\n\n<div class=\"wp-block-buttons is-content-justification-center is-layout-flex wp-container-core-buttons-is-layout-16018d1d wp-block-buttons-is-layout-flex\">\n<div class=\"wp-block-button is-style-arrow--right--no-background\"><a class=\"wp-block-button__link has-primary-700-color has-text-color has-link-color wp-element-button\" href=\"https:\/\/casavi.com\/de\/hausverwalter\/\">Mehr Informationen<\/a><\/div>\n<\/div>\n\n\n\n<div class=\"acf-block-casavi-responsive-spacer clearfix has-space-xs-1\" id=\"block_b085c96e5be3971d4a2f7924765a2a91\"><\/div>\n<\/div><\/div>\n<\/div><\/div>\n<\/div>\n\n\n\n<div class=\"wp-block-column is-vertically-aligned-stretch is-layout-flow wp-block-column-is-layout-flow\">\n<div class=\"wp-block-group\"><div class=\"wp-block-group__inner-container is-layout-constrained wp-block-group-is-layout-constrained\">\n<div class=\"wp-block-group has-casavi-box-shadow is-style-border-radius has-gray-0-background-color has-background\"><div class=\"wp-block-group__inner-container is-layout-constrained wp-block-group-is-layout-constrained\">\n<div class=\"wp-block-group\"><div class=\"wp-block-group__inner-container is-layout-constrained wp-block-group-is-layout-constrained\"><div class=\"wp-block-image is-style-default\">\n<figure class=\"aligncenter size-full\"><img loading=\"lazy\" decoding=\"async\" width=\"2560\" height=\"1871\" src=\"https:\/\/casavi.com\/de\/wp-content\/uploads\/sites\/2\/Wowi_hero_visual-2.png\" alt=\"\" class=\"wp-image-63510\" style=\"object-fit:cover\" srcset=\"https:\/\/casavi.com\/de\/wp-content\/uploads\/sites\/2\/\/Wowi_hero_visual-2.png 2560w, https:\/\/casavi.com\/de\/wp-content\/uploads\/sites\/2\/\/Wowi_hero_visual-2-300x219.png 300w, https:\/\/casavi.com\/de\/wp-content\/uploads\/sites\/2\/\/Wowi_hero_visual-2-1024x748.png 1024w, https:\/\/casavi.com\/de\/wp-content\/uploads\/sites\/2\/\/Wowi_hero_visual-2-768x561.png 768w, https:\/\/casavi.com\/de\/wp-content\/uploads\/sites\/2\/\/Wowi_hero_visual-2-1536x1123.png 1536w, https:\/\/casavi.com\/de\/wp-content\/uploads\/sites\/2\/\/Wowi_hero_visual-2-2048x1497.png 2048w, https:\/\/casavi.com\/de\/wp-content\/uploads\/sites\/2\/\/Wowi_hero_visual-2-369x270.png 369w, https:\/\/casavi.com\/de\/wp-content\/uploads\/sites\/2\/\/Wowi_hero_visual-2-722x528.png 722w\" sizes=\"(max-width: 2560px) 100vw, 2560px\" \/><\/figure>\n<\/div>\n\n\n<div class=\"acf-block-casavi-responsive-spacer clearfix has-space-xs-1 has-space-md-3\" id=\"block_c4de5af4d0d2d6e55649b547b494eb43\"><\/div>\n\n\n\n<h3 class=\"wp-block-heading\">Software f\u00fcr <mark style=\"background-color:rgba(0, 0, 0, 0)\" class=\"has-inline-color has-primary-300-color\">Wohnungsunternehmen<\/mark><\/h3>\n\n\n\n<p>casavi ist die zentrale Plattform f\u00fcr die Digitalisierung der Wohnungswirtschaft. Transparentes und automatisiertes Vorgangsmanagement, ein moderner Markenauftritt, elektronischer Briefversand und die Zentralisierung der Kommunikation innerhalb Ihrer Liegenschaften, sind die Grundlage unserer effizienten Software-L\u00f6sung.<\/p>\n\n\n\n<div class=\"wp-block-buttons is-content-justification-center is-layout-flex wp-container-core-buttons-is-layout-16018d1d wp-block-buttons-is-layout-flex\">\n<div class=\"wp-block-button is-style-arrow--right--no-background\"><a class=\"wp-block-button__link has-primary-700-color has-text-color has-link-color wp-element-button\" href=\"https:\/\/casavi.com\/de\/wohnungsunternehmen\/\">Mehr Informationen<\/a><\/div>\n<\/div>\n\n\n\n<div class=\"acf-block-casavi-responsive-spacer clearfix has-space-xs-1\" id=\"block_b085c96e5be3971d4a2f7924765a2a91\"><\/div>\n<\/div><\/div>\n<\/div><\/div>\n<\/div><\/div>\n<\/div>\n<\/div>\n\n\n\n<div class=\"acf-block-casavi-responsive-spacer clearfix has-space-xs-2 has-space-md-4\" id=\"block_d6d806153d8ee0ca22ed9dac8de3705a\"><\/div>\n<\/div><\/div>\n\n\n\n<div class=\"wp-block-group alignfull has-gray-900-background-color has-background\"><div class=\"wp-block-group__inner-container is-layout-constrained wp-block-group-is-layout-constrained\">\n<div class=\"acf-block-casavi-responsive-spacer clearfix has-space-xs-2 has-space-md-4\" id=\"block_d6d806153d8ee0ca22ed9dac8de3705a\"><\/div>\n\n\n\n<div class=\"wp-block-columns alignwide is-layout-flex wp-container-core-columns-is-layout-9d6595d7 wp-block-columns-is-layout-flex\">\n<div class=\"wp-block-column is-layout-flow wp-block-column-is-layout-flow\" style=\"flex-basis:60%\">\n<h2 class=\"wp-block-heading has-gray-0-color has-text-color has-link-color wp-elements-8f74ef99288387f8554e6325b0f06a8e\" id=\"newsletter\">Newsletter<\/h2>\n\n\n\n<p class=\"has-gray-0-color has-text-color has-link-color wp-elements-fd963ecf6111247f12d0b024e3b30236\">Jetzt zu unserem Newsletter anmelden! Wir halten Sie zu allen Themen rund um casavi sowie aktuellen Trends und Themen der Immobilienwirtschaft auf dem Laufenden.<\/p>\n<\/div>\n\n\n\n<div class=\"wp-block-column is-vertically-aligned-center is-layout-flow wp-block-column-is-layout-flow\" style=\"flex-basis:80%\">\n<div class=\"wp-block-group is-style-border-radius\"><div class=\"wp-block-group__inner-container is-layout-constrained wp-block-group-is-layout-constrained\">\n<div class=\"acf-block-casavi-iframe\" id=\"block_cb76794b38ad5779c5d4de37746ce5a1\">\n\t\t<iframe\n\t\tclass=\"casavi-iframe js--casavi-iframe\"\n\t\tsrc=\"https:\/\/info.casavi.com\/l\/1001551\/2022-10-19\/kwf\"\n\t\theight=\"170\"\n\t\twidth=\"100%\"\n\t\ttype=\"text\/html\"\n\t\tframeborder=\"0\"\n\t\tallowtransparency=\"true\"\n\t><\/iframe>\n\t<\/div>\n\n\n\n<div class=\"acf-block-casavi-responsive-spacer clearfix has-space-xs-2 has-space-md-2\" id=\"block_14cada63290e6cb0ebb0569b80908976\"><\/div>\n<\/div><\/div>\n<\/div>\n<\/div>\n<\/div><\/div>\n","protected":false},"excerpt":{"rendered":"<p>casavi f\u00fcr Feingeist Die&nbsp;Feingeist Unternehmensberatung&nbsp;unterst\u00fctzt Immobilienverwalter dabei, sich optimal f\u00fcr die Zukunft aufzustellen. Als Branchenl\u00f6sung wurde dazu der Digitality Check [&hellip;]<\/p>\n","protected":false},"author":5,"featured_media":0,"parent":0,"menu_order":0,"comment_status":"closed","ping_status":"closed","template":"","meta":{"_acf_changed":false,"_trash_the_other_posts":false,"editor_notices":[],"footnotes":""},"class_list":["post-44306","page","type-page","status-publish","hentry"],"acf":[],"yoast_head":"<!-- This site is optimized with the Yoast SEO plugin v27.4 - https:\/\/yoast.com\/product\/yoast-seo-wordpress\/ -->\n<title>casavi und Feingeist<\/title>\n<meta name=\"description\" content=\"Die Feingeist Unternehmensberatung unterst\u00fctzt Immobilienverwalter dabei, sich optimal f\u00fcr die Zukunft aufzustellen!\" \/>\n<meta name=\"robots\" content=\"index, follow, max-snippet:-1, max-image-preview:large, max-video-preview:-1\" \/>\n<link rel=\"canonical\" href=\"https:\/\/casavi.com\/de\/feingeist\/\" \/>\n<meta property=\"og:locale\" content=\"de_DE\" \/>\n<meta property=\"og:type\" content=\"article\" \/>\n<meta property=\"og:title\" content=\"casavi und Feingeist\" \/>\n<meta property=\"og:description\" content=\"Die Feingeist Unternehmensberatung unterst\u00fctzt Immobilienverwalter dabei, sich optimal f\u00fcr die Zukunft aufzustellen!\" \/>\n<meta property=\"og:url\" content=\"https:\/\/casavi.com\/de\/feingeist\/\" \/>\n<meta property=\"og:site_name\" content=\"DE - casavi.com\/de\" \/>\n<meta property=\"article:publisher\" content=\"https:\/\/www.facebook.com\/mycasavi\/\" \/>\n<meta property=\"article:modified_time\" content=\"2024-07-03T08:56:25+00:00\" \/>\n<meta property=\"og:image\" content=\"https:\/\/casavi.com\/de\/wp-content\/uploads\/sites\/2\/2021\/10\/feingeist_logo-1024x276.png\" \/>\n<meta name=\"twitter:card\" content=\"summary_large_image\" \/>\n<meta name=\"twitter:label1\" content=\"Gesch\u00e4tzte Lesezeit\" \/>\n\t<meta name=\"twitter:data1\" content=\"3\u00a0Minuten\" \/>\n<script type=\"application\/ld+json\" class=\"yoast-schema-graph\">{\"@context\":\"https:\\\/\\\/schema.org\",\"@graph\":[{\"@type\":\"WebPage\",\"@id\":\"https:\\\/\\\/casavi.com\\\/de\\\/feingeist\\\/\",\"url\":\"https:\\\/\\\/casavi.com\\\/de\\\/feingeist\\\/\",\"name\":\"casavi und Feingeist\",\"isPartOf\":{\"@id\":\"https:\\\/\\\/casavi.com\\\/de\\\/#website\"},\"primaryImageOfPage\":{\"@id\":\"https:\\\/\\\/casavi.com\\\/de\\\/feingeist\\\/#primaryimage\"},\"image\":{\"@id\":\"https:\\\/\\\/casavi.com\\\/de\\\/feingeist\\\/#primaryimage\"},\"thumbnailUrl\":\"https:\\\/\\\/casavi.com\\\/de\\\/wp-content\\\/uploads\\\/sites\\\/2\\\/2021\\\/10\\\/feingeist_logo-1024x276.png\",\"datePublished\":\"2021-10-20T14:05:10+00:00\",\"dateModified\":\"2024-07-03T08:56:25+00:00\",\"description\":\"Die Feingeist Unternehmensberatung unterst\u00fctzt Immobilienverwalter dabei, sich optimal f\u00fcr die Zukunft aufzustellen!\",\"breadcrumb\":{\"@id\":\"https:\\\/\\\/casavi.com\\\/de\\\/feingeist\\\/#breadcrumb\"},\"inLanguage\":\"de\",\"potentialAction\":[{\"@type\":\"ReadAction\",\"target\":[\"https:\\\/\\\/casavi.com\\\/de\\\/feingeist\\\/\"]}]},{\"@type\":\"ImageObject\",\"inLanguage\":\"de\",\"@id\":\"https:\\\/\\\/casavi.com\\\/de\\\/feingeist\\\/#primaryimage\",\"url\":\"https:\\\/\\\/casavi.com\\\/de\\\/wp-content\\\/uploads\\\/sites\\\/2\\\/2021\\\/10\\\/feingeist_logo-scaled.png\",\"contentUrl\":\"https:\\\/\\\/casavi.com\\\/de\\\/wp-content\\\/uploads\\\/sites\\\/2\\\/2021\\\/10\\\/feingeist_logo-scaled.png\",\"width\":2560,\"height\":690},{\"@type\":\"BreadcrumbList\",\"@id\":\"https:\\\/\\\/casavi.com\\\/de\\\/feingeist\\\/#breadcrumb\",\"itemListElement\":[{\"@type\":\"ListItem\",\"position\":1,\"name\":\"Startseite\",\"item\":\"https:\\\/\\\/casavi.com\\\/de\\\/\"},{\"@type\":\"ListItem\",\"position\":2,\"name\":\"casavi und Feingeist\"}]},{\"@type\":\"WebSite\",\"@id\":\"https:\\\/\\\/casavi.com\\\/de\\\/#website\",\"url\":\"https:\\\/\\\/casavi.com\\\/de\\\/\",\"name\":\"DE - casavi.com\\\/de\",\"description\":\"Vernetzt arbeiten | Einfach verwalten\",\"potentialAction\":[{\"@type\":\"SearchAction\",\"target\":{\"@type\":\"EntryPoint\",\"urlTemplate\":\"https:\\\/\\\/casavi.com\\\/de\\\/?s={search_term_string}\"},\"query-input\":{\"@type\":\"PropertyValueSpecification\",\"valueRequired\":true,\"valueName\":\"search_term_string\"}}],\"inLanguage\":\"de\"}]}<\/script>\n<!-- \/ Yoast SEO plugin. -->","yoast_head_json":{"title":"casavi und Feingeist","description":"Die Feingeist Unternehmensberatung unterst\u00fctzt Immobilienverwalter dabei, sich optimal f\u00fcr die Zukunft aufzustellen!","robots":{"index":"index","follow":"follow","max-snippet":"max-snippet:-1","max-image-preview":"max-image-preview:large","max-video-preview":"max-video-preview:-1"},"canonical":"https:\/\/casavi.com\/de\/feingeist\/","og_locale":"de_DE","og_type":"article","og_title":"casavi und Feingeist","og_description":"Die Feingeist Unternehmensberatung unterst\u00fctzt Immobilienverwalter dabei, sich optimal f\u00fcr die Zukunft aufzustellen!","og_url":"https:\/\/casavi.com\/de\/feingeist\/","og_site_name":"DE - casavi.com\/de","article_publisher":"https:\/\/www.facebook.com\/mycasavi\/","article_modified_time":"2024-07-03T08:56:25+00:00","og_image":[{"url":"https:\/\/casavi.com\/de\/wp-content\/uploads\/sites\/2\/2021\/10\/feingeist_logo-1024x276.png","type":"","width":"","height":""}],"twitter_card":"summary_large_image","twitter_misc":{"Gesch\u00e4tzte Lesezeit":"3\u00a0Minuten"},"schema":{"@context":"https:\/\/schema.org","@graph":[{"@type":"WebPage","@id":"https:\/\/casavi.com\/de\/feingeist\/","url":"https:\/\/casavi.com\/de\/feingeist\/","name":"casavi und Feingeist","isPartOf":{"@id":"https:\/\/casavi.com\/de\/#website"},"primaryImageOfPage":{"@id":"https:\/\/casavi.com\/de\/feingeist\/#primaryimage"},"image":{"@id":"https:\/\/casavi.com\/de\/feingeist\/#primaryimage"},"thumbnailUrl":"https:\/\/casavi.com\/de\/wp-content\/uploads\/sites\/2\/2021\/10\/feingeist_logo-1024x276.png","datePublished":"2021-10-20T14:05:10+00:00","dateModified":"2024-07-03T08:56:25+00:00","description":"Die Feingeist Unternehmensberatung unterst\u00fctzt Immobilienverwalter dabei, sich optimal f\u00fcr die Zukunft aufzustellen!","breadcrumb":{"@id":"https:\/\/casavi.com\/de\/feingeist\/#breadcrumb"},"inLanguage":"de","potentialAction":[{"@type":"ReadAction","target":["https:\/\/casavi.com\/de\/feingeist\/"]}]},{"@type":"ImageObject","inLanguage":"de","@id":"https:\/\/casavi.com\/de\/feingeist\/#primaryimage","url":"https:\/\/casavi.com\/de\/wp-content\/uploads\/sites\/2\/2021\/10\/feingeist_logo-scaled.png","contentUrl":"https:\/\/casavi.com\/de\/wp-content\/uploads\/sites\/2\/2021\/10\/feingeist_logo-scaled.png","width":2560,"height":690},{"@type":"BreadcrumbList","@id":"https:\/\/casavi.com\/de\/feingeist\/#breadcrumb","itemListElement":[{"@type":"ListItem","position":1,"name":"Startseite","item":"https:\/\/casavi.com\/de\/"},{"@type":"ListItem","position":2,"name":"casavi und Feingeist"}]},{"@type":"WebSite","@id":"https:\/\/casavi.com\/de\/#website","url":"https:\/\/casavi.com\/de\/","name":"DE - casavi.com\/de","description":"Vernetzt arbeiten | Einfach verwalten","potentialAction":[{"@type":"SearchAction","target":{"@type":"EntryPoint","urlTemplate":"https:\/\/casavi.com\/de\/?s={search_term_string}"},"query-input":{"@type":"PropertyValueSpecification","valueRequired":true,"valueName":"search_term_string"}}],"inLanguage":"de"}]}},"_links":{"self":[{"href":"https:\/\/casavi.com\/de\/wp-json\/wp\/v2\/pages\/44306","targetHints":{"allow":["GET"]}}],"collection":[{"href":"https:\/\/casavi.com\/de\/wp-json\/wp\/v2\/pages"}],"about":[{"href":"https:\/\/casavi.com\/de\/wp-json\/wp\/v2\/types\/page"}],"author":[{"embeddable":true,"href":"https:\/\/casavi.com\/de\/wp-json\/wp\/v2\/users\/5"}],"replies":[{"embeddable":true,"href":"https:\/\/casavi.com\/de\/wp-json\/wp\/v2\/comments?post=44306"}],"version-history":[{"count":0,"href":"https:\/\/casavi.com\/de\/wp-json\/wp\/v2\/pages\/44306\/revisions"}],"wp:attachment":[{"href":"https:\/\/casavi.com\/de\/wp-json\/wp\/v2\/media?parent=44306"}],"curies":[{"name":"wp","href":"https:\/\/api.w.org\/{rel}","templated":true}]}}