{"id":44440,"date":"2021-10-21T11:25:58","date_gmt":"2021-10-21T11:25:58","guid":{"rendered":"https:\/\/casavi.com\/de\/?page_id=44440"},"modified":"2024-07-03T12:58:18","modified_gmt":"2024-07-03T10:58:18","slug":"kloeber","status":"publish","type":"page","link":"https:\/\/casavi.com\/de\/kloeber\/","title":{"rendered":"casavi und Kl\u00f6ber"},"content":{"rendered":"\n<div class=\"wp-block-group alignfull is-style-default\"><div class=\"wp-block-group__inner-container is-layout-flow wp-block-group-is-layout-flow\">\n<div class=\"acf-block-casavi-responsive-spacer clearfix has-space-xs-2 has-space-md-4\" id=\"block_bbd8feb31d9b3ace717157477adbd4a7\"><\/div>\n\n\n\n<div class=\"wp-block-media-text alignwide has-media-on-the-right is-stacked-on-mobile casavi-grid-35-65 is-style-default\" style=\"grid-template-columns:auto 30%\"><div class=\"wp-block-media-text__content\">\n<h2 class=\"wp-block-heading alignwide\">casavi und <mark style=\"background-color:rgba(0, 0, 0, 0)\" class=\"has-inline-color has-primary-300-color\">Kl\u00f6ber Versicherungsmakler<\/mark> \u2013 gemeinsam f\u00fcr Ihr Unternehmen<\/h2>\n\n\n\n<p class=\"alignwide has-text-align-wide\">Als einer der f\u00fchrenden Spezialmakler in der Immobilienwirtschaft bietet die Kl\u00f6ber Versicherungsmakler GmbH ihren Kunden eine umfangreiche, pers\u00f6nliche Beratung und ma\u00dfgeschneiderte Versicherungsprodukte. casavi gew\u00e4hrt aktiven Kl\u00f6ber Kunden einen Rabatt in H\u00f6he von 10 % auf die casavi Plattform-Grundgeb\u00fchr f\u00fcr die im ersten Vertrag festgelegt Grundlaufzeit.<\/p>\n<\/div><figure class=\"wp-block-media-text__media\"><img fetchpriority=\"high\" decoding=\"async\" width=\"536\" height=\"265\" src=\"https:\/\/casavi.com\/de\/wp-content\/uploads\/sites\/2\/kloeber-logo-cmyk_blau.png\" alt=\"\" class=\"wp-image-59163 size-full\" srcset=\"https:\/\/casavi.com\/de\/wp-content\/uploads\/sites\/2\/kloeber-logo-cmyk_blau.png 536w, https:\/\/casavi.com\/de\/wp-content\/uploads\/sites\/2\/kloeber-logo-cmyk_blau-480x237.png 480w, https:\/\/casavi.com\/de\/wp-content\/uploads\/sites\/2\/kloeber-logo-cmyk_blau-300x148.png 300w\" sizes=\"(max-width: 536px) 100vw, 536px\" \/><\/figure><\/div>\n\n\n\n<div class=\"acf-block-casavi-responsive-spacer clearfix has-space-xs-2 has-space-md-4\" id=\"block_bbd8feb31d9b3ace717157477adbd4a7\"><\/div>\n<\/div><\/div>\n\n\n\n<div class=\"acf-block-casavi-responsive-spacer clearfix has-space-xs-2 has-space-md-4\" id=\"block_bbd8feb31d9b3ace717157477adbd4a7\"><\/div>\n\n\n\n<div class=\"wp-block-media-text alignwide is-stacked-on-mobile has-casavi-box-shadow casavi-grid-35-65 is-style-casavi-default is-style-border-radius\" style=\"grid-template-columns:35% auto\"><figure class=\"wp-block-media-text__media\"><img decoding=\"async\" width=\"1000\" height=\"666\" src=\"https:\/\/casavi.com\/de\/wp-content\/uploads\/sites\/2\/casavi-software-immobilienverwaltung-1.jpg\" alt=\"\" class=\"wp-image-49138 size-full\" srcset=\"https:\/\/casavi.com\/de\/wp-content\/uploads\/sites\/2\/casavi-software-immobilienverwaltung-1.jpg 1000w, https:\/\/casavi.com\/de\/wp-content\/uploads\/sites\/2\/casavi-software-immobilienverwaltung-1-405x270.jpg 405w, https:\/\/casavi.com\/de\/wp-content\/uploads\/sites\/2\/casavi-software-immobilienverwaltung-1-300x200.jpg 300w, https:\/\/casavi.com\/de\/wp-content\/uploads\/sites\/2\/casavi-software-immobilienverwaltung-1-768x511.jpg 768w, https:\/\/casavi.com\/de\/wp-content\/uploads\/sites\/2\/casavi-software-immobilienverwaltung-1-793x528.jpg 793w\" sizes=\"(max-width: 1000px) 100vw, 1000px\" \/><\/figure><div class=\"wp-block-media-text__content\">\n<h2 class=\"wp-block-heading\">\u00dcber Kl\u00f6ber Versicherungsmakler GmbH<\/h2>\n\n\n\n<p>Der Name Kl\u00f6ber steht seit mehr als zwei Jahrzehnten f\u00fcr individuelle Versicherungsl\u00f6sungen mit h\u00f6chster Fachkompetenz und langj\u00e4hriger Spezialisierung auf Dienstleistungen in der Immobilien- und Objektverwaltungswirtschaft.&nbsp;<\/p>\n\n\n\n<ul class=\"is-style-casavi-checklist wp-block-list\">\n<li>Die Kl\u00f6ber Versicherungsmakler GmbH handelt als unabh\u00e4ngiger und freier Makler in v\u00f6lliger Interessengleichheit mit ihren Kunden<\/li>\n\n\n\n<li>Bed\u00fcrfnisse der Kunden stehen im Mittelpunkt<\/li>\n\n\n\n<li>Vermittlung zwischen Versicherungsgesellschaft und Versicherungsnehmer&nbsp;<\/li>\n\n\n\n<li>Bedarfsgerechte und individuelle L\u00f6sungen f\u00fcr jeden Kunden <\/li>\n\n\n\n<li>Kunden erhalten zus\u00e4tzlich exklusiven Zugang zu vielf\u00e4ltigen Events sowie zu Weiterbildungs- und Networking-Veranstaltungen<\/li>\n<\/ul>\n\n\n\n<div class=\"wp-block-buttons is-layout-flex wp-block-buttons-is-layout-flex\">\n<div class=\"wp-block-button is-style-arrow--right--no-background\"><a class=\"wp-block-button__link wp-element-button\" href=\"https:\/\/www.hk-kloeber.de\/\" target=\"_blank\" rel=\"noreferrer noopener\">Zu Kl\u00f6ber Versicherungsmakler<\/a><\/div>\n<\/div>\n<\/div><\/div>\n\n\n\n<div class=\"acf-block-casavi-responsive-spacer clearfix has-space-xs-2 has-space-md-4\" id=\"block_bbd8feb31d9b3ace717157477adbd4a7\"><\/div>\n\n\n\n<div class=\"wp-block-group alignfull\"><div class=\"wp-block-group__inner-container is-layout-constrained wp-block-group-is-layout-constrained\">\n<div class=\"wp-block-group alignwide\"><div class=\"wp-block-group__inner-container is-layout-constrained wp-block-group-is-layout-constrained\">\n<div class=\"acf-block-casavi-responsive-spacer clearfix has-space-xs-2 has-space-md-4\" id=\"block_bbd8feb31d9b3ace717157477adbd4a7\"><\/div>\n\n\n\n<div class=\"wp-block-columns alignwide is-layout-flex wp-container-core-columns-is-layout-9d6595d7 wp-block-columns-is-layout-flex\">\n<div class=\"wp-block-column is-layout-flow wp-block-column-is-layout-flow\">\n<h2 class=\"wp-block-heading\">Vernetzt arbeiten. Einfach verwalten.<\/h2>\n\n\n\n<p>casavi l\u00e4sst sich dank modularer Funktionen und umfangreichen Partnerl\u00f6sungen individuell f\u00fcr professionelle Anspr\u00fcche in verschiedenen Anwendungen gestalten.<\/p>\n\n\n\n<ul class=\"wp-block-list\">\n<li>Leistungsstarke Funktionen:&nbsp;Service-App &amp; Kundenportal, intelligentes Vorgangsmanagement, elektronischer Postversand, Dienstleisterplattform, zahlreiche Schnittstellen und vieles mehr<\/li>\n\n\n\n<li>\u00dcber das casavi&nbsp;Partnernetzwerk&nbsp;ganz einfach Ihr Kl\u00f6ber Versicherungsmakler System anbinden oder weitere Tools und Services f\u00fcr Ihre Kunden bereitstellen<\/li>\n\n\n\n<li>Zeit- und Kostenersparnis&nbsp;durch automatisierte Prozesse wie&nbsp;elektronischen Postversand&nbsp;und&nbsp;Vorgangsmanagement<\/li>\n\n\n\n<li>Keine Verpflichtungen&nbsp;\u2013 Testen Sie casavi kostenlos und lassen Sie sich unverbindlich beraten<\/li>\n<\/ul>\n\n\n\n<p>F\u00fcllen Sie einfach das nebenstehende Formular aus. Wir setzen uns dann pers\u00f6nlich mit Ihnen in Verbindung.<\/p>\n<\/div>\n\n\n\n<div class=\"wp-block-column is-layout-flow wp-block-column-is-layout-flow\">\n<div class=\"wp-block-group has-casavi-box-shadow has-horizontal-padding is-style-border-radius\"><div class=\"wp-block-group__inner-container is-layout-flow wp-block-group-is-layout-flow\">\n<div class=\"acf-block-casavi-responsive-spacer clearfix has-space-xs-1\" id=\"block_66c057b9979414244edf7060065e1eb2\"><\/div>\n\n\n\n<h3 class=\"wp-block-heading alignwide has-text-align-center\"><mark style=\"background-color:rgba(0, 0, 0, 0)\" class=\"has-inline-color has-primary-300-color\">Informationen <\/mark>anfordern<\/h3>\n\n\n\n<div class=\"acf-block-casavi-iframe\" id=\"block_ba4ec33d1829d615e4a24000c9ef3fb9\">\n\t\t<iframe\n\t\tclass=\"casavi-iframe js--casavi-iframe\"\n\t\tsrc=\"https:\/\/info.casavi.com\/l\/1001551\/2023-01-30\/6md1?Conversion_Page=kloeber\"\n\t\theight=\"500\"\n\t\twidth=\"100%\"\n\t\ttype=\"text\/html\"\n\t\tframeborder=\"0\"\n\t\tallowtransparency=\"true\"\n\t><\/iframe>\n\t<\/div>\n\n\n\n<div class=\"acf-block-casavi-responsive-spacer clearfix has-space-xs-1\" id=\"block_66c057b9979414244edf7060065e1eb2\"><\/div>\n<\/div><\/div>\n<\/div>\n<\/div>\n<\/div><\/div>\n\n\n\n<div class=\"acf-block-casavi-responsive-spacer clearfix has-space-xs-2 has-space-md-4\" id=\"block_bbd8feb31d9b3ace717157477adbd4a7\"><\/div>\n<\/div><\/div>\n\n\n\n<div class=\"wp-block-group alignfull\"><div class=\"wp-block-group__inner-container is-layout-constrained wp-block-group-is-layout-constrained\">\n<div class=\"acf-block-casavi-responsive-spacer clearfix has-space-xs-2 has-space-md-4\" id=\"block_bbd8feb31d9b3ace717157477adbd4a7\"><\/div>\n\n\n\n<p class=\"has-text-align-center has-primary-700-color has-text-color has-link-color wp-elements-86addffbb30249235587fe94a8edfbf2\" style=\"text-transform:uppercase\">IMMOBILIENMANAGEMENT mit casavi<\/p>\n\n\n\n<h2 class=\"wp-block-heading alignwide has-text-align-center\"><mark style=\"background-color:rgba(0, 0, 0, 0)\" class=\"has-inline-color has-primary-300-color\">Passende L\u00f6sungen<\/mark> f\u00fcr die Immobilienwirtschaft<\/h2>\n\n\n\n<div class=\"acf-block-casavi-responsive-spacer clearfix has-space-xs-2 has-space-md-4\" id=\"block_bbd8feb31d9b3ace717157477adbd4a7\"><\/div>\n\n\n\n<div class=\"wp-block-columns alignwide has-force-unified-height is-layout-flex wp-container-core-columns-is-layout-9d6595d7 wp-block-columns-is-layout-flex\">\n<div class=\"wp-block-column is-vertically-aligned-stretch is-layout-flow wp-block-column-is-layout-flow\">\n<div class=\"wp-block-group has-casavi-box-shadow is-style-border-radius has-gray-0-background-color has-background\"><div class=\"wp-block-group__inner-container is-layout-constrained wp-block-group-is-layout-constrained\">\n<div class=\"wp-block-group\"><div class=\"wp-block-group__inner-container is-layout-constrained wp-block-group-is-layout-constrained\"><div class=\"wp-block-image is-style-default\">\n<figure class=\"aligncenter size-full is-resized\"><img decoding=\"async\" width=\"2560\" height=\"1871\" src=\"https:\/\/casavi.com\/de\/wp-content\/uploads\/sites\/2\/WEG_hero_visual-3.png\" alt=\"\" class=\"wp-image-63509\" style=\"object-fit:cover;width:592px;height:auto\" srcset=\"https:\/\/casavi.com\/de\/wp-content\/uploads\/sites\/2\/WEG_hero_visual-3.png 2560w, https:\/\/casavi.com\/de\/wp-content\/uploads\/sites\/2\/WEG_hero_visual-3-300x219.png 300w, https:\/\/casavi.com\/de\/wp-content\/uploads\/sites\/2\/WEG_hero_visual-3-1024x748.png 1024w, https:\/\/casavi.com\/de\/wp-content\/uploads\/sites\/2\/WEG_hero_visual-3-768x561.png 768w, https:\/\/casavi.com\/de\/wp-content\/uploads\/sites\/2\/WEG_hero_visual-3-1536x1123.png 1536w, https:\/\/casavi.com\/de\/wp-content\/uploads\/sites\/2\/WEG_hero_visual-3-2048x1497.png 2048w, https:\/\/casavi.com\/de\/wp-content\/uploads\/sites\/2\/WEG_hero_visual-3-369x270.png 369w, https:\/\/casavi.com\/de\/wp-content\/uploads\/sites\/2\/WEG_hero_visual-3-722x528.png 722w\" sizes=\"(max-width: 2560px) 100vw, 2560px\" \/><\/figure>\n<\/div>\n\n\n<div class=\"acf-block-casavi-responsive-spacer clearfix has-space-xs-1 has-space-md-2\" id=\"block_58250705a7d833531efd7f7d83eb4b5b\"><\/div>\n\n\n\n<h3 class=\"wp-block-heading\">Software f\u00fcr <br><mark style=\"background-color:rgba(0, 0, 0, 0)\" class=\"has-inline-color has-primary-300-color\">Hausverwalter<\/mark><\/h3>\n\n\n\n<p>Mit unserer Software gehen Sie mit Ihrer Hausverwaltung den n\u00e4chsten Schritt in der&nbsp;Digitalisierung&nbsp;Ihrer Gesch\u00e4ftsprozesse. Vereinfachen Sie interne Prozesse, nutzen Sie Synergien mit&nbsp;anderen Anwendungen&nbsp;und kommunizieren Sie&nbsp;transparent&nbsp;mit Kunden und&nbsp;Dienstleistern. Profitieren Sie von einer verbesserten Effizienz sowie Zeit- und Kostenersparnis.<\/p>\n\n\n\n<div class=\"wp-block-buttons is-content-justification-center is-layout-flex wp-container-core-buttons-is-layout-16018d1d wp-block-buttons-is-layout-flex\">\n<div class=\"wp-block-button is-style-arrow--right--no-background\"><a class=\"wp-block-button__link has-primary-700-color has-text-color has-link-color wp-element-button\" href=\"https:\/\/casavi.com\/de\/hausverwalter\/\">Mehr Informationen<\/a><\/div>\n<\/div>\n\n\n\n<div class=\"acf-block-casavi-responsive-spacer clearfix has-space-xs-1\" id=\"block_66c057b9979414244edf7060065e1eb2\"><\/div>\n<\/div><\/div>\n<\/div><\/div>\n<\/div>\n\n\n\n<div class=\"wp-block-column is-vertically-aligned-stretch is-layout-flow wp-block-column-is-layout-flow\">\n<div class=\"wp-block-group\"><div class=\"wp-block-group__inner-container is-layout-constrained wp-block-group-is-layout-constrained\">\n<div class=\"wp-block-group has-casavi-box-shadow is-style-border-radius has-gray-0-background-color has-background\"><div class=\"wp-block-group__inner-container is-layout-constrained wp-block-group-is-layout-constrained\">\n<div class=\"wp-block-group\"><div class=\"wp-block-group__inner-container is-layout-constrained wp-block-group-is-layout-constrained\"><div class=\"wp-block-image is-style-default\">\n<figure class=\"aligncenter size-full\"><img loading=\"lazy\" decoding=\"async\" width=\"2560\" height=\"1871\" src=\"https:\/\/casavi.com\/de\/wp-content\/uploads\/sites\/2\/Wowi_hero_visual-2.png\" alt=\"\" class=\"wp-image-63510\" style=\"object-fit:cover\" srcset=\"https:\/\/casavi.com\/de\/wp-content\/uploads\/sites\/2\/\/Wowi_hero_visual-2.png 2560w, https:\/\/casavi.com\/de\/wp-content\/uploads\/sites\/2\/\/Wowi_hero_visual-2-300x219.png 300w, https:\/\/casavi.com\/de\/wp-content\/uploads\/sites\/2\/\/Wowi_hero_visual-2-1024x748.png 1024w, https:\/\/casavi.com\/de\/wp-content\/uploads\/sites\/2\/\/Wowi_hero_visual-2-768x561.png 768w, https:\/\/casavi.com\/de\/wp-content\/uploads\/sites\/2\/\/Wowi_hero_visual-2-1536x1123.png 1536w, https:\/\/casavi.com\/de\/wp-content\/uploads\/sites\/2\/\/Wowi_hero_visual-2-2048x1497.png 2048w, https:\/\/casavi.com\/de\/wp-content\/uploads\/sites\/2\/\/Wowi_hero_visual-2-369x270.png 369w, https:\/\/casavi.com\/de\/wp-content\/uploads\/sites\/2\/\/Wowi_hero_visual-2-722x528.png 722w\" sizes=\"(max-width: 2560px) 100vw, 2560px\" \/><\/figure>\n<\/div>\n\n\n<div class=\"acf-block-casavi-responsive-spacer clearfix has-space-xs-1 has-space-md-3\" id=\"block_34439cffd324eec4ae359f34744b09b0\"><\/div>\n\n\n\n<h3 class=\"wp-block-heading\">Software f\u00fcr <mark style=\"background-color:rgba(0, 0, 0, 0)\" class=\"has-inline-color has-primary-300-color\">Wohnungsunternehmen<\/mark><\/h3>\n\n\n\n<p>casavi ist die zentrale Plattform f\u00fcr die Digitalisierung der Wohnungswirtschaft. Transparentes und automatisiertes Vorgangsmanagement, ein moderner Markenauftritt, elektronischer Briefversand und die Zentralisierung der Kommunikation innerhalb Ihrer Liegenschaften, sind die Grundlage unserer effizienten Software-L\u00f6sung.<\/p>\n\n\n\n<div class=\"wp-block-buttons is-content-justification-center is-layout-flex wp-container-core-buttons-is-layout-16018d1d wp-block-buttons-is-layout-flex\">\n<div class=\"wp-block-button is-style-arrow--right--no-background\"><a class=\"wp-block-button__link has-primary-700-color has-text-color has-link-color wp-element-button\" href=\"https:\/\/casavi.com\/de\/wohnungsunternehmen\/\">Mehr Informationen<\/a><\/div>\n<\/div>\n\n\n\n<div class=\"acf-block-casavi-responsive-spacer clearfix has-space-xs-1\" id=\"block_66c057b9979414244edf7060065e1eb2\"><\/div>\n<\/div><\/div>\n<\/div><\/div>\n<\/div><\/div>\n<\/div>\n<\/div>\n\n\n\n<div class=\"acf-block-casavi-responsive-spacer clearfix has-space-xs-2 has-space-md-4\" id=\"block_bbd8feb31d9b3ace717157477adbd4a7\"><\/div>\n<\/div><\/div>\n\n\n\n<div class=\"wp-block-group alignfull has-gray-900-background-color has-background\"><div class=\"wp-block-group__inner-container is-layout-constrained wp-block-group-is-layout-constrained\">\n<div class=\"acf-block-casavi-responsive-spacer clearfix has-space-xs-2 has-space-md-4\" id=\"block_bbd8feb31d9b3ace717157477adbd4a7\"><\/div>\n\n\n\n<div class=\"wp-block-columns alignwide is-layout-flex wp-container-core-columns-is-layout-9d6595d7 wp-block-columns-is-layout-flex\">\n<div class=\"wp-block-column is-layout-flow wp-block-column-is-layout-flow\" style=\"flex-basis:60%\">\n<h2 class=\"wp-block-heading has-gray-0-color has-text-color has-link-color wp-elements-8f74ef99288387f8554e6325b0f06a8e\" id=\"newsletter\">Newsletter<\/h2>\n\n\n\n<p class=\"has-gray-0-color has-text-color has-link-color wp-elements-fd963ecf6111247f12d0b024e3b30236\">Jetzt zu unserem Newsletter anmelden! Wir halten Sie zu allen Themen rund um casavi sowie aktuellen Trends und Themen der Immobilienwirtschaft auf dem Laufenden.<\/p>\n<\/div>\n\n\n\n<div class=\"wp-block-column is-vertically-aligned-center is-layout-flow wp-block-column-is-layout-flow\" style=\"flex-basis:80%\">\n<div class=\"wp-block-group is-style-border-radius\"><div class=\"wp-block-group__inner-container is-layout-constrained wp-block-group-is-layout-constrained\">\n<div class=\"acf-block-casavi-iframe\" id=\"block_2652717367b10680c307cf7631701e69\">\n\t\t<iframe\n\t\tclass=\"casavi-iframe js--casavi-iframe\"\n\t\tsrc=\"https:\/\/info.casavi.com\/l\/1001551\/2022-10-19\/kwf\"\n\t\theight=\"170\"\n\t\twidth=\"100%\"\n\t\ttype=\"text\/html\"\n\t\tframeborder=\"0\"\n\t\tallowtransparency=\"true\"\n\t><\/iframe>\n\t<\/div>\n\n\n\n<div class=\"acf-block-casavi-responsive-spacer clearfix has-space-xs-2 has-space-md-2\" id=\"block_afd17415540e8c23ec84cf68f7ef9eae\"><\/div>\n<\/div><\/div>\n<\/div>\n<\/div>\n<\/div><\/div>\n","protected":false},"excerpt":{"rendered":"<p>casavi und Kl\u00f6ber Versicherungsmakler \u2013 gemeinsam f\u00fcr Ihr Unternehmen Als einer der f\u00fchrenden Spezialmakler in der Immobilienwirtschaft bietet die Kl\u00f6ber [&hellip;]<\/p>\n","protected":false},"author":5,"featured_media":0,"parent":0,"menu_order":0,"comment_status":"closed","ping_status":"closed","template":"","meta":{"_acf_changed":false,"_trash_the_other_posts":false,"editor_notices":[],"footnotes":""},"class_list":["post-44440","page","type-page","status-publish","hentry"],"acf":[],"yoast_head":"<!-- This site is optimized with the Yoast SEO plugin v27.4 - https:\/\/yoast.com\/product\/yoast-seo-wordpress\/ -->\n<title>casavi und Kl\u00f6ber \u2013 GEMEINSAM F\u00dcR IHR UNTERNEHMEN<\/title>\n<meta name=\"description\" content=\"casavi gew\u00e4hrt aktiven Kl\u00f6ber Versicherungsmakler GmbH Kunde einen Rabatt in H\u00f6he von 10 % auf die casavi Plattform-Grundgeb\u00fchr.\" \/>\n<meta name=\"robots\" content=\"index, follow, max-snippet:-1, max-image-preview:large, max-video-preview:-1\" \/>\n<link rel=\"canonical\" href=\"https:\/\/casavi.com\/de\/kloeber\/\" \/>\n<meta property=\"og:locale\" content=\"de_DE\" \/>\n<meta property=\"og:type\" content=\"article\" \/>\n<meta property=\"og:title\" content=\"casavi und Kl\u00f6ber \u2013 GEMEINSAM F\u00dcR IHR UNTERNEHMEN\" \/>\n<meta property=\"og:description\" content=\"casavi gew\u00e4hrt aktiven Kl\u00f6ber Versicherungsmakler GmbH Kunde einen Rabatt in H\u00f6he von 10 % auf die casavi Plattform-Grundgeb\u00fchr.\" \/>\n<meta property=\"og:url\" content=\"https:\/\/casavi.com\/de\/kloeber\/\" \/>\n<meta property=\"og:site_name\" content=\"DE - casavi.com\/de\" \/>\n<meta property=\"article:publisher\" content=\"https:\/\/www.facebook.com\/mycasavi\/\" \/>\n<meta property=\"article:modified_time\" content=\"2024-07-03T10:58:18+00:00\" \/>\n<meta property=\"og:image\" content=\"https:\/\/casavi.com\/de\/wp-content\/uploads\/sites\/2\/kloeber-logo-cmyk_blau.png\" \/>\n<meta name=\"twitter:card\" content=\"summary_large_image\" \/>\n<meta name=\"twitter:label1\" content=\"Gesch\u00e4tzte Lesezeit\" \/>\n\t<meta name=\"twitter:data1\" content=\"3\u00a0Minuten\" \/>\n<script type=\"application\/ld+json\" class=\"yoast-schema-graph\">{\"@context\":\"https:\\\/\\\/schema.org\",\"@graph\":[{\"@type\":\"WebPage\",\"@id\":\"https:\\\/\\\/casavi.com\\\/de\\\/kloeber\\\/\",\"url\":\"https:\\\/\\\/casavi.com\\\/de\\\/kloeber\\\/\",\"name\":\"casavi und Kl\u00f6ber \u2013 GEMEINSAM F\u00dcR IHR UNTERNEHMEN\",\"isPartOf\":{\"@id\":\"https:\\\/\\\/casavi.com\\\/de\\\/#website\"},\"primaryImageOfPage\":{\"@id\":\"https:\\\/\\\/casavi.com\\\/de\\\/kloeber\\\/#primaryimage\"},\"image\":{\"@id\":\"https:\\\/\\\/casavi.com\\\/de\\\/kloeber\\\/#primaryimage\"},\"thumbnailUrl\":\"https:\\\/\\\/casavi.com\\\/de\\\/wp-content\\\/uploads\\\/sites\\\/2\\\/kloeber-logo-cmyk_blau.png\",\"datePublished\":\"2021-10-21T11:25:58+00:00\",\"dateModified\":\"2024-07-03T10:58:18+00:00\",\"description\":\"casavi gew\u00e4hrt aktiven Kl\u00f6ber Versicherungsmakler GmbH Kunde einen Rabatt in H\u00f6he von 10 % auf die casavi Plattform-Grundgeb\u00fchr.\",\"breadcrumb\":{\"@id\":\"https:\\\/\\\/casavi.com\\\/de\\\/kloeber\\\/#breadcrumb\"},\"inLanguage\":\"de\",\"potentialAction\":[{\"@type\":\"ReadAction\",\"target\":[\"https:\\\/\\\/casavi.com\\\/de\\\/kloeber\\\/\"]}]},{\"@type\":\"ImageObject\",\"inLanguage\":\"de\",\"@id\":\"https:\\\/\\\/casavi.com\\\/de\\\/kloeber\\\/#primaryimage\",\"url\":\"https:\\\/\\\/casavi.com\\\/de\\\/wp-content\\\/uploads\\\/sites\\\/2\\\/kloeber-logo-cmyk_blau.png\",\"contentUrl\":\"https:\\\/\\\/casavi.com\\\/de\\\/wp-content\\\/uploads\\\/sites\\\/2\\\/kloeber-logo-cmyk_blau.png\",\"width\":536,\"height\":265},{\"@type\":\"BreadcrumbList\",\"@id\":\"https:\\\/\\\/casavi.com\\\/de\\\/kloeber\\\/#breadcrumb\",\"itemListElement\":[{\"@type\":\"ListItem\",\"position\":1,\"name\":\"Startseite\",\"item\":\"https:\\\/\\\/casavi.com\\\/de\\\/\"},{\"@type\":\"ListItem\",\"position\":2,\"name\":\"casavi und Kl\u00f6ber\"}]},{\"@type\":\"WebSite\",\"@id\":\"https:\\\/\\\/casavi.com\\\/de\\\/#website\",\"url\":\"https:\\\/\\\/casavi.com\\\/de\\\/\",\"name\":\"DE - casavi.com\\\/de\",\"description\":\"Vernetzt arbeiten | Einfach verwalten\",\"potentialAction\":[{\"@type\":\"SearchAction\",\"target\":{\"@type\":\"EntryPoint\",\"urlTemplate\":\"https:\\\/\\\/casavi.com\\\/de\\\/?s={search_term_string}\"},\"query-input\":{\"@type\":\"PropertyValueSpecification\",\"valueRequired\":true,\"valueName\":\"search_term_string\"}}],\"inLanguage\":\"de\"}]}<\/script>\n<!-- \/ Yoast SEO plugin. -->","yoast_head_json":{"title":"casavi und Kl\u00f6ber \u2013 GEMEINSAM F\u00dcR IHR UNTERNEHMEN","description":"casavi gew\u00e4hrt aktiven Kl\u00f6ber Versicherungsmakler GmbH Kunde einen Rabatt in H\u00f6he von 10 % auf die casavi Plattform-Grundgeb\u00fchr.","robots":{"index":"index","follow":"follow","max-snippet":"max-snippet:-1","max-image-preview":"max-image-preview:large","max-video-preview":"max-video-preview:-1"},"canonical":"https:\/\/casavi.com\/de\/kloeber\/","og_locale":"de_DE","og_type":"article","og_title":"casavi und Kl\u00f6ber \u2013 GEMEINSAM F\u00dcR IHR UNTERNEHMEN","og_description":"casavi gew\u00e4hrt aktiven Kl\u00f6ber Versicherungsmakler GmbH Kunde einen Rabatt in H\u00f6he von 10 % auf die casavi Plattform-Grundgeb\u00fchr.","og_url":"https:\/\/casavi.com\/de\/kloeber\/","og_site_name":"DE - casavi.com\/de","article_publisher":"https:\/\/www.facebook.com\/mycasavi\/","article_modified_time":"2024-07-03T10:58:18+00:00","og_image":[{"url":"https:\/\/casavi.com\/de\/wp-content\/uploads\/sites\/2\/kloeber-logo-cmyk_blau.png","type":"","width":"","height":""}],"twitter_card":"summary_large_image","twitter_misc":{"Gesch\u00e4tzte Lesezeit":"3\u00a0Minuten"},"schema":{"@context":"https:\/\/schema.org","@graph":[{"@type":"WebPage","@id":"https:\/\/casavi.com\/de\/kloeber\/","url":"https:\/\/casavi.com\/de\/kloeber\/","name":"casavi und Kl\u00f6ber \u2013 GEMEINSAM F\u00dcR IHR UNTERNEHMEN","isPartOf":{"@id":"https:\/\/casavi.com\/de\/#website"},"primaryImageOfPage":{"@id":"https:\/\/casavi.com\/de\/kloeber\/#primaryimage"},"image":{"@id":"https:\/\/casavi.com\/de\/kloeber\/#primaryimage"},"thumbnailUrl":"https:\/\/casavi.com\/de\/wp-content\/uploads\/sites\/2\/kloeber-logo-cmyk_blau.png","datePublished":"2021-10-21T11:25:58+00:00","dateModified":"2024-07-03T10:58:18+00:00","description":"casavi gew\u00e4hrt aktiven Kl\u00f6ber Versicherungsmakler GmbH Kunde einen Rabatt in H\u00f6he von 10 % auf die casavi Plattform-Grundgeb\u00fchr.","breadcrumb":{"@id":"https:\/\/casavi.com\/de\/kloeber\/#breadcrumb"},"inLanguage":"de","potentialAction":[{"@type":"ReadAction","target":["https:\/\/casavi.com\/de\/kloeber\/"]}]},{"@type":"ImageObject","inLanguage":"de","@id":"https:\/\/casavi.com\/de\/kloeber\/#primaryimage","url":"https:\/\/casavi.com\/de\/wp-content\/uploads\/sites\/2\/kloeber-logo-cmyk_blau.png","contentUrl":"https:\/\/casavi.com\/de\/wp-content\/uploads\/sites\/2\/kloeber-logo-cmyk_blau.png","width":536,"height":265},{"@type":"BreadcrumbList","@id":"https:\/\/casavi.com\/de\/kloeber\/#breadcrumb","itemListElement":[{"@type":"ListItem","position":1,"name":"Startseite","item":"https:\/\/casavi.com\/de\/"},{"@type":"ListItem","position":2,"name":"casavi und Kl\u00f6ber"}]},{"@type":"WebSite","@id":"https:\/\/casavi.com\/de\/#website","url":"https:\/\/casavi.com\/de\/","name":"DE - casavi.com\/de","description":"Vernetzt arbeiten | Einfach verwalten","potentialAction":[{"@type":"SearchAction","target":{"@type":"EntryPoint","urlTemplate":"https:\/\/casavi.com\/de\/?s={search_term_string}"},"query-input":{"@type":"PropertyValueSpecification","valueRequired":true,"valueName":"search_term_string"}}],"inLanguage":"de"}]}},"_links":{"self":[{"href":"https:\/\/casavi.com\/de\/wp-json\/wp\/v2\/pages\/44440","targetHints":{"allow":["GET"]}}],"collection":[{"href":"https:\/\/casavi.com\/de\/wp-json\/wp\/v2\/pages"}],"about":[{"href":"https:\/\/casavi.com\/de\/wp-json\/wp\/v2\/types\/page"}],"author":[{"embeddable":true,"href":"https:\/\/casavi.com\/de\/wp-json\/wp\/v2\/users\/5"}],"replies":[{"embeddable":true,"href":"https:\/\/casavi.com\/de\/wp-json\/wp\/v2\/comments?post=44440"}],"version-history":[{"count":0,"href":"https:\/\/casavi.com\/de\/wp-json\/wp\/v2\/pages\/44440\/revisions"}],"wp:attachment":[{"href":"https:\/\/casavi.com\/de\/wp-json\/wp\/v2\/media?parent=44440"}],"curies":[{"name":"wp","href":"https:\/\/api.w.org\/{rel}","templated":true}]}}