{"id":44452,"date":"2021-10-21T11:32:38","date_gmt":"2021-10-21T11:32:38","guid":{"rendered":"https:\/\/casavi.com\/de\/?page_id=44452"},"modified":"2024-02-13T12:44:27","modified_gmt":"2024-02-13T11:44:27","slug":"stroblservice","status":"publish","type":"page","link":"https:\/\/casavi.com\/de\/stroblservice\/","title":{"rendered":"casavi und Strobl"},"content":{"rendered":"\n<div class=\"wp-block-group alignfull is-style-default\"><div class=\"wp-block-group__inner-container is-layout-flow wp-block-group-is-layout-flow\">\n<div class=\"acf-block-casavi-responsive-spacer clearfix has-space-xs-2 has-space-md-4\" id=\"block_f5baaa503171305c27324a69fd571f58\"><\/div>\n\n\n\n<div class=\"wp-block-media-text alignwide has-media-on-the-right is-stacked-on-mobile has-casavi-box-shadow casavi-grid-35-65 is-style-casavi-default is-style-border-radius\" style=\"grid-template-columns:auto 35%\"><div class=\"wp-block-media-text__content\">\n<h1 class=\"wp-block-heading\">casavi und <mark style=\"background-color:rgba(0, 0, 0, 0)\" class=\"has-inline-color has-primary-300-color\">Strobl <\/mark>\u2013 gemeinsam f\u00fcr Ihr Unternehmen<\/h1>\n\n\n\n<p>Wasserschaden \u2013 Strobl fragen! Seit 25 Jahren k\u00fcmmert sich Strobl Service bayernweit um die komplette Schadensabwicklung von Wasser-, Brand- und Schimmelsch\u00e4den. Von der Leckortung \u00fcber die fachgerechte Trocknung bis zur anschlie\u00dfenden Sanierung sorgt das Strobl Team f\u00fcr die unb\u00fcrokratische Abwicklung aller bau- und versicherungstechnischen Fragen.<\/p>\n<\/div><figure class=\"wp-block-media-text__media\"><img fetchpriority=\"high\" decoding=\"async\" width=\"1000\" height=\"666\" src=\"https:\/\/casavi.com\/de\/wp-content\/uploads\/sites\/2\/2021\/10\/casavi-software-immobilienverwaltung.jpg\" alt=\"\" class=\"wp-image-97 size-full\" srcset=\"https:\/\/casavi.com\/de\/wp-content\/uploads\/sites\/2\/2021\/10\/casavi-software-immobilienverwaltung.jpg 1000w, https:\/\/casavi.com\/de\/wp-content\/uploads\/sites\/2\/2021\/10\/casavi-software-immobilienverwaltung-300x200.jpg 300w, https:\/\/casavi.com\/de\/wp-content\/uploads\/sites\/2\/2021\/10\/casavi-software-immobilienverwaltung-768x511.jpg 768w, https:\/\/casavi.com\/de\/wp-content\/uploads\/sites\/2\/2021\/10\/casavi-software-immobilienverwaltung-405x270.jpg 405w, https:\/\/casavi.com\/de\/wp-content\/uploads\/sites\/2\/2021\/10\/casavi-software-immobilienverwaltung-793x528.jpg 793w\" sizes=\"(max-width: 1000px) 100vw, 1000px\" \/><\/figure><\/div>\n\n\n\n<div class=\"acf-block-casavi-responsive-spacer clearfix has-space-xs-2 has-space-md-4\" id=\"block_f5baaa503171305c27324a69fd571f58\"><\/div>\n<\/div><\/div>\n\n\n\n<div class=\"wp-block-group alignwide has-casavi-box-shadow has-horizontal-padding is-style-border-radius has-gray-0-color has-primary-2-gradient-background has-text-color has-background has-link-color wp-elements-9fc22511616b7bbbe3c14b70822af6ba\"><div class=\"wp-block-group__inner-container is-layout-flow wp-block-group-is-layout-flow\">\n<div class=\"acf-block-casavi-responsive-spacer clearfix has-space-xs-2 has-space-md-4\" id=\"block_f5baaa503171305c27324a69fd571f58\"><\/div>\n\n\n\n<div class=\"wp-block-media-text alignwide is-stacked-on-mobile casavi-grid-35-65\" style=\"grid-template-columns:35% auto\"><figure class=\"wp-block-media-text__media\"><img decoding=\"async\" width=\"1024\" height=\"350\" src=\"https:\/\/casavi.com\/de\/wp-content\/uploads\/sites\/2\/2021\/10\/STROBL_Gebaeudeschadenmanagement_Logo_RGB-1024x350.png\" alt=\"\" class=\"wp-image-44456 size-full\" srcset=\"https:\/\/casavi.com\/de\/wp-content\/uploads\/sites\/2\/2021\/10\/STROBL_Gebaeudeschadenmanagement_Logo_RGB-1024x350.png 1024w, https:\/\/casavi.com\/de\/wp-content\/uploads\/sites\/2\/2021\/10\/STROBL_Gebaeudeschadenmanagement_Logo_RGB-480x164.png 480w, https:\/\/casavi.com\/de\/wp-content\/uploads\/sites\/2\/2021\/10\/STROBL_Gebaeudeschadenmanagement_Logo_RGB-300x102.png 300w, https:\/\/casavi.com\/de\/wp-content\/uploads\/sites\/2\/2021\/10\/STROBL_Gebaeudeschadenmanagement_Logo_RGB-768x262.png 768w, https:\/\/casavi.com\/de\/wp-content\/uploads\/sites\/2\/2021\/10\/STROBL_Gebaeudeschadenmanagement_Logo_RGB-1536x525.png 1536w, https:\/\/casavi.com\/de\/wp-content\/uploads\/sites\/2\/2021\/10\/STROBL_Gebaeudeschadenmanagement_Logo_RGB-2048x699.png 2048w, https:\/\/casavi.com\/de\/wp-content\/uploads\/sites\/2\/2021\/10\/STROBL_Gebaeudeschadenmanagement_Logo_RGB-1546x528.png 1546w\" sizes=\"(max-width: 1024px) 100vw, 1024px\" \/><\/figure><div class=\"wp-block-media-text__content\">\n<h2 class=\"wp-block-heading has-gray-0-color has-text-color has-link-color wp-elements-9a5b1ec6c5d5faf86771f4976dd933ce\">Ihre Vorteile mit Strobl Service<\/h2>\n\n\n\n<p>Sie profitieren von einem 360\u00b0 Sanierungskonzept und st\u00e4ndiger Qualit\u00e4tskontrolle. Weitere Vorteile sind<\/p>\n\n\n\n<ul class=\"wp-block-list\">\n<li>standardisierte\u00a0Schadenabwicklung<\/li>\n\n\n\n<li>zeitsparende\u00a0Kommunikation<\/li>\n\n\n\n<li>pers\u00f6nliche\u00a0Ansprechpartner<\/li>\n\n\n\n<li>Zeitersparnis durch\u00a0Prozessoptimierung<\/li>\n<\/ul>\n\n\n\n<div class=\"wp-block-buttons is-layout-flex wp-block-buttons-is-layout-flex\">\n<div class=\"wp-block-button is-style-arrow--right\"><a class=\"wp-block-button__link has-tertiary-500-background-color has-background wp-element-button\" href=\"https:\/\/strobl-service.de\/\" target=\"_blank\" rel=\"noreferrer noopener\">Zu Strobl Service<\/a><\/div>\n<\/div>\n<\/div><\/div>\n\n\n\n<div class=\"acf-block-casavi-responsive-spacer clearfix has-space-xs-2 has-space-md-4\" id=\"block_f5baaa503171305c27324a69fd571f58\"><\/div>\n<\/div><\/div>\n\n\n\n<div class=\"wp-block-group alignfull\"><div class=\"wp-block-group__inner-container is-layout-constrained wp-block-group-is-layout-constrained\">\n<div class=\"acf-block-casavi-responsive-spacer clearfix has-space-xs-2 has-space-md-4\" id=\"block_f5baaa503171305c27324a69fd571f58\"><\/div>\n\n\n\n<p class=\"has-text-align-center has-primary-700-color has-text-color has-link-color wp-elements-86addffbb30249235587fe94a8edfbf2\" style=\"text-transform:uppercase\">IMMOBILIENMANAGEMENT mit casavi<\/p>\n\n\n\n<h2 class=\"wp-block-heading alignwide has-text-align-center\"><mark style=\"background-color:rgba(0, 0, 0, 0)\" class=\"has-inline-color has-primary-300-color\">Passende L\u00f6sungen<\/mark> f\u00fcr die Immobilienwirtschaft<\/h2>\n\n\n\n<div class=\"acf-block-casavi-responsive-spacer clearfix has-space-xs-2 has-space-md-4\" id=\"block_f5baaa503171305c27324a69fd571f58\"><\/div>\n\n\n\n<div class=\"wp-block-columns alignwide has-force-unified-height is-layout-flex wp-container-core-columns-is-layout-9d6595d7 wp-block-columns-is-layout-flex\">\n<div class=\"wp-block-column is-vertically-aligned-stretch is-layout-flow wp-block-column-is-layout-flow\">\n<div class=\"wp-block-group has-casavi-box-shadow is-style-border-radius has-gray-0-background-color has-background\"><div class=\"wp-block-group__inner-container is-layout-constrained wp-block-group-is-layout-constrained\">\n<div class=\"wp-block-group\"><div class=\"wp-block-group__inner-container is-layout-constrained wp-block-group-is-layout-constrained\"><div class=\"wp-block-image is-style-default\">\n<figure class=\"aligncenter size-full is-resized\"><img decoding=\"async\" width=\"2560\" height=\"1871\" src=\"https:\/\/casavi.com\/de\/wp-content\/uploads\/sites\/2\/WEG_hero_visual-3.png\" alt=\"\" class=\"wp-image-63509\" style=\"object-fit:cover;width:592px;height:auto\" srcset=\"https:\/\/casavi.com\/de\/wp-content\/uploads\/sites\/2\/WEG_hero_visual-3.png 2560w, https:\/\/casavi.com\/de\/wp-content\/uploads\/sites\/2\/WEG_hero_visual-3-300x219.png 300w, https:\/\/casavi.com\/de\/wp-content\/uploads\/sites\/2\/WEG_hero_visual-3-1024x748.png 1024w, https:\/\/casavi.com\/de\/wp-content\/uploads\/sites\/2\/WEG_hero_visual-3-768x561.png 768w, https:\/\/casavi.com\/de\/wp-content\/uploads\/sites\/2\/WEG_hero_visual-3-1536x1123.png 1536w, https:\/\/casavi.com\/de\/wp-content\/uploads\/sites\/2\/WEG_hero_visual-3-2048x1497.png 2048w, https:\/\/casavi.com\/de\/wp-content\/uploads\/sites\/2\/WEG_hero_visual-3-369x270.png 369w, https:\/\/casavi.com\/de\/wp-content\/uploads\/sites\/2\/WEG_hero_visual-3-722x528.png 722w\" sizes=\"(max-width: 2560px) 100vw, 2560px\" \/><\/figure>\n<\/div>\n\n\n<div class=\"acf-block-casavi-responsive-spacer clearfix has-space-xs-1 has-space-md-2\" id=\"block_1d2af121f99ce4f1487997d18bf5a2a8\"><\/div>\n\n\n\n<h3 class=\"wp-block-heading\">Software f\u00fcr <br><mark style=\"background-color:rgba(0, 0, 0, 0)\" class=\"has-inline-color has-primary-300-color\">Hausverwalter<\/mark><\/h3>\n\n\n\n<p>Mit unserer Software gehen Sie mit Ihrer Hausverwaltung den n\u00e4chsten Schritt in der&nbsp;Digitalisierung&nbsp;Ihrer Gesch\u00e4ftsprozesse. Vereinfachen Sie interne Prozesse, nutzen Sie Synergien mit&nbsp;anderen Anwendungen&nbsp;und kommunizieren Sie&nbsp;transparent&nbsp;mit Kunden und&nbsp;Dienstleistern. Profitieren Sie von einer verbesserten Effizienz sowie Zeit- und Kostenersparnis.<\/p>\n\n\n\n<div class=\"wp-block-buttons is-content-justification-center is-layout-flex wp-container-core-buttons-is-layout-16018d1d wp-block-buttons-is-layout-flex\">\n<div class=\"wp-block-button is-style-arrow--right--no-background\"><a class=\"wp-block-button__link has-primary-700-color has-text-color has-link-color wp-element-button\" href=\"https:\/\/casavi.com\/de\/hausverwalter\/\">Mehr Informationen<\/a><\/div>\n<\/div>\n\n\n\n<div class=\"acf-block-casavi-responsive-spacer clearfix has-space-xs-1\" id=\"block_7bb1b50f552cb8e35804b3aacdb29fc9\"><\/div>\n<\/div><\/div>\n<\/div><\/div>\n<\/div>\n\n\n\n<div class=\"wp-block-column is-vertically-aligned-stretch is-layout-flow wp-block-column-is-layout-flow\">\n<div class=\"wp-block-group\"><div class=\"wp-block-group__inner-container is-layout-constrained wp-block-group-is-layout-constrained\">\n<div class=\"wp-block-group has-casavi-box-shadow is-style-border-radius has-gray-0-background-color has-background\"><div class=\"wp-block-group__inner-container is-layout-constrained wp-block-group-is-layout-constrained\">\n<div class=\"wp-block-group\"><div class=\"wp-block-group__inner-container is-layout-constrained wp-block-group-is-layout-constrained\"><div class=\"wp-block-image is-style-default\">\n<figure class=\"aligncenter size-full\"><img loading=\"lazy\" decoding=\"async\" width=\"2560\" height=\"1871\" src=\"https:\/\/casavi.com\/de\/wp-content\/uploads\/sites\/2\/Wowi_hero_visual-2.png\" alt=\"\" class=\"wp-image-63510\" style=\"object-fit:cover\" srcset=\"https:\/\/casavi.com\/de\/wp-content\/uploads\/sites\/2\/\/Wowi_hero_visual-2.png 2560w, https:\/\/casavi.com\/de\/wp-content\/uploads\/sites\/2\/\/Wowi_hero_visual-2-300x219.png 300w, https:\/\/casavi.com\/de\/wp-content\/uploads\/sites\/2\/\/Wowi_hero_visual-2-1024x748.png 1024w, https:\/\/casavi.com\/de\/wp-content\/uploads\/sites\/2\/\/Wowi_hero_visual-2-768x561.png 768w, https:\/\/casavi.com\/de\/wp-content\/uploads\/sites\/2\/\/Wowi_hero_visual-2-1536x1123.png 1536w, https:\/\/casavi.com\/de\/wp-content\/uploads\/sites\/2\/\/Wowi_hero_visual-2-2048x1497.png 2048w, https:\/\/casavi.com\/de\/wp-content\/uploads\/sites\/2\/\/Wowi_hero_visual-2-369x270.png 369w, https:\/\/casavi.com\/de\/wp-content\/uploads\/sites\/2\/\/Wowi_hero_visual-2-722x528.png 722w\" sizes=\"(max-width: 2560px) 100vw, 2560px\" \/><\/figure>\n<\/div>\n\n\n<div class=\"acf-block-casavi-responsive-spacer clearfix has-space-xs-1 has-space-md-3\" id=\"block_a2afc1bf263f59e466d3d25c4dbaf8d0\"><\/div>\n\n\n\n<h3 class=\"wp-block-heading\">Software f\u00fcr <mark style=\"background-color:rgba(0, 0, 0, 0)\" class=\"has-inline-color has-primary-300-color\">Wohnungsunternehmen<\/mark><\/h3>\n\n\n\n<p>casavi ist die zentrale Plattform f\u00fcr die Digitalisierung der Wohnungswirtschaft. Transparentes und automatisiertes Vorgangsmanagement, ein moderner Markenauftritt, elektronischer Briefversand und die Zentralisierung der Kommunikation innerhalb Ihrer Liegenschaften, sind die Grundlage unserer effizienten Software-L\u00f6sung.<\/p>\n\n\n\n<div class=\"wp-block-buttons is-content-justification-center is-layout-flex wp-container-core-buttons-is-layout-16018d1d wp-block-buttons-is-layout-flex\">\n<div class=\"wp-block-button is-style-arrow--right--no-background\"><a class=\"wp-block-button__link has-primary-700-color has-text-color has-link-color wp-element-button\" href=\"https:\/\/casavi.com\/de\/wohnungsunternehmen\/\">Mehr Informationen<\/a><\/div>\n<\/div>\n\n\n\n<div class=\"acf-block-casavi-responsive-spacer clearfix has-space-xs-1\" id=\"block_7bb1b50f552cb8e35804b3aacdb29fc9\"><\/div>\n<\/div><\/div>\n<\/div><\/div>\n<\/div><\/div>\n<\/div>\n<\/div>\n\n\n\n<div class=\"acf-block-casavi-responsive-spacer clearfix has-space-xs-2 has-space-md-4\" id=\"block_f5baaa503171305c27324a69fd571f58\"><\/div>\n<\/div><\/div>\n\n\n\n<div class=\"wp-block-group alignfull has-gray-900-background-color has-background\"><div class=\"wp-block-group__inner-container is-layout-constrained wp-block-group-is-layout-constrained\">\n<div class=\"acf-block-casavi-responsive-spacer clearfix has-space-xs-2 has-space-md-4\" id=\"block_f5baaa503171305c27324a69fd571f58\"><\/div>\n\n\n\n<div class=\"wp-block-columns alignwide is-layout-flex wp-container-core-columns-is-layout-9d6595d7 wp-block-columns-is-layout-flex\">\n<div class=\"wp-block-column is-layout-flow wp-block-column-is-layout-flow\" style=\"flex-basis:60%\">\n<h2 class=\"wp-block-heading has-gray-0-color has-text-color has-link-color wp-elements-8f74ef99288387f8554e6325b0f06a8e\" id=\"newsletter\">Newsletter<\/h2>\n\n\n\n<p class=\"has-gray-0-color has-text-color has-link-color wp-elements-fd963ecf6111247f12d0b024e3b30236\">Jetzt zu unserem Newsletter anmelden! Wir halten Sie zu allen Themen rund um casavi sowie aktuellen Trends und Themen der Immobilienwirtschaft auf dem Laufenden.<\/p>\n<\/div>\n\n\n\n<div class=\"wp-block-column is-vertically-aligned-center is-layout-flow wp-block-column-is-layout-flow\" style=\"flex-basis:80%\">\n<div class=\"wp-block-group is-style-border-radius\"><div class=\"wp-block-group__inner-container is-layout-constrained wp-block-group-is-layout-constrained\">\n<div class=\"acf-block-casavi-iframe\" id=\"block_8250db5ea1bc635419aef185703ec8c6\">\n\t\t<iframe\n\t\tclass=\"casavi-iframe js--casavi-iframe\"\n\t\tsrc=\"https:\/\/info.casavi.com\/l\/1001551\/2022-10-19\/kwf\"\n\t\theight=\"170\"\n\t\twidth=\"100%\"\n\t\ttype=\"text\/html\"\n\t\tframeborder=\"0\"\n\t\tallowtransparency=\"true\"\n\t><\/iframe>\n\t<\/div>\n\n\n\n<div class=\"acf-block-casavi-responsive-spacer clearfix has-space-xs-2 has-space-md-2\" id=\"block_250831d90c0dd0593dfc8243f45fa764\"><\/div>\n<\/div><\/div>\n<\/div>\n<\/div>\n<\/div><\/div>\n","protected":false},"excerpt":{"rendered":"<p>casavi und Strobl \u2013 gemeinsam f\u00fcr Ihr Unternehmen Wasserschaden \u2013 Strobl fragen! Seit 25 Jahren k\u00fcmmert sich Strobl Service bayernweit [&hellip;]<\/p>\n","protected":false},"author":5,"featured_media":0,"parent":0,"menu_order":0,"comment_status":"closed","ping_status":"closed","template":"","meta":{"_acf_changed":false,"_trash_the_other_posts":false,"editor_notices":[],"footnotes":""},"class_list":["post-44452","page","type-page","status-publish","hentry"],"acf":[],"yoast_head":"<!-- This site is optimized with the Yoast SEO plugin v27.4 - https:\/\/yoast.com\/product\/yoast-seo-wordpress\/ -->\n<title>casavi und Strobl \u2013 GEMEINSAM F\u00dcR IHR UNTERNEHMEN<\/title>\n<meta name=\"description\" content=\"Wasserschaden - Strobl fragen! Seit 25 Jahren k\u00fcmmert sich Strobl Service bayernweit um die komplette Schadensabwicklung ihrer Geb\u00e4ude.\" \/>\n<meta name=\"robots\" content=\"index, follow, max-snippet:-1, max-image-preview:large, max-video-preview:-1\" \/>\n<link rel=\"canonical\" href=\"https:\/\/casavi.com\/de\/stroblservice\/\" \/>\n<meta property=\"og:locale\" content=\"de_DE\" \/>\n<meta property=\"og:type\" content=\"article\" \/>\n<meta property=\"og:title\" content=\"casavi und Strobl \u2013 GEMEINSAM F\u00dcR IHR UNTERNEHMEN\" \/>\n<meta property=\"og:description\" content=\"Wasserschaden - Strobl fragen! Seit 25 Jahren k\u00fcmmert sich Strobl Service bayernweit um die komplette Schadensabwicklung ihrer Geb\u00e4ude.\" \/>\n<meta property=\"og:url\" content=\"https:\/\/casavi.com\/de\/stroblservice\/\" \/>\n<meta property=\"og:site_name\" content=\"DE - casavi.com\/de\" \/>\n<meta property=\"article:publisher\" content=\"https:\/\/www.facebook.com\/mycasavi\/\" \/>\n<meta property=\"article:modified_time\" content=\"2024-02-13T11:44:27+00:00\" \/>\n<meta property=\"og:image\" content=\"https:\/\/casavi.com\/de\/wp-content\/uploads\/sites\/2\/2021\/10\/casavi-software-immobilienverwaltung.jpg\" \/>\n<meta name=\"twitter:card\" content=\"summary_large_image\" \/>\n<meta name=\"twitter:label1\" content=\"Gesch\u00e4tzte Lesezeit\" \/>\n\t<meta name=\"twitter:data1\" content=\"2\u00a0Minuten\" \/>\n<script type=\"application\/ld+json\" class=\"yoast-schema-graph\">{\"@context\":\"https:\\\/\\\/schema.org\",\"@graph\":[{\"@type\":\"WebPage\",\"@id\":\"https:\\\/\\\/casavi.com\\\/de\\\/stroblservice\\\/\",\"url\":\"https:\\\/\\\/casavi.com\\\/de\\\/stroblservice\\\/\",\"name\":\"casavi und Strobl \u2013 GEMEINSAM F\u00dcR IHR UNTERNEHMEN\",\"isPartOf\":{\"@id\":\"https:\\\/\\\/casavi.com\\\/de\\\/#website\"},\"primaryImageOfPage\":{\"@id\":\"https:\\\/\\\/casavi.com\\\/de\\\/stroblservice\\\/#primaryimage\"},\"image\":{\"@id\":\"https:\\\/\\\/casavi.com\\\/de\\\/stroblservice\\\/#primaryimage\"},\"thumbnailUrl\":\"https:\\\/\\\/casavi.com\\\/de\\\/wp-content\\\/uploads\\\/sites\\\/2\\\/2021\\\/10\\\/casavi-software-immobilienverwaltung.jpg\",\"datePublished\":\"2021-10-21T11:32:38+00:00\",\"dateModified\":\"2024-02-13T11:44:27+00:00\",\"description\":\"Wasserschaden - Strobl fragen! Seit 25 Jahren k\u00fcmmert sich Strobl Service bayernweit um die komplette Schadensabwicklung ihrer Geb\u00e4ude.\",\"breadcrumb\":{\"@id\":\"https:\\\/\\\/casavi.com\\\/de\\\/stroblservice\\\/#breadcrumb\"},\"inLanguage\":\"de\",\"potentialAction\":[{\"@type\":\"ReadAction\",\"target\":[\"https:\\\/\\\/casavi.com\\\/de\\\/stroblservice\\\/\"]}]},{\"@type\":\"ImageObject\",\"inLanguage\":\"de\",\"@id\":\"https:\\\/\\\/casavi.com\\\/de\\\/stroblservice\\\/#primaryimage\",\"url\":\"https:\\\/\\\/casavi.com\\\/de\\\/wp-content\\\/uploads\\\/sites\\\/2\\\/2021\\\/10\\\/casavi-software-immobilienverwaltung.jpg\",\"contentUrl\":\"https:\\\/\\\/casavi.com\\\/de\\\/wp-content\\\/uploads\\\/sites\\\/2\\\/2021\\\/10\\\/casavi-software-immobilienverwaltung.jpg\",\"width\":1000,\"height\":666},{\"@type\":\"BreadcrumbList\",\"@id\":\"https:\\\/\\\/casavi.com\\\/de\\\/stroblservice\\\/#breadcrumb\",\"itemListElement\":[{\"@type\":\"ListItem\",\"position\":1,\"name\":\"Startseite\",\"item\":\"https:\\\/\\\/casavi.com\\\/de\\\/\"},{\"@type\":\"ListItem\",\"position\":2,\"name\":\"casavi und Strobl\"}]},{\"@type\":\"WebSite\",\"@id\":\"https:\\\/\\\/casavi.com\\\/de\\\/#website\",\"url\":\"https:\\\/\\\/casavi.com\\\/de\\\/\",\"name\":\"DE - casavi.com\\\/de\",\"description\":\"Vernetzt arbeiten | Einfach verwalten\",\"potentialAction\":[{\"@type\":\"SearchAction\",\"target\":{\"@type\":\"EntryPoint\",\"urlTemplate\":\"https:\\\/\\\/casavi.com\\\/de\\\/?s={search_term_string}\"},\"query-input\":{\"@type\":\"PropertyValueSpecification\",\"valueRequired\":true,\"valueName\":\"search_term_string\"}}],\"inLanguage\":\"de\"}]}<\/script>\n<!-- \/ Yoast SEO plugin. -->","yoast_head_json":{"title":"casavi und Strobl \u2013 GEMEINSAM F\u00dcR IHR UNTERNEHMEN","description":"Wasserschaden - Strobl fragen! Seit 25 Jahren k\u00fcmmert sich Strobl Service bayernweit um die komplette Schadensabwicklung ihrer Geb\u00e4ude.","robots":{"index":"index","follow":"follow","max-snippet":"max-snippet:-1","max-image-preview":"max-image-preview:large","max-video-preview":"max-video-preview:-1"},"canonical":"https:\/\/casavi.com\/de\/stroblservice\/","og_locale":"de_DE","og_type":"article","og_title":"casavi und Strobl \u2013 GEMEINSAM F\u00dcR IHR UNTERNEHMEN","og_description":"Wasserschaden - Strobl fragen! Seit 25 Jahren k\u00fcmmert sich Strobl Service bayernweit um die komplette Schadensabwicklung ihrer Geb\u00e4ude.","og_url":"https:\/\/casavi.com\/de\/stroblservice\/","og_site_name":"DE - casavi.com\/de","article_publisher":"https:\/\/www.facebook.com\/mycasavi\/","article_modified_time":"2024-02-13T11:44:27+00:00","og_image":[{"url":"https:\/\/casavi.com\/de\/wp-content\/uploads\/sites\/2\/2021\/10\/casavi-software-immobilienverwaltung.jpg","type":"","width":"","height":""}],"twitter_card":"summary_large_image","twitter_misc":{"Gesch\u00e4tzte Lesezeit":"2\u00a0Minuten"},"schema":{"@context":"https:\/\/schema.org","@graph":[{"@type":"WebPage","@id":"https:\/\/casavi.com\/de\/stroblservice\/","url":"https:\/\/casavi.com\/de\/stroblservice\/","name":"casavi und Strobl \u2013 GEMEINSAM F\u00dcR IHR UNTERNEHMEN","isPartOf":{"@id":"https:\/\/casavi.com\/de\/#website"},"primaryImageOfPage":{"@id":"https:\/\/casavi.com\/de\/stroblservice\/#primaryimage"},"image":{"@id":"https:\/\/casavi.com\/de\/stroblservice\/#primaryimage"},"thumbnailUrl":"https:\/\/casavi.com\/de\/wp-content\/uploads\/sites\/2\/2021\/10\/casavi-software-immobilienverwaltung.jpg","datePublished":"2021-10-21T11:32:38+00:00","dateModified":"2024-02-13T11:44:27+00:00","description":"Wasserschaden - Strobl fragen! Seit 25 Jahren k\u00fcmmert sich Strobl Service bayernweit um die komplette Schadensabwicklung ihrer Geb\u00e4ude.","breadcrumb":{"@id":"https:\/\/casavi.com\/de\/stroblservice\/#breadcrumb"},"inLanguage":"de","potentialAction":[{"@type":"ReadAction","target":["https:\/\/casavi.com\/de\/stroblservice\/"]}]},{"@type":"ImageObject","inLanguage":"de","@id":"https:\/\/casavi.com\/de\/stroblservice\/#primaryimage","url":"https:\/\/casavi.com\/de\/wp-content\/uploads\/sites\/2\/2021\/10\/casavi-software-immobilienverwaltung.jpg","contentUrl":"https:\/\/casavi.com\/de\/wp-content\/uploads\/sites\/2\/2021\/10\/casavi-software-immobilienverwaltung.jpg","width":1000,"height":666},{"@type":"BreadcrumbList","@id":"https:\/\/casavi.com\/de\/stroblservice\/#breadcrumb","itemListElement":[{"@type":"ListItem","position":1,"name":"Startseite","item":"https:\/\/casavi.com\/de\/"},{"@type":"ListItem","position":2,"name":"casavi und Strobl"}]},{"@type":"WebSite","@id":"https:\/\/casavi.com\/de\/#website","url":"https:\/\/casavi.com\/de\/","name":"DE - casavi.com\/de","description":"Vernetzt arbeiten | Einfach verwalten","potentialAction":[{"@type":"SearchAction","target":{"@type":"EntryPoint","urlTemplate":"https:\/\/casavi.com\/de\/?s={search_term_string}"},"query-input":{"@type":"PropertyValueSpecification","valueRequired":true,"valueName":"search_term_string"}}],"inLanguage":"de"}]}},"_links":{"self":[{"href":"https:\/\/casavi.com\/de\/wp-json\/wp\/v2\/pages\/44452","targetHints":{"allow":["GET"]}}],"collection":[{"href":"https:\/\/casavi.com\/de\/wp-json\/wp\/v2\/pages"}],"about":[{"href":"https:\/\/casavi.com\/de\/wp-json\/wp\/v2\/types\/page"}],"author":[{"embeddable":true,"href":"https:\/\/casavi.com\/de\/wp-json\/wp\/v2\/users\/5"}],"replies":[{"embeddable":true,"href":"https:\/\/casavi.com\/de\/wp-json\/wp\/v2\/comments?post=44452"}],"version-history":[{"count":0,"href":"https:\/\/casavi.com\/de\/wp-json\/wp\/v2\/pages\/44452\/revisions"}],"wp:attachment":[{"href":"https:\/\/casavi.com\/de\/wp-json\/wp\/v2\/media?parent=44452"}],"curies":[{"name":"wp","href":"https:\/\/api.w.org\/{rel}","templated":true}]}}