{"id":44515,"date":"2021-10-21T12:31:01","date_gmt":"2021-10-21T12:31:01","guid":{"rendered":"https:\/\/casavi.com\/de\/?page_id=44515"},"modified":"2024-02-12T15:30:15","modified_gmt":"2024-02-12T14:30:15","slug":"bts","status":"publish","type":"page","link":"https:\/\/casavi.com\/de\/bts\/","title":{"rendered":"casavi und BTS Software GmbH &#038; Co. KG"},"content":{"rendered":"\n<div class=\"wp-block-group alignfull is-style-default\"><div class=\"wp-block-group__inner-container is-layout-flow wp-block-group-is-layout-flow\">\n<div class=\"acf-block-casavi-responsive-spacer clearfix has-space-xs-2 has-space-md-4\" id=\"block_aa2e722540892c559adfcc0453b2e55d\"><\/div>\n\n\n\n<div class=\"wp-block-media-text alignwide has-media-on-the-right is-stacked-on-mobile casavi-grid-35-65 is-style-casavi-tablet\" style=\"grid-template-columns:auto 35%\"><div class=\"wp-block-media-text__content\">\n<h1 class=\"wp-block-heading\">BTS Software <br>GmbH &amp; Co. KG<\/h1>\n\n\n\n<p>Dank&nbsp;gemeinsamer Schnittstelle&nbsp;dockt casavi direkt an die Gesch\u00e4ftsprozesse von BTS an und erweitert es um eine&nbsp;Kommunikationsplattform&nbsp;f\u00fcr Mieter und Eigent\u00fcmer. Meldungen und Schadensf\u00e4lle werden direkt aus casavi in das Instandhaltungs- bzw.&nbsp;Vorgangsmanagement&nbsp;durchgestellt. Die Anbindung ist durch individuelle Applikationen, wie beispielsweise Anzeige von Energieverbrauchsdaten, Integration von Energieportalen etc. erweiterbar. F\u00fcr weitere Informationen besuchen Sie&nbsp;<a href=\"http:\/\/bts-software.de\/\">bts-software.de<\/a><\/p>\n<\/div><figure class=\"wp-block-media-text__media\"><img fetchpriority=\"high\" decoding=\"async\" width=\"833\" height=\"587\" src=\"https:\/\/casavi.com\/de\/wp-content\/uploads\/sites\/2\/2021\/10\/bts-logo-2.jpg\" alt=\"\" class=\"wp-image-44488 size-full\" srcset=\"https:\/\/casavi.com\/de\/wp-content\/uploads\/sites\/2\/2021\/10\/bts-logo-2.jpg 833w, https:\/\/casavi.com\/de\/wp-content\/uploads\/sites\/2\/2021\/10\/bts-logo-2-300x211.jpg 300w, https:\/\/casavi.com\/de\/wp-content\/uploads\/sites\/2\/2021\/10\/bts-logo-2-768x541.jpg 768w, https:\/\/casavi.com\/de\/wp-content\/uploads\/sites\/2\/2021\/10\/bts-logo-2-383x270.jpg 383w, https:\/\/casavi.com\/de\/wp-content\/uploads\/sites\/2\/2021\/10\/bts-logo-2-749x528.jpg 749w\" sizes=\"(max-width: 833px) 100vw, 833px\" \/><\/figure><\/div>\n\n\n\n<div class=\"acf-block-casavi-responsive-spacer clearfix has-space-xs-2 has-space-md-4\" id=\"block_aa2e722540892c559adfcc0453b2e55d\"><\/div>\n<\/div><\/div>\n\n\n\n<div class=\"wp-block-group alignfull has-gray-1-gradient-background has-background\"><div class=\"wp-block-group__inner-container is-layout-constrained wp-block-group-is-layout-constrained\">\n<div class=\"acf-block-casavi-responsive-spacer clearfix has-space-xs-2 has-space-md-4\" id=\"block_aa2e722540892c559adfcc0453b2e55d\"><\/div>\n\n\n\n<div class=\"wp-block-media-text alignwide is-stacked-on-mobile has-casavi-box-shadow casavi-grid-35-65 is-style-border-radius\" style=\"grid-template-columns:40% auto\"><figure class=\"wp-block-media-text__media\"><img decoding=\"async\" width=\"1024\" height=\"768\" src=\"https:\/\/casavi.com\/de\/wp-content\/uploads\/sites\/2\/Bewerbung_MockUp_Kostenpflichtig_2-edited-scaled-1-1024x768.jpg\" alt=\"\" class=\"wp-image-61317 size-full\" srcset=\"https:\/\/casavi.com\/de\/wp-content\/uploads\/sites\/2\/Bewerbung_MockUp_Kostenpflichtig_2-edited-scaled-1-1024x768.jpg 1024w, https:\/\/casavi.com\/de\/wp-content\/uploads\/sites\/2\/Bewerbung_MockUp_Kostenpflichtig_2-edited-scaled-1-300x225.jpg 300w, https:\/\/casavi.com\/de\/wp-content\/uploads\/sites\/2\/Bewerbung_MockUp_Kostenpflichtig_2-edited-scaled-1-768x576.jpg 768w, https:\/\/casavi.com\/de\/wp-content\/uploads\/sites\/2\/Bewerbung_MockUp_Kostenpflichtig_2-edited-scaled-1-1536x1152.jpg 1536w, https:\/\/casavi.com\/de\/wp-content\/uploads\/sites\/2\/Bewerbung_MockUp_Kostenpflichtig_2-edited-scaled-1-2048x1536.jpg 2048w, https:\/\/casavi.com\/de\/wp-content\/uploads\/sites\/2\/Bewerbung_MockUp_Kostenpflichtig_2-edited-scaled-1-360x270.jpg 360w, https:\/\/casavi.com\/de\/wp-content\/uploads\/sites\/2\/Bewerbung_MockUp_Kostenpflichtig_2-edited-scaled-1-704x528.jpg 704w\" sizes=\"(max-width: 1024px) 100vw, 1024px\" \/><\/figure><div class=\"wp-block-media-text__content\">\n<h2 class=\"wp-block-heading\">Ihre Vorteile der <mark style=\"background-color:rgba(0, 0, 0, 0)\" class=\"has-inline-color has-primary-300-color\">Schnittstelle<\/mark><\/h2>\n\n\n\n<p>casavi dient Ihnen als&nbsp;zentrale Schnittstelle&nbsp;f\u00fcr die Bereitstellung von Informationen und Dokumenten sowie als prozessoptimierter R\u00fccklaufkanal f\u00fcr die Anliegen Ihrer Kunden, sowohl in der WEG- als auch Mietverwaltung.&nbsp;Dank casavi k\u00f6nnen Sie manuelle Aufw\u00e4nde&nbsp;einfach reduzieren und automatisieren.<\/p>\n\n\n\n<ul class=\"is-style-casavi-checklist wp-block-list\">\n<li>Zeit- &amp; Kostenersparnis<\/li>\n\n\n\n<li>Weniger Anrufe&nbsp;dank proaktiver Informationsbereitstellung<\/li>\n\n\n\n<li>Einfache Integration&nbsp;Dank Schnittstelle zu OfficeWare<\/li>\n\n\n\n<li>Wettbwerbsvorteil<\/li>\n\n\n\n<li>Einfache Bedienung<\/li>\n<\/ul>\n<\/div><\/div>\n\n\n\n<div class=\"acf-block-casavi-responsive-spacer clearfix has-space-xs-2 has-space-md-4\" id=\"block_aa2e722540892c559adfcc0453b2e55d\"><\/div>\n<\/div><\/div>\n\n\n\n<div class=\"wp-block-group alignwide has-casavi-box-shadow has-horizontal-padding is-style-border-radius has-gray-0-color has-primary-2-gradient-background has-text-color has-background has-link-color wp-elements-304cba48075c91dbd6dc377b74f7ee77\"><div class=\"wp-block-group__inner-container is-layout-flow wp-block-group-is-layout-flow\">\n<div class=\"acf-block-casavi-responsive-spacer clearfix has-space-xs-1 has-space-md-2\" id=\"block_08b8000edc55a615c2f6deb190441676\"><\/div>\n\n\n\n<div class=\"wp-block-media-text alignwide is-stacked-on-mobile casavi-grid-35-65 is-style-casavi-tablet\" style=\"grid-template-columns:35% auto\"><figure class=\"wp-block-media-text__media\"><img fetchpriority=\"high\" decoding=\"async\" width=\"833\" height=\"587\" src=\"https:\/\/casavi.com\/de\/wp-content\/uploads\/sites\/2\/2021\/10\/bts-logo-2.jpg\" alt=\"\" class=\"wp-image-44488 size-full\" srcset=\"https:\/\/casavi.com\/de\/wp-content\/uploads\/sites\/2\/2021\/10\/bts-logo-2.jpg 833w, https:\/\/casavi.com\/de\/wp-content\/uploads\/sites\/2\/2021\/10\/bts-logo-2-300x211.jpg 300w, https:\/\/casavi.com\/de\/wp-content\/uploads\/sites\/2\/2021\/10\/bts-logo-2-768x541.jpg 768w, https:\/\/casavi.com\/de\/wp-content\/uploads\/sites\/2\/2021\/10\/bts-logo-2-383x270.jpg 383w, https:\/\/casavi.com\/de\/wp-content\/uploads\/sites\/2\/2021\/10\/bts-logo-2-749x528.jpg 749w\" sizes=\"(max-width: 833px) 100vw, 833px\" \/><\/figure><div class=\"wp-block-media-text__content\">\n<h2 class=\"wp-block-heading has-gray-0-color has-text-color has-link-color wp-elements-b3a0ea4e17c0307605fff2067468dc70\">\u00dcber BTS Software<\/h2>\n\n\n\n<p>BTS-PiT ist eine L\u00f6sung f\u00fcr&nbsp;Wohnungsunternehmen,&nbsp;Immobilienverwaltung&nbsp;und \u00fcberregionale&nbsp;Verwaltung&nbsp;von&nbsp;Gewerbeimmobilien. Es besteht aus unterschiedlichen Software-Bausteinen (Module), die je nach Kundenprofil eingesetzt werden. Da BTS-PiT zusammen mit unseren Kunden entwickelt wurde, ist die L\u00f6sung \u00e4u\u00dferst&nbsp;praxisgerecht&nbsp;und anwenderfreundlich.<\/p>\n\n\n\n<div class=\"wp-block-buttons is-layout-flex wp-block-buttons-is-layout-flex\">\n<div class=\"wp-block-button is-style-arrow--right\"><a class=\"wp-block-button__link wp-element-button\" href=\"https:\/\/www.bts-software.de\/bts-pit\/\" target=\"_blank\" rel=\"noreferrer noopener\">mehr \u00fcber BTS Software<\/a><\/div>\n<\/div>\n<\/div><\/div>\n\n\n\n<div class=\"acf-block-casavi-responsive-spacer clearfix has-space-xs-1 has-space-md-2\" id=\"block_08b8000edc55a615c2f6deb190441676\"><\/div>\n<\/div><\/div>\n\n\n\n<div class=\"wp-block-group alignfull\"><div class=\"wp-block-group__inner-container is-layout-constrained wp-block-group-is-layout-constrained\">\n<div class=\"acf-block-casavi-responsive-spacer clearfix has-space-xs-2 has-space-md-4\" id=\"block_aa2e722540892c559adfcc0453b2e55d\"><\/div>\n\n\n\n<p class=\"has-text-align-center has-primary-700-color has-text-color has-link-color wp-elements-86addffbb30249235587fe94a8edfbf2\" style=\"text-transform:uppercase\">IMMOBILIENMANAGEMENT mit casavi<\/p>\n\n\n\n<h2 class=\"wp-block-heading alignwide has-text-align-center\"><mark style=\"background-color:rgba(0, 0, 0, 0)\" class=\"has-inline-color has-primary-300-color\">Passende L\u00f6sungen<\/mark> f\u00fcr die Immobilienwirtschaft<\/h2>\n\n\n\n<div class=\"acf-block-casavi-responsive-spacer clearfix has-space-xs-2 has-space-md-4\" id=\"block_aa2e722540892c559adfcc0453b2e55d\"><\/div>\n\n\n\n<div class=\"wp-block-columns alignwide has-force-unified-height is-layout-flex wp-container-core-columns-is-layout-9d6595d7 wp-block-columns-is-layout-flex\">\n<div class=\"wp-block-column is-vertically-aligned-stretch is-layout-flow wp-block-column-is-layout-flow\">\n<div class=\"wp-block-group has-casavi-box-shadow is-style-border-radius has-gray-0-background-color has-background\"><div class=\"wp-block-group__inner-container is-layout-constrained wp-block-group-is-layout-constrained\">\n<div class=\"wp-block-group\"><div class=\"wp-block-group__inner-container is-layout-constrained wp-block-group-is-layout-constrained\"><div class=\"wp-block-image is-style-default\">\n<figure class=\"aligncenter size-full is-resized\"><img decoding=\"async\" width=\"2560\" height=\"1871\" src=\"https:\/\/casavi.com\/de\/wp-content\/uploads\/sites\/2\/WEG_hero_visual-3.png\" alt=\"\" class=\"wp-image-63509\" style=\"object-fit:cover;width:592px;height:auto\" srcset=\"https:\/\/casavi.com\/de\/wp-content\/uploads\/sites\/2\/WEG_hero_visual-3.png 2560w, https:\/\/casavi.com\/de\/wp-content\/uploads\/sites\/2\/WEG_hero_visual-3-300x219.png 300w, https:\/\/casavi.com\/de\/wp-content\/uploads\/sites\/2\/WEG_hero_visual-3-1024x748.png 1024w, https:\/\/casavi.com\/de\/wp-content\/uploads\/sites\/2\/WEG_hero_visual-3-768x561.png 768w, https:\/\/casavi.com\/de\/wp-content\/uploads\/sites\/2\/WEG_hero_visual-3-1536x1123.png 1536w, https:\/\/casavi.com\/de\/wp-content\/uploads\/sites\/2\/WEG_hero_visual-3-2048x1497.png 2048w, https:\/\/casavi.com\/de\/wp-content\/uploads\/sites\/2\/WEG_hero_visual-3-369x270.png 369w, https:\/\/casavi.com\/de\/wp-content\/uploads\/sites\/2\/WEG_hero_visual-3-722x528.png 722w\" sizes=\"(max-width: 2560px) 100vw, 2560px\" \/><\/figure>\n<\/div>\n\n\n<div class=\"acf-block-casavi-responsive-spacer clearfix has-space-xs-1 has-space-md-2\" id=\"block_08b8000edc55a615c2f6deb190441676\"><\/div>\n\n\n\n<h3 class=\"wp-block-heading\">Software f\u00fcr <br><mark style=\"background-color:rgba(0, 0, 0, 0)\" class=\"has-inline-color has-primary-300-color\">Hausverwalter<\/mark><\/h3>\n\n\n\n<p>Mit unserer Software gehen Sie mit Ihrer Hausverwaltung den n\u00e4chsten Schritt in der&nbsp;Digitalisierung&nbsp;Ihrer Gesch\u00e4ftsprozesse. Vereinfachen Sie interne Prozesse, nutzen Sie Synergien mit&nbsp;anderen Anwendungen&nbsp;und kommunizieren Sie&nbsp;transparent&nbsp;mit Kunden und&nbsp;Dienstleistern. Profitieren Sie von einer verbesserten Effizienz sowie Zeit- und Kostenersparnis.<\/p>\n\n\n\n<div class=\"wp-block-buttons is-content-justification-center is-layout-flex wp-container-core-buttons-is-layout-16018d1d wp-block-buttons-is-layout-flex\">\n<div class=\"wp-block-button is-style-arrow--right--no-background\"><a class=\"wp-block-button__link has-primary-700-color has-text-color has-link-color wp-element-button\" href=\"https:\/\/casavi.com\/de\/hausverwalter\/\">Mehr Informationen<\/a><\/div>\n<\/div>\n\n\n\n<div class=\"acf-block-casavi-responsive-spacer clearfix has-space-xs-1\" id=\"block_8c546c80c1d1454ba9ec5cb24aa806d6\"><\/div>\n<\/div><\/div>\n<\/div><\/div>\n<\/div>\n\n\n\n<div class=\"wp-block-column is-vertically-aligned-stretch is-layout-flow wp-block-column-is-layout-flow\">\n<div class=\"wp-block-group\"><div class=\"wp-block-group__inner-container is-layout-constrained wp-block-group-is-layout-constrained\">\n<div class=\"wp-block-group has-casavi-box-shadow is-style-border-radius has-gray-0-background-color has-background\"><div class=\"wp-block-group__inner-container is-layout-constrained wp-block-group-is-layout-constrained\">\n<div class=\"wp-block-group\"><div class=\"wp-block-group__inner-container is-layout-constrained wp-block-group-is-layout-constrained\"><div class=\"wp-block-image is-style-default\">\n<figure class=\"aligncenter size-full\"><img loading=\"lazy\" decoding=\"async\" width=\"2560\" height=\"1871\" src=\"https:\/\/casavi.com\/de\/wp-content\/uploads\/sites\/2\/Wowi_hero_visual-2.png\" alt=\"\" class=\"wp-image-63510\" style=\"object-fit:cover\" srcset=\"https:\/\/casavi.com\/de\/wp-content\/uploads\/sites\/2\/\/Wowi_hero_visual-2.png 2560w, https:\/\/casavi.com\/de\/wp-content\/uploads\/sites\/2\/\/Wowi_hero_visual-2-300x219.png 300w, https:\/\/casavi.com\/de\/wp-content\/uploads\/sites\/2\/\/Wowi_hero_visual-2-1024x748.png 1024w, https:\/\/casavi.com\/de\/wp-content\/uploads\/sites\/2\/\/Wowi_hero_visual-2-768x561.png 768w, https:\/\/casavi.com\/de\/wp-content\/uploads\/sites\/2\/\/Wowi_hero_visual-2-1536x1123.png 1536w, https:\/\/casavi.com\/de\/wp-content\/uploads\/sites\/2\/\/Wowi_hero_visual-2-2048x1497.png 2048w, https:\/\/casavi.com\/de\/wp-content\/uploads\/sites\/2\/\/Wowi_hero_visual-2-369x270.png 369w, https:\/\/casavi.com\/de\/wp-content\/uploads\/sites\/2\/\/Wowi_hero_visual-2-722x528.png 722w\" sizes=\"(max-width: 2560px) 100vw, 2560px\" \/><\/figure>\n<\/div>\n\n\n<div class=\"acf-block-casavi-responsive-spacer clearfix has-space-xs-1 has-space-md-3\" id=\"block_ebf4f2787a07df613f962edb39791b6a\"><\/div>\n\n\n\n<h3 class=\"wp-block-heading\">Software f\u00fcr <mark style=\"background-color:rgba(0, 0, 0, 0)\" class=\"has-inline-color has-primary-300-color\">Wohnungsunternehmen<\/mark><\/h3>\n\n\n\n<p>casavi ist die zentrale Plattform f\u00fcr die Digitalisierung der Wohnungswirtschaft. Transparentes und automatisiertes Vorgangsmanagement, ein moderner Markenauftritt, elektronischer Briefversand und die Zentralisierung der Kommunikation innerhalb Ihrer Liegenschaften, sind die Grundlage unserer effizienten Software-L\u00f6sung.<\/p>\n\n\n\n<div class=\"wp-block-buttons is-content-justification-center is-layout-flex wp-container-core-buttons-is-layout-16018d1d wp-block-buttons-is-layout-flex\">\n<div class=\"wp-block-button is-style-arrow--right--no-background\"><a class=\"wp-block-button__link has-primary-700-color has-text-color has-link-color wp-element-button\" href=\"https:\/\/casavi.com\/de\/wohnungsunternehmen\/\">Mehr Informationen<\/a><\/div>\n<\/div>\n\n\n\n<div class=\"acf-block-casavi-responsive-spacer clearfix has-space-xs-1\" id=\"block_8c546c80c1d1454ba9ec5cb24aa806d6\"><\/div>\n<\/div><\/div>\n<\/div><\/div>\n<\/div><\/div>\n<\/div>\n<\/div>\n\n\n\n<div class=\"acf-block-casavi-responsive-spacer clearfix has-space-xs-2 has-space-md-4\" id=\"block_aa2e722540892c559adfcc0453b2e55d\"><\/div>\n<\/div><\/div>\n\n\n\n<div class=\"wp-block-group alignfull has-gray-900-background-color has-background\"><div class=\"wp-block-group__inner-container is-layout-constrained wp-block-group-is-layout-constrained\">\n<div class=\"acf-block-casavi-responsive-spacer clearfix has-space-xs-2 has-space-md-4\" id=\"block_aa2e722540892c559adfcc0453b2e55d\"><\/div>\n\n\n\n<div class=\"wp-block-columns alignwide is-layout-flex wp-container-core-columns-is-layout-9d6595d7 wp-block-columns-is-layout-flex\">\n<div class=\"wp-block-column is-layout-flow wp-block-column-is-layout-flow\" style=\"flex-basis:60%\">\n<h2 class=\"wp-block-heading has-gray-0-color has-text-color has-link-color wp-elements-8f74ef99288387f8554e6325b0f06a8e\" id=\"newsletter\">Newsletter<\/h2>\n\n\n\n<p class=\"has-gray-0-color has-text-color has-link-color wp-elements-fd963ecf6111247f12d0b024e3b30236\">Jetzt zu unserem Newsletter anmelden! Wir halten Sie zu allen Themen rund um casavi sowie aktuellen Trends und Themen der Immobilienwirtschaft auf dem Laufenden.<\/p>\n<\/div>\n\n\n\n<div class=\"wp-block-column is-vertically-aligned-center is-layout-flow wp-block-column-is-layout-flow\" style=\"flex-basis:80%\">\n<div class=\"wp-block-group is-style-border-radius\"><div class=\"wp-block-group__inner-container is-layout-constrained wp-block-group-is-layout-constrained\">\n<div class=\"acf-block-casavi-iframe\" id=\"block_d4f13cd0ffc65420c41cc18a54d1d802\">\n\t\t<iframe\n\t\tclass=\"casavi-iframe js--casavi-iframe\"\n\t\tsrc=\"https:\/\/info.casavi.com\/l\/1001551\/2022-10-19\/kwf\"\n\t\theight=\"170\"\n\t\twidth=\"100%\"\n\t\ttype=\"text\/html\"\n\t\tframeborder=\"0\"\n\t\tallowtransparency=\"true\"\n\t><\/iframe>\n\t<\/div>\n\n\n\n<div class=\"acf-block-casavi-responsive-spacer clearfix has-space-xs-2 has-space-md-2\" id=\"block_442c870d237a3043c0a1492abf08a109\"><\/div>\n<\/div><\/div>\n<\/div>\n<\/div>\n<\/div><\/div>\n","protected":false},"excerpt":{"rendered":"<p>BTS Software GmbH &amp; Co. KG Dank&nbsp;gemeinsamer Schnittstelle&nbsp;dockt casavi direkt an die Gesch\u00e4ftsprozesse von BTS an und erweitert es um [&hellip;]<\/p>\n","protected":false},"author":5,"featured_media":0,"parent":0,"menu_order":0,"comment_status":"closed","ping_status":"closed","template":"","meta":{"_acf_changed":false,"_trash_the_other_posts":false,"editor_notices":[],"footnotes":""},"class_list":["post-44515","page","type-page","status-publish","hentry"],"acf":[],"yoast_head":"<!-- This site is optimized with the Yoast SEO plugin v27.4 - https:\/\/yoast.com\/product\/yoast-seo-wordpress\/ -->\n<title>casavi und BTS Software GmbH &amp; Co. KG - DE - casavi.com\/de<\/title>\n<meta name=\"description\" content=\"Die casavi Plattform vernetzt Eigent\u00fcmer, Mieter, Verwalter, Facility Manager und weitere Dienstleister auf intelligente Art und Weise.\" \/>\n<meta name=\"robots\" content=\"index, follow, max-snippet:-1, max-image-preview:large, max-video-preview:-1\" \/>\n<link rel=\"canonical\" href=\"https:\/\/casavi.com\/de\/bts\/\" \/>\n<meta property=\"og:locale\" content=\"de_DE\" \/>\n<meta property=\"og:type\" content=\"article\" \/>\n<meta property=\"og:title\" content=\"casavi und BTS Software GmbH &amp; Co. KG - DE - casavi.com\/de\" \/>\n<meta property=\"og:description\" content=\"Die casavi Plattform vernetzt Eigent\u00fcmer, Mieter, Verwalter, Facility Manager und weitere Dienstleister auf intelligente Art und Weise.\" \/>\n<meta property=\"og:url\" content=\"https:\/\/casavi.com\/de\/bts\/\" \/>\n<meta property=\"og:site_name\" content=\"DE - casavi.com\/de\" \/>\n<meta property=\"article:publisher\" content=\"https:\/\/www.facebook.com\/mycasavi\/\" \/>\n<meta property=\"article:modified_time\" content=\"2024-02-12T14:30:15+00:00\" \/>\n<meta property=\"og:image\" content=\"https:\/\/casavi.com\/de\/wp-content\/uploads\/sites\/2\/2021\/10\/bts-logo-2.jpg\" \/>\n<meta name=\"twitter:card\" content=\"summary_large_image\" \/>\n<meta name=\"twitter:label1\" content=\"Gesch\u00e4tzte Lesezeit\" \/>\n\t<meta name=\"twitter:data1\" content=\"3\u00a0Minuten\" \/>\n<script type=\"application\/ld+json\" class=\"yoast-schema-graph\">{\"@context\":\"https:\\\/\\\/schema.org\",\"@graph\":[{\"@type\":\"WebPage\",\"@id\":\"https:\\\/\\\/casavi.com\\\/de\\\/bts\\\/\",\"url\":\"https:\\\/\\\/casavi.com\\\/de\\\/bts\\\/\",\"name\":\"casavi und BTS Software GmbH & Co. KG - DE - casavi.com\\\/de\",\"isPartOf\":{\"@id\":\"https:\\\/\\\/casavi.com\\\/de\\\/#website\"},\"primaryImageOfPage\":{\"@id\":\"https:\\\/\\\/casavi.com\\\/de\\\/bts\\\/#primaryimage\"},\"image\":{\"@id\":\"https:\\\/\\\/casavi.com\\\/de\\\/bts\\\/#primaryimage\"},\"thumbnailUrl\":\"https:\\\/\\\/casavi.com\\\/de\\\/wp-content\\\/uploads\\\/sites\\\/2\\\/2021\\\/10\\\/bts-logo-2.jpg\",\"datePublished\":\"2021-10-21T12:31:01+00:00\",\"dateModified\":\"2024-02-12T14:30:15+00:00\",\"description\":\"Die casavi Plattform vernetzt Eigent\u00fcmer, Mieter, Verwalter, Facility Manager und weitere Dienstleister auf intelligente Art und Weise.\",\"breadcrumb\":{\"@id\":\"https:\\\/\\\/casavi.com\\\/de\\\/bts\\\/#breadcrumb\"},\"inLanguage\":\"de\",\"potentialAction\":[{\"@type\":\"ReadAction\",\"target\":[\"https:\\\/\\\/casavi.com\\\/de\\\/bts\\\/\"]}]},{\"@type\":\"ImageObject\",\"inLanguage\":\"de\",\"@id\":\"https:\\\/\\\/casavi.com\\\/de\\\/bts\\\/#primaryimage\",\"url\":\"https:\\\/\\\/casavi.com\\\/de\\\/wp-content\\\/uploads\\\/sites\\\/2\\\/2021\\\/10\\\/bts-logo-2.jpg\",\"contentUrl\":\"https:\\\/\\\/casavi.com\\\/de\\\/wp-content\\\/uploads\\\/sites\\\/2\\\/2021\\\/10\\\/bts-logo-2.jpg\",\"width\":833,\"height\":587},{\"@type\":\"BreadcrumbList\",\"@id\":\"https:\\\/\\\/casavi.com\\\/de\\\/bts\\\/#breadcrumb\",\"itemListElement\":[{\"@type\":\"ListItem\",\"position\":1,\"name\":\"Startseite\",\"item\":\"https:\\\/\\\/casavi.com\\\/de\\\/\"},{\"@type\":\"ListItem\",\"position\":2,\"name\":\"casavi und BTS Software GmbH &#038; Co. KG\"}]},{\"@type\":\"WebSite\",\"@id\":\"https:\\\/\\\/casavi.com\\\/de\\\/#website\",\"url\":\"https:\\\/\\\/casavi.com\\\/de\\\/\",\"name\":\"DE - casavi.com\\\/de\",\"description\":\"Vernetzt arbeiten | Einfach verwalten\",\"potentialAction\":[{\"@type\":\"SearchAction\",\"target\":{\"@type\":\"EntryPoint\",\"urlTemplate\":\"https:\\\/\\\/casavi.com\\\/de\\\/?s={search_term_string}\"},\"query-input\":{\"@type\":\"PropertyValueSpecification\",\"valueRequired\":true,\"valueName\":\"search_term_string\"}}],\"inLanguage\":\"de\"}]}<\/script>\n<!-- \/ Yoast SEO plugin. -->","yoast_head_json":{"title":"casavi und BTS Software GmbH & Co. KG - DE - casavi.com\/de","description":"Die casavi Plattform vernetzt Eigent\u00fcmer, Mieter, Verwalter, Facility Manager und weitere Dienstleister auf intelligente Art und Weise.","robots":{"index":"index","follow":"follow","max-snippet":"max-snippet:-1","max-image-preview":"max-image-preview:large","max-video-preview":"max-video-preview:-1"},"canonical":"https:\/\/casavi.com\/de\/bts\/","og_locale":"de_DE","og_type":"article","og_title":"casavi und BTS Software GmbH & Co. KG - DE - casavi.com\/de","og_description":"Die casavi Plattform vernetzt Eigent\u00fcmer, Mieter, Verwalter, Facility Manager und weitere Dienstleister auf intelligente Art und Weise.","og_url":"https:\/\/casavi.com\/de\/bts\/","og_site_name":"DE - casavi.com\/de","article_publisher":"https:\/\/www.facebook.com\/mycasavi\/","article_modified_time":"2024-02-12T14:30:15+00:00","og_image":[{"url":"https:\/\/casavi.com\/de\/wp-content\/uploads\/sites\/2\/2021\/10\/bts-logo-2.jpg","type":"","width":"","height":""}],"twitter_card":"summary_large_image","twitter_misc":{"Gesch\u00e4tzte Lesezeit":"3\u00a0Minuten"},"schema":{"@context":"https:\/\/schema.org","@graph":[{"@type":"WebPage","@id":"https:\/\/casavi.com\/de\/bts\/","url":"https:\/\/casavi.com\/de\/bts\/","name":"casavi und BTS Software GmbH & Co. KG - DE - casavi.com\/de","isPartOf":{"@id":"https:\/\/casavi.com\/de\/#website"},"primaryImageOfPage":{"@id":"https:\/\/casavi.com\/de\/bts\/#primaryimage"},"image":{"@id":"https:\/\/casavi.com\/de\/bts\/#primaryimage"},"thumbnailUrl":"https:\/\/casavi.com\/de\/wp-content\/uploads\/sites\/2\/2021\/10\/bts-logo-2.jpg","datePublished":"2021-10-21T12:31:01+00:00","dateModified":"2024-02-12T14:30:15+00:00","description":"Die casavi Plattform vernetzt Eigent\u00fcmer, Mieter, Verwalter, Facility Manager und weitere Dienstleister auf intelligente Art und Weise.","breadcrumb":{"@id":"https:\/\/casavi.com\/de\/bts\/#breadcrumb"},"inLanguage":"de","potentialAction":[{"@type":"ReadAction","target":["https:\/\/casavi.com\/de\/bts\/"]}]},{"@type":"ImageObject","inLanguage":"de","@id":"https:\/\/casavi.com\/de\/bts\/#primaryimage","url":"https:\/\/casavi.com\/de\/wp-content\/uploads\/sites\/2\/2021\/10\/bts-logo-2.jpg","contentUrl":"https:\/\/casavi.com\/de\/wp-content\/uploads\/sites\/2\/2021\/10\/bts-logo-2.jpg","width":833,"height":587},{"@type":"BreadcrumbList","@id":"https:\/\/casavi.com\/de\/bts\/#breadcrumb","itemListElement":[{"@type":"ListItem","position":1,"name":"Startseite","item":"https:\/\/casavi.com\/de\/"},{"@type":"ListItem","position":2,"name":"casavi und BTS Software GmbH &#038; Co. KG"}]},{"@type":"WebSite","@id":"https:\/\/casavi.com\/de\/#website","url":"https:\/\/casavi.com\/de\/","name":"DE - casavi.com\/de","description":"Vernetzt arbeiten | Einfach verwalten","potentialAction":[{"@type":"SearchAction","target":{"@type":"EntryPoint","urlTemplate":"https:\/\/casavi.com\/de\/?s={search_term_string}"},"query-input":{"@type":"PropertyValueSpecification","valueRequired":true,"valueName":"search_term_string"}}],"inLanguage":"de"}]}},"_links":{"self":[{"href":"https:\/\/casavi.com\/de\/wp-json\/wp\/v2\/pages\/44515","targetHints":{"allow":["GET"]}}],"collection":[{"href":"https:\/\/casavi.com\/de\/wp-json\/wp\/v2\/pages"}],"about":[{"href":"https:\/\/casavi.com\/de\/wp-json\/wp\/v2\/types\/page"}],"author":[{"embeddable":true,"href":"https:\/\/casavi.com\/de\/wp-json\/wp\/v2\/users\/5"}],"replies":[{"embeddable":true,"href":"https:\/\/casavi.com\/de\/wp-json\/wp\/v2\/comments?post=44515"}],"version-history":[{"count":0,"href":"https:\/\/casavi.com\/de\/wp-json\/wp\/v2\/pages\/44515\/revisions"}],"wp:attachment":[{"href":"https:\/\/casavi.com\/de\/wp-json\/wp\/v2\/media?parent=44515"}],"curies":[{"name":"wp","href":"https:\/\/api.w.org\/{rel}","templated":true}]}}