{"id":50691,"date":"2022-07-27T14:59:06","date_gmt":"2022-07-27T12:59:06","guid":{"rendered":"https:\/\/casavi.com\/de\/?page_id=50691"},"modified":"2026-02-04T22:27:51","modified_gmt":"2026-02-04T21:27:51","slug":"hundtconsult","status":"publish","type":"page","link":"https:\/\/casavi.com\/de\/hundtconsult\/","title":{"rendered":"casavi und HUNDT CONSULT"},"content":{"rendered":"\n<div class=\"wp-block-group alignfull is-style-default\"><div class=\"wp-block-group__inner-container is-layout-flow wp-block-group-is-layout-flow\">\n<div class=\"acf-block-casavi-responsive-spacer clearfix has-space-xs-2 has-space-md-4\" id=\"block_74cca2206e26b6b308146b3a116f0e44\"><\/div>\n\n\n\n<div class=\"wp-block-media-text alignwide has-media-on-the-right is-stacked-on-mobile casavi-grid-35-65\" style=\"grid-template-columns:auto 45%\"><div class=\"wp-block-media-text__content\">\n<h1 class=\"wp-block-heading\" id=\"casavi-fur-everreal\">casavi und HUNDT CONSULT\u2013 gemeinsam f\u00fcr Ihr Unternehmen<\/h1>\n\n\n\n<p>HUNDT CONSULT ist ein herstellerneutraler Full-Service-Dienstleister rund um die Geb\u00e4udef\u00f6rdertechnik (= Aufzug und Fahrtreppen), der u.a. IIOT-gest\u00fctzt die vertikale Mobilit\u00e4t optimal sicherstellt. In dieser Nische ist HUNDT CONSULT Markt- und Innovationsf\u00fchrer in Deutschland und Europa.<\/p>\n<\/div><figure class=\"wp-block-media-text__media\"><img decoding=\"async\" width=\"341\" height=\"78\" src=\"https:\/\/casavi.com\/de\/wp-content\/uploads\/sites\/2\/logo_HUNDT-CONSULT.png\" alt=\"\" class=\"wp-image-50703 size-full\" srcset=\"https:\/\/casavi.com\/de\/wp-content\/uploads\/sites\/2\/logo_HUNDT-CONSULT.png 341w, https:\/\/casavi.com\/de\/wp-content\/uploads\/sites\/2\/logo_HUNDT-CONSULT-300x69.png 300w\" sizes=\"(max-width: 341px) 100vw, 341px\" \/><\/figure><\/div>\n\n\n\n<div class=\"acf-block-casavi-responsive-spacer clearfix has-space-xs-2 has-space-md-4\" id=\"block_74cca2206e26b6b308146b3a116f0e44\"><\/div>\n<\/div><\/div>\n\n\n\n<div class=\"wp-block-group alignwide has-horizontal-padding has-casavi-box-shadow is-style-border-radius has-gray-0-color has-primary-2-gradient-background has-text-color has-background has-link-color wp-elements-ebc70d418502632bfbaa906bc617ca58\"><div class=\"wp-block-group__inner-container is-layout-flow wp-block-group-is-layout-flow\">\n<div class=\"acf-block-casavi-responsive-spacer clearfix has-space-xs-1 has-space-md-2\" id=\"block_70086c8504f93e83b68592a94ebef91a\"><\/div>\n\n\n\n<div class=\"wp-block-media-text alignwide is-stacked-on-mobile has-casavi-box-shadow is-style-casavi-default is-style-border-radius\" style=\"grid-template-columns:40% auto\"><figure class=\"wp-block-media-text__media\"><img fetchpriority=\"high\" decoding=\"async\" width=\"1024\" height=\"683\" src=\"https:\/\/casavi.com\/de\/wp-content\/uploads\/sites\/2\/HC-MainImage2-2019-1-1024x683.jpg\" alt=\"\" class=\"wp-image-50700 size-full\" srcset=\"https:\/\/casavi.com\/de\/wp-content\/uploads\/sites\/2\/HC-MainImage2-2019-1-1024x683.jpg 1024w, https:\/\/casavi.com\/de\/wp-content\/uploads\/sites\/2\/HC-MainImage2-2019-1-405x270.jpg 405w, https:\/\/casavi.com\/de\/wp-content\/uploads\/sites\/2\/HC-MainImage2-2019-1-300x200.jpg 300w, https:\/\/casavi.com\/de\/wp-content\/uploads\/sites\/2\/HC-MainImage2-2019-1-768x512.jpg 768w, https:\/\/casavi.com\/de\/wp-content\/uploads\/sites\/2\/HC-MainImage2-2019-1-1536x1024.jpg 1536w, https:\/\/casavi.com\/de\/wp-content\/uploads\/sites\/2\/HC-MainImage2-2019-1-2048x1365.jpg 2048w, https:\/\/casavi.com\/de\/wp-content\/uploads\/sites\/2\/HC-MainImage2-2019-1-792x528.jpg 792w\" sizes=\"(max-width: 1024px) 100vw, 1024px\" \/><\/figure><div class=\"wp-block-media-text__content\">\n<h2 class=\"wp-block-heading has-gray-0-color has-text-color has-link-color wp-elements-7c24052b2d2a4424325f94f592f91fa0\">\u00dcber <mark style=\"background-color:rgba(0, 0, 0, 0)\" class=\"has-inline-color has-secondary-700-color\">HUNDT CONSULT<\/mark><\/h2>\n\n\n\n<p>HUNDT CONSULT versteht sich mit \u00fcber 100 Mitarbeitern und rund 50.000 betreuten Anlagen als europ\u00e4ischer Marktf\u00fchrer f\u00fcr den wirtschaftlich und technisch optimalen Betrieb von Aufzugsanlagen und Fahrtreppen f\u00fcr Eigent\u00fcmer und \/ oder Eigent\u00fcmervertreter \u00fcber alle Lebenszyklusphasen. Hierzu nutzt HUNDT CONSULT u.a. den LIFT GUARDIAN, eine IOT Eigenentwicklung zur Fern\u00fcberwachung von Aufzugsanlagen.<\/p>\n<\/div><\/div>\n\n\n\n<div class=\"acf-block-casavi-responsive-spacer clearfix has-space-xs-1 has-space-md-2\" id=\"block_70086c8504f93e83b68592a94ebef91a\"><\/div>\n<\/div><\/div>\n\n\n\n<div class=\"wp-block-group alignfull\"><div class=\"wp-block-group__inner-container is-layout-flow wp-block-group-is-layout-flow\">\n<div class=\"acf-block-casavi-responsive-spacer clearfix has-space-xs-2 has-space-md-4\" id=\"block_74cca2206e26b6b308146b3a116f0e44\"><\/div>\n\n\n\n<h2 class=\"wp-block-heading has-text-align-center\">Zahlen, Daten &amp; Fakten \u00fcber HUNDT CONSULT<\/h2>\n\n\n\n<figure class=\"wp-block-image size-large\"><img decoding=\"async\" width=\"1024\" height=\"731\" src=\"https:\/\/casavi.com\/de\/wp-content\/uploads\/sites\/2\/HC-Keyfact-Grafik-2022-A-1024x731.png\" alt=\"\" class=\"wp-image-50706\" srcset=\"https:\/\/casavi.com\/de\/wp-content\/uploads\/sites\/2\/HC-Keyfact-Grafik-2022-A-1024x731.png 1024w, https:\/\/casavi.com\/de\/wp-content\/uploads\/sites\/2\/HC-Keyfact-Grafik-2022-A-378x270.png 378w, https:\/\/casavi.com\/de\/wp-content\/uploads\/sites\/2\/HC-Keyfact-Grafik-2022-A-300x214.png 300w, https:\/\/casavi.com\/de\/wp-content\/uploads\/sites\/2\/HC-Keyfact-Grafik-2022-A-768x549.png 768w, https:\/\/casavi.com\/de\/wp-content\/uploads\/sites\/2\/HC-Keyfact-Grafik-2022-A-1536x1097.png 1536w, https:\/\/casavi.com\/de\/wp-content\/uploads\/sites\/2\/HC-Keyfact-Grafik-2022-A-2048x1463.png 2048w, https:\/\/casavi.com\/de\/wp-content\/uploads\/sites\/2\/HC-Keyfact-Grafik-2022-A-739x528.png 739w\" sizes=\"(max-width: 1024px) 100vw, 1024px\" \/><\/figure>\n\n\n\n<div class=\"acf-block-casavi-responsive-spacer clearfix has-space-xs-2 has-space-md-4\" id=\"block_74cca2206e26b6b308146b3a116f0e44\"><\/div>\n<\/div><\/div>\n\n\n\n<div class=\"wp-block-group\"><div class=\"wp-block-group__inner-container is-layout-constrained wp-block-group-is-layout-constrained\">\n<h2 class=\"wp-block-heading\">Informationen anfordern<\/h2>\n\n\n\n<div class=\"acf-block-casavi-iframe\" id=\"block_59f149e6dcb62c630d9cf53c06e419a9\">\n\t\t<iframe\n\t\tclass=\"casavi-iframe js--casavi-iframe\"\n\t\tsrc=\"https:\/\/info.casavi.com\/l\/1001551\/2023-03-21\/b7md?Conversion_Page=hundt\"\n\t\theight=\"500\"\n\t\twidth=\"100%\"\n\t\ttype=\"text\/html\"\n\t\tframeborder=\"0\"\n\t\tallowtransparency=\"true\"\n\t><\/iframe>\n\t<\/div>\n<\/div><\/div>\n\n\n\n<div class=\"wp-block-group alignfull\"><div class=\"wp-block-group__inner-container is-layout-constrained wp-block-group-is-layout-constrained\">\n<div class=\"acf-block-casavi-responsive-spacer clearfix has-space-xs-2 has-space-md-4\" id=\"block_74cca2206e26b6b308146b3a116f0e44\"><\/div>\n\n\n\n<p class=\"has-text-align-center has-primary-700-color has-text-color has-link-color wp-elements-86addffbb30249235587fe94a8edfbf2\" style=\"text-transform:uppercase\">IMMOBILIENMANAGEMENT mit casavi<\/p>\n\n\n\n<h2 class=\"wp-block-heading alignwide has-text-align-center\"><mark style=\"background-color:rgba(0, 0, 0, 0)\" class=\"has-inline-color has-primary-300-color\">Passende L\u00f6sungen<\/mark> f\u00fcr die Immobilienwirtschaft<\/h2>\n\n\n\n<div class=\"acf-block-casavi-responsive-spacer clearfix has-space-xs-2 has-space-md-4\" id=\"block_74cca2206e26b6b308146b3a116f0e44\"><\/div>\n\n\n\n<div class=\"wp-block-columns alignwide has-force-unified-height is-layout-flex wp-container-core-columns-is-layout-9d6595d7 wp-block-columns-is-layout-flex\">\n<div class=\"wp-block-column is-vertically-aligned-stretch is-layout-flow wp-block-column-is-layout-flow\">\n<div class=\"wp-block-group has-casavi-box-shadow is-style-border-radius has-gray-0-background-color has-background\"><div class=\"wp-block-group__inner-container is-layout-constrained wp-block-group-is-layout-constrained\">\n<div class=\"wp-block-group\"><div class=\"wp-block-group__inner-container is-layout-constrained wp-block-group-is-layout-constrained\"><div class=\"wp-block-image is-style-default\">\n<figure class=\"aligncenter size-full is-resized\"><img loading=\"lazy\" decoding=\"async\" width=\"2560\" height=\"1871\" src=\"https:\/\/casavi.com\/de\/wp-content\/uploads\/sites\/2\/WEG_hero_visual-3.png\" alt=\"\" class=\"wp-image-63509\" style=\"object-fit:cover;width:592px;height:auto\" srcset=\"https:\/\/casavi.com\/de\/wp-content\/uploads\/sites\/2\/WEG_hero_visual-3.png 2560w, https:\/\/casavi.com\/de\/wp-content\/uploads\/sites\/2\/WEG_hero_visual-3-300x219.png 300w, https:\/\/casavi.com\/de\/wp-content\/uploads\/sites\/2\/WEG_hero_visual-3-1024x748.png 1024w, https:\/\/casavi.com\/de\/wp-content\/uploads\/sites\/2\/WEG_hero_visual-3-768x561.png 768w, https:\/\/casavi.com\/de\/wp-content\/uploads\/sites\/2\/WEG_hero_visual-3-1536x1123.png 1536w, https:\/\/casavi.com\/de\/wp-content\/uploads\/sites\/2\/WEG_hero_visual-3-2048x1497.png 2048w, https:\/\/casavi.com\/de\/wp-content\/uploads\/sites\/2\/WEG_hero_visual-3-369x270.png 369w, https:\/\/casavi.com\/de\/wp-content\/uploads\/sites\/2\/WEG_hero_visual-3-722x528.png 722w\" sizes=\"(max-width: 2560px) 100vw, 2560px\" \/><\/figure>\n<\/div>\n\n\n<div class=\"acf-block-casavi-responsive-spacer clearfix has-space-xs-1 has-space-md-2\" id=\"block_70086c8504f93e83b68592a94ebef91a\"><\/div>\n\n\n\n<h3 class=\"wp-block-heading\">Software f\u00fcr <br><mark style=\"background-color:rgba(0, 0, 0, 0)\" class=\"has-inline-color has-primary-300-color\">Hausverwalter<\/mark><\/h3>\n\n\n\n<p>Mit unserer Software gehen Sie mit Ihrer Hausverwaltung den n\u00e4chsten Schritt in der&nbsp;Digitalisierung&nbsp;Ihrer Gesch\u00e4ftsprozesse. Vereinfachen Sie interne Prozesse, nutzen Sie Synergien mit&nbsp;anderen Anwendungen&nbsp;und kommunizieren Sie&nbsp;transparent&nbsp;mit Kunden und&nbsp;Dienstleistern. Profitieren Sie von einer verbesserten Effizienz sowie Zeit- und Kostenersparnis.<\/p>\n\n\n\n<div class=\"wp-block-buttons is-content-justification-center is-layout-flex wp-container-core-buttons-is-layout-16018d1d wp-block-buttons-is-layout-flex\">\n<div class=\"wp-block-button is-style-arrow--right--no-background\"><a class=\"wp-block-button__link has-primary-700-color has-text-color has-link-color wp-element-button\" href=\"https:\/\/casavi.com\/de\/hausverwalter\/\">Mehr Informationen<\/a><\/div>\n<\/div>\n\n\n\n<div class=\"acf-block-casavi-responsive-spacer clearfix has-space-xs-1\" id=\"block_78eb1e60176a4d8c43e2c2a41b607b97\"><\/div>\n<\/div><\/div>\n<\/div><\/div>\n<\/div>\n\n\n\n<div class=\"wp-block-column is-vertically-aligned-stretch is-layout-flow wp-block-column-is-layout-flow\">\n<div class=\"wp-block-group\"><div class=\"wp-block-group__inner-container is-layout-constrained wp-block-group-is-layout-constrained\">\n<div class=\"wp-block-group has-casavi-box-shadow is-style-border-radius has-gray-0-background-color has-background\"><div class=\"wp-block-group__inner-container is-layout-constrained wp-block-group-is-layout-constrained\">\n<div class=\"wp-block-group\"><div class=\"wp-block-group__inner-container is-layout-constrained wp-block-group-is-layout-constrained\"><div class=\"wp-block-image is-style-default\">\n<figure class=\"aligncenter size-full\"><img loading=\"lazy\" decoding=\"async\" width=\"2560\" height=\"1871\" src=\"https:\/\/casavi.com\/de\/wp-content\/uploads\/sites\/2\/Wowi_hero_visual-2.png\" alt=\"\" class=\"wp-image-63510\" style=\"object-fit:cover\" srcset=\"https:\/\/casavi.com\/de\/wp-content\/uploads\/sites\/2\/\/Wowi_hero_visual-2.png 2560w, https:\/\/casavi.com\/de\/wp-content\/uploads\/sites\/2\/\/Wowi_hero_visual-2-300x219.png 300w, https:\/\/casavi.com\/de\/wp-content\/uploads\/sites\/2\/\/Wowi_hero_visual-2-1024x748.png 1024w, https:\/\/casavi.com\/de\/wp-content\/uploads\/sites\/2\/\/Wowi_hero_visual-2-768x561.png 768w, https:\/\/casavi.com\/de\/wp-content\/uploads\/sites\/2\/\/Wowi_hero_visual-2-1536x1123.png 1536w, https:\/\/casavi.com\/de\/wp-content\/uploads\/sites\/2\/\/Wowi_hero_visual-2-2048x1497.png 2048w, https:\/\/casavi.com\/de\/wp-content\/uploads\/sites\/2\/\/Wowi_hero_visual-2-369x270.png 369w, https:\/\/casavi.com\/de\/wp-content\/uploads\/sites\/2\/\/Wowi_hero_visual-2-722x528.png 722w\" sizes=\"(max-width: 2560px) 100vw, 2560px\" \/><\/figure>\n<\/div>\n\n\n<div class=\"acf-block-casavi-responsive-spacer clearfix has-space-xs-1 has-space-md-3\" id=\"block_abd4b7dadde040598c34681b0cc546c4\"><\/div>\n\n\n\n<h3 class=\"wp-block-heading\">Software f\u00fcr <mark style=\"background-color:rgba(0, 0, 0, 0)\" class=\"has-inline-color has-primary-300-color\">Wohnungsunternehmen<\/mark><\/h3>\n\n\n\n<p>casavi ist die zentrale Plattform f\u00fcr die Digitalisierung der Wohnungswirtschaft. Transparentes und automatisiertes Vorgangsmanagement, ein moderner Markenauftritt, elektronischer Briefversand und die Zentralisierung der Kommunikation innerhalb Ihrer Liegenschaften, sind die Grundlage unserer effizienten Software-L\u00f6sung.<\/p>\n\n\n\n<div class=\"wp-block-buttons is-content-justification-center is-layout-flex wp-container-core-buttons-is-layout-16018d1d wp-block-buttons-is-layout-flex\">\n<div class=\"wp-block-button is-style-arrow--right--no-background\"><a class=\"wp-block-button__link has-primary-700-color has-text-color has-link-color wp-element-button\" href=\"https:\/\/casavi.com\/de\/wohnungsunternehmen\/\">Mehr Informationen<\/a><\/div>\n<\/div>\n\n\n\n<div class=\"acf-block-casavi-responsive-spacer clearfix has-space-xs-1\" id=\"block_78eb1e60176a4d8c43e2c2a41b607b97\"><\/div>\n<\/div><\/div>\n<\/div><\/div>\n<\/div><\/div>\n<\/div>\n<\/div>\n\n\n\n<div class=\"acf-block-casavi-responsive-spacer clearfix has-space-xs-2 has-space-md-4\" id=\"block_74cca2206e26b6b308146b3a116f0e44\"><\/div>\n<\/div><\/div>\n\n\n\n<div class=\"wp-block-group alignfull has-gray-900-background-color has-background\"><div class=\"wp-block-group__inner-container is-layout-constrained wp-block-group-is-layout-constrained\">\n<div class=\"acf-block-casavi-responsive-spacer clearfix has-space-xs-2 has-space-md-4\" id=\"block_74cca2206e26b6b308146b3a116f0e44\"><\/div>\n\n\n\n<div class=\"wp-block-columns alignwide is-layout-flex wp-container-core-columns-is-layout-9d6595d7 wp-block-columns-is-layout-flex\">\n<div class=\"wp-block-column is-layout-flow wp-block-column-is-layout-flow\" style=\"flex-basis:60%\">\n<h2 class=\"wp-block-heading has-gray-0-color has-text-color has-link-color wp-elements-8f74ef99288387f8554e6325b0f06a8e\" id=\"newsletter\">Newsletter<\/h2>\n\n\n\n<p class=\"has-gray-0-color has-text-color has-link-color wp-elements-fd963ecf6111247f12d0b024e3b30236\">Jetzt zu unserem Newsletter anmelden! Wir halten Sie zu allen Themen rund um casavi sowie aktuellen Trends und Themen der Immobilienwirtschaft auf dem Laufenden.<\/p>\n<\/div>\n\n\n\n<div class=\"wp-block-column is-vertically-aligned-center is-layout-flow wp-block-column-is-layout-flow\" style=\"flex-basis:80%\">\n<div class=\"wp-block-group is-style-border-radius\"><div class=\"wp-block-group__inner-container is-layout-constrained wp-block-group-is-layout-constrained\">\n<div class=\"acf-block-casavi-iframe\" id=\"block_a83de191614ea3366e3f54ec92e20aea\">\n\t\t<iframe\n\t\tclass=\"casavi-iframe js--casavi-iframe\"\n\t\tsrc=\"https:\/\/info.casavi.com\/l\/1001551\/2022-10-19\/kwf\"\n\t\theight=\"170\"\n\t\twidth=\"100%\"\n\t\ttype=\"text\/html\"\n\t\tframeborder=\"0\"\n\t\tallowtransparency=\"true\"\n\t><\/iframe>\n\t<\/div>\n\n\n\n<div class=\"acf-block-casavi-responsive-spacer clearfix has-space-xs-2 has-space-md-2\" id=\"block_69b955fff72d349883f691353c58f8ae\"><\/div>\n<\/div><\/div>\n<\/div>\n<\/div>\n<\/div><\/div>\n\n\n\n<p><\/p>\n","protected":false},"excerpt":{"rendered":"<p>casavi und HUNDT CONSULT\u2013 gemeinsam f\u00fcr Ihr Unternehmen HUNDT CONSULT ist ein herstellerneutraler Full-Service-Dienstleister rund um die Geb\u00e4udef\u00f6rdertechnik (= Aufzug [&hellip;]<\/p>\n","protected":false},"author":15,"featured_media":0,"parent":0,"menu_order":0,"comment_status":"closed","ping_status":"closed","template":"","meta":{"_acf_changed":false,"_trash_the_other_posts":false,"editor_notices":[],"footnotes":""},"class_list":["post-50691","page","type-page","status-publish","hentry"],"acf":[],"yoast_head":"<!-- This site is optimized with the Yoast SEO plugin v27.4 - https:\/\/yoast.com\/product\/yoast-seo-wordpress\/ -->\n<title>casavi und HUNDT CONSULT -<\/title>\n<meta name=\"description\" content=\"HUNDT CONSULT ist ein herstellerneutraler Full-Service-Dienstleister rund um die Geb\u00e4udef\u00f6rdertechnik, wie Aufzug und Fahrtreppen.\" \/>\n<meta name=\"robots\" content=\"index, follow, max-snippet:-1, max-image-preview:large, max-video-preview:-1\" \/>\n<link rel=\"canonical\" href=\"https:\/\/casavi.com\/de\/hundtconsult\/\" \/>\n<meta property=\"og:locale\" content=\"de_DE\" \/>\n<meta property=\"og:type\" content=\"article\" \/>\n<meta property=\"og:title\" content=\"casavi und HUNDT CONSULT -\" \/>\n<meta property=\"og:description\" content=\"HUNDT CONSULT ist ein herstellerneutraler Full-Service-Dienstleister rund um die Geb\u00e4udef\u00f6rdertechnik, wie Aufzug und Fahrtreppen.\" \/>\n<meta property=\"og:url\" content=\"https:\/\/casavi.com\/de\/hundtconsult\/\" \/>\n<meta property=\"og:site_name\" content=\"DE - casavi.com\/de\" \/>\n<meta property=\"article:publisher\" content=\"https:\/\/www.facebook.com\/mycasavi\/\" \/>\n<meta property=\"article:modified_time\" content=\"2026-02-04T21:27:51+00:00\" \/>\n<meta property=\"og:image\" content=\"https:\/\/casavi.com\/de\/wp-content\/uploads\/sites\/2\/logo_HUNDT-CONSULT.png\" \/>\n\t<meta property=\"og:image:width\" content=\"341\" \/>\n\t<meta property=\"og:image:height\" content=\"78\" \/>\n\t<meta property=\"og:image:type\" content=\"image\/png\" \/>\n<meta name=\"twitter:card\" content=\"summary_large_image\" \/>\n<meta name=\"twitter:label1\" content=\"Gesch\u00e4tzte Lesezeit\" \/>\n\t<meta name=\"twitter:data1\" content=\"3\u00a0Minuten\" \/>\n<script type=\"application\/ld+json\" class=\"yoast-schema-graph\">{\"@context\":\"https:\\\/\\\/schema.org\",\"@graph\":[{\"@type\":\"WebPage\",\"@id\":\"https:\\\/\\\/casavi.com\\\/de\\\/hundtconsult\\\/\",\"url\":\"https:\\\/\\\/casavi.com\\\/de\\\/hundtconsult\\\/\",\"name\":\"casavi und HUNDT CONSULT -\",\"isPartOf\":{\"@id\":\"https:\\\/\\\/casavi.com\\\/de\\\/#website\"},\"primaryImageOfPage\":{\"@id\":\"https:\\\/\\\/casavi.com\\\/de\\\/hundtconsult\\\/#primaryimage\"},\"image\":{\"@id\":\"https:\\\/\\\/casavi.com\\\/de\\\/hundtconsult\\\/#primaryimage\"},\"thumbnailUrl\":\"https:\\\/\\\/casavi.com\\\/de\\\/wp-content\\\/uploads\\\/sites\\\/2\\\/logo_HUNDT-CONSULT.png\",\"datePublished\":\"2022-07-27T12:59:06+00:00\",\"dateModified\":\"2026-02-04T21:27:51+00:00\",\"description\":\"HUNDT CONSULT ist ein herstellerneutraler Full-Service-Dienstleister rund um die Geb\u00e4udef\u00f6rdertechnik, wie Aufzug und Fahrtreppen.\",\"breadcrumb\":{\"@id\":\"https:\\\/\\\/casavi.com\\\/de\\\/hundtconsult\\\/#breadcrumb\"},\"inLanguage\":\"de\",\"potentialAction\":[{\"@type\":\"ReadAction\",\"target\":[\"https:\\\/\\\/casavi.com\\\/de\\\/hundtconsult\\\/\"]}]},{\"@type\":\"ImageObject\",\"inLanguage\":\"de\",\"@id\":\"https:\\\/\\\/casavi.com\\\/de\\\/hundtconsult\\\/#primaryimage\",\"url\":\"https:\\\/\\\/casavi.com\\\/de\\\/wp-content\\\/uploads\\\/sites\\\/2\\\/logo_HUNDT-CONSULT.png\",\"contentUrl\":\"https:\\\/\\\/casavi.com\\\/de\\\/wp-content\\\/uploads\\\/sites\\\/2\\\/logo_HUNDT-CONSULT.png\",\"width\":341,\"height\":78},{\"@type\":\"BreadcrumbList\",\"@id\":\"https:\\\/\\\/casavi.com\\\/de\\\/hundtconsult\\\/#breadcrumb\",\"itemListElement\":[{\"@type\":\"ListItem\",\"position\":1,\"name\":\"Startseite\",\"item\":\"https:\\\/\\\/casavi.com\\\/de\\\/\"},{\"@type\":\"ListItem\",\"position\":2,\"name\":\"casavi und HUNDT CONSULT\"}]},{\"@type\":\"WebSite\",\"@id\":\"https:\\\/\\\/casavi.com\\\/de\\\/#website\",\"url\":\"https:\\\/\\\/casavi.com\\\/de\\\/\",\"name\":\"DE - casavi.com\\\/de\",\"description\":\"Vernetzt arbeiten | Einfach verwalten\",\"potentialAction\":[{\"@type\":\"SearchAction\",\"target\":{\"@type\":\"EntryPoint\",\"urlTemplate\":\"https:\\\/\\\/casavi.com\\\/de\\\/?s={search_term_string}\"},\"query-input\":{\"@type\":\"PropertyValueSpecification\",\"valueRequired\":true,\"valueName\":\"search_term_string\"}}],\"inLanguage\":\"de\"}]}<\/script>\n<!-- \/ Yoast SEO plugin. -->","yoast_head_json":{"title":"casavi und HUNDT CONSULT -","description":"HUNDT CONSULT ist ein herstellerneutraler Full-Service-Dienstleister rund um die Geb\u00e4udef\u00f6rdertechnik, wie Aufzug und Fahrtreppen.","robots":{"index":"index","follow":"follow","max-snippet":"max-snippet:-1","max-image-preview":"max-image-preview:large","max-video-preview":"max-video-preview:-1"},"canonical":"https:\/\/casavi.com\/de\/hundtconsult\/","og_locale":"de_DE","og_type":"article","og_title":"casavi und HUNDT CONSULT -","og_description":"HUNDT CONSULT ist ein herstellerneutraler Full-Service-Dienstleister rund um die Geb\u00e4udef\u00f6rdertechnik, wie Aufzug und Fahrtreppen.","og_url":"https:\/\/casavi.com\/de\/hundtconsult\/","og_site_name":"DE - casavi.com\/de","article_publisher":"https:\/\/www.facebook.com\/mycasavi\/","article_modified_time":"2026-02-04T21:27:51+00:00","og_image":[{"width":341,"height":78,"url":"https:\/\/casavi.com\/de\/wp-content\/uploads\/sites\/2\/logo_HUNDT-CONSULT.png","type":"image\/png"}],"twitter_card":"summary_large_image","twitter_misc":{"Gesch\u00e4tzte Lesezeit":"3\u00a0Minuten"},"schema":{"@context":"https:\/\/schema.org","@graph":[{"@type":"WebPage","@id":"https:\/\/casavi.com\/de\/hundtconsult\/","url":"https:\/\/casavi.com\/de\/hundtconsult\/","name":"casavi und HUNDT CONSULT -","isPartOf":{"@id":"https:\/\/casavi.com\/de\/#website"},"primaryImageOfPage":{"@id":"https:\/\/casavi.com\/de\/hundtconsult\/#primaryimage"},"image":{"@id":"https:\/\/casavi.com\/de\/hundtconsult\/#primaryimage"},"thumbnailUrl":"https:\/\/casavi.com\/de\/wp-content\/uploads\/sites\/2\/logo_HUNDT-CONSULT.png","datePublished":"2022-07-27T12:59:06+00:00","dateModified":"2026-02-04T21:27:51+00:00","description":"HUNDT CONSULT ist ein herstellerneutraler Full-Service-Dienstleister rund um die Geb\u00e4udef\u00f6rdertechnik, wie Aufzug und Fahrtreppen.","breadcrumb":{"@id":"https:\/\/casavi.com\/de\/hundtconsult\/#breadcrumb"},"inLanguage":"de","potentialAction":[{"@type":"ReadAction","target":["https:\/\/casavi.com\/de\/hundtconsult\/"]}]},{"@type":"ImageObject","inLanguage":"de","@id":"https:\/\/casavi.com\/de\/hundtconsult\/#primaryimage","url":"https:\/\/casavi.com\/de\/wp-content\/uploads\/sites\/2\/logo_HUNDT-CONSULT.png","contentUrl":"https:\/\/casavi.com\/de\/wp-content\/uploads\/sites\/2\/logo_HUNDT-CONSULT.png","width":341,"height":78},{"@type":"BreadcrumbList","@id":"https:\/\/casavi.com\/de\/hundtconsult\/#breadcrumb","itemListElement":[{"@type":"ListItem","position":1,"name":"Startseite","item":"https:\/\/casavi.com\/de\/"},{"@type":"ListItem","position":2,"name":"casavi und HUNDT CONSULT"}]},{"@type":"WebSite","@id":"https:\/\/casavi.com\/de\/#website","url":"https:\/\/casavi.com\/de\/","name":"DE - casavi.com\/de","description":"Vernetzt arbeiten | Einfach verwalten","potentialAction":[{"@type":"SearchAction","target":{"@type":"EntryPoint","urlTemplate":"https:\/\/casavi.com\/de\/?s={search_term_string}"},"query-input":{"@type":"PropertyValueSpecification","valueRequired":true,"valueName":"search_term_string"}}],"inLanguage":"de"}]}},"_links":{"self":[{"href":"https:\/\/casavi.com\/de\/wp-json\/wp\/v2\/pages\/50691","targetHints":{"allow":["GET"]}}],"collection":[{"href":"https:\/\/casavi.com\/de\/wp-json\/wp\/v2\/pages"}],"about":[{"href":"https:\/\/casavi.com\/de\/wp-json\/wp\/v2\/types\/page"}],"author":[{"embeddable":true,"href":"https:\/\/casavi.com\/de\/wp-json\/wp\/v2\/users\/15"}],"replies":[{"embeddable":true,"href":"https:\/\/casavi.com\/de\/wp-json\/wp\/v2\/comments?post=50691"}],"version-history":[{"count":2,"href":"https:\/\/casavi.com\/de\/wp-json\/wp\/v2\/pages\/50691\/revisions"}],"predecessor-version":[{"id":69184,"href":"https:\/\/casavi.com\/de\/wp-json\/wp\/v2\/pages\/50691\/revisions\/69184"}],"wp:attachment":[{"href":"https:\/\/casavi.com\/de\/wp-json\/wp\/v2\/media?parent=50691"}],"curies":[{"name":"wp","href":"https:\/\/api.w.org\/{rel}","templated":true}]}}