{"id":52262,"date":"2022-10-04T15:27:41","date_gmt":"2022-10-04T13:27:41","guid":{"rendered":"https:\/\/casavi.com\/de\/?page_id=52262"},"modified":"2024-02-13T13:30:07","modified_gmt":"2024-02-13T12:30:07","slug":"smartpost-preise-at","status":"publish","type":"page","link":"https:\/\/casavi.com\/de\/smartpost-preise-at\/","title":{"rendered":"Product: casavi SmartPost Preise AT"},"content":{"rendered":"\n<div class=\"wp-block-group alignfull is-style-default\"><div class=\"wp-block-group__inner-container is-layout-flow wp-block-group-is-layout-flow\">\n<div class=\"acf-block-casavi-responsive-spacer clearfix has-space-xs-2 has-space-md-4\" id=\"block_0f9d38565dd730871c9ee1b3571f6917\"><\/div>\n\n\n\n<h1 class=\"wp-block-heading alignwide has-text-align-left\">SmartPost Preise &#8211; <mark style=\"background-color:rgba(0, 0, 0, 0)\" class=\"has-inline-color has-primary-300-color\">\u00d6sterreich<\/mark><\/h1>\n\n\n\n<div class=\"acf-block-casavi-responsive-spacer clearfix has-space-xs-2 has-space-md-4\" id=\"block_0f9d38565dd730871c9ee1b3571f6917\"><\/div>\n<\/div><\/div>\n\n\n\n<div class=\"wp-block-columns alignwide is-layout-flex wp-container-core-columns-is-layout-9d6595d7 wp-block-columns-is-layout-flex\">\n<div class=\"wp-block-column is-layout-flow wp-block-column-is-layout-flow\">\n<h2 class=\"wp-block-heading\">\u00dcbersicht der Preispakete<\/h2>\n\n\n\n<p>Die Abrechnung des Postversands per SmartPost erfolgt mittels Credits, welche 12 Monate g\u00fcltig sind. Alle Posten sind inklusive:<\/p>\n\n\n\n<ul class=\"wp-block-list\">\n<li>Druckkosten<\/li>\n\n\n\n<li>Kuvertieren<\/li>\n\n\n\n<li>Versand<\/li>\n<\/ul>\n<\/div>\n\n\n\n<div class=\"wp-block-column is-layout-flow wp-block-column-is-layout-flow\">\n<figure id=\"tablepress-3\" class=\"wp-block-table is-style-stripes\"><table><thead><tr><th class=\"has-text-align-left\" data-align=\"left\">Pakete<\/th><th class=\"has-text-align-left\" data-align=\"left\">Preis<\/th><th class=\"has-text-align-left\" data-align=\"left\">Credits<\/th><\/tr><\/thead><tbody><tr><td class=\"has-text-align-left\" data-align=\"left\">small<\/td><td class=\"has-text-align-left\" data-align=\"left\">270 \u20ac<\/td><td class=\"has-text-align-left\" data-align=\"left\">3.000<\/td><\/tr><tr><td class=\"has-text-align-left\" data-align=\"left\">medium<\/td><td class=\"has-text-align-left\" data-align=\"left\">800 \u20ac<\/td><td class=\"has-text-align-left\" data-align=\"left\">10.000<\/td><\/tr><tr><td class=\"has-text-align-left\" data-align=\"left\">large<\/td><td class=\"has-text-align-left\" data-align=\"left\">3.750 \u20ac<\/td><td class=\"has-text-align-left\" data-align=\"left\">50.000<\/td><\/tr><tr><td class=\"has-text-align-left\" data-align=\"left\">enterprise<\/td><td class=\"has-text-align-left\" data-align=\"left\">Gr\u00f6\u00dfere Pakete auf Anfrage<\/td><\/tr><\/tbody><\/table><\/figure>\n<\/div>\n<\/div>\n\n\n\n<div class=\"acf-block-casavi-responsive-spacer clearfix has-space-xs-2 has-space-md-4\" id=\"block_0f9d38565dd730871c9ee1b3571f6917\"><\/div>\n\n\n\n<h2 class=\"wp-block-heading alignwide has-text-align-center\"><mark style=\"background-color:rgba(0, 0, 0, 0)\" class=\"has-inline-color has-primary-300-color\">Nationaler <\/mark>Versand \u2013 Varianten und Preise*<\/h2>\n\n\n\n<figure class=\"wp-block-table alignwide is-style-stripes\" id=\"tablepress-4\"><table><thead><tr><th class=\"has-text-align-left\" data-align=\"left\">&nbsp;<\/th><th class=\"has-text-align-left\" data-align=\"left\">schwarz\/wei\u00df<br>einseitig<\/th><th class=\"has-text-align-left\" data-align=\"left\">schwarz\/wei\u00df<br>beidseitig**<\/th><th class=\"has-text-align-left\" data-align=\"left\">Farbe<br>einseitig<\/th><th class=\"has-text-align-left\" data-align=\"left\">Farbe<br>beidseitig**<\/th><\/tr><\/thead><tbody><tr><td class=\"has-text-align-left\" data-align=\"left\">Standardbrief (inkl. 1 Blatt)<br>\u20ac Preis small\/medium\/large<\/td><td class=\"has-text-align-left\" data-align=\"left\">16 Credits<br>1,44\/1,28\/1,20<\/td><td class=\"has-text-align-left\" data-align=\"left\">17 Credits<br>1,53\/1,36\/1,28<\/td><td class=\"has-text-align-left\" data-align=\"left\">17 Credits<br>1,53\/1,36\/1,28<\/td><td class=\"has-text-align-left\" data-align=\"left\">19 Credits<br>1,71\/1,52\/1,43<\/td><\/tr><tr><td class=\"has-text-align-left\" data-align=\"left\">Kompaktbrief (inkl. 4 Blatt)<br>\u20ac Preis small\/medium\/large<\/td><td class=\"has-text-align-left\" data-align=\"left\">28 Credits<br>2,52\/2,24\/2,10<\/td><td class=\"has-text-align-left\" data-align=\"left\">32 Credits<br>2,88\/2,56\/2,40<\/td><td class=\"has-text-align-left\" data-align=\"left\">33 Credits<br>2,97\/2,64\/2,48<\/td><td class=\"has-text-align-left\" data-align=\"left\">43 Credits<br>3,87\/3,44\/3,23<\/td><\/tr><tr><td class=\"has-text-align-left\" data-align=\"left\">Gro\u00dfbrief (inkl. 12 Blatt)<br>\u20ac Preis small\/medium\/large<\/td><td class=\"has-text-align-left\" data-align=\"left\">58 Credits<br>5,22\/4,64\/4,35<\/td><td class=\"has-text-align-left\" data-align=\"left\">70 Credits<br>6,30\/5,60\/5,25<\/td><td class=\"has-text-align-left\" data-align=\"left\">73 Credits<br>6,57\/5,84\/5,48<\/td><td class=\"has-text-align-left\" data-align=\"left\">101 Credits<br>9,09\/8,08\/7,58<\/td><\/tr><tr><td class=\"has-text-align-left\" data-align=\"left\">Pro zus\u00e4tzliches Blatt<br>\u20ac Preis small\/medium\/large<\/td><td class=\"has-text-align-left\" data-align=\"left\">2 Credit<br>0,18\/0,16\/0,15<\/td><td class=\"has-text-align-left\" data-align=\"left\">3 Credits<br>0,27\/0,24\/0,23<\/td><td class=\"has-text-align-left\" data-align=\"left\">3 Credits<br>0,27\/0,24\/0,23<\/td><td class=\"has-text-align-left\" data-align=\"left\">6 Credits<br>0,54\/0,48\/0,45<\/td><\/tr><\/tbody><\/table><\/figure>\n\n\n\n<div class=\"hide-on-front acf-block-casavi-responsive-spacer clearfix has-space-xs-2 has-space-md-4\" id=\"block_839807921426190c4e9c46319dbe272c\"><\/div>\n\n\n\n<h2 class=\"wp-block-heading alignwide has-text-align-center hide-on-front\"><mark style=\"background-color:rgba(0, 0, 0, 0)\" class=\"has-inline-color has-primary-300-color\">Internationaler <\/mark>Versand \u2013 Varianten und Preise*<\/h2>\n\n\n\n<figure class=\"wp-block-table alignwide hide-on-front is-style-stripes\" id=\"tablepress-5\"><table><thead><tr><th>&nbsp;<\/th><th class=\"has-text-align-left\" data-align=\"left\">schwarz\/wei\u00df<br>einseitig<\/th><th class=\"has-text-align-left\" data-align=\"left\">schwarz\/wei\u00df<br>beidseitig**<\/th><th class=\"has-text-align-left\" data-align=\"left\">Farbe<br>einseitig<\/th><th class=\"has-text-align-left\" data-align=\"left\">Farbe<br>beidseitig**<\/th><\/tr><\/thead><tbody><tr><td>Standardbrief international (inkl. 1 Blatt)<br>\u20ac Preis small\/medium\/large<\/td><td class=\"has-text-align-left\" data-align=\"left\">22 Credits<br>1,98\/1,76\/1,65<\/td><td class=\"has-text-align-left\" data-align=\"left\">22 Credits<br>1,98\/1,76\/1,65<\/td><td class=\"has-text-align-left\" data-align=\"left\">23 Credits<br>2,07\/1,84\/1,73<\/td><td class=\"has-text-align-left\" data-align=\"left\">24 Credits<br>2,16\/1,92\/1,80<\/td><\/tr><tr><td>Kompaktbrief international (inkl. 4 Blatt)<br>\u20ac Preis small\/medium\/large<\/td><td class=\"has-text-align-left\" data-align=\"left\">34 Credits<br>3,06\/2,72\/2,55<\/td><td class=\"has-text-align-left\" data-align=\"left\">35 Credits<br>3,15\/2,80\/2,63<\/td><td class=\"has-text-align-left\" data-align=\"left\">38 Credits<br>3,42\/3,04\/2,85<\/td><td class=\"has-text-align-left\" data-align=\"left\">42 Credits<br>3,78\/3,36\/3,15<\/td><\/tr><tr><td>Gro\u00dfbrief international (inkl. 10 Blatt)<br>\u20ac Preis small\/medium\/large<\/td><td class=\"has-text-align-left\" data-align=\"left\">72 Credits<br>6,48\/5,76\/5,40<\/td><td class=\"has-text-align-left\" data-align=\"left\">75 Credits<br>6,75\/6,00\/5,63<\/td><td class=\"has-text-align-left\" data-align=\"left\">83 Credits<br>7,47\/6,64\/6,23<\/td><td class=\"has-text-align-left\" data-align=\"left\">93 Credits<br>8,37\/7,44\/6,98<\/td><\/tr><tr><td>Maxibrief international (inkl. 97 Blatt)<br>\u20ac Preis small\/medium\/large<\/td><td class=\"has-text-align-left\" data-align=\"left\">162 Credits<br>14,58\/12,96\/12,15<\/td><td class=\"has-text-align-left\" data-align=\"left\">190 Credits<br>17,10\/15,20\/14,25<\/td><td class=\"has-text-align-left\" data-align=\"left\">268 Credits<br>24,12\/21,44\/20,10<\/td><td class=\"has-text-align-left\" data-align=\"left\">361 Credits<br>32,49\/28,88\/27,08<\/td><\/tr><tr><td>Pro zus\u00e4tzliches Blatt international<br>\u20ac Preis small\/medium\/large<\/td><td class=\"has-text-align-left\" data-align=\"left\">1 Credit<br>0,09\/0,08\/0,08<\/td><td class=\"has-text-align-left\" data-align=\"left\">1,5 Credits<br>0,14\/0,12\/0,11<\/td><td class=\"has-text-align-left\" data-align=\"left\">2 Credits<br>0,18\/0,16\/0,15<\/td><td class=\"has-text-align-left\" data-align=\"left\">2,5 Credits<br>0,23\/0,20\/0,19<\/td><\/tr><\/tbody><\/table><\/figure>\n\n\n\n<div class=\"acf-block-casavi-responsive-spacer clearfix has-space-xs-1 has-space-md-2\" id=\"block_6fde5f0f3238881b3cdc4b9e3c67dae5\"><\/div>\n\n\n\n<p class=\"alignwide\">* Netto Preise auf zwei Stellen nach dem Komma gerundet, g\u00fcltig ab 01.01.2022, vorbehaltlich \u00c4nderungen<\/p>\n\n\n\n<p class=\"alignwide\">**1 Blatt beidseitig entspricht 2 gedruckten Seiten<\/p>\n\n\n\n<p class=\"alignwide\">Alle Posten verstehen sich inklusive der Geb\u00fchren f\u00fcr Druck, Kuvertieren und Versand.<\/p>\n\n\n\n<p class=\"alignwide\">Sollten Sie weitere Fragen zu unseren Preisen oder generell zu casavi SmartPost haben, kontaktieren Sie uns via&nbsp;<a href=\"mailto:upgrade@casavi.de\" target=\"_blank\" rel=\"noreferrer noopener\">upgrade@casavi.de.<\/a><\/p>\n\n\n\n<div class=\"acf-block-casavi-responsive-spacer clearfix has-space-xs-2 has-space-md-4\" id=\"block_0f9d38565dd730871c9ee1b3571f6917\"><\/div>\n","protected":false},"excerpt":{"rendered":"<p>SmartPost Preise &#8211; \u00d6sterreich \u00dcbersicht der Preispakete Die Abrechnung des Postversands per SmartPost erfolgt mittels Credits, welche 12 Monate g\u00fcltig [&hellip;]<\/p>\n","protected":false},"author":28,"featured_media":0,"parent":0,"menu_order":0,"comment_status":"closed","ping_status":"closed","template":"","meta":{"_acf_changed":false,"_trash_the_other_posts":false,"editor_notices":[],"footnotes":""},"class_list":["post-52262","page","type-page","status-publish","hentry"],"acf":[],"yoast_head":"<!-- This site is optimized with the Yoast SEO plugin v27.4 - https:\/\/yoast.com\/product\/yoast-seo-wordpress\/ -->\n<title>Product: casavi SmartPost Preise AT - DE - casavi.com\/de<\/title>\n<meta name=\"description\" content=\"Die casavi Plattform vernetzt Eigent\u00fcmer, Mieter, Verwalter, Facility Manager und weitere Dienstleister auf intelligente Art und Weise.\" \/>\n<meta name=\"robots\" content=\"noindex, nofollow\" \/>\n<meta property=\"og:locale\" content=\"de_DE\" \/>\n<meta property=\"og:type\" content=\"article\" \/>\n<meta property=\"og:title\" content=\"Product: casavi SmartPost Preise AT - DE - casavi.com\/de\" \/>\n<meta property=\"og:description\" content=\"Die casavi Plattform vernetzt Eigent\u00fcmer, Mieter, Verwalter, Facility Manager und weitere Dienstleister auf intelligente Art und Weise.\" \/>\n<meta property=\"og:url\" content=\"https:\/\/casavi.com\/de\/smartpost-preise-at\/\" \/>\n<meta property=\"og:site_name\" content=\"DE - casavi.com\/de\" \/>\n<meta property=\"article:publisher\" content=\"https:\/\/www.facebook.com\/mycasavi\/\" \/>\n<meta property=\"article:modified_time\" content=\"2024-02-13T12:30:07+00:00\" \/>\n<meta name=\"twitter:card\" content=\"summary_large_image\" \/>\n<meta name=\"twitter:label1\" content=\"Gesch\u00e4tzte Lesezeit\" \/>\n\t<meta name=\"twitter:data1\" content=\"2\u00a0Minuten\" \/>\n<script type=\"application\/ld+json\" class=\"yoast-schema-graph\">{\"@context\":\"https:\\\/\\\/schema.org\",\"@graph\":[{\"@type\":\"WebPage\",\"@id\":\"https:\\\/\\\/casavi.com\\\/de\\\/smartpost-preise-at\\\/\",\"url\":\"https:\\\/\\\/casavi.com\\\/de\\\/smartpost-preise-at\\\/\",\"name\":\"Product: casavi SmartPost Preise AT - DE - casavi.com\\\/de\",\"isPartOf\":{\"@id\":\"https:\\\/\\\/casavi.com\\\/de\\\/#website\"},\"datePublished\":\"2022-10-04T13:27:41+00:00\",\"dateModified\":\"2024-02-13T12:30:07+00:00\",\"description\":\"Die casavi Plattform vernetzt Eigent\u00fcmer, Mieter, Verwalter, Facility Manager und weitere Dienstleister auf intelligente Art und Weise.\",\"breadcrumb\":{\"@id\":\"https:\\\/\\\/casavi.com\\\/de\\\/smartpost-preise-at\\\/#breadcrumb\"},\"inLanguage\":\"de\",\"potentialAction\":[{\"@type\":\"ReadAction\",\"target\":[\"https:\\\/\\\/casavi.com\\\/de\\\/smartpost-preise-at\\\/\"]}]},{\"@type\":\"BreadcrumbList\",\"@id\":\"https:\\\/\\\/casavi.com\\\/de\\\/smartpost-preise-at\\\/#breadcrumb\",\"itemListElement\":[{\"@type\":\"ListItem\",\"position\":1,\"name\":\"Startseite\",\"item\":\"https:\\\/\\\/casavi.com\\\/de\\\/\"},{\"@type\":\"ListItem\",\"position\":2,\"name\":\"Product: casavi SmartPost Preise AT\"}]},{\"@type\":\"WebSite\",\"@id\":\"https:\\\/\\\/casavi.com\\\/de\\\/#website\",\"url\":\"https:\\\/\\\/casavi.com\\\/de\\\/\",\"name\":\"DE - casavi.com\\\/de\",\"description\":\"Vernetzt arbeiten | Einfach verwalten\",\"potentialAction\":[{\"@type\":\"SearchAction\",\"target\":{\"@type\":\"EntryPoint\",\"urlTemplate\":\"https:\\\/\\\/casavi.com\\\/de\\\/?s={search_term_string}\"},\"query-input\":{\"@type\":\"PropertyValueSpecification\",\"valueRequired\":true,\"valueName\":\"search_term_string\"}}],\"inLanguage\":\"de\"}]}<\/script>\n<!-- \/ Yoast SEO plugin. -->","yoast_head_json":{"title":"Product: casavi SmartPost Preise AT - DE - casavi.com\/de","description":"Die casavi Plattform vernetzt Eigent\u00fcmer, Mieter, Verwalter, Facility Manager und weitere Dienstleister auf intelligente Art und Weise.","robots":{"index":"noindex","follow":"nofollow"},"og_locale":"de_DE","og_type":"article","og_title":"Product: casavi SmartPost Preise AT - DE - casavi.com\/de","og_description":"Die casavi Plattform vernetzt Eigent\u00fcmer, Mieter, Verwalter, Facility Manager und weitere Dienstleister auf intelligente Art und Weise.","og_url":"https:\/\/casavi.com\/de\/smartpost-preise-at\/","og_site_name":"DE - casavi.com\/de","article_publisher":"https:\/\/www.facebook.com\/mycasavi\/","article_modified_time":"2024-02-13T12:30:07+00:00","twitter_card":"summary_large_image","twitter_misc":{"Gesch\u00e4tzte Lesezeit":"2\u00a0Minuten"},"schema":{"@context":"https:\/\/schema.org","@graph":[{"@type":"WebPage","@id":"https:\/\/casavi.com\/de\/smartpost-preise-at\/","url":"https:\/\/casavi.com\/de\/smartpost-preise-at\/","name":"Product: casavi SmartPost Preise AT - DE - casavi.com\/de","isPartOf":{"@id":"https:\/\/casavi.com\/de\/#website"},"datePublished":"2022-10-04T13:27:41+00:00","dateModified":"2024-02-13T12:30:07+00:00","description":"Die casavi Plattform vernetzt Eigent\u00fcmer, Mieter, Verwalter, Facility Manager und weitere Dienstleister auf intelligente Art und Weise.","breadcrumb":{"@id":"https:\/\/casavi.com\/de\/smartpost-preise-at\/#breadcrumb"},"inLanguage":"de","potentialAction":[{"@type":"ReadAction","target":["https:\/\/casavi.com\/de\/smartpost-preise-at\/"]}]},{"@type":"BreadcrumbList","@id":"https:\/\/casavi.com\/de\/smartpost-preise-at\/#breadcrumb","itemListElement":[{"@type":"ListItem","position":1,"name":"Startseite","item":"https:\/\/casavi.com\/de\/"},{"@type":"ListItem","position":2,"name":"Product: casavi SmartPost Preise AT"}]},{"@type":"WebSite","@id":"https:\/\/casavi.com\/de\/#website","url":"https:\/\/casavi.com\/de\/","name":"DE - casavi.com\/de","description":"Vernetzt arbeiten | Einfach verwalten","potentialAction":[{"@type":"SearchAction","target":{"@type":"EntryPoint","urlTemplate":"https:\/\/casavi.com\/de\/?s={search_term_string}"},"query-input":{"@type":"PropertyValueSpecification","valueRequired":true,"valueName":"search_term_string"}}],"inLanguage":"de"}]}},"_links":{"self":[{"href":"https:\/\/casavi.com\/de\/wp-json\/wp\/v2\/pages\/52262","targetHints":{"allow":["GET"]}}],"collection":[{"href":"https:\/\/casavi.com\/de\/wp-json\/wp\/v2\/pages"}],"about":[{"href":"https:\/\/casavi.com\/de\/wp-json\/wp\/v2\/types\/page"}],"author":[{"embeddable":true,"href":"https:\/\/casavi.com\/de\/wp-json\/wp\/v2\/users\/28"}],"replies":[{"embeddable":true,"href":"https:\/\/casavi.com\/de\/wp-json\/wp\/v2\/comments?post=52262"}],"version-history":[{"count":0,"href":"https:\/\/casavi.com\/de\/wp-json\/wp\/v2\/pages\/52262\/revisions"}],"wp:attachment":[{"href":"https:\/\/casavi.com\/de\/wp-json\/wp\/v2\/media?parent=52262"}],"curies":[{"name":"wp","href":"https:\/\/api.w.org\/{rel}","templated":true}]}}