{"id":53514,"date":"2022-12-12T14:46:33","date_gmt":"2022-12-12T13:46:33","guid":{"rendered":"https:\/\/casavi.com\/de\/?page_id=53514"},"modified":"2024-02-12T14:02:12","modified_gmt":"2024-02-12T13:02:12","slug":"marketing-paket","status":"publish","type":"page","link":"https:\/\/casavi.com\/de\/marketing-paket\/","title":{"rendered":"Marketing-Paket Overview"},"content":{"rendered":"\n<div class=\"wp-block-group alignfull is-style-default\"><div class=\"wp-block-group__inner-container is-layout-constrained wp-block-group-is-layout-constrained\">\n<div style=\"height:100px\" aria-hidden=\"true\" class=\"wp-block-spacer\"><\/div>\n\n\n\n<p class=\"has-text-align-center has-primary-700-color has-text-color has-link-color wp-elements-090fc955fdc577cdacb7618f6d691b6f\" style=\"text-transform:uppercase\">Registrierung von Mieter:innen und Eigent\u00fcmer:innen leicht gemacht<\/p>\n\n\n\n<h1 class=\"wp-block-heading alignwide has-text-align-center\">casavi <mark style=\"background-color:rgba(0, 0, 0, 0)\" class=\"has-inline-color has-primary-300-color\">Marketing-Paket<\/mark><\/h1>\n\n\n\n<p class=\"has-text-align-center\">Sie haben casavi erfolgreich in Ihrer Immobilienverwaltung eingef\u00fchrt? Perfekt! Jetzt m\u00fcssen sich Ihre Kund:innen nur noch zur Nutzung des Kundenportals registrieren. Unser Marketing-Paket unterst\u00fctzt Sie beim Einladungs- und Registrierungsprozess von Mieter:innen und Eigent\u00fcmer:innen. Auch wenn Sie casavi schon seit einiger Zeit nutzen und Ihre Registrierungsquote steigern m\u00f6chten, werden Sie hier f\u00fcndig.<\/p>\n\n\n\n<div class=\"acf-block-casavi-responsive-spacer clearfix has-space-xs-2 has-space-md-4\" id=\"block_a35618552cb0e99333a1f25a90bd36bc\"><\/div>\n<\/div><\/div>\n\n\n\n<div class=\"wp-block-group alignfull has-gray-1-gradient-background has-background\"><div class=\"wp-block-group__inner-container is-layout-constrained wp-block-group-is-layout-constrained\">\n<div class=\"acf-block-casavi-responsive-spacer clearfix has-space-xs-2 has-space-md-4\" id=\"block_a35618552cb0e99333a1f25a90bd36bc\"><\/div>\n\n\n\n<p class=\"has-text-align-center has-primary-700-color has-text-color has-link-color wp-elements-97ecb62bebb5c7ade969a6087688c14a\" style=\"text-transform:uppercase\">St\u00e4rken Sie Ihren eigenen Markenauftritt<\/p>\n\n\n\n<h2 class=\"wp-block-heading alignwide has-text-align-center\">Marketing-Paket <mark style=\"background-color:rgba(0, 0, 0, 0)\" class=\"has-inline-color has-primary-300-color\">Premium<\/mark><\/h2>\n\n\n\n<p class=\"has-text-align-center\">\u00dcberzeugen Sie Mieter:innen und Eigent\u00fcmer:innen von einer Registrierung im Kundenportal und st\u00e4rken Sie zugleich den Markenauftritt Ihres Unternehmens. Mit unserem Marketing-Paket Premium bekommen Sie folgende Unterlagen in Ihrem Design: <\/p>\n\n\n\n<div class=\"wp-block-group alignwide has-casavi-box-shadow has-horizontal-padding is-style-border-radius has-primary-2-gradient-background has-background\"><div class=\"wp-block-group__inner-container is-layout-constrained wp-block-group-is-layout-constrained\">\n<div class=\"acf-block-casavi-responsive-spacer clearfix has-space-xs-1\" id=\"block_1f7766942c58273a5855b269a2117c14\"><\/div>\n\n\n\n<div class=\"wp-block-columns alignwide is-style-default is-layout-flex wp-container-core-columns-is-layout-9d6595d7 wp-block-columns-is-layout-flex\">\n<div class=\"wp-block-column is-vertically-aligned-top is-layout-flow wp-block-column-is-layout-flow\">\n<figure class=\"wp-block-image alignwide size-large has-casavi-box-shadow is-style-border-radius\"><img fetchpriority=\"high\" decoding=\"async\" width=\"2560\" height=\"1920\" src=\"https:\/\/casavi.com\/de\/wp-content\/uploads\/sites\/2\/Bewerbung_MockUp_Kostenpflichtig_2-edited-scaled.jpg\" alt=\"\" class=\"wp-image-54194\" srcset=\"https:\/\/casavi.com\/de\/wp-content\/uploads\/sites\/2\/Bewerbung_MockUp_Kostenpflichtig_2-edited-scaled.jpg 2560w, https:\/\/casavi.com\/de\/wp-content\/uploads\/sites\/2\/Bewerbung_MockUp_Kostenpflichtig_2-edited-360x270.jpg 360w, https:\/\/casavi.com\/de\/wp-content\/uploads\/sites\/2\/Bewerbung_MockUp_Kostenpflichtig_2-edited-300x225.jpg 300w, https:\/\/casavi.com\/de\/wp-content\/uploads\/sites\/2\/Bewerbung_MockUp_Kostenpflichtig_2-edited-768x576.jpg 768w, https:\/\/casavi.com\/de\/wp-content\/uploads\/sites\/2\/Bewerbung_MockUp_Kostenpflichtig_2-edited-1024x768.jpg 1024w, https:\/\/casavi.com\/de\/wp-content\/uploads\/sites\/2\/Bewerbung_MockUp_Kostenpflichtig_2-edited-1536x1152.jpg 1536w, https:\/\/casavi.com\/de\/wp-content\/uploads\/sites\/2\/Bewerbung_MockUp_Kostenpflichtig_2-edited-2048x1536.jpg 2048w, https:\/\/casavi.com\/de\/wp-content\/uploads\/sites\/2\/Bewerbung_MockUp_Kostenpflichtig_2-edited-704x528.jpg 704w\" sizes=\"(max-width: 2560px) 100vw, 2560px\" \/><\/figure>\n<\/div>\n\n\n\n<div class=\"wp-block-column is-vertically-aligned-center is-layout-flow wp-block-column-is-layout-flow\">\n<ul class=\"is-style-casavi-checklist is-style-casavi-checklist--secondary-700 has-gray-0-color has-text-color has-link-color wp-block-list wp-elements-4574b74f2053207bb0bf3605c0ed51a9\">\n<li>Einladungsvorlage im Flyer-Format f\u00fcr den Hausaushang<\/li>\n\n\n\n<li>Brosch\u00fcre f\u00fcr Eigent\u00fcmer:innen in Ihren Markenfarben (4 Seiten druckf\u00e4higes PDF)<\/li>\n\n\n\n<li>Brosch\u00fcre f\u00fcr Mieter:innen in Ihren Markenfarben (4 Seiten druckf\u00e4higes PDF)<\/li>\n\n\n\n<li>Angepasstes Mockup (Schablone) im Smartphone Format zur Visualisierung Ihrer Kundenportal-App<\/li>\n\n\n\n<li>Set an 13 Kundenportal-Kacheln in Ihren Markenfarben<\/li>\n\n\n\n<li>Service zur Anpassung der Farben Ihres Kundenportals<\/li>\n\n\n\n<li>Alle Materialien aus dem Marketing-Paket Standard<\/li>\n<\/ul>\n<\/div>\n<\/div>\n\n\n\n<div class=\"wp-block-buttons is-content-justification-center is-layout-flex wp-container-core-buttons-is-layout-16018d1d wp-block-buttons-is-layout-flex\">\n<div class=\"wp-block-button is-style-arrow--right\"><a class=\"wp-block-button__link has-tertiary-500-background-color has-background wp-element-button\" href=\"https:\/\/casavi.com\/de\/anfrage-casavi-kundenmaterial-plus\/\">Marketing-Paket Premium buchen<\/a><\/div>\n<\/div>\n\n\n\n<div class=\"acf-block-casavi-responsive-spacer clearfix has-space-xs-1\" id=\"block_1f7766942c58273a5855b269a2117c14\"><\/div>\n<\/div><\/div>\n<\/div><\/div>\n\n\n\n<div class=\"wp-block-group alignfull\"><div class=\"wp-block-group__inner-container is-layout-constrained wp-block-group-is-layout-constrained\">\n<div class=\"acf-block-casavi-responsive-spacer clearfix has-space-xs-2 has-space-md-4\" id=\"block_a35618552cb0e99333a1f25a90bd36bc\"><\/div>\n\n\n\n<div class=\"acf-block-casavi-responsive-spacer clearfix has-space-xs-2 has-space-md-4\" id=\"block_a35618552cb0e99333a1f25a90bd36bc\"><\/div>\n\n\n\n<p class=\"has-text-align-center has-primary-700-color has-text-color has-link-color wp-elements-d3671fca4285bfe05992309d411dd700\" style=\"text-transform:uppercase\">\u00dcberzeugen Sie Ihre Kund:innen von casavi<\/p>\n\n\n\n<h2 class=\"wp-block-heading alignwide has-text-align-center\" id=\"marktingpaketstandard\">Marketing-Paket Standard<\/h2>\n\n\n\n<p class=\"has-text-align-center\">Das Marketing-Paket Standard bekommen Sie im Rahmen des casavi Onboardings kostenlos von uns zur Verf\u00fcgung gestellt. Nutzen Sie die Vorlagen und Dokumente, um Ihren Mieter:innen und Eigent\u00fcmer:innen casavi vorzustellen und sie zur Kundenportalnutzung einzuladen. Folgende Bestandteile sind in unserem Marketing-Paket Standard enthalten: <\/p>\n\n\n\n<div class=\"acf-block-casavi-responsive-spacer clearfix has-space-xs-1\" id=\"block_1f7766942c58273a5855b269a2117c14\"><\/div>\n\n\n\n<div class=\"wp-block-group alignwide has-casavi-box-shadow has-horizontal-padding is-style-border-radius has-primary-2-gradient-background has-background\"><div class=\"wp-block-group__inner-container is-layout-constrained wp-block-group-is-layout-constrained\">\n<div class=\"acf-block-casavi-responsive-spacer clearfix has-space-xs-1\" id=\"block_1f7766942c58273a5855b269a2117c14\"><\/div>\n\n\n\n<div class=\"wp-block-columns alignwide are-vertically-aligned-center is-style-default is-layout-flex wp-container-core-columns-is-layout-9d6595d7 wp-block-columns-is-layout-flex\">\n<div class=\"wp-block-column is-vertically-aligned-center is-layout-flow wp-block-column-is-layout-flow\"><div class=\"wp-block-image is-style-border-radius\">\n<figure class=\"aligncenter size-large\"><img decoding=\"async\" width=\"2560\" height=\"1920\" src=\"https:\/\/casavi.com\/de\/wp-content\/uploads\/sites\/2\/Bewerbung_MockUp_Kostenfrei_2-edited-1-scaled.jpg\" alt=\"\" class=\"wp-image-54195\" srcset=\"https:\/\/casavi.com\/de\/wp-content\/uploads\/sites\/2\/Bewerbung_MockUp_Kostenfrei_2-edited-1-scaled.jpg 2560w, https:\/\/casavi.com\/de\/wp-content\/uploads\/sites\/2\/Bewerbung_MockUp_Kostenfrei_2-edited-1-360x270.jpg 360w, https:\/\/casavi.com\/de\/wp-content\/uploads\/sites\/2\/Bewerbung_MockUp_Kostenfrei_2-edited-1-300x225.jpg 300w, https:\/\/casavi.com\/de\/wp-content\/uploads\/sites\/2\/Bewerbung_MockUp_Kostenfrei_2-edited-1-768x576.jpg 768w, https:\/\/casavi.com\/de\/wp-content\/uploads\/sites\/2\/Bewerbung_MockUp_Kostenfrei_2-edited-1-1024x768.jpg 1024w, https:\/\/casavi.com\/de\/wp-content\/uploads\/sites\/2\/Bewerbung_MockUp_Kostenfrei_2-edited-1-1536x1152.jpg 1536w, https:\/\/casavi.com\/de\/wp-content\/uploads\/sites\/2\/Bewerbung_MockUp_Kostenfrei_2-edited-1-2048x1536.jpg 2048w, https:\/\/casavi.com\/de\/wp-content\/uploads\/sites\/2\/Bewerbung_MockUp_Kostenfrei_2-edited-1-704x528.jpg 704w\" sizes=\"(max-width: 2560px) 100vw, 2560px\" \/><\/figure>\n<\/div><\/div>\n\n\n\n<div class=\"wp-block-column is-vertically-aligned-center has-gray-0-color has-text-color has-link-color wp-elements-e10d60677c6655d368740de64ae260ff is-layout-flow wp-block-column-is-layout-flow\">\n<ul class=\"is-style-casavi-checklist is-style-casavi-checklist--secondary-700 wp-block-list\">\n<li>Layout-Empfehlung f\u00fcr die casavi Pr\u00e4sentation auf Ihrer Website inkl. Bildmaterial<\/li>\n\n\n\n<li>Mockups (Schablonen) f\u00fcr Visualisierungen Ihres Kundenportals, z.B. im Smartphone Format<\/li>\n\n\n\n<li>Kurzpr\u00e4sentation zu casavi f\u00fcr Eigent\u00fcmer:innen<\/li>\n\n\n\n<li>Set an Einladungsvorlagen im Briefformat zur Registrierungsaufforderung im Kundenportal <\/li>\n\n\n\n<li>Merkbl\u00e4tter mit Anleitungen f\u00fcr Ihre Kund:innen<\/li>\n<\/ul>\n<\/div>\n<\/div>\n\n\n\n<div class=\"wp-block-buttons is-content-justification-center is-layout-flex wp-container-core-buttons-is-layout-16018d1d wp-block-buttons-is-layout-flex\">\n<div class=\"wp-block-button is-style-arrow--right\"><a class=\"wp-block-button__link has-gray-0-color has-text-color has-link-color wp-element-button\" href=\"https:\/\/downloads.casavi.com\/de\/download-category\/marketing-paket\" target=\"_blank\" rel=\"noreferrer noopener\">Marketing-Paket Standard ansehen<\/a><\/div>\n<\/div>\n\n\n\n<div class=\"acf-block-casavi-responsive-spacer clearfix has-space-xs-1\" id=\"block_1f7766942c58273a5855b269a2117c14\"><\/div>\n<\/div><\/div>\n\n\n\n<div class=\"acf-block-casavi-responsive-spacer clearfix has-space-xs-2 has-space-md-4\" id=\"block_a35618552cb0e99333a1f25a90bd36bc\"><\/div>\n<\/div><\/div>\n","protected":false},"excerpt":{"rendered":"<p>Registrierung von Mieter:innen und Eigent\u00fcmer:innen leicht gemacht casavi Marketing-Paket Sie haben casavi erfolgreich in Ihrer Immobilienverwaltung eingef\u00fchrt? Perfekt! Jetzt m\u00fcssen [&hellip;]<\/p>\n","protected":false},"author":21,"featured_media":53994,"parent":0,"menu_order":0,"comment_status":"closed","ping_status":"closed","template":"","meta":{"_acf_changed":false,"_trash_the_other_posts":false,"editor_notices":[],"footnotes":""},"class_list":["post-53514","page","type-page","status-publish","has-post-thumbnail","hentry"],"acf":[],"yoast_head":"<!-- This site is optimized with the Yoast SEO plugin v27.4 - https:\/\/yoast.com\/product\/yoast-seo-wordpress\/ -->\n<title>Marketing-Paket Overview f\u00fcr casavi Bestandskunden<\/title>\n<meta name=\"description\" content=\"Das casavi Marketing-Paket unterst\u00fctzt Sie beim Einladungs- und Registrierungsprozess Ihrer Mieter:innen und Eigent\u00fcmer:innen. Jetzt ansehen!\" \/>\n<meta name=\"robots\" content=\"noindex, follow\" \/>\n<meta property=\"og:locale\" content=\"de_DE\" \/>\n<meta property=\"og:type\" content=\"article\" \/>\n<meta property=\"og:title\" content=\"Marketing-Paket Overview f\u00fcr casavi Bestandskunden\" \/>\n<meta property=\"og:description\" content=\"Das casavi Marketing-Paket unterst\u00fctzt Sie beim Einladungs- und Registrierungsprozess Ihrer Mieter:innen und Eigent\u00fcmer:innen. Jetzt ansehen!\" \/>\n<meta property=\"og:url\" content=\"https:\/\/casavi.com\/de\/marketing-paket\/\" \/>\n<meta property=\"og:site_name\" content=\"DE - casavi.com\/de\" \/>\n<meta property=\"article:publisher\" content=\"https:\/\/www.facebook.com\/mycasavi\/\" \/>\n<meta property=\"article:modified_time\" content=\"2024-02-12T13:02:12+00:00\" \/>\n<meta property=\"og:image\" content=\"https:\/\/casavi.com\/de\/wp-content\/uploads\/sites\/2\/Pressebild-produktabbildung-scaled-2022-scaled.jpg\" \/>\n\t<meta property=\"og:image:width\" content=\"2560\" \/>\n\t<meta property=\"og:image:height\" content=\"1707\" \/>\n\t<meta property=\"og:image:type\" content=\"image\/jpeg\" \/>\n<meta name=\"twitter:card\" content=\"summary_large_image\" \/>\n<meta name=\"twitter:label1\" content=\"Gesch\u00e4tzte Lesezeit\" \/>\n\t<meta name=\"twitter:data1\" content=\"2\u00a0Minuten\" \/>\n<script type=\"application\/ld+json\" class=\"yoast-schema-graph\">{\"@context\":\"https:\\\/\\\/schema.org\",\"@graph\":[{\"@type\":\"WebPage\",\"@id\":\"https:\\\/\\\/casavi.com\\\/de\\\/marketing-paket\\\/\",\"url\":\"https:\\\/\\\/casavi.com\\\/de\\\/marketing-paket\\\/\",\"name\":\"Marketing-Paket Overview f\u00fcr casavi Bestandskunden\",\"isPartOf\":{\"@id\":\"https:\\\/\\\/casavi.com\\\/de\\\/#website\"},\"primaryImageOfPage\":{\"@id\":\"https:\\\/\\\/casavi.com\\\/de\\\/marketing-paket\\\/#primaryimage\"},\"image\":{\"@id\":\"https:\\\/\\\/casavi.com\\\/de\\\/marketing-paket\\\/#primaryimage\"},\"thumbnailUrl\":\"https:\\\/\\\/casavi.com\\\/de\\\/wp-content\\\/uploads\\\/sites\\\/2\\\/Pressebild-produktabbildung-scaled-2022-scaled.jpg\",\"datePublished\":\"2022-12-12T13:46:33+00:00\",\"dateModified\":\"2024-02-12T13:02:12+00:00\",\"description\":\"Das casavi Marketing-Paket unterst\u00fctzt Sie beim Einladungs- und Registrierungsprozess Ihrer Mieter:innen und Eigent\u00fcmer:innen. Jetzt ansehen!\",\"breadcrumb\":{\"@id\":\"https:\\\/\\\/casavi.com\\\/de\\\/marketing-paket\\\/#breadcrumb\"},\"inLanguage\":\"de\",\"potentialAction\":[{\"@type\":\"ReadAction\",\"target\":[\"https:\\\/\\\/casavi.com\\\/de\\\/marketing-paket\\\/\"]}]},{\"@type\":\"ImageObject\",\"inLanguage\":\"de\",\"@id\":\"https:\\\/\\\/casavi.com\\\/de\\\/marketing-paket\\\/#primaryimage\",\"url\":\"https:\\\/\\\/casavi.com\\\/de\\\/wp-content\\\/uploads\\\/sites\\\/2\\\/Pressebild-produktabbildung-scaled-2022-scaled.jpg\",\"contentUrl\":\"https:\\\/\\\/casavi.com\\\/de\\\/wp-content\\\/uploads\\\/sites\\\/2\\\/Pressebild-produktabbildung-scaled-2022-scaled.jpg\",\"width\":2560,\"height\":1707},{\"@type\":\"BreadcrumbList\",\"@id\":\"https:\\\/\\\/casavi.com\\\/de\\\/marketing-paket\\\/#breadcrumb\",\"itemListElement\":[{\"@type\":\"ListItem\",\"position\":1,\"name\":\"Startseite\",\"item\":\"https:\\\/\\\/casavi.com\\\/de\\\/\"},{\"@type\":\"ListItem\",\"position\":2,\"name\":\"Marketing-Paket Overview\"}]},{\"@type\":\"WebSite\",\"@id\":\"https:\\\/\\\/casavi.com\\\/de\\\/#website\",\"url\":\"https:\\\/\\\/casavi.com\\\/de\\\/\",\"name\":\"DE - casavi.com\\\/de\",\"description\":\"Vernetzt arbeiten | Einfach verwalten\",\"potentialAction\":[{\"@type\":\"SearchAction\",\"target\":{\"@type\":\"EntryPoint\",\"urlTemplate\":\"https:\\\/\\\/casavi.com\\\/de\\\/?s={search_term_string}\"},\"query-input\":{\"@type\":\"PropertyValueSpecification\",\"valueRequired\":true,\"valueName\":\"search_term_string\"}}],\"inLanguage\":\"de\"}]}<\/script>\n<!-- \/ Yoast SEO plugin. -->","yoast_head_json":{"title":"Marketing-Paket Overview f\u00fcr casavi Bestandskunden","description":"Das casavi Marketing-Paket unterst\u00fctzt Sie beim Einladungs- und Registrierungsprozess Ihrer Mieter:innen und Eigent\u00fcmer:innen. Jetzt ansehen!","robots":{"index":"noindex","follow":"follow"},"og_locale":"de_DE","og_type":"article","og_title":"Marketing-Paket Overview f\u00fcr casavi Bestandskunden","og_description":"Das casavi Marketing-Paket unterst\u00fctzt Sie beim Einladungs- und Registrierungsprozess Ihrer Mieter:innen und Eigent\u00fcmer:innen. Jetzt ansehen!","og_url":"https:\/\/casavi.com\/de\/marketing-paket\/","og_site_name":"DE - casavi.com\/de","article_publisher":"https:\/\/www.facebook.com\/mycasavi\/","article_modified_time":"2024-02-12T13:02:12+00:00","og_image":[{"width":2560,"height":1707,"url":"https:\/\/casavi.com\/de\/wp-content\/uploads\/sites\/2\/Pressebild-produktabbildung-scaled-2022-scaled.jpg","type":"image\/jpeg"}],"twitter_card":"summary_large_image","twitter_misc":{"Gesch\u00e4tzte Lesezeit":"2\u00a0Minuten"},"schema":{"@context":"https:\/\/schema.org","@graph":[{"@type":"WebPage","@id":"https:\/\/casavi.com\/de\/marketing-paket\/","url":"https:\/\/casavi.com\/de\/marketing-paket\/","name":"Marketing-Paket Overview f\u00fcr casavi Bestandskunden","isPartOf":{"@id":"https:\/\/casavi.com\/de\/#website"},"primaryImageOfPage":{"@id":"https:\/\/casavi.com\/de\/marketing-paket\/#primaryimage"},"image":{"@id":"https:\/\/casavi.com\/de\/marketing-paket\/#primaryimage"},"thumbnailUrl":"https:\/\/casavi.com\/de\/wp-content\/uploads\/sites\/2\/Pressebild-produktabbildung-scaled-2022-scaled.jpg","datePublished":"2022-12-12T13:46:33+00:00","dateModified":"2024-02-12T13:02:12+00:00","description":"Das casavi Marketing-Paket unterst\u00fctzt Sie beim Einladungs- und Registrierungsprozess Ihrer Mieter:innen und Eigent\u00fcmer:innen. Jetzt ansehen!","breadcrumb":{"@id":"https:\/\/casavi.com\/de\/marketing-paket\/#breadcrumb"},"inLanguage":"de","potentialAction":[{"@type":"ReadAction","target":["https:\/\/casavi.com\/de\/marketing-paket\/"]}]},{"@type":"ImageObject","inLanguage":"de","@id":"https:\/\/casavi.com\/de\/marketing-paket\/#primaryimage","url":"https:\/\/casavi.com\/de\/wp-content\/uploads\/sites\/2\/Pressebild-produktabbildung-scaled-2022-scaled.jpg","contentUrl":"https:\/\/casavi.com\/de\/wp-content\/uploads\/sites\/2\/Pressebild-produktabbildung-scaled-2022-scaled.jpg","width":2560,"height":1707},{"@type":"BreadcrumbList","@id":"https:\/\/casavi.com\/de\/marketing-paket\/#breadcrumb","itemListElement":[{"@type":"ListItem","position":1,"name":"Startseite","item":"https:\/\/casavi.com\/de\/"},{"@type":"ListItem","position":2,"name":"Marketing-Paket Overview"}]},{"@type":"WebSite","@id":"https:\/\/casavi.com\/de\/#website","url":"https:\/\/casavi.com\/de\/","name":"DE - casavi.com\/de","description":"Vernetzt arbeiten | Einfach verwalten","potentialAction":[{"@type":"SearchAction","target":{"@type":"EntryPoint","urlTemplate":"https:\/\/casavi.com\/de\/?s={search_term_string}"},"query-input":{"@type":"PropertyValueSpecification","valueRequired":true,"valueName":"search_term_string"}}],"inLanguage":"de"}]}},"_links":{"self":[{"href":"https:\/\/casavi.com\/de\/wp-json\/wp\/v2\/pages\/53514","targetHints":{"allow":["GET"]}}],"collection":[{"href":"https:\/\/casavi.com\/de\/wp-json\/wp\/v2\/pages"}],"about":[{"href":"https:\/\/casavi.com\/de\/wp-json\/wp\/v2\/types\/page"}],"author":[{"embeddable":true,"href":"https:\/\/casavi.com\/de\/wp-json\/wp\/v2\/users\/21"}],"replies":[{"embeddable":true,"href":"https:\/\/casavi.com\/de\/wp-json\/wp\/v2\/comments?post=53514"}],"version-history":[{"count":0,"href":"https:\/\/casavi.com\/de\/wp-json\/wp\/v2\/pages\/53514\/revisions"}],"wp:featuredmedia":[{"embeddable":true,"href":"https:\/\/casavi.com\/de\/wp-json\/wp\/v2\/media\/53994"}],"wp:attachment":[{"href":"https:\/\/casavi.com\/de\/wp-json\/wp\/v2\/media?parent=53514"}],"curies":[{"name":"wp","href":"https:\/\/api.w.org\/{rel}","templated":true}]}}