{"id":65171,"date":"2025-02-27T09:00:00","date_gmt":"2025-02-27T08:00:00","guid":{"rendered":"https:\/\/casavi.com\/de\/?page_id=65171"},"modified":"2026-02-24T09:36:13","modified_gmt":"2026-02-24T08:36:13","slug":"oqio","status":"publish","type":"page","link":"https:\/\/casavi.com\/de\/oqio\/","title":{"rendered":"casavi und oqio"},"content":{"rendered":"\n<div class=\"wp-block-group alignfull is-style-default\"><div class=\"wp-block-group__inner-container is-layout-flow wp-block-group-is-layout-flow\">\n<div class=\"acf-block-casavi-responsive-spacer clearfix has-space-xs-2 has-space-md-4\" id=\"block_56843b5f53dd806979ee8696760f1e1f\"><\/div>\n\n\n\n<div class=\"wp-block-media-text alignwide has-media-on-the-right is-stacked-on-mobile casavi-grid-35-65\" style=\"grid-template-columns:auto 39%\"><div class=\"wp-block-media-text__content\">\n<p class=\"has-primary-700-color has-text-color has-link-color wp-elements-58de795f6c95197ee7d9b9c056a40c47\" style=\"text-transform:uppercase\">Schnittstelle<\/p>\n\n\n\n<h1 class=\"wp-block-heading\" id=\"casavi-fur-everreal\">Versicherungsbetrieb und Immobilienwirtschaft verbinden<\/h1>\n\n\n\n<p>oqio ist Deutschlands f\u00fchrende Cloudl\u00f6sung f\u00fcr das Versicherungsmanagement von Immobilienbest\u00e4nden. Die Plattform bietet eine reibungslose und vollst\u00e4ndig digitalisierte Zusammenarbeit mit Ihrem Versicherungspartner und vereinfacht das Schaden- und Vertragsmanagement.<\/p>\n\n\n\n<p><\/p>\n<\/div><figure class=\"wp-block-media-text__media\"><img fetchpriority=\"high\" decoding=\"async\" width=\"1024\" height=\"465\" src=\"https:\/\/casavi.com\/de\/wp-content\/uploads\/sites\/2\/Haupt-Logo-Gruen-Blau-1-1024x465.png\" alt=\"\" class=\"wp-image-65172 size-full\" srcset=\"https:\/\/casavi.com\/de\/wp-content\/uploads\/sites\/2\/Haupt-Logo-Gruen-Blau-1-1024x465.png 1024w, https:\/\/casavi.com\/de\/wp-content\/uploads\/sites\/2\/Haupt-Logo-Gruen-Blau-1-300x136.png 300w, https:\/\/casavi.com\/de\/wp-content\/uploads\/sites\/2\/Haupt-Logo-Gruen-Blau-1-768x349.png 768w, https:\/\/casavi.com\/de\/wp-content\/uploads\/sites\/2\/Haupt-Logo-Gruen-Blau-1-1536x697.png 1536w, https:\/\/casavi.com\/de\/wp-content\/uploads\/sites\/2\/Haupt-Logo-Gruen-Blau-1-480x218.png 480w, https:\/\/casavi.com\/de\/wp-content\/uploads\/sites\/2\/Haupt-Logo-Gruen-Blau-1-1163x528.png 1163w, https:\/\/casavi.com\/de\/wp-content\/uploads\/sites\/2\/Haupt-Logo-Gruen-Blau-1.png 1914w\" sizes=\"(max-width: 1024px) 100vw, 1024px\" \/><\/figure><\/div>\n\n\n\n<div class=\"acf-block-casavi-responsive-spacer clearfix has-space-xs-2 has-space-md-2\" id=\"block_f897e258097dbc617e135f2fd327794a\"><\/div>\n\n\n\n<p class=\"has-gray-0-color has-text-color has-link-color wp-elements-1a03239d94c7dd0cae28902e5bc877ed\"><\/p>\n<\/div><\/div>\n\n\n\n<div class=\"acf-block-casavi-responsive-spacer clearfix has-space-xs-2 has-space-md-2\" id=\"block_f897e258097dbc617e135f2fd327794a\"><\/div>\n\n\n\n<div class=\"acf-block-casavi-responsive-spacer clearfix has-space-xs-2 has-space-md-4\" id=\"block_56843b5f53dd806979ee8696760f1e1f\"><\/div>\n\n\n\n<div class=\"wp-block-media-text alignwide is-stacked-on-mobile has-casavi-box-shadow is-style-casavi-default is-style-border-radius\"><figure class=\"wp-block-media-text__media\"><img decoding=\"async\" width=\"1024\" height=\"529\" src=\"https:\/\/casavi.com\/de\/wp-content\/uploads\/sites\/2\/Gesamtprozess-3-1024x529.jpg\" alt=\"\" class=\"wp-image-65173 size-full\" srcset=\"https:\/\/casavi.com\/de\/wp-content\/uploads\/sites\/2\/Gesamtprozess-3-1024x529.jpg 1024w, https:\/\/casavi.com\/de\/wp-content\/uploads\/sites\/2\/Gesamtprozess-3-300x155.jpg 300w, https:\/\/casavi.com\/de\/wp-content\/uploads\/sites\/2\/Gesamtprozess-3-768x397.jpg 768w, https:\/\/casavi.com\/de\/wp-content\/uploads\/sites\/2\/Gesamtprozess-3-1536x794.jpg 1536w, https:\/\/casavi.com\/de\/wp-content\/uploads\/sites\/2\/Gesamtprozess-3-2048x1059.jpg 2048w, https:\/\/casavi.com\/de\/wp-content\/uploads\/sites\/2\/Gesamtprozess-3-480x248.jpg 480w, https:\/\/casavi.com\/de\/wp-content\/uploads\/sites\/2\/Gesamtprozess-3-1021x528.jpg 1021w\" sizes=\"(max-width: 1024px) 100vw, 1024px\" \/><\/figure><div class=\"wp-block-media-text__content\">\n<h3 class=\"wp-block-heading alignwide\" id=\"verwalterprozesse-schnell-effizient-und-digital-gestalten\">Ihre Vorteile mit oqio<\/h3>\n\n\n\n<ul class=\"wp-block-list\">\n<li><strong>Modern, digital, effizient: <\/strong>Modernes, vollst\u00e4ndig digitales Versicherungsmanagement \u2013 bereitgestellt durch Ihren Versicherungspartner.<\/li>\n\n\n\n<li><span style=\"color: var(--text-color);font-family: var(--font-family);font-size: var(--font-size-large-1);letter-spacing: var(--global-letter-spacing)\"><strong>Reduzierter Arbeitsaufwand: <\/strong>Versicherungsmanagement wird von m\u00fchsamen Abl\u00e4ufen zu einem reibungslosen Prozess.<\/span><\/li>\n\n\n\n<li><span style=\"color: var(--text-color);font-family: var(--font-family);font-size: var(--font-size-large-1);letter-spacing: var(--global-letter-spacing)\"><strong>Transparenz: <\/strong>Wohnungsunternehmen und Immobilienverwaltungen, Versicherung und Handwerk haben jederzeit den gleichen Blick auf jeden Schaden.<\/span><\/li>\n<\/ul>\n<\/div><\/div>\n\n\n\n<div class=\"acf-block-casavi-responsive-spacer clearfix has-space-xs-2 has-space-md-4\" id=\"block_56843b5f53dd806979ee8696760f1e1f\"><\/div>\n\n\n\n<div class=\"wp-block-group alignfull\"><div class=\"wp-block-group__inner-container is-layout-flow wp-block-group-is-layout-flow\">\n<div class=\"acf-block-casavi-responsive-spacer clearfix has-space-xs-2 has-space-md-4\" id=\"block_56843b5f53dd806979ee8696760f1e1f\"><\/div>\n\n\n\n<div class=\"acf-block-casavi-responsive-spacer clearfix has-space-xs-2 has-space-md-4\" id=\"block_56843b5f53dd806979ee8696760f1e1f\"><\/div>\n\n\n\n<div class=\"wp-block-columns alignwide is-layout-flex wp-container-core-columns-is-layout-9d6595d7 wp-block-columns-is-layout-flex\">\n<div class=\"wp-block-column is-layout-flow wp-block-column-is-layout-flow\">\n<div class=\"wp-block-group has-casavi-box-shadow has-horizontal-padding is-style-border-radius has-gray-0-background-color has-background\"><div class=\"wp-block-group__inner-container is-layout-flow wp-block-group-is-layout-flow\">\n<div class=\"acf-block-casavi-responsive-spacer clearfix has-space-xs-1\" id=\"block_c4f97c9bd623555c964d8ba999f2a7e7\"><\/div>\n\n\n\n<h3 class=\"wp-block-heading has-text-align-center\"><mark class=\"has-inline-color has-primary-300-color\">Informationen <\/mark>anfordern<\/h3>\n\n\n\n<div class=\"acf-block-casavi-iframe\" id=\"block_4513b413088c58f2cd981249b184885b\">\n\t\t<iframe\n\t\tclass=\"casavi-iframe js--casavi-iframe\"\n\t\tsrc=\"https:\/\/info.casavi.com\/l\/1001551\/2023-01-30\/6md1?Conversion_Page=pantaenius\"\n\t\theight=\"500\"\n\t\twidth=\"100%\"\n\t\ttype=\"text\/html\"\n\t\tframeborder=\"0\"\n\t\tallowtransparency=\"true\"\n\t><\/iframe>\n\t<\/div>\n\n\n\n<div class=\"acf-block-casavi-responsive-spacer clearfix has-space-xs-1\" id=\"block_c4f97c9bd623555c964d8ba999f2a7e7\"><\/div>\n<\/div><\/div>\n<\/div>\n\n\n\n<div class=\"wp-block-column is-layout-flow wp-block-column-is-layout-flow\">\n<h2 class=\"wp-block-heading\">Ihre <mark class=\"has-inline-color has-primary-300-color\">Vorteile <\/mark>der Schnittstelle<\/h2>\n\n\n\n<p>Mit der Schnittstelle von casavi und oqio profitieren Sie von einer nahtlosen Integration f\u00fcr ein effizienteres Schaden- und Vertragsmanagement \u2013 vollst\u00e4ndig digital und direkt in Ihrer gewohnten Arbeitsumgebung.<\/p>\n<\/div>\n<\/div>\n\n\n\n<div class=\"wp-block-columns alignwide is-layout-flex wp-container-core-columns-is-layout-9d6595d7 wp-block-columns-is-layout-flex\">\n<div class=\"wp-block-column is-vertically-aligned-center is-layout-flow wp-block-column-is-layout-flow\">\n<p><\/p>\n<\/div>\n\n\n\n<div class=\"wp-block-column is-vertically-aligned-center is-layout-flow wp-block-column-is-layout-flow\"><\/div>\n<\/div>\n\n\n\n<div class=\"acf-block-casavi-responsive-spacer clearfix has-space-xs-2 has-space-md-4\" id=\"block_56843b5f53dd806979ee8696760f1e1f\"><\/div>\n<\/div><\/div>\n\n\n\n<p>Lust, mehr \u00fcber casavi und unsere Schnittstellen zu erfahren? Dann kontaktieren Sie uns gerne.<\/p>\n\n\n\n<div class=\"wp-block-group alignfull\"><div class=\"wp-block-group__inner-container is-layout-constrained wp-block-group-is-layout-constrained\">\n<div class=\"acf-block-casavi-responsive-spacer clearfix has-space-xs-2 has-space-md-4\" id=\"block_56843b5f53dd806979ee8696760f1e1f\"><\/div>\n\n\n\n<p class=\"has-text-align-center has-primary-700-color has-text-color has-link-color wp-elements-86addffbb30249235587fe94a8edfbf2\" style=\"text-transform:uppercase\">IMMOBILIENMANAGEMENT mit casavi<\/p>\n\n\n\n<h2 class=\"wp-block-heading alignwide has-text-align-center\"><mark style=\"background-color:rgba(0, 0, 0, 0)\" class=\"has-inline-color has-primary-300-color\">Passende L\u00f6sungen<\/mark> f\u00fcr die Immobilienwirtschaft<\/h2>\n\n\n\n<div class=\"acf-block-casavi-responsive-spacer clearfix has-space-xs-2 has-space-md-4\" id=\"block_56843b5f53dd806979ee8696760f1e1f\"><\/div>\n\n\n\n<div class=\"wp-block-columns alignwide has-force-unified-height is-layout-flex wp-container-core-columns-is-layout-9d6595d7 wp-block-columns-is-layout-flex\">\n<div class=\"wp-block-column is-vertically-aligned-stretch is-layout-flow wp-block-column-is-layout-flow\">\n<div class=\"wp-block-group has-casavi-box-shadow is-style-border-radius has-gray-0-background-color has-background\"><div class=\"wp-block-group__inner-container is-layout-constrained wp-block-group-is-layout-constrained\">\n<div class=\"wp-block-group\"><div class=\"wp-block-group__inner-container is-layout-constrained wp-block-group-is-layout-constrained\"><div class=\"wp-block-image is-style-default\">\n<figure class=\"aligncenter size-full is-resized\"><img decoding=\"async\" width=\"2560\" height=\"1871\" src=\"https:\/\/casavi.com\/de\/wp-content\/uploads\/sites\/2\/WEG_hero_visual-3.png\" alt=\"\" class=\"wp-image-63509\" style=\"object-fit:cover;width:592px;height:auto\" srcset=\"https:\/\/casavi.com\/de\/wp-content\/uploads\/sites\/2\/WEG_hero_visual-3.png 2560w, https:\/\/casavi.com\/de\/wp-content\/uploads\/sites\/2\/WEG_hero_visual-3-300x219.png 300w, https:\/\/casavi.com\/de\/wp-content\/uploads\/sites\/2\/WEG_hero_visual-3-1024x748.png 1024w, https:\/\/casavi.com\/de\/wp-content\/uploads\/sites\/2\/WEG_hero_visual-3-768x561.png 768w, https:\/\/casavi.com\/de\/wp-content\/uploads\/sites\/2\/WEG_hero_visual-3-1536x1123.png 1536w, https:\/\/casavi.com\/de\/wp-content\/uploads\/sites\/2\/WEG_hero_visual-3-2048x1497.png 2048w, https:\/\/casavi.com\/de\/wp-content\/uploads\/sites\/2\/WEG_hero_visual-3-369x270.png 369w, https:\/\/casavi.com\/de\/wp-content\/uploads\/sites\/2\/WEG_hero_visual-3-722x528.png 722w\" sizes=\"(max-width: 2560px) 100vw, 2560px\" \/><\/figure>\n<\/div>\n\n\n<div class=\"acf-block-casavi-responsive-spacer clearfix has-space-xs-1 has-space-md-2\" id=\"block_19c06031232d864a283b3671ced33160\"><\/div>\n\n\n\n<h3 class=\"wp-block-heading\">Software f\u00fcr <br><mark style=\"background-color:rgba(0, 0, 0, 0)\" class=\"has-inline-color has-primary-300-color\">Hausverwalter<\/mark><\/h3>\n\n\n\n<p>Mit unserer Software gehen Sie mit Ihrer Hausverwaltung den n\u00e4chsten Schritt in der&nbsp;Digitalisierung&nbsp;Ihrer Gesch\u00e4ftsprozesse. Vereinfachen Sie interne Prozesse, nutzen Sie Synergien mit&nbsp;anderen Anwendungen&nbsp;und kommunizieren Sie&nbsp;transparent&nbsp;mit Kunden und&nbsp;Dienstleistern. Profitieren Sie von einer verbesserten Effizienz sowie Zeit- und Kostenersparnis.<\/p>\n\n\n\n<div class=\"wp-block-buttons is-content-justification-center is-layout-flex wp-container-core-buttons-is-layout-16018d1d wp-block-buttons-is-layout-flex\">\n<div class=\"wp-block-button is-style-arrow--right--no-background\"><a class=\"wp-block-button__link has-primary-700-color has-text-color has-link-color wp-element-button\" href=\"https:\/\/casavi.com\/de\/hausverwalter\/\">Mehr Informationen<\/a><\/div>\n<\/div>\n\n\n\n<div class=\"acf-block-casavi-responsive-spacer clearfix has-space-xs-1\" id=\"block_c4f97c9bd623555c964d8ba999f2a7e7\"><\/div>\n<\/div><\/div>\n<\/div><\/div>\n<\/div>\n\n\n\n<div class=\"wp-block-column is-vertically-aligned-stretch is-layout-flow wp-block-column-is-layout-flow\">\n<div class=\"wp-block-group\"><div class=\"wp-block-group__inner-container is-layout-constrained wp-block-group-is-layout-constrained\">\n<div class=\"wp-block-group has-casavi-box-shadow is-style-border-radius has-gray-0-background-color has-background\"><div class=\"wp-block-group__inner-container is-layout-constrained wp-block-group-is-layout-constrained\">\n<div class=\"wp-block-group\"><div class=\"wp-block-group__inner-container is-layout-constrained wp-block-group-is-layout-constrained\"><div class=\"wp-block-image is-style-default\">\n<figure class=\"aligncenter size-full\"><img loading=\"lazy\" decoding=\"async\" width=\"2560\" height=\"1871\" src=\"https:\/\/casavi.com\/de\/wp-content\/uploads\/sites\/2\/Wowi_hero_visual-2.png\" alt=\"\" class=\"wp-image-63510\" style=\"object-fit:cover\" srcset=\"https:\/\/casavi.com\/de\/wp-content\/uploads\/sites\/2\/\/Wowi_hero_visual-2.png 2560w, https:\/\/casavi.com\/de\/wp-content\/uploads\/sites\/2\/\/Wowi_hero_visual-2-300x219.png 300w, https:\/\/casavi.com\/de\/wp-content\/uploads\/sites\/2\/\/Wowi_hero_visual-2-1024x748.png 1024w, https:\/\/casavi.com\/de\/wp-content\/uploads\/sites\/2\/\/Wowi_hero_visual-2-768x561.png 768w, https:\/\/casavi.com\/de\/wp-content\/uploads\/sites\/2\/\/Wowi_hero_visual-2-1536x1123.png 1536w, https:\/\/casavi.com\/de\/wp-content\/uploads\/sites\/2\/\/Wowi_hero_visual-2-2048x1497.png 2048w, https:\/\/casavi.com\/de\/wp-content\/uploads\/sites\/2\/\/Wowi_hero_visual-2-369x270.png 369w, https:\/\/casavi.com\/de\/wp-content\/uploads\/sites\/2\/\/Wowi_hero_visual-2-722x528.png 722w\" sizes=\"(max-width: 2560px) 100vw, 2560px\" \/><\/figure>\n<\/div>\n\n\n<div class=\"acf-block-casavi-responsive-spacer clearfix has-space-xs-1 has-space-md-3\" id=\"block_285be6b5680ed19557ac2b8390e543cd\"><\/div>\n\n\n\n<h3 class=\"wp-block-heading\">Software f\u00fcr <mark style=\"background-color:rgba(0, 0, 0, 0)\" class=\"has-inline-color has-primary-300-color\">Wohnungsunternehmen<\/mark><\/h3>\n\n\n\n<p>casavi ist die zentrale Plattform f\u00fcr die Digitalisierung der Wohnungswirtschaft. Transparentes und automatisiertes Vorgangsmanagement, ein moderner Markenauftritt, elektronischer Briefversand und die Zentralisierung der Kommunikation innerhalb Ihrer Liegenschaften, sind die Grundlage unserer effizienten Software-L\u00f6sung.<\/p>\n\n\n\n<div class=\"wp-block-buttons is-content-justification-center is-layout-flex wp-container-core-buttons-is-layout-16018d1d wp-block-buttons-is-layout-flex\">\n<div class=\"wp-block-button is-style-arrow--right--no-background\"><a class=\"wp-block-button__link has-primary-700-color has-text-color has-link-color wp-element-button\" href=\"https:\/\/casavi.com\/de\/wohnungsunternehmen\/\">Mehr Informationen<\/a><\/div>\n<\/div>\n\n\n\n<div class=\"acf-block-casavi-responsive-spacer clearfix has-space-xs-1\" id=\"block_c4f97c9bd623555c964d8ba999f2a7e7\"><\/div>\n<\/div><\/div>\n<\/div><\/div>\n<\/div><\/div>\n<\/div>\n<\/div>\n\n\n\n<div class=\"acf-block-casavi-responsive-spacer clearfix has-space-xs-2 has-space-md-4\" id=\"block_56843b5f53dd806979ee8696760f1e1f\"><\/div>\n<\/div><\/div>\n\n\n\n<div class=\"wp-block-group alignfull has-gray-900-background-color has-background\"><div class=\"wp-block-group__inner-container is-layout-constrained wp-block-group-is-layout-constrained\">\n<div class=\"acf-block-casavi-responsive-spacer clearfix has-space-xs-2 has-space-md-4\" id=\"block_56843b5f53dd806979ee8696760f1e1f\"><\/div>\n\n\n\n<div class=\"wp-block-columns alignwide is-layout-flex wp-container-core-columns-is-layout-9d6595d7 wp-block-columns-is-layout-flex\">\n<div class=\"wp-block-column is-layout-flow wp-block-column-is-layout-flow\" style=\"flex-basis:60%\">\n<h2 class=\"wp-block-heading has-gray-0-color has-text-color has-link-color wp-elements-8f74ef99288387f8554e6325b0f06a8e\" id=\"newsletter\">Newsletter<\/h2>\n\n\n\n<p class=\"has-gray-0-color has-text-color has-link-color wp-elements-fd963ecf6111247f12d0b024e3b30236\">Jetzt zu unserem Newsletter anmelden! Wir halten Sie zu allen Themen rund um casavi sowie aktuellen Trends und Themen der Immobilienwirtschaft auf dem Laufenden.<\/p>\n<\/div>\n\n\n\n<div class=\"wp-block-column is-vertically-aligned-center is-layout-flow wp-block-column-is-layout-flow\" style=\"flex-basis:80%\">\n<div class=\"wp-block-group is-style-border-radius\"><div class=\"wp-block-group__inner-container is-layout-constrained wp-block-group-is-layout-constrained\">\n<div class=\"acf-block-casavi-iframe\" id=\"block_df10d0341712716697c475d25f7ac5df\">\n\t\t<iframe\n\t\tclass=\"casavi-iframe js--casavi-iframe\"\n\t\tsrc=\"https:\/\/info.casavi.com\/l\/1001551\/2022-10-19\/kwf\"\n\t\theight=\"170\"\n\t\twidth=\"100%\"\n\t\ttype=\"text\/html\"\n\t\tframeborder=\"0\"\n\t\tallowtransparency=\"true\"\n\t><\/iframe>\n\t<\/div>\n\n\n\n<div class=\"acf-block-casavi-responsive-spacer clearfix has-space-xs-2 has-space-md-2\" id=\"block_f897e258097dbc617e135f2fd327794a\"><\/div>\n<\/div><\/div>\n<\/div>\n<\/div>\n<\/div><\/div>\n\n\n\n<p><\/p>\n","protected":false},"excerpt":{"rendered":"<p>Schnittstelle Versicherungsbetrieb und Immobilienwirtschaft verbinden oqio ist Deutschlands f\u00fchrende Cloudl\u00f6sung f\u00fcr das Versicherungsmanagement von Immobilienbest\u00e4nden. Die Plattform bietet eine reibungslose [&hellip;]<\/p>\n","protected":false},"author":45,"featured_media":0,"parent":0,"menu_order":0,"comment_status":"closed","ping_status":"closed","template":"","meta":{"_acf_changed":false,"_trash_the_other_posts":false,"editor_notices":[],"footnotes":""},"class_list":["post-65171","page","type-page","status-publish","hentry"],"acf":[],"yoast_head":"<!-- This site is optimized with the Yoast SEO plugin v27.4 - https:\/\/yoast.com\/product\/yoast-seo-wordpress\/ -->\n<title>Versicherungsmanagement in der Immobilienwirtschaft<\/title>\n<meta name=\"description\" content=\"oqio und casavi: Mit dieser Schnittstelle k\u00f6nnen Sie zwei L\u00f6sungen kombinieren und doppelt profitieren! Erfahren Sie jetzt mehr.\" \/>\n<meta name=\"robots\" content=\"index, follow, max-snippet:-1, max-image-preview:large, max-video-preview:-1\" \/>\n<link rel=\"canonical\" href=\"https:\/\/casavi.com\/de\/oqio\/\" \/>\n<meta property=\"og:locale\" content=\"de_DE\" \/>\n<meta property=\"og:type\" content=\"article\" \/>\n<meta property=\"og:title\" content=\"Versicherungsmanagement in der Immobilienwirtschaft\" \/>\n<meta property=\"og:description\" content=\"oqio und casavi: Mit dieser Schnittstelle k\u00f6nnen Sie zwei L\u00f6sungen kombinieren und doppelt profitieren! Erfahren Sie jetzt mehr.\" \/>\n<meta property=\"og:url\" content=\"https:\/\/casavi.com\/de\/oqio\/\" \/>\n<meta property=\"og:site_name\" content=\"DE - casavi.com\/de\" \/>\n<meta property=\"article:publisher\" content=\"https:\/\/www.facebook.com\/mycasavi\/\" \/>\n<meta property=\"article:modified_time\" content=\"2026-02-24T08:36:13+00:00\" \/>\n<meta property=\"og:image\" content=\"https:\/\/casavi.com\/de\/wp-content\/uploads\/sites\/2\/Haupt-Logo-Gruen-Blau-1.png\" \/>\n\t<meta property=\"og:image:width\" content=\"1914\" \/>\n\t<meta property=\"og:image:height\" content=\"869\" \/>\n\t<meta property=\"og:image:type\" content=\"image\/png\" \/>\n<meta name=\"twitter:card\" content=\"summary_large_image\" \/>\n<meta name=\"twitter:label1\" content=\"Gesch\u00e4tzte Lesezeit\" \/>\n\t<meta name=\"twitter:data1\" content=\"4\u00a0Minuten\" \/>\n<script type=\"application\/ld+json\" class=\"yoast-schema-graph\">{\"@context\":\"https:\\\/\\\/schema.org\",\"@graph\":[{\"@type\":\"WebPage\",\"@id\":\"https:\\\/\\\/casavi.com\\\/de\\\/oqio\\\/\",\"url\":\"https:\\\/\\\/casavi.com\\\/de\\\/oqio\\\/\",\"name\":\"Versicherungsmanagement in der Immobilienwirtschaft\",\"isPartOf\":{\"@id\":\"https:\\\/\\\/casavi.com\\\/de\\\/#website\"},\"primaryImageOfPage\":{\"@id\":\"https:\\\/\\\/casavi.com\\\/de\\\/oqio\\\/#primaryimage\"},\"image\":{\"@id\":\"https:\\\/\\\/casavi.com\\\/de\\\/oqio\\\/#primaryimage\"},\"thumbnailUrl\":\"https:\\\/\\\/casavi.com\\\/de\\\/wp-content\\\/uploads\\\/sites\\\/2\\\/Haupt-Logo-Gruen-Blau-1-1024x465.png\",\"datePublished\":\"2025-02-27T08:00:00+00:00\",\"dateModified\":\"2026-02-24T08:36:13+00:00\",\"description\":\"oqio und casavi: Mit dieser Schnittstelle k\u00f6nnen Sie zwei L\u00f6sungen kombinieren und doppelt profitieren! Erfahren Sie jetzt mehr.\",\"breadcrumb\":{\"@id\":\"https:\\\/\\\/casavi.com\\\/de\\\/oqio\\\/#breadcrumb\"},\"inLanguage\":\"de\",\"potentialAction\":[{\"@type\":\"ReadAction\",\"target\":[\"https:\\\/\\\/casavi.com\\\/de\\\/oqio\\\/\"]}]},{\"@type\":\"ImageObject\",\"inLanguage\":\"de\",\"@id\":\"https:\\\/\\\/casavi.com\\\/de\\\/oqio\\\/#primaryimage\",\"url\":\"https:\\\/\\\/casavi.com\\\/de\\\/wp-content\\\/uploads\\\/sites\\\/2\\\/Haupt-Logo-Gruen-Blau-1.png\",\"contentUrl\":\"https:\\\/\\\/casavi.com\\\/de\\\/wp-content\\\/uploads\\\/sites\\\/2\\\/Haupt-Logo-Gruen-Blau-1.png\",\"width\":1914,\"height\":869},{\"@type\":\"BreadcrumbList\",\"@id\":\"https:\\\/\\\/casavi.com\\\/de\\\/oqio\\\/#breadcrumb\",\"itemListElement\":[{\"@type\":\"ListItem\",\"position\":1,\"name\":\"Startseite\",\"item\":\"https:\\\/\\\/casavi.com\\\/de\\\/\"},{\"@type\":\"ListItem\",\"position\":2,\"name\":\"casavi und oqio\"}]},{\"@type\":\"WebSite\",\"@id\":\"https:\\\/\\\/casavi.com\\\/de\\\/#website\",\"url\":\"https:\\\/\\\/casavi.com\\\/de\\\/\",\"name\":\"DE - casavi.com\\\/de\",\"description\":\"Vernetzt arbeiten | Einfach verwalten\",\"potentialAction\":[{\"@type\":\"SearchAction\",\"target\":{\"@type\":\"EntryPoint\",\"urlTemplate\":\"https:\\\/\\\/casavi.com\\\/de\\\/?s={search_term_string}\"},\"query-input\":{\"@type\":\"PropertyValueSpecification\",\"valueRequired\":true,\"valueName\":\"search_term_string\"}}],\"inLanguage\":\"de\"}]}<\/script>\n<!-- \/ Yoast SEO plugin. -->","yoast_head_json":{"title":"Versicherungsmanagement in der Immobilienwirtschaft","description":"oqio und casavi: Mit dieser Schnittstelle k\u00f6nnen Sie zwei L\u00f6sungen kombinieren und doppelt profitieren! Erfahren Sie jetzt mehr.","robots":{"index":"index","follow":"follow","max-snippet":"max-snippet:-1","max-image-preview":"max-image-preview:large","max-video-preview":"max-video-preview:-1"},"canonical":"https:\/\/casavi.com\/de\/oqio\/","og_locale":"de_DE","og_type":"article","og_title":"Versicherungsmanagement in der Immobilienwirtschaft","og_description":"oqio und casavi: Mit dieser Schnittstelle k\u00f6nnen Sie zwei L\u00f6sungen kombinieren und doppelt profitieren! Erfahren Sie jetzt mehr.","og_url":"https:\/\/casavi.com\/de\/oqio\/","og_site_name":"DE - casavi.com\/de","article_publisher":"https:\/\/www.facebook.com\/mycasavi\/","article_modified_time":"2026-02-24T08:36:13+00:00","og_image":[{"width":1914,"height":869,"url":"https:\/\/casavi.com\/de\/wp-content\/uploads\/sites\/2\/Haupt-Logo-Gruen-Blau-1.png","type":"image\/png"}],"twitter_card":"summary_large_image","twitter_misc":{"Gesch\u00e4tzte Lesezeit":"4\u00a0Minuten"},"schema":{"@context":"https:\/\/schema.org","@graph":[{"@type":"WebPage","@id":"https:\/\/casavi.com\/de\/oqio\/","url":"https:\/\/casavi.com\/de\/oqio\/","name":"Versicherungsmanagement in der Immobilienwirtschaft","isPartOf":{"@id":"https:\/\/casavi.com\/de\/#website"},"primaryImageOfPage":{"@id":"https:\/\/casavi.com\/de\/oqio\/#primaryimage"},"image":{"@id":"https:\/\/casavi.com\/de\/oqio\/#primaryimage"},"thumbnailUrl":"https:\/\/casavi.com\/de\/wp-content\/uploads\/sites\/2\/Haupt-Logo-Gruen-Blau-1-1024x465.png","datePublished":"2025-02-27T08:00:00+00:00","dateModified":"2026-02-24T08:36:13+00:00","description":"oqio und casavi: Mit dieser Schnittstelle k\u00f6nnen Sie zwei L\u00f6sungen kombinieren und doppelt profitieren! Erfahren Sie jetzt mehr.","breadcrumb":{"@id":"https:\/\/casavi.com\/de\/oqio\/#breadcrumb"},"inLanguage":"de","potentialAction":[{"@type":"ReadAction","target":["https:\/\/casavi.com\/de\/oqio\/"]}]},{"@type":"ImageObject","inLanguage":"de","@id":"https:\/\/casavi.com\/de\/oqio\/#primaryimage","url":"https:\/\/casavi.com\/de\/wp-content\/uploads\/sites\/2\/Haupt-Logo-Gruen-Blau-1.png","contentUrl":"https:\/\/casavi.com\/de\/wp-content\/uploads\/sites\/2\/Haupt-Logo-Gruen-Blau-1.png","width":1914,"height":869},{"@type":"BreadcrumbList","@id":"https:\/\/casavi.com\/de\/oqio\/#breadcrumb","itemListElement":[{"@type":"ListItem","position":1,"name":"Startseite","item":"https:\/\/casavi.com\/de\/"},{"@type":"ListItem","position":2,"name":"casavi und oqio"}]},{"@type":"WebSite","@id":"https:\/\/casavi.com\/de\/#website","url":"https:\/\/casavi.com\/de\/","name":"DE - casavi.com\/de","description":"Vernetzt arbeiten | Einfach verwalten","potentialAction":[{"@type":"SearchAction","target":{"@type":"EntryPoint","urlTemplate":"https:\/\/casavi.com\/de\/?s={search_term_string}"},"query-input":{"@type":"PropertyValueSpecification","valueRequired":true,"valueName":"search_term_string"}}],"inLanguage":"de"}]}},"_links":{"self":[{"href":"https:\/\/casavi.com\/de\/wp-json\/wp\/v2\/pages\/65171","targetHints":{"allow":["GET"]}}],"collection":[{"href":"https:\/\/casavi.com\/de\/wp-json\/wp\/v2\/pages"}],"about":[{"href":"https:\/\/casavi.com\/de\/wp-json\/wp\/v2\/types\/page"}],"author":[{"embeddable":true,"href":"https:\/\/casavi.com\/de\/wp-json\/wp\/v2\/users\/45"}],"replies":[{"embeddable":true,"href":"https:\/\/casavi.com\/de\/wp-json\/wp\/v2\/comments?post=65171"}],"version-history":[{"count":1,"href":"https:\/\/casavi.com\/de\/wp-json\/wp\/v2\/pages\/65171\/revisions"}],"predecessor-version":[{"id":69396,"href":"https:\/\/casavi.com\/de\/wp-json\/wp\/v2\/pages\/65171\/revisions\/69396"}],"wp:attachment":[{"href":"https:\/\/casavi.com\/de\/wp-json\/wp\/v2\/media?parent=65171"}],"curies":[{"name":"wp","href":"https:\/\/api.w.org\/{rel}","templated":true}]}}