{"id":66311,"date":"2025-08-01T08:55:28","date_gmt":"2025-08-01T06:55:28","guid":{"rendered":"https:\/\/casavi.com\/de\/?page_id=66311"},"modified":"2025-08-19T09:20:13","modified_gmt":"2025-08-19T07:20:13","slug":"upsell-casavi-customer-deals-august-2025-st","status":"publish","type":"page","link":"https:\/\/casavi.com\/de\/upsell-casavi-customer-deals-august-2025-st\/","title":{"rendered":"Upsell | casavi customer deals | August 2025 | ST"},"content":{"rendered":"\n<div class=\"acf-block-casavi-responsive-spacer clearfix has-space-xs-1 has-space-md-2\" id=\"block_f2b65d6a45af562701c711211cc583df\"><\/div>\n\n\n\n<div class=\"wp-block-media-text alignwide has-media-on-the-right is-stacked-on-mobile casavi-grid-65-35 is-style-border-radius\" style=\"grid-template-columns:auto 46%\"><div class=\"wp-block-media-text__content\">\n<p><\/p>\n\n\n\n<h2 class=\"wp-block-heading\"><mark class=\"has-inline-color has-primary-300-color\">Neue Mitarbeitende<\/mark> <br>und viele offene Aufgaben?<\/h2>\n\n\n\n<p><strong>Wir machen Ihnen das Onboarding leicht \u2013 mit 3 Monaten gratis f\u00fcr neue Lizenzen<\/strong><\/p>\n\n\n\n<p>August bedeutet: Urlaubszeit, Teamwechsel, Einarbeitung. Gerade jetzt neue Kollegen ins System zu bringen, kostet Zeit und Nerven \u2013 vor allem, wenn Lizenzen fehlen oder Budget freigegeben werden muss. Wir helfen Ihnen, den Einstieg stressfrei zu gestalten:<\/p>\n\n\n\n<p><strong>JETZT NEU UND <mark class=\"has-inline-color has-primary-300-color\">NUR IM AUGUST:<\/mark><\/strong><br>Neue casavi Mitarbeiterlizenzen buchen und erst nach drei Monaten zahlen. Damit Ihr Team auch im Sommer entlastet bleibt und Ihre Kunden bestens betreut sind.<\/p>\n\n\n\n<div class=\"wp-block-buttons is-layout-flex wp-block-buttons-is-layout-flex\">\n<div class=\"wp-block-button is-style-arrow--right\"><a class=\"wp-block-button__link wp-element-button\" href=\"#formular\">Zum Angebot<\/a><\/div>\n<\/div>\n<\/div><figure class=\"wp-block-media-text__media\"><img fetchpriority=\"high\" decoding=\"async\" width=\"1024\" height=\"768\" src=\"https:\/\/casavi.com\/de\/wp-content\/uploads\/sites\/2\/WIP-Flashsale-August-2025-1024x768.png\" alt=\"\" class=\"wp-image-67326 size-full\" srcset=\"https:\/\/casavi.com\/de\/wp-content\/uploads\/sites\/2\/WIP-Flashsale-August-2025-1024x768.png 1024w, https:\/\/casavi.com\/de\/wp-content\/uploads\/sites\/2\/WIP-Flashsale-August-2025-300x225.png 300w, https:\/\/casavi.com\/de\/wp-content\/uploads\/sites\/2\/WIP-Flashsale-August-2025-768x576.png 768w, https:\/\/casavi.com\/de\/wp-content\/uploads\/sites\/2\/WIP-Flashsale-August-2025-360x270.png 360w, https:\/\/casavi.com\/de\/wp-content\/uploads\/sites\/2\/WIP-Flashsale-August-2025-704x528.png 704w, https:\/\/casavi.com\/de\/wp-content\/uploads\/sites\/2\/WIP-Flashsale-August-2025.png 1200w\" sizes=\"(max-width: 1024px) 100vw, 1024px\" \/><\/figure><\/div>\n\n\n\n<div class=\"acf-block-casavi-responsive-spacer clearfix has-space-xs-2 has-space-md-4\" id=\"block_47abf60724e3079a652d5f13dd5451be\"><\/div>\n\n\n\n<h2 class=\"wp-block-heading has-text-align-center\">Unser <mark class=\"has-inline-color has-primary-300-color\">Angebot<\/mark><\/h2>\n\n\n\n<div class=\"acf-block-casavi-responsive-spacer clearfix has-space-xs-1 has-space-md-2\" id=\"block_f2b65d6a45af562701c711211cc583df\"><\/div>\n\n\n\n<div class=\"wp-block-columns alignwide is-layout-flex wp-container-core-columns-is-layout-9d6595d7 wp-block-columns-is-layout-flex\">\n<div class=\"wp-block-column is-layout-flow wp-block-column-is-layout-flow\">\n<div class=\"wp-block-group alignwide has-horizontal-padding has-casavi-box-shadow is-style-border-radius has-gray-0-background-color has-background\"><div class=\"wp-block-group__inner-container is-layout-constrained wp-block-group-is-layout-constrained\">\n<div class=\"acf-block-casavi-responsive-spacer clearfix has-space-xs-1 has-space-sm-1 has-space-md-3 has-space-lg-3\" id=\"block_6b5110c672a274f2fe2af3dbbffa16e6\"><\/div>\n\n\n\n<div id=\"formular\"><\/div>\n\n\n\n<h3 class=\"wp-block-heading alignfull has-text-align-center\">Buchen Sie Ihre neuen<br><mark class=\"has-inline-color has-primary-300-color\">casavi Mitarbeiterlizenzen!<\/mark><\/h3>\n\n\n\n<div class=\"acf-block-casavi-iframe\" id=\"block_f86133e4789863ee0635b003720a7ec9\">\n\t\t<iframe\n\t\tclass=\"casavi-iframe js--casavi-iframe\"\n\t\tsrc=\"https:\/\/info.casavi.com\/l\/1001551\/2025-07-10\/3p46n\"\n\t\theight=\"550\"\n\t\twidth=\"100%\"\n\t\ttype=\"text\/html\"\n\t\tframeborder=\"0\"\n\t\tallowtransparency=\"true\"\n\t><\/iframe>\n\t<\/div>\n\n\n\n<div class=\"acf-block-casavi-responsive-spacer clearfix has-space-xs-1 has-space-sm-1 has-space-md-3 has-space-lg-3 has-space-xl-3\" id=\"block_a970d107e36c599e4107bb93c58187ef\"><\/div>\n<\/div><\/div>\n<\/div>\n\n\n\n<div class=\"wp-block-column is-layout-flow wp-block-column-is-layout-flow\" style=\"flex-basis:3%\"><\/div>\n\n\n\n<div class=\"wp-block-column is-layout-flow wp-block-column-is-layout-flow\" style=\"flex-basis:40%\">\n<p>Buchen Sie vom <strong>19. bis zum 29. August 2025<\/strong> neue Mitarbeiterlizenzen und sichern Sie sich 3 kostenfreie Monate.<\/p>\n\n\n\n<p><strong>Ihre Vorteile:<\/strong><\/p>\n\n\n\n<div class=\"wp-block-group\"><div class=\"wp-block-group__inner-container is-layout-flow wp-block-group-is-layout-flow\">\n<ul class=\"wp-block-list is-style-casavi-checklist\">\n<li>Ab Buchung drei kostenfreie Monate f\u00fcr zus\u00e4tzliche casavi Mitarbeiterlizenzen *<\/li>\n\n\n\n<li>Zeit f\u00fcr das Onboarding neuer Kollegen<\/li>\n\n\n\n<li>Optimaler Start f\u00fcr neue Mitarbeitende mit <a href=\"https:\/\/hilfe.mycasavi.com\/de-form\/\" target=\"_blank\" rel=\"noreferrer noopener\">Onboarding Videos<\/a> und <a href=\"https:\/\/hilfe.mycasavi.com\/de-form\/\" target=\"_blank\" rel=\"noreferrer noopener\">Hilfeartikel<\/a><\/li>\n<\/ul>\n<\/div><\/div>\n\n\n\n<p class=\"alignwide has-text-align-wide\">Jetzt das Formular ausf\u00fcllen, neue Lizenzen sichern und stressfrei durch den Herbst starten.<br><br>Bei R\u00fcckfragen zur Aktion wenden Sie sich bitte per E-Mail an <a href=\"mailto:upgrade@casavi.de\">upgrade@casavi.de<\/a>.<br><\/p>\n<\/div>\n<\/div>\n\n\n\n<div class=\"acf-block-casavi-responsive-spacer clearfix has-space-xs-2 has-space-md-4\" id=\"block_47abf60724e3079a652d5f13dd5451be\"><\/div>\n\n\n\n<div class=\"wp-block-group alignwide has-horizontal-padding is-style-border-radius has-secondary-300-background-color has-background\"><div class=\"wp-block-group__inner-container is-layout-constrained wp-block-group-is-layout-constrained\">\n<div class=\"acf-block-casavi-responsive-spacer clearfix has-space-xs-1 has-space-sm-2 has-space-md-3 has-space-lg-3 has-space-xl-2 has-space-xxl-2\" id=\"block_7742ba264fbcc4062ef5c80c2be79024\"><\/div>\n\n\n\n<h4 class=\"wp-block-heading alignwide\">Was sind Mitarbeiterlizenzen?<\/h4>\n\n\n\n<p class=\"alignwide has-text-align-wide has-medium-font-size\">Mitarbeiterlizenzen (SmartTask Lizenzen) erm\u00f6glichen Ihren Teamkollegen den Zugriff auf die Verwalteransicht von casavi. Buchen Sie neue Mitarbeiterlizenzen, wenn Sie k\u00fcnftig weitere Kollegen als Mitarbeitende in casavi anlegen m\u00f6chten.<\/p>\n\n\n\n<div class=\"acf-block-casavi-responsive-spacer clearfix has-space-xs-1 has-space-sm-2 has-space-md-3 has-space-lg-3 has-space-xl-2 has-space-xxl-2\" id=\"block_7742ba264fbcc4062ef5c80c2be79024\"><\/div>\n<\/div><\/div>\n\n\n\n<p class=\"alignwide has-text-align-wide has-small-font-size\">* Ab dem vierten Monat Kosten der zus\u00e4tzlichen Lizenzen gem\u00e4\u00df Ihrer Konditionen.<\/p>\n\n\n\n<div style=\"height:100px\" aria-hidden=\"true\" class=\"wp-block-spacer\"><\/div>\n","protected":false},"excerpt":{"rendered":"<p>Unser Angebot Buchen Sie Ihre neuencasavi Mitarbeiterlizenzen! Buchen Sie vom 19. bis zum 29. August 2025 neue Mitarbeiterlizenzen und sichern [&hellip;]<\/p>\n","protected":false},"author":19,"featured_media":0,"parent":0,"menu_order":0,"comment_status":"closed","ping_status":"closed","template":"","meta":{"_acf_changed":false,"_trash_the_other_posts":false,"editor_notices":[],"footnotes":""},"class_list":["post-66311","page","type-page","status-publish","hentry"],"acf":[],"yoast_head":"<!-- This site is optimized with the Yoast SEO plugin v27.5 - https:\/\/yoast.com\/product\/yoast-seo-wordpress\/ -->\n<title>casavi Customer Deals: Mitarbeiterlizenzen f\u00fcr 3 Monate kostenfrei<\/title>\n<meta name=\"description\" content=\"Zeit f\u00fcr mehr digitale Teampower! Sichern Sie sich neue Mitarbeiterlizenzen und f\u00fcgen Sie Ihre (neuen) Kolleg:innen in casavi hinzu!\" \/>\n<meta name=\"robots\" content=\"index, follow, max-snippet:-1, max-image-preview:large, max-video-preview:-1\" \/>\n<link rel=\"canonical\" href=\"https:\/\/casavi.com\/de\/upsell-casavi-customer-deals-august-2025-st\/\" \/>\n<meta property=\"og:locale\" content=\"de_DE\" \/>\n<meta property=\"og:type\" content=\"article\" \/>\n<meta property=\"og:title\" content=\"casavi Customer Deals: Mitarbeiterlizenzen f\u00fcr 3 Monate kostenfrei\" \/>\n<meta property=\"og:description\" content=\"Zeit f\u00fcr mehr digitale Teampower! Sichern Sie sich neue Mitarbeiterlizenzen und f\u00fcgen Sie Ihre (neuen) Kolleg:innen in casavi hinzu!\" \/>\n<meta property=\"og:url\" content=\"https:\/\/casavi.com\/de\/upsell-casavi-customer-deals-august-2025-st\/\" \/>\n<meta property=\"og:site_name\" content=\"DE - casavi.com\/de\" \/>\n<meta property=\"article:publisher\" content=\"https:\/\/www.facebook.com\/mycasavi\/\" \/>\n<meta property=\"article:modified_time\" content=\"2025-08-19T07:20:13+00:00\" \/>\n<meta property=\"og:image\" content=\"https:\/\/casavi.com\/de\/wp-content\/uploads\/sites\/2\/WIP-Flashsale-August-2025.png\" \/>\n\t<meta property=\"og:image:width\" content=\"1200\" \/>\n\t<meta property=\"og:image:height\" content=\"900\" \/>\n\t<meta property=\"og:image:type\" content=\"image\/png\" \/>\n<meta name=\"twitter:card\" content=\"summary_large_image\" \/>\n<meta name=\"twitter:label1\" content=\"Gesch\u00e4tzte Lesezeit\" \/>\n\t<meta name=\"twitter:data1\" content=\"2\u00a0Minuten\" \/>\n<script type=\"application\/ld+json\" class=\"yoast-schema-graph\">{\"@context\":\"https:\\\/\\\/schema.org\",\"@graph\":[{\"@type\":\"WebPage\",\"@id\":\"https:\\\/\\\/casavi.com\\\/de\\\/upsell-casavi-customer-deals-august-2025-st\\\/\",\"url\":\"https:\\\/\\\/casavi.com\\\/de\\\/upsell-casavi-customer-deals-august-2025-st\\\/\",\"name\":\"casavi Customer Deals: Mitarbeiterlizenzen f\u00fcr 3 Monate kostenfrei\",\"isPartOf\":{\"@id\":\"https:\\\/\\\/casavi.com\\\/de\\\/#website\"},\"primaryImageOfPage\":{\"@id\":\"https:\\\/\\\/casavi.com\\\/de\\\/upsell-casavi-customer-deals-august-2025-st\\\/#primaryimage\"},\"image\":{\"@id\":\"https:\\\/\\\/casavi.com\\\/de\\\/upsell-casavi-customer-deals-august-2025-st\\\/#primaryimage\"},\"thumbnailUrl\":\"https:\\\/\\\/casavi.com\\\/de\\\/wp-content\\\/uploads\\\/sites\\\/2\\\/WIP-Flashsale-August-2025-1024x768.png\",\"datePublished\":\"2025-08-01T06:55:28+00:00\",\"dateModified\":\"2025-08-19T07:20:13+00:00\",\"description\":\"Zeit f\u00fcr mehr digitale Teampower! Sichern Sie sich neue Mitarbeiterlizenzen und f\u00fcgen Sie Ihre (neuen) Kolleg:innen in casavi hinzu!\",\"breadcrumb\":{\"@id\":\"https:\\\/\\\/casavi.com\\\/de\\\/upsell-casavi-customer-deals-august-2025-st\\\/#breadcrumb\"},\"inLanguage\":\"de\",\"potentialAction\":[{\"@type\":\"ReadAction\",\"target\":[\"https:\\\/\\\/casavi.com\\\/de\\\/upsell-casavi-customer-deals-august-2025-st\\\/\"]}]},{\"@type\":\"ImageObject\",\"inLanguage\":\"de\",\"@id\":\"https:\\\/\\\/casavi.com\\\/de\\\/upsell-casavi-customer-deals-august-2025-st\\\/#primaryimage\",\"url\":\"https:\\\/\\\/casavi.com\\\/de\\\/wp-content\\\/uploads\\\/sites\\\/2\\\/WIP-Flashsale-August-2025.png\",\"contentUrl\":\"https:\\\/\\\/casavi.com\\\/de\\\/wp-content\\\/uploads\\\/sites\\\/2\\\/WIP-Flashsale-August-2025.png\",\"width\":1200,\"height\":900},{\"@type\":\"BreadcrumbList\",\"@id\":\"https:\\\/\\\/casavi.com\\\/de\\\/upsell-casavi-customer-deals-august-2025-st\\\/#breadcrumb\",\"itemListElement\":[{\"@type\":\"ListItem\",\"position\":1,\"name\":\"Startseite\",\"item\":\"https:\\\/\\\/casavi.com\\\/de\\\/\"},{\"@type\":\"ListItem\",\"position\":2,\"name\":\"Upsell | casavi customer deals | August 2025 | ST\"}]},{\"@type\":\"WebSite\",\"@id\":\"https:\\\/\\\/casavi.com\\\/de\\\/#website\",\"url\":\"https:\\\/\\\/casavi.com\\\/de\\\/\",\"name\":\"DE - casavi.com\\\/de\",\"description\":\"Vernetzt arbeiten | Einfach verwalten\",\"potentialAction\":[{\"@type\":\"SearchAction\",\"target\":{\"@type\":\"EntryPoint\",\"urlTemplate\":\"https:\\\/\\\/casavi.com\\\/de\\\/?s={search_term_string}\"},\"query-input\":{\"@type\":\"PropertyValueSpecification\",\"valueRequired\":true,\"valueName\":\"search_term_string\"}}],\"inLanguage\":\"de\"}]}<\/script>\n<!-- \/ Yoast SEO plugin. -->","yoast_head_json":{"title":"casavi Customer Deals: Mitarbeiterlizenzen f\u00fcr 3 Monate kostenfrei","description":"Zeit f\u00fcr mehr digitale Teampower! Sichern Sie sich neue Mitarbeiterlizenzen und f\u00fcgen Sie Ihre (neuen) Kolleg:innen in casavi hinzu!","robots":{"index":"index","follow":"follow","max-snippet":"max-snippet:-1","max-image-preview":"max-image-preview:large","max-video-preview":"max-video-preview:-1"},"canonical":"https:\/\/casavi.com\/de\/upsell-casavi-customer-deals-august-2025-st\/","og_locale":"de_DE","og_type":"article","og_title":"casavi Customer Deals: Mitarbeiterlizenzen f\u00fcr 3 Monate kostenfrei","og_description":"Zeit f\u00fcr mehr digitale Teampower! Sichern Sie sich neue Mitarbeiterlizenzen und f\u00fcgen Sie Ihre (neuen) Kolleg:innen in casavi hinzu!","og_url":"https:\/\/casavi.com\/de\/upsell-casavi-customer-deals-august-2025-st\/","og_site_name":"DE - casavi.com\/de","article_publisher":"https:\/\/www.facebook.com\/mycasavi\/","article_modified_time":"2025-08-19T07:20:13+00:00","og_image":[{"width":1200,"height":900,"url":"https:\/\/casavi.com\/de\/wp-content\/uploads\/sites\/2\/WIP-Flashsale-August-2025.png","type":"image\/png"}],"twitter_card":"summary_large_image","twitter_misc":{"Gesch\u00e4tzte Lesezeit":"2\u00a0Minuten"},"schema":{"@context":"https:\/\/schema.org","@graph":[{"@type":"WebPage","@id":"https:\/\/casavi.com\/de\/upsell-casavi-customer-deals-august-2025-st\/","url":"https:\/\/casavi.com\/de\/upsell-casavi-customer-deals-august-2025-st\/","name":"casavi Customer Deals: Mitarbeiterlizenzen f\u00fcr 3 Monate kostenfrei","isPartOf":{"@id":"https:\/\/casavi.com\/de\/#website"},"primaryImageOfPage":{"@id":"https:\/\/casavi.com\/de\/upsell-casavi-customer-deals-august-2025-st\/#primaryimage"},"image":{"@id":"https:\/\/casavi.com\/de\/upsell-casavi-customer-deals-august-2025-st\/#primaryimage"},"thumbnailUrl":"https:\/\/casavi.com\/de\/wp-content\/uploads\/sites\/2\/WIP-Flashsale-August-2025-1024x768.png","datePublished":"2025-08-01T06:55:28+00:00","dateModified":"2025-08-19T07:20:13+00:00","description":"Zeit f\u00fcr mehr digitale Teampower! Sichern Sie sich neue Mitarbeiterlizenzen und f\u00fcgen Sie Ihre (neuen) Kolleg:innen in casavi hinzu!","breadcrumb":{"@id":"https:\/\/casavi.com\/de\/upsell-casavi-customer-deals-august-2025-st\/#breadcrumb"},"inLanguage":"de","potentialAction":[{"@type":"ReadAction","target":["https:\/\/casavi.com\/de\/upsell-casavi-customer-deals-august-2025-st\/"]}]},{"@type":"ImageObject","inLanguage":"de","@id":"https:\/\/casavi.com\/de\/upsell-casavi-customer-deals-august-2025-st\/#primaryimage","url":"https:\/\/casavi.com\/de\/wp-content\/uploads\/sites\/2\/WIP-Flashsale-August-2025.png","contentUrl":"https:\/\/casavi.com\/de\/wp-content\/uploads\/sites\/2\/WIP-Flashsale-August-2025.png","width":1200,"height":900},{"@type":"BreadcrumbList","@id":"https:\/\/casavi.com\/de\/upsell-casavi-customer-deals-august-2025-st\/#breadcrumb","itemListElement":[{"@type":"ListItem","position":1,"name":"Startseite","item":"https:\/\/casavi.com\/de\/"},{"@type":"ListItem","position":2,"name":"Upsell | casavi customer deals | August 2025 | ST"}]},{"@type":"WebSite","@id":"https:\/\/casavi.com\/de\/#website","url":"https:\/\/casavi.com\/de\/","name":"DE - casavi.com\/de","description":"Vernetzt arbeiten | Einfach verwalten","potentialAction":[{"@type":"SearchAction","target":{"@type":"EntryPoint","urlTemplate":"https:\/\/casavi.com\/de\/?s={search_term_string}"},"query-input":{"@type":"PropertyValueSpecification","valueRequired":true,"valueName":"search_term_string"}}],"inLanguage":"de"}]}},"_links":{"self":[{"href":"https:\/\/casavi.com\/de\/wp-json\/wp\/v2\/pages\/66311","targetHints":{"allow":["GET"]}}],"collection":[{"href":"https:\/\/casavi.com\/de\/wp-json\/wp\/v2\/pages"}],"about":[{"href":"https:\/\/casavi.com\/de\/wp-json\/wp\/v2\/types\/page"}],"author":[{"embeddable":true,"href":"https:\/\/casavi.com\/de\/wp-json\/wp\/v2\/users\/19"}],"replies":[{"embeddable":true,"href":"https:\/\/casavi.com\/de\/wp-json\/wp\/v2\/comments?post=66311"}],"version-history":[{"count":2,"href":"https:\/\/casavi.com\/de\/wp-json\/wp\/v2\/pages\/66311\/revisions"}],"predecessor-version":[{"id":67429,"href":"https:\/\/casavi.com\/de\/wp-json\/wp\/v2\/pages\/66311\/revisions\/67429"}],"wp:attachment":[{"href":"https:\/\/casavi.com\/de\/wp-json\/wp\/v2\/media?parent=66311"}],"curies":[{"name":"wp","href":"https:\/\/api.w.org\/{rel}","templated":true}]}}