{"id":67999,"date":"2025-10-13T11:11:15","date_gmt":"2025-10-13T09:11:15","guid":{"rendered":"https:\/\/casavi.com\/de\/?page_id=67999"},"modified":"2025-10-24T11:45:59","modified_gmt":"2025-10-24T09:45:59","slug":"digitalisierungsfoerderung-2025","status":"publish","type":"page","link":"https:\/\/casavi.com\/de\/digitalisierungsfoerderung-2025\/","title":{"rendered":"Digitalisierungsf\u00f6rderung 2025"},"content":{"rendered":"\n<div class=\"wp-block-group alignfull is-style-default\"><div class=\"wp-block-group__inner-container is-layout-flow wp-block-group-is-layout-flow\">\n<div class=\"acf-block-casavi-responsive-spacer clearfix has-space-xs-2 has-space-md-4\" id=\"block_3c6667e19f98b4b9606f8b0206778ec8\"><\/div>\n\n\n\n<div class=\"wp-block-media-text alignwide has-media-on-the-right is-stacked-on-mobile casavi-grid-35-65 is-style-border-radius\" style=\"grid-template-columns:auto 35%\"><div class=\"wp-block-media-text__content\">\n<p><\/p>\n\n\n\n<h1 class=\"wp-block-heading\">Jetzt in Ihre <mark class=\"has-inline-color has-primary-300-color\">Zukunft <\/mark>investieren: Wir f\u00f6rdern Ihre <mark class=\"has-inline-color has-primary-300-color\">Digitalisierung<\/mark><\/h1>\n\n\n\n<p>Die Immobilienbranche steht an einem Wendepunkt: Prozesse werden komplexer, Anforderungen steigen, und intelligente Automatisierung wird zum Erfolgsfaktor.<br>Mit <strong>casavi AI &amp; Automate<\/strong> unterst\u00fctzen wir Sie dabei, Ihre Abl\u00e4ufe zu digitalisieren, Routinen zu automatisieren und Kommunikation effizienter zu gestalten. Damit Sie jetzt den Schritt in Richtung Zukunft gehen k\u00f6nnen, f\u00f6rdern und unterst\u00fctzen wir finanziell Ihre Digitalisierung mit einem Zuschuss aus unserem eigenen F\u00f6rderprogramm 2025 \u2013 exklusiv f\u00fcr Neukunden. Keine komplexen Antragsverfahren, keine Wartezeiten. Ganz einfach und unb\u00fcrokratisch. Sammeln Sie mit Vertragsabschluss bei casavi F\u00f6rdergelder f\u00fcr Ihre Digitalisierung ein.<\/p>\n\n\n\n<div class=\"acf-block-casavi-responsive-spacer clearfix has-space-xs-1 has-space-md-2\" id=\"block_164f65f51b67a8091dd0891b632b4320\"><\/div>\n\n\n\n<h3 class=\"wp-block-heading\"><strong>Ihre Vorteile auf einen Blick<\/strong><\/h3>\n\n\n\n<ul class=\"wp-block-list\">\n<li><strong>Digitalisierung mit finanzieller Unterst\u00fctzung:<\/strong> Profitieren Sie von einem Zuschuss in H\u00f6he von bis zu 5000\u20ac.<\/li>\n\n\n\n<li><strong>casavi AI &amp; Automate:<\/strong> Nutzen Sie intelligente KI-Funktionen f\u00fcr Vorgangsbearbeitung und KI-gest\u00fctzte Kommunikation.<\/li>\n\n\n\n<li><strong>Schneller Start mit sp\u00fcrbarer Entlastung:<\/strong> Reduzieren Sie den manuellen Aufwand und gewinnen Sie mehr Zeit f\u00fcr das Wesentliche \u2013 Ihre Kunden.<\/li>\n<\/ul>\n\n\n\n<div class=\"wp-block-buttons is-layout-flex wp-block-buttons-is-layout-flex\">\n<div class=\"wp-block-button\"><a class=\"wp-block-button__link wp-element-button\" href=\"https:\/\/casavi.com\/de\/digitalisierungsfoerderung-2025\/#formular-bereich\" target=\"_blank\" rel=\"noreferrer noopener\">F\u00f6rderung sichern<\/a><\/div>\n<\/div>\n<\/div><figure class=\"wp-block-media-text__media\"><img fetchpriority=\"high\" decoding=\"async\" width=\"1024\" height=\"683\" src=\"https:\/\/casavi.com\/de\/wp-content\/uploads\/sites\/2\/Untitled-design-6-1024x683.png\" alt=\"\" class=\"wp-image-68191 size-full\" srcset=\"https:\/\/casavi.com\/de\/wp-content\/uploads\/sites\/2\/Untitled-design-6-1024x683.png 1024w, https:\/\/casavi.com\/de\/wp-content\/uploads\/sites\/2\/Untitled-design-6-300x200.png 300w, https:\/\/casavi.com\/de\/wp-content\/uploads\/sites\/2\/Untitled-design-6-768x512.png 768w, https:\/\/casavi.com\/de\/wp-content\/uploads\/sites\/2\/Untitled-design-6-405x270.png 405w, https:\/\/casavi.com\/de\/wp-content\/uploads\/sites\/2\/Untitled-design-6-791x528.png 791w, https:\/\/casavi.com\/de\/wp-content\/uploads\/sites\/2\/Untitled-design-6.png 1280w\" sizes=\"(max-width: 1024px) 100vw, 1024px\" \/><\/figure><\/div>\n<\/div><\/div>\n\n\n\n<div class=\"acf-block-casavi-responsive-spacer clearfix has-space-xs-2 has-space-md-4\" id=\"block_3c6667e19f98b4b9606f8b0206778ec8\"><\/div>\n\n\n\n<div class=\"wp-block-group alignfull\"><div class=\"wp-block-group__inner-container is-layout-flow wp-block-group-is-layout-flow\">\n<div class=\"wp-block-group alignfull is-style-border-radius has-white-background-color has-background\"><div class=\"wp-block-group__inner-container is-layout-flow wp-block-group-is-layout-flow\">\n<h2 class=\"wp-block-heading alignwide has-text-align-center\"><mark class=\"has-inline-color has-primary-300-color\">F\u00f6rderung <\/mark>nach eigenem <mark class=\"has-inline-color has-primary-300-color\">Bedarf<\/mark><\/h2>\n\n\n\n<div class=\"acf-block-casavi-responsive-spacer clearfix has-space-xs-1 has-space-md-2\" id=\"block_164f65f51b67a8091dd0891b632b4320\"><\/div>\n\n\n\n<p class=\"has-text-align-center\">Unser F\u00f6rdertopf ist prall gef\u00fcllt: Bis Ende des Jahres stellen wir <strong>insgesamt 50.000\u20ac<\/strong> zur Verf\u00fcgung, um die die Digitalisierung der Immobilienwirtschaft voranzutreiben.<\/p>\n\n\n\n<p class=\"has-text-align-center\">Wir f\u00f6rdern Ihr individuelles Vertragspaket bei casavi mit <strong>50% der Set-Up-Geb\u00fchr<\/strong> sowie <strong>10% Rabatt auf die Grundgeb\u00fchr<\/strong> w\u00e4hrend der initialen Vertragslaufzeit.<\/p>\n\n\n\n<p class=\"has-text-align-center\">Damit sichern Sie sich <strong>1000\u20ac<\/strong> garantierte F\u00f6rderung und bis zu <strong>5000\u20ac<\/strong> F\u00f6rderung entsprechend der Gr\u00f6\u00dfe Ihrer Verwaltung, unb\u00fcrokratisch und ohne lange Antragsverfahren.<\/p>\n\n\n\n<p class=\"has-text-align-center\"><strong>Schnell sein lohnt sich \u2013 die F\u00f6rderung l\u00e4uft nur bis zum 31.12.2025!<\/strong><\/p>\n\n\n\n<div class=\"acf-block-casavi-responsive-spacer clearfix has-space-xs-1 has-space-md-2\" id=\"block_164f65f51b67a8091dd0891b632b4320\"><\/div>\n\n\n\n<h3 class=\"wp-block-heading has-text-align-center\"><strong>Und so einfach funktioniert\u2019s<\/strong><\/h3>\n\n\n\n<ol class=\"wp-block-list\">\n<li><strong>Kontakt aufnehmen<\/strong>: Lernen Sie casavi unverbindlich kennen.<\/li>\n\n\n\n<li><strong>F\u00f6rderung sichern<\/strong>: Nach der Kontaktaufnahme durch unser Formular erhalten Sie alle Informationen zu Ihrer individuellen F\u00f6rderh\u00f6he.<\/li>\n\n\n\n<li><strong>Digital durchstarten<\/strong>: Wir begleiten Sie Schritt f\u00fcr Schritt bei der Umsetzung Ihrer Digitalstrategie.<\/li>\n<\/ol>\n\n\n\n<div class=\"wp-block-buttons is-content-justification-center is-layout-flex wp-container-core-buttons-is-layout-16018d1d wp-block-buttons-is-layout-flex\">\n<div class=\"wp-block-button\"><a class=\"wp-block-button__link wp-element-button\" href=\"https:\/\/casavi.com\/de\/digitalisierungsfoerderung-2025\/#formular-bereich\" target=\"_blank\" rel=\"noreferrer noopener\">F\u00f6rderung sichern<\/a><\/div>\n<\/div>\n\n\n\n<div class=\"acf-block-casavi-responsive-spacer clearfix has-space-xs-2 has-space-md-4\" id=\"block_3c6667e19f98b4b9606f8b0206778ec8\"><\/div>\n<\/div><\/div>\n\n\n\n<div class=\"wp-block-group alignfull\"><div class=\"wp-block-group__inner-container is-layout-constrained wp-block-group-is-layout-constrained\">\n<div class=\"wp-block-media-text alignwide is-stacked-on-mobile casavi-grid-35-65 is-style-border-radius\" style=\"grid-template-columns:35% auto\"><figure class=\"wp-block-media-text__media\"><img decoding=\"async\" width=\"1024\" height=\"937\" src=\"https:\/\/casavi.com\/de\/wp-content\/uploads\/sites\/2\/Bildschirmfoto-2025-07-04-um-15.31.33-1024x937.png\" alt=\"\" class=\"wp-image-66802 size-full\" srcset=\"https:\/\/casavi.com\/de\/wp-content\/uploads\/sites\/2\/Bildschirmfoto-2025-07-04-um-15.31.33-1024x937.png 1024w, https:\/\/casavi.com\/de\/wp-content\/uploads\/sites\/2\/Bildschirmfoto-2025-07-04-um-15.31.33-300x274.png 300w, https:\/\/casavi.com\/de\/wp-content\/uploads\/sites\/2\/Bildschirmfoto-2025-07-04-um-15.31.33-768x703.png 768w, https:\/\/casavi.com\/de\/wp-content\/uploads\/sites\/2\/Bildschirmfoto-2025-07-04-um-15.31.33-295x270.png 295w, https:\/\/casavi.com\/de\/wp-content\/uploads\/sites\/2\/Bildschirmfoto-2025-07-04-um-15.31.33-577x528.png 577w, https:\/\/casavi.com\/de\/wp-content\/uploads\/sites\/2\/Bildschirmfoto-2025-07-04-um-15.31.33.png 1244w\" sizes=\"(max-width: 1024px) 100vw, 1024px\" \/><\/figure><div class=\"wp-block-media-text__content\">\n<div class=\"acf-block-casavi-responsive-spacer clearfix has-space-xs-1 has-space-sm-0\" id=\"block_970694f4795b6877e05c7b3aa77e1a09\"><\/div>\n\n\n\n<p class=\"has-primary-700-color has-text-color has-link-color wp-elements-acfa192cc127151da951a3fa6764791c\" style=\"text-transform:uppercase\"><\/p>\n\n\n\n<h2 class=\"wp-block-heading\" id=\"email\">Mit <mark class=\"has-inline-color has-primary-300-color\">casavi AI &amp; Automate<\/mark> fit f\u00fcr die Zukunft der Immobilienwirtschaft<\/h2>\n\n\n\n<p>Mit&nbsp;<strong>casavi AI &amp; Automate<\/strong>&nbsp;stellen wir K\u00fcnstliche Intelligenz und Automatisierung in der Immobilienwirtschaft vor und schaffen eine neue Form der Zusammenarbeit \u2013 zwischen Mensch und Maschine, zwischen Immobilienmanagern und digitalen Assistenten. Gemeinsam mit Kunden, Partnern und Branchenexperten arbeiten wir kontinuierlich daran, neue Technologien zu integrieren und weiterzuentwickeln.<\/p>\n\n\n\n<ul class=\"wp-block-list\">\n<li>Automatisierte Abl\u00e4ufe, die sich selbst weiterentwickeln<\/li>\n\n\n\n<li>Intelligente Agenten, die Aufgaben \u00fcbernehmen und Freiraum schaffen<\/li>\n\n\n\n<li>Modulare Services, die sich auf Knopfdruck aktivieren lassen<\/li>\n<\/ul>\n\n\n\n<div class=\"wp-block-buttons is-layout-flex wp-block-buttons-is-layout-flex\">\n<div class=\"wp-block-button is-style-fill\"><a class=\"wp-block-button__link has-gray-0-color has-text-color has-link-color wp-element-button\" href=\"https:\/\/casavi.com\/de\/software\/casavi-ai\/\" target=\"_blank\" rel=\"noreferrer noopener\">Mehr zu casavi AI &amp; Automate<\/a><\/div>\n<\/div>\n<\/div><\/div>\n\n\n\n<div class=\"acf-block-casavi-responsive-spacer clearfix has-space-xs-1 has-space-md-4\" id=\"block_fa3290c62bb6cc56ab870a3e9dadcf01\"><\/div>\n<\/div><\/div>\n\n\n\n<h2 class=\"wp-block-heading has-gray-0-color has-text-color has-link-color wp-elements-d7c070221bdbc19ded6e630a5e2bc212\">Jet<\/h2>\n\n\n\n<div class=\"wp-block-columns is-layout-flex wp-container-core-columns-is-layout-9d6595d7 wp-block-columns-is-layout-flex\">\n<div class=\"wp-block-column is-layout-flow wp-block-column-is-layout-flow\">\n<h2 class=\"wp-block-heading\" id=\"angebot\">Jetzt <mark class=\"has-inline-color has-primary-300-color\">Termin vereinbaren<\/mark> und individuell beraten lassen.<\/h2>\n\n\n\n<div class=\"acf-block-casavi-responsive-spacer clearfix has-space-xs-1 has-space-md-2\" id=\"block_164f65f51b67a8091dd0891b632b4320\"><\/div>\n\n\n\n<div id=\"formular-bereich\"><\/div>\n\n\n\n<p>Unser F\u00f6rdertopf ist begrenzt und nur bis Jahresende verf\u00fcgbar. Sichern Sie sich jetzt Ihre F\u00f6rderung und starten Sie digital durch. Tragen Sie sich daf\u00fcr einfach in das Formular ein. Unser Team wird Sie gerne kontaktieren und individuell beraten.<\/p>\n\n\n\n<div class=\"acf-block-casavi-iframe\" id=\"block_06ee6bd237d3ef314ca9fdd4d06085fe\">\n\t\t<iframe\n\t\tclass=\"casavi-iframe js--casavi-iframe\"\n\t\tsrc=\"https:\/\/info.casavi.com\/l\/1001551\/2025-10-13\/3wy7y\"\n\t\theight=\"800\"\n\t\twidth=\"100%\"\n\t\ttype=\"text\/html\"\n\t\tframeborder=\"0\"\n\t\tallowtransparency=\"true\"\n\t><\/iframe>\n\t<\/div>\n<\/div>\n<\/div>\n\n\n\n<div class=\"acf-block-casavi-responsive-spacer clearfix has-space-xs-2 has-space-md-4\" id=\"block_3c6667e19f98b4b9606f8b0206778ec8\"><\/div>\n\n\n\n<div class=\"acf-block-casavi-iframe\" id=\"block_7624f16a4d4a5954d13237ad4dc5b351\">\n\t<\/div>\n\n\n\n<div class=\"wp-block-group alignfull has-gray-900-background-color has-background\"><div class=\"wp-block-group__inner-container is-layout-constrained wp-block-group-is-layout-constrained\">\n<div class=\"acf-block-casavi-responsive-spacer clearfix has-space-xs-2 has-space-md-4\" id=\"block_3c6667e19f98b4b9606f8b0206778ec8\"><\/div>\n\n\n\n<div class=\"wp-block-columns alignwide is-layout-flex wp-container-core-columns-is-layout-9d6595d7 wp-block-columns-is-layout-flex\">\n<div class=\"wp-block-column is-layout-flow wp-block-column-is-layout-flow\" style=\"flex-basis:60%\">\n<h2 class=\"wp-block-heading has-gray-0-color has-text-color has-link-color wp-elements-8f74ef99288387f8554e6325b0f06a8e\" id=\"newsletter\">Newsletter<\/h2>\n\n\n\n<p class=\"has-gray-0-color has-text-color has-link-color wp-elements-fd963ecf6111247f12d0b024e3b30236\">Jetzt zu unserem Newsletter anmelden! Wir halten Sie zu allen Themen rund um casavi sowie aktuellen Trends und Themen der Immobilienwirtschaft auf dem Laufenden.<\/p>\n<\/div>\n\n\n\n<div class=\"wp-block-column is-vertically-aligned-center is-layout-flow wp-block-column-is-layout-flow\" style=\"flex-basis:80%\">\n<div class=\"wp-block-group is-style-border-radius\"><div class=\"wp-block-group__inner-container is-layout-constrained wp-block-group-is-layout-constrained\">\n<div class=\"acf-block-casavi-iframe\" id=\"block_725f157cdf449731e8157faa70ffabc0\">\n\t\t<iframe\n\t\tclass=\"casavi-iframe js--casavi-iframe\"\n\t\tsrc=\"https:\/\/info.casavi.com\/l\/1001551\/2022-10-19\/kwf\"\n\t\theight=\"170\"\n\t\twidth=\"100%\"\n\t\ttype=\"text\/html\"\n\t\tframeborder=\"0\"\n\t\tallowtransparency=\"true\"\n\t><\/iframe>\n\t<\/div>\n\n\n\n<div class=\"acf-block-casavi-responsive-spacer clearfix has-space-xs-2 has-space-md-2\" id=\"block_6da9f52adc567fb0ed6265173249695c\"><\/div>\n<\/div><\/div>\n<\/div>\n<\/div>\n<\/div><\/div>\n<\/div><\/div>\n\n\n\n<p><\/p>\n\n\n\n<p><\/p>\n","protected":false},"excerpt":{"rendered":"<p>Jetzt in Ihre Zukunft investieren: Wir f\u00f6rdern Ihre Digitalisierung Die Immobilienbranche steht an einem Wendepunkt: Prozesse werden komplexer, Anforderungen steigen, [&hellip;]<\/p>\n","protected":false},"author":45,"featured_media":68191,"parent":0,"menu_order":0,"comment_status":"closed","ping_status":"closed","template":"","meta":{"_acf_changed":false,"_trash_the_other_posts":false,"editor_notices":[],"footnotes":""},"class_list":["post-67999","page","type-page","status-publish","has-post-thumbnail","hentry"],"acf":[],"yoast_head":"<!-- This site is optimized with the Yoast SEO plugin v27.4 - https:\/\/yoast.com\/product\/yoast-seo-wordpress\/ -->\n<title>casavi Digitalisierungsf\u00f6rderung 2025<\/title>\n<meta name=\"description\" content=\"Mit der casavi Digitaliserungsf\u00f6rderung 2025 F\u00f6rdergelder f\u00fcr die Digitalisierung Ihres Unternehmens einsammeln.\" \/>\n<meta name=\"robots\" content=\"index, follow, max-snippet:-1, max-image-preview:large, max-video-preview:-1\" \/>\n<link rel=\"canonical\" href=\"https:\/\/casavi.com\/de\/digitalisierungsfoerderung-2025\/\" \/>\n<meta property=\"og:locale\" content=\"de_DE\" \/>\n<meta property=\"og:type\" content=\"article\" \/>\n<meta property=\"og:title\" content=\"casavi Digitalisierungsf\u00f6rderung 2025\" \/>\n<meta property=\"og:description\" content=\"Mit der casavi Digitaliserungsf\u00f6rderung 2025 F\u00f6rdergelder f\u00fcr die Digitalisierung Ihres Unternehmens einsammeln.\" \/>\n<meta property=\"og:url\" content=\"https:\/\/casavi.com\/de\/digitalisierungsfoerderung-2025\/\" \/>\n<meta property=\"og:site_name\" content=\"DE - casavi.com\/de\" \/>\n<meta property=\"article:publisher\" content=\"https:\/\/www.facebook.com\/mycasavi\/\" \/>\n<meta property=\"article:modified_time\" content=\"2025-10-24T09:45:59+00:00\" \/>\n<meta property=\"og:image\" content=\"https:\/\/casavi.com\/de\/wp-content\/uploads\/sites\/2\/Untitled-design-6.png\" \/>\n\t<meta property=\"og:image:width\" content=\"1280\" \/>\n\t<meta property=\"og:image:height\" content=\"854\" \/>\n\t<meta property=\"og:image:type\" content=\"image\/png\" \/>\n<meta name=\"twitter:card\" content=\"summary_large_image\" \/>\n<meta name=\"twitter:label1\" content=\"Gesch\u00e4tzte Lesezeit\" \/>\n\t<meta name=\"twitter:data1\" content=\"6\u00a0Minuten\" \/>\n<script type=\"application\/ld+json\" class=\"yoast-schema-graph\">{\"@context\":\"https:\\\/\\\/schema.org\",\"@graph\":[{\"@type\":\"WebPage\",\"@id\":\"https:\\\/\\\/casavi.com\\\/de\\\/digitalisierungsfoerderung-2025\\\/\",\"url\":\"https:\\\/\\\/casavi.com\\\/de\\\/digitalisierungsfoerderung-2025\\\/\",\"name\":\"casavi Digitalisierungsf\u00f6rderung 2025\",\"isPartOf\":{\"@id\":\"https:\\\/\\\/casavi.com\\\/de\\\/#website\"},\"primaryImageOfPage\":{\"@id\":\"https:\\\/\\\/casavi.com\\\/de\\\/digitalisierungsfoerderung-2025\\\/#primaryimage\"},\"image\":{\"@id\":\"https:\\\/\\\/casavi.com\\\/de\\\/digitalisierungsfoerderung-2025\\\/#primaryimage\"},\"thumbnailUrl\":\"https:\\\/\\\/casavi.com\\\/de\\\/wp-content\\\/uploads\\\/sites\\\/2\\\/Untitled-design-6.png\",\"datePublished\":\"2025-10-13T09:11:15+00:00\",\"dateModified\":\"2025-10-24T09:45:59+00:00\",\"description\":\"Mit der casavi Digitaliserungsf\u00f6rderung 2025 F\u00f6rdergelder f\u00fcr die Digitalisierung Ihres Unternehmens einsammeln.\",\"breadcrumb\":{\"@id\":\"https:\\\/\\\/casavi.com\\\/de\\\/digitalisierungsfoerderung-2025\\\/#breadcrumb\"},\"inLanguage\":\"de\",\"potentialAction\":[{\"@type\":\"ReadAction\",\"target\":[\"https:\\\/\\\/casavi.com\\\/de\\\/digitalisierungsfoerderung-2025\\\/\"]}]},{\"@type\":\"ImageObject\",\"inLanguage\":\"de\",\"@id\":\"https:\\\/\\\/casavi.com\\\/de\\\/digitalisierungsfoerderung-2025\\\/#primaryimage\",\"url\":\"https:\\\/\\\/casavi.com\\\/de\\\/wp-content\\\/uploads\\\/sites\\\/2\\\/Untitled-design-6.png\",\"contentUrl\":\"https:\\\/\\\/casavi.com\\\/de\\\/wp-content\\\/uploads\\\/sites\\\/2\\\/Untitled-design-6.png\",\"width\":1280,\"height\":854},{\"@type\":\"BreadcrumbList\",\"@id\":\"https:\\\/\\\/casavi.com\\\/de\\\/digitalisierungsfoerderung-2025\\\/#breadcrumb\",\"itemListElement\":[{\"@type\":\"ListItem\",\"position\":1,\"name\":\"Startseite\",\"item\":\"https:\\\/\\\/casavi.com\\\/de\\\/\"},{\"@type\":\"ListItem\",\"position\":2,\"name\":\"Digitalisierungsf\u00f6rderung 2025\"}]},{\"@type\":\"WebSite\",\"@id\":\"https:\\\/\\\/casavi.com\\\/de\\\/#website\",\"url\":\"https:\\\/\\\/casavi.com\\\/de\\\/\",\"name\":\"DE - casavi.com\\\/de\",\"description\":\"Vernetzt arbeiten | Einfach verwalten\",\"potentialAction\":[{\"@type\":\"SearchAction\",\"target\":{\"@type\":\"EntryPoint\",\"urlTemplate\":\"https:\\\/\\\/casavi.com\\\/de\\\/?s={search_term_string}\"},\"query-input\":{\"@type\":\"PropertyValueSpecification\",\"valueRequired\":true,\"valueName\":\"search_term_string\"}}],\"inLanguage\":\"de\"}]}<\/script>\n<!-- \/ Yoast SEO plugin. -->","yoast_head_json":{"title":"casavi Digitalisierungsf\u00f6rderung 2025","description":"Mit der casavi Digitaliserungsf\u00f6rderung 2025 F\u00f6rdergelder f\u00fcr die Digitalisierung Ihres Unternehmens einsammeln.","robots":{"index":"index","follow":"follow","max-snippet":"max-snippet:-1","max-image-preview":"max-image-preview:large","max-video-preview":"max-video-preview:-1"},"canonical":"https:\/\/casavi.com\/de\/digitalisierungsfoerderung-2025\/","og_locale":"de_DE","og_type":"article","og_title":"casavi Digitalisierungsf\u00f6rderung 2025","og_description":"Mit der casavi Digitaliserungsf\u00f6rderung 2025 F\u00f6rdergelder f\u00fcr die Digitalisierung Ihres Unternehmens einsammeln.","og_url":"https:\/\/casavi.com\/de\/digitalisierungsfoerderung-2025\/","og_site_name":"DE - casavi.com\/de","article_publisher":"https:\/\/www.facebook.com\/mycasavi\/","article_modified_time":"2025-10-24T09:45:59+00:00","og_image":[{"width":1280,"height":854,"url":"https:\/\/casavi.com\/de\/wp-content\/uploads\/sites\/2\/Untitled-design-6.png","type":"image\/png"}],"twitter_card":"summary_large_image","twitter_misc":{"Gesch\u00e4tzte Lesezeit":"6\u00a0Minuten"},"schema":{"@context":"https:\/\/schema.org","@graph":[{"@type":"WebPage","@id":"https:\/\/casavi.com\/de\/digitalisierungsfoerderung-2025\/","url":"https:\/\/casavi.com\/de\/digitalisierungsfoerderung-2025\/","name":"casavi Digitalisierungsf\u00f6rderung 2025","isPartOf":{"@id":"https:\/\/casavi.com\/de\/#website"},"primaryImageOfPage":{"@id":"https:\/\/casavi.com\/de\/digitalisierungsfoerderung-2025\/#primaryimage"},"image":{"@id":"https:\/\/casavi.com\/de\/digitalisierungsfoerderung-2025\/#primaryimage"},"thumbnailUrl":"https:\/\/casavi.com\/de\/wp-content\/uploads\/sites\/2\/Untitled-design-6.png","datePublished":"2025-10-13T09:11:15+00:00","dateModified":"2025-10-24T09:45:59+00:00","description":"Mit der casavi Digitaliserungsf\u00f6rderung 2025 F\u00f6rdergelder f\u00fcr die Digitalisierung Ihres Unternehmens einsammeln.","breadcrumb":{"@id":"https:\/\/casavi.com\/de\/digitalisierungsfoerderung-2025\/#breadcrumb"},"inLanguage":"de","potentialAction":[{"@type":"ReadAction","target":["https:\/\/casavi.com\/de\/digitalisierungsfoerderung-2025\/"]}]},{"@type":"ImageObject","inLanguage":"de","@id":"https:\/\/casavi.com\/de\/digitalisierungsfoerderung-2025\/#primaryimage","url":"https:\/\/casavi.com\/de\/wp-content\/uploads\/sites\/2\/Untitled-design-6.png","contentUrl":"https:\/\/casavi.com\/de\/wp-content\/uploads\/sites\/2\/Untitled-design-6.png","width":1280,"height":854},{"@type":"BreadcrumbList","@id":"https:\/\/casavi.com\/de\/digitalisierungsfoerderung-2025\/#breadcrumb","itemListElement":[{"@type":"ListItem","position":1,"name":"Startseite","item":"https:\/\/casavi.com\/de\/"},{"@type":"ListItem","position":2,"name":"Digitalisierungsf\u00f6rderung 2025"}]},{"@type":"WebSite","@id":"https:\/\/casavi.com\/de\/#website","url":"https:\/\/casavi.com\/de\/","name":"DE - casavi.com\/de","description":"Vernetzt arbeiten | Einfach verwalten","potentialAction":[{"@type":"SearchAction","target":{"@type":"EntryPoint","urlTemplate":"https:\/\/casavi.com\/de\/?s={search_term_string}"},"query-input":{"@type":"PropertyValueSpecification","valueRequired":true,"valueName":"search_term_string"}}],"inLanguage":"de"}]}},"_links":{"self":[{"href":"https:\/\/casavi.com\/de\/wp-json\/wp\/v2\/pages\/67999","targetHints":{"allow":["GET"]}}],"collection":[{"href":"https:\/\/casavi.com\/de\/wp-json\/wp\/v2\/pages"}],"about":[{"href":"https:\/\/casavi.com\/de\/wp-json\/wp\/v2\/types\/page"}],"author":[{"embeddable":true,"href":"https:\/\/casavi.com\/de\/wp-json\/wp\/v2\/users\/45"}],"replies":[{"embeddable":true,"href":"https:\/\/casavi.com\/de\/wp-json\/wp\/v2\/comments?post=67999"}],"version-history":[{"count":31,"href":"https:\/\/casavi.com\/de\/wp-json\/wp\/v2\/pages\/67999\/revisions"}],"predecessor-version":[{"id":68299,"href":"https:\/\/casavi.com\/de\/wp-json\/wp\/v2\/pages\/67999\/revisions\/68299"}],"wp:featuredmedia":[{"embeddable":true,"href":"https:\/\/casavi.com\/de\/wp-json\/wp\/v2\/media\/68191"}],"wp:attachment":[{"href":"https:\/\/casavi.com\/de\/wp-json\/wp\/v2\/media?parent=67999"}],"curies":[{"name":"wp","href":"https:\/\/api.w.org\/{rel}","templated":true}]}}