{"id":69090,"date":"2026-01-29T13:55:27","date_gmt":"2026-01-29T12:55:27","guid":{"rendered":"https:\/\/casavi.com\/de\/?page_id=69090"},"modified":"2026-03-11T11:01:16","modified_gmt":"2026-03-11T10:01:16","slug":"scalara","status":"publish","type":"page","link":"https:\/\/casavi.com\/de\/scalara\/","title":{"rendered":"casavi und Scalara"},"content":{"rendered":"\n<div class=\"wp-block-group alignfull\"><div class=\"wp-block-group__inner-container is-layout-constrained wp-block-group-is-layout-constrained\">\n<div class=\"acf-block-casavi-responsive-spacer clearfix has-space-xs-2 has-space-md-4\" id=\"block_911c02bbe882b9f3d93e543544a78590\"><\/div>\n\n\n\n<div class=\"wp-block-media-text alignwide has-media-on-the-right is-stacked-on-mobile casavi-grid-35-65\" style=\"grid-template-columns:auto 40%\"><div class=\"wp-block-media-text__content\">\n<h1 class=\"wp-block-heading has-gray-900-color has-text-color has-link-color wp-elements-b832e0278a43f92a319e2239b65ba0d0\"><mark style=\"background-color:rgba(0, 0, 0, 0)\" class=\"has-inline-color has-primary-300-color\">casavi <\/mark>und SCALARA<\/h1>\n\n\n\n<p><a href=\"https:\/\/www.scalara.de\/\" target=\"_blank\" rel=\"noreferrer noopener\">SCALARA <\/a>digitalisiert die Immobilienverwaltung mit einer intuitiven, automatisierten &amp; rechtssicheren Software. Sie b\u00fcndelt alle Prozesse der WEG-, Miet- und Sondereigentumsverwaltung in einer Plattform. Gegr\u00fcndet 2020 von Shari Heep und Alexander Dziendziol-Dickopf, verbindet SCALARA langj\u00e4hrige Erfahrung in der Hausverwaltung mit moderner Technologie. Das Ergebnis: Verwaltung wird einfacher, effizienter und skalierbar \u2013 ohne komplizierte Preismodelle, daf\u00fcr mit maximaler Transparenz und einfacher Bedienbarkeit.<\/p>\n<\/div><figure class=\"wp-block-media-text__media\"><a href=\"https:\/\/www.scalara.de\/\" target=\"_blank\" rel=\" noreferrer noopener\"><img fetchpriority=\"high\" decoding=\"async\" width=\"826\" height=\"315\" src=\"https:\/\/casavi.com\/de\/wp-content\/uploads\/sites\/2\/210406-Logo_horizontal-schwarz-RGB.png\" alt=\"\" class=\"wp-image-69092 size-full\" srcset=\"https:\/\/casavi.com\/de\/wp-content\/uploads\/sites\/2\/210406-Logo_horizontal-schwarz-RGB.png 826w, https:\/\/casavi.com\/de\/wp-content\/uploads\/sites\/2\/210406-Logo_horizontal-schwarz-RGB-300x114.png 300w, https:\/\/casavi.com\/de\/wp-content\/uploads\/sites\/2\/210406-Logo_horizontal-schwarz-RGB-768x293.png 768w, https:\/\/casavi.com\/de\/wp-content\/uploads\/sites\/2\/210406-Logo_horizontal-schwarz-RGB-480x183.png 480w\" sizes=\"(max-width: 826px) 100vw, 826px\" \/><\/a><\/figure><\/div>\n<\/div><\/div>\n\n\n\n<div class=\"wp-block-group alignfull\"><div class=\"wp-block-group__inner-container is-layout-constrained wp-block-group-is-layout-constrained\">\n<div class=\"acf-block-casavi-responsive-spacer clearfix has-space-xs-2 has-space-md-4\" id=\"block_911c02bbe882b9f3d93e543544a78590\"><\/div>\n\n\n\n<div class=\"wp-block-media-text alignwide is-stacked-on-mobile casavi-grid-35-65\" style=\"grid-template-columns:40% auto\"><figure class=\"wp-block-media-text__media\"><img decoding=\"async\" width=\"1024\" height=\"1024\" src=\"https:\/\/casavi.com\/de\/wp-content\/uploads\/sites\/2\/Produkt-MieteSev-Verwaltung-1024x1024.png\" alt=\"\" class=\"wp-image-69096 size-full\" srcset=\"https:\/\/casavi.com\/de\/wp-content\/uploads\/sites\/2\/Produkt-MieteSev-Verwaltung-1024x1024.png 1024w, https:\/\/casavi.com\/de\/wp-content\/uploads\/sites\/2\/Produkt-MieteSev-Verwaltung-300x300.png 300w, https:\/\/casavi.com\/de\/wp-content\/uploads\/sites\/2\/Produkt-MieteSev-Verwaltung-150x150.png 150w, https:\/\/casavi.com\/de\/wp-content\/uploads\/sites\/2\/Produkt-MieteSev-Verwaltung-768x768.png 768w, https:\/\/casavi.com\/de\/wp-content\/uploads\/sites\/2\/Produkt-MieteSev-Verwaltung-1536x1536.png 1536w, https:\/\/casavi.com\/de\/wp-content\/uploads\/sites\/2\/Produkt-MieteSev-Verwaltung-2048x2048.png 2048w, https:\/\/casavi.com\/de\/wp-content\/uploads\/sites\/2\/Produkt-MieteSev-Verwaltung-270x270.png 270w, https:\/\/casavi.com\/de\/wp-content\/uploads\/sites\/2\/Produkt-MieteSev-Verwaltung-528x528.png 528w\" sizes=\"(max-width: 1024px) 100vw, 1024px\" \/><\/figure><div class=\"wp-block-media-text__content\">\n<h3 class=\"wp-block-heading has-gray-900-color has-text-color has-link-color wp-elements-e86c578269a9b32eac49554018a7b870\"><strong>Profitieren Sie von der neuen Kommunikationsschnittstelle&nbsp;<\/strong><\/h3>\n\n\n\n<ul class=\"wp-block-list\">\n<li><strong>Durchg\u00e4ngige digitale Prozesse<\/strong> \u2013 SCALARA erg\u00e4nzt casavi um Stammdatenverwaltung &amp; Buchhaltung.<\/li>\n\n\n\n<li><strong>Transparente Kommunikation<\/strong> f\u00fcr Eigent\u00fcmer und Mieter: Alle relevanten Abrechnungen, Dokumente und Statusupdates aus SCALARA k\u00f6nnen automatisch bereitgestellt werden.<\/li>\n\n\n\n<li><strong>Modernes Kundenerlebnis<\/strong> dank intuitiver Oberfl\u00e4che auf beiden Plattformen.<\/li>\n<\/ul>\n<\/div><\/div>\n<\/div><\/div>\n\n\n\n<div class=\"wp-block-group alignfull is-style-default has-primary-2-gradient-background has-background\"><div class=\"wp-block-group__inner-container is-layout-constrained wp-block-group-is-layout-constrained\">\n<div class=\"acf-block-casavi-responsive-spacer clearfix has-space-xs-2 has-space-md-4\" id=\"block_911c02bbe882b9f3d93e543544a78590\"><\/div>\n\n\n\n<div class=\"wp-block-columns alignwide is-layout-flex wp-container-core-columns-is-layout-9d6595d7 wp-block-columns-is-layout-flex\">\n<div class=\"wp-block-column is-vertically-aligned-center has-gray-0-color has-text-color has-link-color wp-elements-5fcfc52601059669862c5a7729f0ce98 is-layout-flow wp-block-column-is-layout-flow\">\n<h2 class=\"wp-block-heading has-gray-0-color has-text-color has-link-color wp-elements-f267ec9fbaf95b91abdcc75536cd6839\">Vorteile von SCALARA<\/h2>\n\n\n\n<p>SCALARA digitalisiert die Immobilienverwaltung mit einer intuitiven, automatisierten &amp; rechtssicheren Software. Hier die Funktionen im \u00dcberblick<\/p>\n\n\n\n<ul class=\"wp-block-list is-style-casavi-checklist is-style-casavi-checklist--secondary-700 has-gray-0-color has-text-color has-link-color wp-elements-879c445a0e95ccebd066454ae25f59f7\">\n<li>Buchhaltung mit eigenem Kontenrahmen.<\/li>\n\n\n\n<li>Kostentragung, R\u00fccklagen und Musterabrechnungen: rechtssicher vorbereitet und zuverl\u00e4ssig.<\/li>\n\n\n\n<li>Vollst\u00e4ndig integrierten Zahlungsverkehr. <\/li>\n\n\n\n<li>Direkte Bankanbindung: Kontost\u00e4nde synchronisieren t\u00e4glich, \u00dcberweisungen und Lastschriften laufen direkt aus SCALARA.<\/li>\n\n\n\n<li>Weniger manueller Aufwand durch KI-gest\u00fctzte Automatisierung.<\/li>\n<\/ul>\n<\/div>\n\n\n\n<div class=\"wp-block-column is-layout-flow wp-block-column-is-layout-flow\">\n<div class=\"wp-block-group has-horizontal-padding has-casavi-box-shadow is-style-border-radius has-gray-0-background-color has-background\"><div class=\"wp-block-group__inner-container is-layout-flow wp-block-group-is-layout-flow\">\n<div class=\"acf-block-casavi-responsive-spacer clearfix has-space-xs-1\" id=\"block_a451578bb283f234e690a28ca4ae1674\"><\/div>\n\n\n\n<h3 class=\"wp-block-heading has-text-align-center\"><mark style=\"background-color:rgba(0, 0, 0, 0)\" class=\"has-inline-color has-primary-300-color\">Mehr <\/mark>erfahren<\/h3>\n\n\n\n<p class=\"has-text-align-center\">Sie sind noch kein SCALARA Kunde, w\u00fcrden aber gerne mehr \u00fcber das ERP System erfahren? Fordern Sie hier weitere Informationen an:<\/p>\n\n\n\n<div class=\"acf-block-casavi-iframe\" id=\"block_8e696232e013e9b5504b90b0ba24687a\">\n\t\t<iframe\n\t\tclass=\"casavi-iframe js--casavi-iframe\"\n\t\tsrc=\"https:\/\/info.casavi.com\/l\/1001551\/2023-01-30\/6md1?Conversion_Page=Scalara\"\n\t\theight=\"500\"\n\t\twidth=\"100%\"\n\t\ttype=\"text\/html\"\n\t\tframeborder=\"0\"\n\t\tallowtransparency=\"true\"\n\t><\/iframe>\n\t<\/div>\n\n\n\n<div class=\"acf-block-casavi-responsive-spacer clearfix has-space-xs-1\" id=\"block_a451578bb283f234e690a28ca4ae1674\"><\/div>\n<\/div><\/div>\n<\/div>\n<\/div>\n\n\n\n<div class=\"acf-block-casavi-responsive-spacer clearfix has-space-xs-2 has-space-md-4\" id=\"block_911c02bbe882b9f3d93e543544a78590\"><\/div>\n<\/div><\/div>\n\n\n\n<div class=\"wp-block-group alignfull has-gray-900-background-color has-background\"><div class=\"wp-block-group__inner-container is-layout-constrained wp-block-group-is-layout-constrained\">\n<div class=\"acf-block-casavi-responsive-spacer clearfix has-space-xs-2 has-space-md-4\" id=\"block_911c02bbe882b9f3d93e543544a78590\"><\/div>\n\n\n\n<div class=\"wp-block-columns alignwide is-layout-flex wp-container-core-columns-is-layout-9d6595d7 wp-block-columns-is-layout-flex\">\n<div class=\"wp-block-column is-layout-flow wp-block-column-is-layout-flow\" style=\"flex-basis:60%\">\n<h2 class=\"wp-block-heading has-gray-0-color has-text-color has-link-color wp-elements-8f74ef99288387f8554e6325b0f06a8e\" id=\"newsletter\">Newsletter<\/h2>\n\n\n\n<p class=\"has-gray-0-color has-text-color has-link-color wp-elements-fd963ecf6111247f12d0b024e3b30236\">Jetzt zu unserem Newsletter anmelden! Wir halten Sie zu allen Themen rund um casavi sowie aktuellen Trends und Themen der Immobilienwirtschaft auf dem Laufenden.<\/p>\n<\/div>\n\n\n\n<div class=\"wp-block-column is-vertically-aligned-center is-layout-flow wp-block-column-is-layout-flow\" style=\"flex-basis:80%\">\n<div class=\"wp-block-group is-style-border-radius\"><div class=\"wp-block-group__inner-container is-layout-constrained wp-block-group-is-layout-constrained\">\n<div class=\"acf-block-casavi-iframe\" id=\"block_b5ba6f152ae72a1d84c5b7c99d8222eb\">\n\t\t<iframe\n\t\tclass=\"casavi-iframe js--casavi-iframe\"\n\t\tsrc=\"https:\/\/info.casavi.com\/l\/1001551\/2022-10-19\/kwf\"\n\t\theight=\"170\"\n\t\twidth=\"100%\"\n\t\ttype=\"text\/html\"\n\t\tframeborder=\"0\"\n\t\tallowtransparency=\"true\"\n\t><\/iframe>\n\t<\/div>\n\n\n\n<div class=\"acf-block-casavi-responsive-spacer clearfix has-space-xs-2 has-space-md-2\" id=\"block_20869740be9e21c7903002cc28551578\"><\/div>\n<\/div><\/div>\n<\/div>\n<\/div>\n<\/div><\/div>\n","protected":false},"excerpt":{"rendered":"<p>casavi und SCALARA SCALARA digitalisiert die Immobilienverwaltung mit einer intuitiven, automatisierten &amp; rechtssicheren Software. Sie b\u00fcndelt alle Prozesse der WEG-, [&hellip;]<\/p>\n","protected":false},"author":54,"featured_media":0,"parent":0,"menu_order":0,"comment_status":"closed","ping_status":"closed","template":"","meta":{"_acf_changed":false,"_trash_the_other_posts":false,"editor_notices":[],"footnotes":""},"class_list":["post-69090","page","type-page","status-publish","hentry"],"acf":[],"yoast_head":"<!-- This site is optimized with the Yoast SEO plugin v27.4 - https:\/\/yoast.com\/product\/yoast-seo-wordpress\/ -->\n<title>Scalara und casavi: Jetzt durchstarten<\/title>\n<meta name=\"description\" content=\"casavis St\u00e4rke in Kommunikation &amp; Vorgangsmanagement kombiniert mit SCALARAs Stammdatenverwaltung &amp; Buchhaltung. Eine starke Kombination.\" \/>\n<meta name=\"robots\" content=\"index, follow, max-snippet:-1, max-image-preview:large, max-video-preview:-1\" \/>\n<link rel=\"canonical\" href=\"https:\/\/casavi.com\/de\/scalara\/\" \/>\n<meta property=\"og:locale\" content=\"de_DE\" \/>\n<meta property=\"og:type\" content=\"article\" \/>\n<meta property=\"og:title\" content=\"Scalara und casavi: Jetzt durchstarten\" \/>\n<meta property=\"og:description\" content=\"casavis St\u00e4rke in Kommunikation &amp; Vorgangsmanagement kombiniert mit SCALARAs Stammdatenverwaltung &amp; Buchhaltung. Eine starke Kombination.\" \/>\n<meta property=\"og:url\" content=\"https:\/\/casavi.com\/de\/scalara\/\" \/>\n<meta property=\"og:site_name\" content=\"DE - casavi.com\/de\" \/>\n<meta property=\"article:publisher\" content=\"https:\/\/www.facebook.com\/mycasavi\/\" \/>\n<meta property=\"article:modified_time\" content=\"2026-03-11T10:01:16+00:00\" \/>\n<meta property=\"og:image\" content=\"https:\/\/casavi.com\/de\/wp-content\/uploads\/sites\/2\/210406-Logo_horizontal-schwarz-RGB.png\" \/>\n\t<meta property=\"og:image:width\" content=\"826\" \/>\n\t<meta property=\"og:image:height\" content=\"315\" \/>\n\t<meta property=\"og:image:type\" content=\"image\/png\" \/>\n<meta name=\"twitter:card\" content=\"summary_large_image\" \/>\n<meta name=\"twitter:label1\" content=\"Gesch\u00e4tzte Lesezeit\" \/>\n\t<meta name=\"twitter:data1\" content=\"2\u00a0Minuten\" \/>\n<script type=\"application\/ld+json\" class=\"yoast-schema-graph\">{\"@context\":\"https:\\\/\\\/schema.org\",\"@graph\":[{\"@type\":\"WebPage\",\"@id\":\"https:\\\/\\\/casavi.com\\\/de\\\/scalara\\\/\",\"url\":\"https:\\\/\\\/casavi.com\\\/de\\\/scalara\\\/\",\"name\":\"Scalara und casavi: Jetzt durchstarten\",\"isPartOf\":{\"@id\":\"https:\\\/\\\/casavi.com\\\/de\\\/#website\"},\"primaryImageOfPage\":{\"@id\":\"https:\\\/\\\/casavi.com\\\/de\\\/scalara\\\/#primaryimage\"},\"image\":{\"@id\":\"https:\\\/\\\/casavi.com\\\/de\\\/scalara\\\/#primaryimage\"},\"thumbnailUrl\":\"https:\\\/\\\/casavi.com\\\/de\\\/wp-content\\\/uploads\\\/sites\\\/2\\\/210406-Logo_horizontal-schwarz-RGB.png\",\"datePublished\":\"2026-01-29T12:55:27+00:00\",\"dateModified\":\"2026-03-11T10:01:16+00:00\",\"description\":\"casavis St\u00e4rke in Kommunikation & Vorgangsmanagement kombiniert mit SCALARAs Stammdatenverwaltung & Buchhaltung. Eine starke Kombination.\",\"breadcrumb\":{\"@id\":\"https:\\\/\\\/casavi.com\\\/de\\\/scalara\\\/#breadcrumb\"},\"inLanguage\":\"de\",\"potentialAction\":[{\"@type\":\"ReadAction\",\"target\":[\"https:\\\/\\\/casavi.com\\\/de\\\/scalara\\\/\"]}]},{\"@type\":\"ImageObject\",\"inLanguage\":\"de\",\"@id\":\"https:\\\/\\\/casavi.com\\\/de\\\/scalara\\\/#primaryimage\",\"url\":\"https:\\\/\\\/casavi.com\\\/de\\\/wp-content\\\/uploads\\\/sites\\\/2\\\/210406-Logo_horizontal-schwarz-RGB.png\",\"contentUrl\":\"https:\\\/\\\/casavi.com\\\/de\\\/wp-content\\\/uploads\\\/sites\\\/2\\\/210406-Logo_horizontal-schwarz-RGB.png\",\"width\":826,\"height\":315},{\"@type\":\"BreadcrumbList\",\"@id\":\"https:\\\/\\\/casavi.com\\\/de\\\/scalara\\\/#breadcrumb\",\"itemListElement\":[{\"@type\":\"ListItem\",\"position\":1,\"name\":\"Startseite\",\"item\":\"https:\\\/\\\/casavi.com\\\/de\\\/\"},{\"@type\":\"ListItem\",\"position\":2,\"name\":\"casavi und Scalara\"}]},{\"@type\":\"WebSite\",\"@id\":\"https:\\\/\\\/casavi.com\\\/de\\\/#website\",\"url\":\"https:\\\/\\\/casavi.com\\\/de\\\/\",\"name\":\"DE - casavi.com\\\/de\",\"description\":\"Vernetzt arbeiten | Einfach verwalten\",\"potentialAction\":[{\"@type\":\"SearchAction\",\"target\":{\"@type\":\"EntryPoint\",\"urlTemplate\":\"https:\\\/\\\/casavi.com\\\/de\\\/?s={search_term_string}\"},\"query-input\":{\"@type\":\"PropertyValueSpecification\",\"valueRequired\":true,\"valueName\":\"search_term_string\"}}],\"inLanguage\":\"de\"}]}<\/script>\n<!-- \/ Yoast SEO plugin. -->","yoast_head_json":{"title":"Scalara und casavi: Jetzt durchstarten","description":"casavis St\u00e4rke in Kommunikation & Vorgangsmanagement kombiniert mit SCALARAs Stammdatenverwaltung & Buchhaltung. Eine starke Kombination.","robots":{"index":"index","follow":"follow","max-snippet":"max-snippet:-1","max-image-preview":"max-image-preview:large","max-video-preview":"max-video-preview:-1"},"canonical":"https:\/\/casavi.com\/de\/scalara\/","og_locale":"de_DE","og_type":"article","og_title":"Scalara und casavi: Jetzt durchstarten","og_description":"casavis St\u00e4rke in Kommunikation & Vorgangsmanagement kombiniert mit SCALARAs Stammdatenverwaltung & Buchhaltung. Eine starke Kombination.","og_url":"https:\/\/casavi.com\/de\/scalara\/","og_site_name":"DE - casavi.com\/de","article_publisher":"https:\/\/www.facebook.com\/mycasavi\/","article_modified_time":"2026-03-11T10:01:16+00:00","og_image":[{"width":826,"height":315,"url":"https:\/\/casavi.com\/de\/wp-content\/uploads\/sites\/2\/210406-Logo_horizontal-schwarz-RGB.png","type":"image\/png"}],"twitter_card":"summary_large_image","twitter_misc":{"Gesch\u00e4tzte Lesezeit":"2\u00a0Minuten"},"schema":{"@context":"https:\/\/schema.org","@graph":[{"@type":"WebPage","@id":"https:\/\/casavi.com\/de\/scalara\/","url":"https:\/\/casavi.com\/de\/scalara\/","name":"Scalara und casavi: Jetzt durchstarten","isPartOf":{"@id":"https:\/\/casavi.com\/de\/#website"},"primaryImageOfPage":{"@id":"https:\/\/casavi.com\/de\/scalara\/#primaryimage"},"image":{"@id":"https:\/\/casavi.com\/de\/scalara\/#primaryimage"},"thumbnailUrl":"https:\/\/casavi.com\/de\/wp-content\/uploads\/sites\/2\/210406-Logo_horizontal-schwarz-RGB.png","datePublished":"2026-01-29T12:55:27+00:00","dateModified":"2026-03-11T10:01:16+00:00","description":"casavis St\u00e4rke in Kommunikation & Vorgangsmanagement kombiniert mit SCALARAs Stammdatenverwaltung & Buchhaltung. Eine starke Kombination.","breadcrumb":{"@id":"https:\/\/casavi.com\/de\/scalara\/#breadcrumb"},"inLanguage":"de","potentialAction":[{"@type":"ReadAction","target":["https:\/\/casavi.com\/de\/scalara\/"]}]},{"@type":"ImageObject","inLanguage":"de","@id":"https:\/\/casavi.com\/de\/scalara\/#primaryimage","url":"https:\/\/casavi.com\/de\/wp-content\/uploads\/sites\/2\/210406-Logo_horizontal-schwarz-RGB.png","contentUrl":"https:\/\/casavi.com\/de\/wp-content\/uploads\/sites\/2\/210406-Logo_horizontal-schwarz-RGB.png","width":826,"height":315},{"@type":"BreadcrumbList","@id":"https:\/\/casavi.com\/de\/scalara\/#breadcrumb","itemListElement":[{"@type":"ListItem","position":1,"name":"Startseite","item":"https:\/\/casavi.com\/de\/"},{"@type":"ListItem","position":2,"name":"casavi und Scalara"}]},{"@type":"WebSite","@id":"https:\/\/casavi.com\/de\/#website","url":"https:\/\/casavi.com\/de\/","name":"DE - casavi.com\/de","description":"Vernetzt arbeiten | Einfach verwalten","potentialAction":[{"@type":"SearchAction","target":{"@type":"EntryPoint","urlTemplate":"https:\/\/casavi.com\/de\/?s={search_term_string}"},"query-input":{"@type":"PropertyValueSpecification","valueRequired":true,"valueName":"search_term_string"}}],"inLanguage":"de"}]}},"_links":{"self":[{"href":"https:\/\/casavi.com\/de\/wp-json\/wp\/v2\/pages\/69090","targetHints":{"allow":["GET"]}}],"collection":[{"href":"https:\/\/casavi.com\/de\/wp-json\/wp\/v2\/pages"}],"about":[{"href":"https:\/\/casavi.com\/de\/wp-json\/wp\/v2\/types\/page"}],"author":[{"embeddable":true,"href":"https:\/\/casavi.com\/de\/wp-json\/wp\/v2\/users\/54"}],"replies":[{"embeddable":true,"href":"https:\/\/casavi.com\/de\/wp-json\/wp\/v2\/comments?post=69090"}],"version-history":[{"count":14,"href":"https:\/\/casavi.com\/de\/wp-json\/wp\/v2\/pages\/69090\/revisions"}],"predecessor-version":[{"id":69551,"href":"https:\/\/casavi.com\/de\/wp-json\/wp\/v2\/pages\/69090\/revisions\/69551"}],"wp:attachment":[{"href":"https:\/\/casavi.com\/de\/wp-json\/wp\/v2\/media?parent=69090"}],"curies":[{"name":"wp","href":"https:\/\/api.w.org\/{rel}","templated":true}]}}