{"id":44744,"date":"2021-10-22T12:39:52","date_gmt":"2021-10-22T12:39:52","guid":{"rendered":"https:\/\/casavi.com\/de\/?page_id=44744"},"modified":"2021-10-28T12:02:46","modified_gmt":"2021-10-28T10:02:46","slug":"die-fuehrende-plattform-fuer-die-digitalisierung-in-der-immobilienverwaltung","status":"publish","type":"page","link":"https:\/\/casavi.com\/en\/die-fuehrende-plattform-fuer-die-digitalisierung-in-der-immobilienverwaltung\/","title":{"rendered":"Die f\u00fchrende Plattform f\u00fcr die Digitalisierung in der Immobilienverwaltung"},"content":{"rendered":"\n<div class=\"wp-block-group alignfull is-style-casavi-slant\"><div class=\"wp-block-group__inner-container is-layout-flow wp-block-group-is-layout-flow\">\n<div class=\"acf-block-casavi-responsive-spacer clearfix has-space-xs-1 has-space-md-2\" id=\"block_6169844fd5db1\"><\/div>\n\n\n\n<div class=\"wp-block-media-text alignwide has-media-on-the-right is-stacked-on-mobile casavi-grid-35-65 is-style-casavi-default\" style=\"grid-template-columns:auto 35%\"><figure class=\"wp-block-media-text__media\"><img fetchpriority=\"high\" decoding=\"async\" width=\"1000\" height=\"666\" src=\"https:\/\/casavi.com\/de\/wp-content\/uploads\/sites\/2\/2021\/10\/casavi-software-immobilienverwaltung.jpg\" alt=\"\" class=\"wp-image-97 size-full\" srcset=\"https:\/\/casavi.com\/en\/wp-content\/uploads\/sites\/3\/2021\/10\/casavi-software-immobilienverwaltung.jpg 1000w, https:\/\/casavi.com\/en\/wp-content\/uploads\/sites\/3\/2021\/10\/casavi-software-immobilienverwaltung-300x200.jpg 300w, https:\/\/casavi.com\/en\/wp-content\/uploads\/sites\/3\/2021\/10\/casavi-software-immobilienverwaltung-768x511.jpg 768w, https:\/\/casavi.com\/en\/wp-content\/uploads\/sites\/3\/2021\/10\/casavi-software-immobilienverwaltung-793x528.jpg 793w\" sizes=\"(max-width: 1000px) 100vw, 1000px\" \/><\/figure><div class=\"wp-block-media-text__content\">\n<h1 class=\"wp-block-heading\">Die f\u00fchrende Plattform f\u00fcr die Digitalisierung in der Immobilienverwaltung<\/h1>\n\n\n\n<p>Schnell zu integrieren und hundertfach bew\u00e4hrt im Einsatz \u2013 einfach effizient verwalten!<\/p>\n<\/div><\/div>\n\n\n\n<div class=\"acf-block-casavi-responsive-spacer clearfix has-space-xs-2 has-space-md-4\" id=\"block_61698405d5db0\"><\/div>\n<\/div><\/div>\n\n\n\n<div class=\"acf-block-casavi-responsive-spacer clearfix has-space-xs-2 has-space-md-4\" id=\"block_616ecae62e92d\"><\/div>\n\n\n\n<div class=\"wp-block-columns alignwide is-layout-flex wp-container-core-columns-is-layout-9d6595d7 wp-block-columns-is-layout-flex\">\n<div class=\"wp-block-column is-layout-flow wp-block-column-is-layout-flow\">\n<h2 class=\"wp-block-heading\">Vernetzt arbeiten.<br>Einfach verwalten.<\/h2>\n\n\n\n<p>Ob in der Fremd- und Eigentumsverwaltung, im Quartiers- oder im Facility Management:&nbsp;<strong>casavi<\/strong>&nbsp;l\u00e4sst sich dank modularer Funktionen und umfangreichen Partnerl\u00f6sungen individuell f\u00fcr professionelle Anspr\u00fcche in verschiedenen Anwendungen gestalten.<\/p>\n\n\n\n<ul class=\"is-style-casavi-checklist wp-block-list\"><li><strong>Leistungsstarke Funktionen:&nbsp;<\/strong>Service-App &amp; Kundenportal, intelligentes Vorgangsmanagement, elektronischer Postversand, Dienstleisterplattform, zahlreiche Schnittstellen und vieles mehr<\/li><li><strong>\u00dcber das casavi&nbsp;Partnernetzwerk<\/strong>&nbsp;ganz einfach Ihre bestehenden Systeme anbinden oder weitere Tools und Services f\u00fcr Ihre Kunden bereitstellen<\/li><li><strong>Zeit- und Kostenersparnis<\/strong>&nbsp;durch automatisierte Prozesse wie&nbsp;elektronischen Postversand&nbsp;und&nbsp;Vorgangsmanagement<\/li><li><strong>Keine Verpflichtungen<\/strong>&nbsp;\u2013 Testen Sie casavi kostenlos und lassen Sie sich unverbindlich beraten<\/li><\/ul>\n<\/div>\n\n\n\n<div class=\"wp-block-column is-layout-flow wp-block-column-is-layout-flow\">\n<div class=\"wp-block-group is-style-casavi-card\"><div class=\"wp-block-group__inner-container is-layout-flow wp-block-group-is-layout-flow\">\n<h3 class=\"wp-block-heading\"><meta charset=\"utf-8\">Kostenlos testen und vollen Funktionsumfang nutzen<\/h3>\n\n\n<\/div><\/div>\n<\/div>\n<\/div>\n\n\n\n<div class=\"acf-block-casavi-responsive-spacer clearfix has-space-xs-2 has-space-md-4\" id=\"block_616ecee82e934\"><\/div>\n\n\n\n<div class=\"wp-block-group alignfull has-gray-3-background-color has-background\"><div class=\"wp-block-group__inner-container is-layout-flow wp-block-group-is-layout-flow\">\n<div class=\"acf-block-casavi-responsive-spacer clearfix has-space-xs-2 has-space-md-4\" id=\"block_6156d6bb4ace0\"><\/div>\n\n\n\n<div class=\"wp-block-columns alignwide is-layout-flex wp-container-core-columns-is-layout-9d6595d7 wp-block-columns-is-layout-flex\">\n<div class=\"wp-block-column is-layout-flow wp-block-column-is-layout-flow\">\n<div class=\"wp-block-image\"><figure class=\"aligncenter size-large\"><img decoding=\"async\" width=\"1024\" height=\"783\" src=\"https:\/\/casavi.com\/de\/wp-content\/uploads\/sites\/2\/2021\/10\/immobilien-effizienter-verwalten-casavi-1024x783.png\" alt=\"\" class=\"wp-image-88\" srcset=\"https:\/\/casavi.com\/en\/wp-content\/uploads\/sites\/3\/2021\/10\/immobilien-effizienter-verwalten-casavi-1024x783.png 1024w, https:\/\/casavi.com\/en\/wp-content\/uploads\/sites\/3\/2021\/10\/immobilien-effizienter-verwalten-casavi-300x229.png 300w, https:\/\/casavi.com\/en\/wp-content\/uploads\/sites\/3\/2021\/10\/immobilien-effizienter-verwalten-casavi-768x587.png 768w, https:\/\/casavi.com\/en\/wp-content\/uploads\/sites\/3\/2021\/10\/immobilien-effizienter-verwalten-casavi-690x528.png 690w, https:\/\/casavi.com\/en\/wp-content\/uploads\/sites\/3\/2021\/10\/immobilien-effizienter-verwalten-casavi.png 1361w\" sizes=\"(max-width: 1024px) 100vw, 1024px\" \/><\/figure><\/div>\n\n\n\n<h2 class=\"has-text-align-center wp-block-heading\">Der klassische Weg<\/h2>\n\n\n\n<ul class=\"is-style-casavi-crosslist wp-block-list\"><li><strong>Un\u00fcbersichtliche Papier- und Aktenstapel<\/strong>, klingelnde Telefone und Ausgangspost: Den \u00dcberblick zu behalten \u2013 kaum m\u00f6glich<\/li><li><strong>Manuelle &amp; ineffiziente<\/strong>&nbsp;Abl\u00e4ufe, die Zeit kosten und Mitarbeiter frustrieren<\/li><li><strong>Personalmangel<\/strong>&nbsp;und unzufriedene Kunden durch sp\u00e4te R\u00fcckmeldung und mangelnde Transparenz bei laufenden Vorg\u00e4ngen<\/li><\/ul>\n<\/div>\n\n\n\n<div class=\"wp-block-column is-layout-flow wp-block-column-is-layout-flow\">\n<div class=\"wp-block-image\"><figure class=\"aligncenter size-large\"><img decoding=\"async\" width=\"1024\" height=\"783\" src=\"https:\/\/casavi.com\/de\/wp-content\/uploads\/sites\/2\/2021\/10\/digital-immobilien-verwalten-casavi-1024x783.png\" alt=\"\" class=\"wp-image-85\" srcset=\"https:\/\/casavi.com\/en\/wp-content\/uploads\/sites\/3\/2021\/10\/digital-immobilien-verwalten-casavi-1024x783.png 1024w, https:\/\/casavi.com\/en\/wp-content\/uploads\/sites\/3\/2021\/10\/digital-immobilien-verwalten-casavi-300x229.png 300w, https:\/\/casavi.com\/en\/wp-content\/uploads\/sites\/3\/2021\/10\/digital-immobilien-verwalten-casavi-768x587.png 768w, https:\/\/casavi.com\/en\/wp-content\/uploads\/sites\/3\/2021\/10\/digital-immobilien-verwalten-casavi-690x528.png 690w, https:\/\/casavi.com\/en\/wp-content\/uploads\/sites\/3\/2021\/10\/digital-immobilien-verwalten-casavi.png 1361w\" sizes=\"(max-width: 1024px) 100vw, 1024px\" \/><\/figure><\/div>\n\n\n\n<h2 class=\"has-text-align-center wp-block-heading\">Einfach effizienter verwalten<\/h2>\n\n\n\n<ul class=\"is-style-casavi-checklist wp-block-list\"><li><strong>Mehr Transparenz<\/strong>&nbsp;und reduzierte Aufw\u00e4nde bei Kosten und Personal dank Digitalisierung<\/li><li><strong>Automatisierung<\/strong>&nbsp;monotoner und wiederkehrender Abl\u00e4ufe<\/li><li><strong>\u00dcberall und jederzeit<\/strong>&nbsp;einfach in der Cloud arbeiten<\/li><li><strong>Schnelle<\/strong>&nbsp;und&nbsp;<strong>einfache<\/strong>&nbsp;Implementierung \u2013 in kurzer Zeit einsatzbereit<\/li><\/ul>\n<\/div>\n<\/div>\n\n\n\n<div class=\"acf-block-casavi-responsive-spacer clearfix has-space-xs-2 has-space-md-4\" id=\"block_6156d6bd4ace1\"><\/div>\n<\/div><\/div>\n","protected":false},"excerpt":{"rendered":"<p>Die f\u00fchrende Plattform f\u00fcr die Digitalisierung in der Immobilienverwaltung Schnell zu integrieren und hundertfach bew\u00e4hrt im Einsatz \u2013 einfach effizient [&hellip;]<\/p>\n","protected":false},"author":5,"featured_media":0,"parent":0,"menu_order":0,"comment_status":"closed","ping_status":"closed","template":"","meta":{"_acf_changed":false,"_trash_the_other_posts":false,"editor_notices":[],"footnotes":""},"class_list":["post-44744","page","type-page","status-publish","hentry"],"acf":[],"yoast_head":"<!-- This site is optimized with the Yoast SEO plugin v27.4 - https:\/\/yoast.com\/product\/yoast-seo-wordpress\/ -->\n<title>Die f\u00fchrende Plattform f\u00fcr die Digitalisierung in der Immobilienverwaltung - EN - casavi.com\/en<\/title>\n<meta name=\"description\" content=\"Die casavi Plattform vernetzt Eigent\u00fcmer, Mieter, Verwalter, Facility Manager und weitere Dienstleister auf intelligente Art und Weise.\" \/>\n<meta name=\"robots\" content=\"index, follow, max-snippet:-1, max-image-preview:large, max-video-preview:-1\" \/>\n<link rel=\"canonical\" href=\"https:\/\/casavi.com\/en\/die-fuehrende-plattform-fuer-die-digitalisierung-in-der-immobilienverwaltung\/\" \/>\n<meta property=\"og:locale\" content=\"en_US\" \/>\n<meta property=\"og:type\" content=\"article\" \/>\n<meta property=\"og:title\" content=\"Die f\u00fchrende Plattform f\u00fcr die Digitalisierung in der Immobilienverwaltung - EN - casavi.com\/en\" \/>\n<meta property=\"og:description\" content=\"Die casavi Plattform vernetzt Eigent\u00fcmer, Mieter, Verwalter, Facility Manager und weitere Dienstleister auf intelligente Art und Weise.\" \/>\n<meta property=\"og:url\" content=\"https:\/\/casavi.com\/en\/die-fuehrende-plattform-fuer-die-digitalisierung-in-der-immobilienverwaltung\/\" \/>\n<meta property=\"og:site_name\" content=\"EN - casavi.com\/en\" \/>\n<meta property=\"article:modified_time\" content=\"2021-10-28T10:02:46+00:00\" \/>\n<meta property=\"og:image\" content=\"https:\/\/casavi.com\/de\/wp-content\/uploads\/sites\/2\/2021\/10\/casavi-software-immobilienverwaltung.jpg\" \/>\n<meta name=\"twitter:card\" content=\"summary_large_image\" \/>\n<meta name=\"twitter:label1\" content=\"Est. reading time\" \/>\n\t<meta name=\"twitter:data1\" content=\"2 minutes\" \/>\n<script type=\"application\/ld+json\" class=\"yoast-schema-graph\">{\"@context\":\"https:\\\/\\\/schema.org\",\"@graph\":[{\"@type\":\"WebPage\",\"@id\":\"https:\\\/\\\/casavi.com\\\/en\\\/die-fuehrende-plattform-fuer-die-digitalisierung-in-der-immobilienverwaltung\\\/\",\"url\":\"https:\\\/\\\/casavi.com\\\/en\\\/die-fuehrende-plattform-fuer-die-digitalisierung-in-der-immobilienverwaltung\\\/\",\"name\":\"Die f\u00fchrende Plattform f\u00fcr die Digitalisierung in der Immobilienverwaltung - EN - casavi.com\\\/en\",\"isPartOf\":{\"@id\":\"https:\\\/\\\/casavi.com\\\/en\\\/#website\"},\"primaryImageOfPage\":{\"@id\":\"https:\\\/\\\/casavi.com\\\/en\\\/die-fuehrende-plattform-fuer-die-digitalisierung-in-der-immobilienverwaltung\\\/#primaryimage\"},\"image\":{\"@id\":\"https:\\\/\\\/casavi.com\\\/en\\\/die-fuehrende-plattform-fuer-die-digitalisierung-in-der-immobilienverwaltung\\\/#primaryimage\"},\"thumbnailUrl\":\"https:\\\/\\\/casavi.com\\\/de\\\/wp-content\\\/uploads\\\/sites\\\/2\\\/2021\\\/10\\\/casavi-software-immobilienverwaltung.jpg\",\"datePublished\":\"2021-10-22T12:39:52+00:00\",\"dateModified\":\"2021-10-28T10:02:46+00:00\",\"description\":\"Die casavi Plattform vernetzt Eigent\u00fcmer, Mieter, Verwalter, Facility Manager und weitere Dienstleister auf intelligente Art und Weise.\",\"breadcrumb\":{\"@id\":\"https:\\\/\\\/casavi.com\\\/en\\\/die-fuehrende-plattform-fuer-die-digitalisierung-in-der-immobilienverwaltung\\\/#breadcrumb\"},\"inLanguage\":\"en-US\",\"potentialAction\":[{\"@type\":\"ReadAction\",\"target\":[\"https:\\\/\\\/casavi.com\\\/en\\\/die-fuehrende-plattform-fuer-die-digitalisierung-in-der-immobilienverwaltung\\\/\"]}]},{\"@type\":\"ImageObject\",\"inLanguage\":\"en-US\",\"@id\":\"https:\\\/\\\/casavi.com\\\/en\\\/die-fuehrende-plattform-fuer-die-digitalisierung-in-der-immobilienverwaltung\\\/#primaryimage\",\"url\":\"https:\\\/\\\/casavi.com\\\/de\\\/wp-content\\\/uploads\\\/sites\\\/2\\\/2021\\\/10\\\/casavi-software-immobilienverwaltung.jpg\",\"contentUrl\":\"https:\\\/\\\/casavi.com\\\/de\\\/wp-content\\\/uploads\\\/sites\\\/2\\\/2021\\\/10\\\/casavi-software-immobilienverwaltung.jpg\"},{\"@type\":\"BreadcrumbList\",\"@id\":\"https:\\\/\\\/casavi.com\\\/en\\\/die-fuehrende-plattform-fuer-die-digitalisierung-in-der-immobilienverwaltung\\\/#breadcrumb\",\"itemListElement\":[{\"@type\":\"ListItem\",\"position\":1,\"name\":\"Home\",\"item\":\"https:\\\/\\\/casavi.com\\\/en\\\/\"},{\"@type\":\"ListItem\",\"position\":2,\"name\":\"Die f\u00fchrende Plattform f\u00fcr die Digitalisierung in der Immobilienverwaltung\"}]},{\"@type\":\"WebSite\",\"@id\":\"https:\\\/\\\/casavi.com\\\/en\\\/#website\",\"url\":\"https:\\\/\\\/casavi.com\\\/en\\\/\",\"name\":\"EN - casavi.com\\\/en\",\"description\":\"Connected work. Easy management.\",\"publisher\":{\"@id\":\"https:\\\/\\\/casavi.com\\\/en\\\/#organization\"},\"potentialAction\":[{\"@type\":\"SearchAction\",\"target\":{\"@type\":\"EntryPoint\",\"urlTemplate\":\"https:\\\/\\\/casavi.com\\\/en\\\/?s={search_term_string}\"},\"query-input\":{\"@type\":\"PropertyValueSpecification\",\"valueRequired\":true,\"valueName\":\"search_term_string\"}}],\"inLanguage\":\"en-US\"},{\"@type\":\"Organization\",\"@id\":\"https:\\\/\\\/casavi.com\\\/en\\\/#organization\",\"name\":\"EN - casavi.com\\\/en\",\"url\":\"https:\\\/\\\/casavi.com\\\/en\\\/\",\"logo\":{\"@type\":\"ImageObject\",\"inLanguage\":\"en-US\",\"@id\":\"https:\\\/\\\/casavi.com\\\/en\\\/#\\\/schema\\\/logo\\\/image\\\/\",\"url\":\"https:\\\/\\\/casavi.com\\\/en\\\/wp-content\\\/uploads\\\/sites\\\/3\\\/cropped-cropped-cropped-casavi-Icon.png\",\"contentUrl\":\"https:\\\/\\\/casavi.com\\\/en\\\/wp-content\\\/uploads\\\/sites\\\/3\\\/cropped-cropped-cropped-casavi-Icon.png\",\"width\":512,\"height\":512,\"caption\":\"EN - casavi.com\\\/en\"},\"image\":{\"@id\":\"https:\\\/\\\/casavi.com\\\/en\\\/#\\\/schema\\\/logo\\\/image\\\/\"}}]}<\/script>\n<!-- \/ Yoast SEO plugin. -->","yoast_head_json":{"title":"Die f\u00fchrende Plattform f\u00fcr die Digitalisierung in der Immobilienverwaltung - EN - casavi.com\/en","description":"Die casavi Plattform vernetzt Eigent\u00fcmer, Mieter, Verwalter, Facility Manager und weitere Dienstleister auf intelligente Art und Weise.","robots":{"index":"index","follow":"follow","max-snippet":"max-snippet:-1","max-image-preview":"max-image-preview:large","max-video-preview":"max-video-preview:-1"},"canonical":"https:\/\/casavi.com\/en\/die-fuehrende-plattform-fuer-die-digitalisierung-in-der-immobilienverwaltung\/","og_locale":"en_US","og_type":"article","og_title":"Die f\u00fchrende Plattform f\u00fcr die Digitalisierung in der Immobilienverwaltung - EN - casavi.com\/en","og_description":"Die casavi Plattform vernetzt Eigent\u00fcmer, Mieter, Verwalter, Facility Manager und weitere Dienstleister auf intelligente Art und Weise.","og_url":"https:\/\/casavi.com\/en\/die-fuehrende-plattform-fuer-die-digitalisierung-in-der-immobilienverwaltung\/","og_site_name":"EN - casavi.com\/en","article_modified_time":"2021-10-28T10:02:46+00:00","og_image":[{"url":"https:\/\/casavi.com\/de\/wp-content\/uploads\/sites\/2\/2021\/10\/casavi-software-immobilienverwaltung.jpg","type":"","width":"","height":""}],"twitter_card":"summary_large_image","twitter_misc":{"Est. reading time":"2 minutes"},"schema":{"@context":"https:\/\/schema.org","@graph":[{"@type":"WebPage","@id":"https:\/\/casavi.com\/en\/die-fuehrende-plattform-fuer-die-digitalisierung-in-der-immobilienverwaltung\/","url":"https:\/\/casavi.com\/en\/die-fuehrende-plattform-fuer-die-digitalisierung-in-der-immobilienverwaltung\/","name":"Die f\u00fchrende Plattform f\u00fcr die Digitalisierung in der Immobilienverwaltung - EN - casavi.com\/en","isPartOf":{"@id":"https:\/\/casavi.com\/en\/#website"},"primaryImageOfPage":{"@id":"https:\/\/casavi.com\/en\/die-fuehrende-plattform-fuer-die-digitalisierung-in-der-immobilienverwaltung\/#primaryimage"},"image":{"@id":"https:\/\/casavi.com\/en\/die-fuehrende-plattform-fuer-die-digitalisierung-in-der-immobilienverwaltung\/#primaryimage"},"thumbnailUrl":"https:\/\/casavi.com\/de\/wp-content\/uploads\/sites\/2\/2021\/10\/casavi-software-immobilienverwaltung.jpg","datePublished":"2021-10-22T12:39:52+00:00","dateModified":"2021-10-28T10:02:46+00:00","description":"Die casavi Plattform vernetzt Eigent\u00fcmer, Mieter, Verwalter, Facility Manager und weitere Dienstleister auf intelligente Art und Weise.","breadcrumb":{"@id":"https:\/\/casavi.com\/en\/die-fuehrende-plattform-fuer-die-digitalisierung-in-der-immobilienverwaltung\/#breadcrumb"},"inLanguage":"en-US","potentialAction":[{"@type":"ReadAction","target":["https:\/\/casavi.com\/en\/die-fuehrende-plattform-fuer-die-digitalisierung-in-der-immobilienverwaltung\/"]}]},{"@type":"ImageObject","inLanguage":"en-US","@id":"https:\/\/casavi.com\/en\/die-fuehrende-plattform-fuer-die-digitalisierung-in-der-immobilienverwaltung\/#primaryimage","url":"https:\/\/casavi.com\/de\/wp-content\/uploads\/sites\/2\/2021\/10\/casavi-software-immobilienverwaltung.jpg","contentUrl":"https:\/\/casavi.com\/de\/wp-content\/uploads\/sites\/2\/2021\/10\/casavi-software-immobilienverwaltung.jpg"},{"@type":"BreadcrumbList","@id":"https:\/\/casavi.com\/en\/die-fuehrende-plattform-fuer-die-digitalisierung-in-der-immobilienverwaltung\/#breadcrumb","itemListElement":[{"@type":"ListItem","position":1,"name":"Home","item":"https:\/\/casavi.com\/en\/"},{"@type":"ListItem","position":2,"name":"Die f\u00fchrende Plattform f\u00fcr die Digitalisierung in der Immobilienverwaltung"}]},{"@type":"WebSite","@id":"https:\/\/casavi.com\/en\/#website","url":"https:\/\/casavi.com\/en\/","name":"EN - casavi.com\/en","description":"Connected work. Easy management.","publisher":{"@id":"https:\/\/casavi.com\/en\/#organization"},"potentialAction":[{"@type":"SearchAction","target":{"@type":"EntryPoint","urlTemplate":"https:\/\/casavi.com\/en\/?s={search_term_string}"},"query-input":{"@type":"PropertyValueSpecification","valueRequired":true,"valueName":"search_term_string"}}],"inLanguage":"en-US"},{"@type":"Organization","@id":"https:\/\/casavi.com\/en\/#organization","name":"EN - casavi.com\/en","url":"https:\/\/casavi.com\/en\/","logo":{"@type":"ImageObject","inLanguage":"en-US","@id":"https:\/\/casavi.com\/en\/#\/schema\/logo\/image\/","url":"https:\/\/casavi.com\/en\/wp-content\/uploads\/sites\/3\/cropped-cropped-cropped-casavi-Icon.png","contentUrl":"https:\/\/casavi.com\/en\/wp-content\/uploads\/sites\/3\/cropped-cropped-cropped-casavi-Icon.png","width":512,"height":512,"caption":"EN - casavi.com\/en"},"image":{"@id":"https:\/\/casavi.com\/en\/#\/schema\/logo\/image\/"}}]}},"_links":{"self":[{"href":"https:\/\/casavi.com\/en\/wp-json\/wp\/v2\/pages\/44744","targetHints":{"allow":["GET"]}}],"collection":[{"href":"https:\/\/casavi.com\/en\/wp-json\/wp\/v2\/pages"}],"about":[{"href":"https:\/\/casavi.com\/en\/wp-json\/wp\/v2\/types\/page"}],"author":[{"embeddable":true,"href":"https:\/\/casavi.com\/en\/wp-json\/wp\/v2\/users\/5"}],"replies":[{"embeddable":true,"href":"https:\/\/casavi.com\/en\/wp-json\/wp\/v2\/comments?post=44744"}],"version-history":[{"count":0,"href":"https:\/\/casavi.com\/en\/wp-json\/wp\/v2\/pages\/44744\/revisions"}],"wp:attachment":[{"href":"https:\/\/casavi.com\/en\/wp-json\/wp\/v2\/media?parent=44744"}],"curies":[{"name":"wp","href":"https:\/\/api.w.org\/{rel}","templated":true}]}}