{"id":47188,"date":"2022-04-05T14:11:55","date_gmt":"2022-04-05T12:11:55","guid":{"rendered":"https:\/\/casavi.com\/de\/?page_id=47188"},"modified":"2022-04-12T13:27:23","modified_gmt":"2022-04-12T11:27:23","slug":"myboard","status":"publish","type":"page","link":"https:\/\/casavi.com\/en\/myboard\/","title":{"rendered":"casavi MyBoard"},"content":{"rendered":"\n<div class=\"wp-block-group alignfull is-style-casavi-slant\"><div class=\"wp-block-group__inner-container is-layout-flow wp-block-group-is-layout-flow\">\n<div class=\"acf-block-casavi-responsive-spacer clearfix has-space-xs-1 has-space-md-2\" id=\"block_6169844fd5db1\"><\/div>\n\n\n\n<div class=\"wp-block-media-text alignwide has-media-on-the-right is-stacked-on-mobile casavi-grid-35-65 is-style-casavi-default\" style=\"grid-template-columns:auto 35%\"><figure class=\"wp-block-media-text__media\"><img fetchpriority=\"high\" decoding=\"async\" width=\"400\" height=\"394\" src=\"https:\/\/casavi.com\/de\/wp-content\/uploads\/sites\/2\/Bildschirmfoto-2020-08-14-um-12.02.20.png\" alt=\"\" class=\"wp-image-47190 size-full\" srcset=\"https:\/\/casavi.com\/en\/wp-content\/uploads\/sites\/3\/Bildschirmfoto-2020-08-14-um-12.02.20.png 400w, https:\/\/casavi.com\/en\/wp-content\/uploads\/sites\/3\/Bildschirmfoto-2020-08-14-um-12.02.20-300x296.png 300w\" sizes=\"(max-width: 400px) 100vw, 400px\" \/><\/figure><div class=\"wp-block-media-text__content\">\n<h1 class=\"wp-block-heading\" id=\"der-digitale-hausaushang\"><strong>Der digitale Hausaushang<\/strong><\/h1>\n\n\n\n<p>\u00dcber das casavi <a href=\"https:\/\/casavi.com\/de\/funktionen\/service-app-kundenportal\/\" target=\"_blank\" rel=\"noreferrer noopener\">Serviceportal<\/a> teilen Immobilienverwaltungen Informationen, wie Mitteilungen zur Aufzugswartung, Garagennutzung oder Treppenhausreinigung und auch Ank\u00fcndigungen der Heizungsablesetermine oder der n\u00e4chsten Eigent\u00fcmerversammlung. Weitergehend stehen die Kontaktdaten wichtiger Ansprechpartner zur Verf\u00fcgung. Doch wie gelangen Bewohner ohne Smartphone und ohne regelm\u00e4\u00dfige Kontrolle Ihres digitalen Postfachs an diese Informationen? Um auch wirklich alle Bewohner einer Immobilie zu erreichen, stellt casavi das Modul MyBoard zur Verf\u00fcgung. <\/p>\n<\/div><\/div>\n\n\n\n<div class=\"acf-block-casavi-responsive-spacer clearfix has-space-xs-2 has-space-md-4\" id=\"block_61698405d5db0\"><\/div>\n<\/div><\/div>\n\n\n\n<div class=\"wp-block-media-text alignwide is-stacked-on-mobile is-style-casavi-default\" style=\"grid-template-columns:35% auto\"><figure class=\"wp-block-media-text__media\"><img decoding=\"async\" width=\"1024\" height=\"776\" src=\"https:\/\/casavi.com\/de\/wp-content\/uploads\/sites\/2\/Upsellpage_MyBoard-1024x776.jpg\" alt=\"\" class=\"wp-image-47869 size-full\" srcset=\"https:\/\/casavi.com\/en\/wp-content\/uploads\/sites\/3\/Upsellpage_MyBoard-1024x776.jpg 1024w, https:\/\/casavi.com\/en\/wp-content\/uploads\/sites\/3\/Upsellpage_MyBoard-300x227.jpg 300w, https:\/\/casavi.com\/en\/wp-content\/uploads\/sites\/3\/Upsellpage_MyBoard-768x582.jpg 768w, https:\/\/casavi.com\/en\/wp-content\/uploads\/sites\/3\/Upsellpage_MyBoard-1536x1163.jpg 1536w, https:\/\/casavi.com\/en\/wp-content\/uploads\/sites\/3\/Upsellpage_MyBoard-2048x1551.jpg 2048w, https:\/\/casavi.com\/en\/wp-content\/uploads\/sites\/3\/Upsellpage_MyBoard-697x528.jpg 697w\" sizes=\"(max-width: 1024px) 100vw, 1024px\" \/><\/figure><div class=\"wp-block-media-text__content\">\n<h2 class=\"wp-block-heading\" id=\"was-ist-myboard\"><strong>Was ist MyBoard?<\/strong><\/h2>\n\n\n\n<p>\u00dcber den casavi Produktteil MyBoard k\u00f6nnen Mitteilungen, Termine und wichtige Kontakte auf einem Bildschirm im Hausflur ausgestrahlt werden.&nbsp;Dabei kann pro Mitteilung und Termin entschieden werden, ob diese Inhalte nur in der casavi <a href=\"https:\/\/casavi.com\/de\/funktionen\/service-app-kundenportal\/\" target=\"_blank\" rel=\"noreferrer noopener\">Serviceplattform mit App<\/a> oder auch auf dem digitalen Hausaushang angezeigt werden sollen.&nbsp;<\/p>\n\n\n\n<p>Immobilienverwalter sparen sich somit die Anfahrt zur Liegenschaft, sowie das Aufh\u00e4ngen und gegebenenfalls die Kontrolle oder das Wieder-Entfernen von Zetteln.<\/p>\n<\/div><\/div>\n\n\n\n<div class=\"acf-block-casavi-responsive-spacer clearfix has-space-xs-2 has-space-md-4\" id=\"block_616ecee82e934\"><\/div>\n\n\n\n<div class=\"wp-block-group alignfull has-gray-3-background-color has-background\"><div class=\"wp-block-group__inner-container is-layout-flow wp-block-group-is-layout-flow\">\n<div class=\"acf-block-casavi-responsive-spacer clearfix has-space-xs-1 has-space-md-2\" id=\"block_61a63276ccd18\"><\/div>\n\n\n\n<div class=\"wp-block-columns alignwide is-layout-flex wp-container-core-columns-is-layout-9d6595d7 wp-block-columns-is-layout-flex\">\n<div class=\"wp-block-column is-layout-flow wp-block-column-is-layout-flow\">\n<h2 class=\"wp-block-heading\" id=\"vorteile-von-myboard\"> Vorteile von MyBoard<\/h2>\n\n\n\n<ul class=\"is-style-casavi-checklist wp-block-list\"><li><strong><strong>Erreichen aller Bewohner<\/strong> <\/strong>&#8211; auch derer ohne digitale Ger\u00e4te<\/li><li><strong><strong>T\u00e4glich im Blickfeld<\/strong> beim Betreten<\/strong> oder Verlassen des Geb\u00e4udes<\/li><\/ul>\n<\/div>\n\n\n\n<div class=\"wp-block-column is-layout-flow wp-block-column-is-layout-flow\">\n<h2 class=\"wp-block-heading\" id=\"vorteile-fur-den-verwalter\"> Vorteile f\u00fcr den Verwalter<\/h2>\n\n\n\n<ul class=\"is-style-casavi-checklist wp-block-list\"><li><strong><strong>Sparen der Anfahrt <\/strong>der Immobilie<\/strong>, um einen Aushang zu t\u00e4tigen<\/li><li><strong><strong>Steuerung der Inhalte<\/strong> <\/strong>aus dem Verwaltungsb\u00fcro&nbsp;<\/li><\/ul>\n<\/div>\n<\/div>\n\n\n\n<div class=\"acf-block-casavi-responsive-spacer clearfix has-space-xs-1 has-space-md-2\" id=\"block_616ecae62e92d\"><\/div>\n<\/div><\/div>\n\n\n\n<div class=\"acf-block-casavi-responsive-spacer clearfix has-space-xs-1 has-space-md-2\" id=\"block_61a6325bccd17\"><\/div>\n\n\n\n<h2 class=\"wp-block-heading\" id=\"voraussetzungen-fur-den-einsatz-von-myboard\">Voraussetzungen f\u00fcr den Einsatz von MyBoard<\/h2>\n\n\n\n<p>Um das MyBoard einzusetzen, ist es lediglich notwendig, das entsprechende casavi Modul zu buchen. Und das ist auch nicht teuer. Erhalten Sie mit Klick auf diesen Button direkt ein Angebot.<\/p>\n\n\n\n<div class=\"wp-block-buttons is-content-justification-center is-layout-flex wp-container-core-buttons-is-layout-16018d1d wp-block-buttons-is-layout-flex\">\n<div class=\"wp-block-button\"><a class=\"wp-block-button__link\" href=\"#myboardangebot\" rel=\"\">MyBoard Angebot anfordern<\/a><\/div>\n<\/div>\n\n\n\n<div class=\"acf-block-casavi-responsive-spacer clearfix has-space-xs-1 has-space-md-2\" id=\"block_61dc0bcc2b09a\"><\/div>\n\n\n\n<div class=\"wp-block-group alignfull has-gray-3-background-color has-background\"><div class=\"wp-block-group__inner-container is-layout-flow wp-block-group-is-layout-flow\">\n<div class=\"acf-block-casavi-responsive-spacer clearfix has-space-xs-1 has-space-md-2\" id=\"block_61dc0bc22b099\"><\/div>\n\n\n\n<div class=\"wp-block-columns alignwide is-layout-flex wp-container-core-columns-is-layout-9d6595d7 wp-block-columns-is-layout-flex\">\n<div class=\"wp-block-column is-layout-flow wp-block-column-is-layout-flow\">\n<h2 class=\"wp-block-heading\" id=\"hardware-empfehlungen-fur-anzeigetafeln\"><meta charset=\"utf-8\"><strong>Hardware-Empfehlungen f\u00fcr Anzeigetafeln<\/strong><\/h2>\n\n\n\n<p>Zur Anzeige der Hausmitteilungen wird neben den angezeigten Informationen, ein internetf\u00e4higer Bildschirm ben\u00f6tigt, welcher den Brandschutzkriterien entspricht.&nbsp;<\/p>\n\n\n\n<p>casavi empfiehlt hierf\u00fcr zwei Partner. Diese sind mit dem casavi MyBoard vertraut und sind bereits bei einigen casavi-Kunden im Einsatz: <a href=\"https:\/\/casavi.com\/de\/tableconnect\/\" target=\"_blank\" rel=\"noreferrer noopener\">TableConnect<\/a> und <a href=\"https:\/\/casavi.com\/de\/gekartel\/\" target=\"_blank\" rel=\"noreferrer noopener\">gekartel<\/a>.&nbsp;<\/p>\n\n\n\n<p>Die Preise h\u00e4ngen von der Wahl des Anbieters und des Modells ab.<\/p>\n<\/div>\n\n\n\n<div class=\"wp-block-column is-layout-flow wp-block-column-is-layout-flow\">\n<h2 class=\"wp-block-heading\" id=\"weitere-empfehlung-mobilitatsservices-im-immobilienumfeld\"><meta charset=\"utf-8\"><strong>Weitere Empfehlung: Mobilit\u00e4tsservices im Immobilienumfeld<\/strong><\/h2>\n\n\n\n<p>Auch in Kombination mit der Anzeige von \u00d6PNV-Verbindungen und umliegenden Sharingservices ist MyBoard zu verwenden. casavi Partner <a href=\"https:\/\/casavi.com\/de\/veomo\/\" target=\"_blank\" rel=\"noreferrer noopener\">Veomo<\/a> bietet Anzeigen der Verkehrsanbindungen an und hat dabei die casavi Mitteilungen und Termine integriert.&nbsp;<\/p>\n<\/div>\n<\/div>\n\n\n\n<div class=\"acf-block-casavi-responsive-spacer clearfix has-space-xs-1 has-space-md-2\" id=\"block_6171385c0db06\"><\/div>\n<\/div><\/div>\n\n\n\n<div class=\"wp-block-group alignfull has-white-background-color has-background\"><div class=\"wp-block-group__inner-container is-layout-flow wp-block-group-is-layout-flow\">\n<div class=\"acf-block-casavi-responsive-spacer clearfix has-space-xs-1 has-space-md-2\" id=\"block_61a63285ccd19\"><\/div>\n\n\n\n<div class=\"wp-block-media-text alignwide has-media-on-the-right is-stacked-on-mobile casavi-grid-35-65 is-style-casavi-default\" style=\"grid-template-columns:auto 35%\"><figure class=\"wp-block-media-text__media\"><img decoding=\"async\" width=\"1024\" height=\"768\" src=\"https:\/\/casavi.com\/de\/wp-content\/uploads\/sites\/2\/2021\/10\/veomo_casavy_story_teaser-scaled-e1616407073118-1024x768.jpeg\" alt=\"\" class=\"wp-image-44400 size-full\" srcset=\"https:\/\/casavi.com\/en\/wp-content\/uploads\/sites\/3\/2021\/10\/veomo_casavy_story_teaser-scaled-e1616407073118-1024x768.jpeg 1024w, https:\/\/casavi.com\/en\/wp-content\/uploads\/sites\/3\/2021\/10\/veomo_casavy_story_teaser-scaled-e1616407073118-300x225.jpeg 300w, https:\/\/casavi.com\/en\/wp-content\/uploads\/sites\/3\/2021\/10\/veomo_casavy_story_teaser-scaled-e1616407073118-768x576.jpeg 768w, https:\/\/casavi.com\/en\/wp-content\/uploads\/sites\/3\/2021\/10\/veomo_casavy_story_teaser-scaled-e1616407073118-1536x1152.jpeg 1536w, https:\/\/casavi.com\/en\/wp-content\/uploads\/sites\/3\/2021\/10\/veomo_casavy_story_teaser-scaled-e1616407073118-2048x1536.jpeg 2048w, https:\/\/casavi.com\/en\/wp-content\/uploads\/sites\/3\/2021\/10\/veomo_casavy_story_teaser-scaled-e1616407073118-704x528.jpeg 704w\" sizes=\"(max-width: 1024px) 100vw, 1024px\" \/><\/figure><div class=\"wp-block-media-text__content\">\n<h3 class=\"wp-block-heading\" id=\"das-myboard-im-einsatz-die-bayerische-hausbau-setzt-mit-digitalen-aushangen-neue-standards-fur-urbane-mobilitat-in-ihren-liegenschaften\">Das MyBoard im Einsatz: Die Bayerische Hausbau setzt mit digitalen Aush\u00e4ngen neue Standards f\u00fcr urbane Mobilit\u00e4t in ihren Liegenschaften<\/h3>\n\n\n\n<p>Unser Kunde Bayerische Hausbau hat sich beispielsweise f\u00fcr den Einsatz von MyBoard in Kombination mit zwei Partnerprodukten entschieden: Im Objekt Welfengarten in M\u00fcnchen ziert eine Anzeigetafel von TableConnect den Eingangsbereich, auf der die L\u00f6sung Veomo angezeigt wird. Hierbei hat Veomo die MyBoard-Informationen integriert, womit den Bewohnern casavi Mitteilungen und Termine angezeigt werden.<\/p>\n\n\n\n<div class=\"wp-block-buttons is-layout-flex wp-block-buttons-is-layout-flex\">\n<div class=\"wp-block-button\"><a class=\"wp-block-button__link\" href=\"https:\/\/casavi.com\/de\/die-bayerische-hausbau-setzt-mit-digitalen-aushaengen-neue-standards-fuer-urbane-mobilitaet-in-ihren-liegenschaften\/\">Jetzt lesen<\/a><\/div>\n<\/div>\n<\/div><\/div>\n\n\n\n<div class=\"acf-block-casavi-responsive-spacer clearfix has-space-xs-1 has-space-md-2\" id=\"block_616ecf1e2e935\"><\/div>\n<\/div><\/div>\n\n\n\n<div class=\"wp-block-group alignfull has-gray-3-background-color has-background\"><div class=\"wp-block-group__inner-container is-layout-flow wp-block-group-is-layout-flow\">\n<div class=\"acf-block-casavi-responsive-spacer clearfix has-space-xs-1 has-space-md-2\" id=\"block_616ecb3c2e930\"><\/div>\n\n\n\n<div class=\"wp-block-group is-style-casavi-card has-white-background-color has-background\"><div class=\"wp-block-group__inner-container is-layout-flow wp-block-group-is-layout-flow\">\n<h3 class=\"has-text-align-center wp-block-heading\" id=\"myboardangebot\"> Sie haben Fragen? <\/h3>\n\n\n\n<p class=\"has-text-align-center\">Dann beantworten wir sie Ihnen gerne. Hinterlassen Sie uns hier Ihre Telefonnummer und wir rufen Sie dazu an.<\/p>\n\n\n<\/div><\/div>\n\n\n\n<div class=\"acf-block-casavi-responsive-spacer clearfix has-space-xs-2 has-space-md-4\" id=\"block_616ecb3d2e931\"><\/div>\n<\/div><\/div>\n","protected":false},"excerpt":{"rendered":"<p>Der digitale Hausaushang \u00dcber das casavi Serviceportal teilen Immobilienverwaltungen Informationen, wie Mitteilungen zur Aufzugswartung, Garagennutzung oder Treppenhausreinigung und auch Ank\u00fcndigungen [&hellip;]<\/p>\n","protected":false},"author":11,"featured_media":0,"parent":0,"menu_order":0,"comment_status":"closed","ping_status":"closed","template":"","meta":{"_acf_changed":false,"_trash_the_other_posts":false,"editor_notices":[],"footnotes":""},"class_list":["post-47188","page","type-page","status-publish","hentry"],"acf":[],"yoast_head":"<!-- This site is optimized with the Yoast SEO plugin v27.5 - https:\/\/yoast.com\/product\/yoast-seo-wordpress\/ -->\n<title>casavi MyBoard - Jetzt mehr erfahren<\/title>\n<meta name=\"description\" content=\"Die casavi Plattform vernetzt Eigent\u00fcmer, Mieter, Verwalter, Facility Manager und weitere Dienstleister auf intelligente Art und Weise.\" \/>\n<meta name=\"robots\" content=\"index, follow, max-snippet:-1, max-image-preview:large, max-video-preview:-1\" \/>\n<link rel=\"canonical\" href=\"https:\/\/casavi.com\/en\/myboard\/\" \/>\n<meta property=\"og:locale\" content=\"en_US\" \/>\n<meta property=\"og:type\" content=\"article\" \/>\n<meta property=\"og:title\" content=\"casavi MyBoard - Jetzt mehr erfahren\" \/>\n<meta property=\"og:description\" content=\"Die casavi Plattform vernetzt Eigent\u00fcmer, Mieter, Verwalter, Facility Manager und weitere Dienstleister auf intelligente Art und Weise.\" \/>\n<meta property=\"og:url\" content=\"https:\/\/casavi.com\/en\/myboard\/\" \/>\n<meta property=\"og:site_name\" content=\"EN - casavi.com\/en\" \/>\n<meta property=\"article:modified_time\" content=\"2022-04-12T11:27:23+00:00\" \/>\n<meta property=\"og:image\" content=\"https:\/\/casavi.com\/de\/wp-content\/uploads\/sites\/2\/Bildschirmfoto-2020-08-14-um-12.02.20.png\" \/>\n<meta name=\"twitter:card\" content=\"summary_large_image\" \/>\n<meta name=\"twitter:label1\" content=\"Est. reading time\" \/>\n\t<meta name=\"twitter:data1\" content=\"3 minutes\" \/>\n<script type=\"application\/ld+json\" class=\"yoast-schema-graph\">{\"@context\":\"https:\\\/\\\/schema.org\",\"@graph\":[{\"@type\":\"WebPage\",\"@id\":\"https:\\\/\\\/casavi.com\\\/en\\\/myboard\\\/\",\"url\":\"https:\\\/\\\/casavi.com\\\/en\\\/myboard\\\/\",\"name\":\"casavi MyBoard - Jetzt mehr erfahren\",\"isPartOf\":{\"@id\":\"https:\\\/\\\/casavi.com\\\/en\\\/#website\"},\"primaryImageOfPage\":{\"@id\":\"https:\\\/\\\/casavi.com\\\/en\\\/myboard\\\/#primaryimage\"},\"image\":{\"@id\":\"https:\\\/\\\/casavi.com\\\/en\\\/myboard\\\/#primaryimage\"},\"thumbnailUrl\":\"https:\\\/\\\/casavi.com\\\/de\\\/wp-content\\\/uploads\\\/sites\\\/2\\\/Bildschirmfoto-2020-08-14-um-12.02.20.png\",\"datePublished\":\"2022-04-05T12:11:55+00:00\",\"dateModified\":\"2022-04-12T11:27:23+00:00\",\"description\":\"Die casavi Plattform vernetzt Eigent\u00fcmer, Mieter, Verwalter, Facility Manager und weitere Dienstleister auf intelligente Art und Weise.\",\"breadcrumb\":{\"@id\":\"https:\\\/\\\/casavi.com\\\/en\\\/myboard\\\/#breadcrumb\"},\"inLanguage\":\"en-US\",\"potentialAction\":[{\"@type\":\"ReadAction\",\"target\":[\"https:\\\/\\\/casavi.com\\\/en\\\/myboard\\\/\"]}]},{\"@type\":\"ImageObject\",\"inLanguage\":\"en-US\",\"@id\":\"https:\\\/\\\/casavi.com\\\/en\\\/myboard\\\/#primaryimage\",\"url\":\"https:\\\/\\\/casavi.com\\\/de\\\/wp-content\\\/uploads\\\/sites\\\/2\\\/Bildschirmfoto-2020-08-14-um-12.02.20.png\",\"contentUrl\":\"https:\\\/\\\/casavi.com\\\/de\\\/wp-content\\\/uploads\\\/sites\\\/2\\\/Bildschirmfoto-2020-08-14-um-12.02.20.png\"},{\"@type\":\"BreadcrumbList\",\"@id\":\"https:\\\/\\\/casavi.com\\\/en\\\/myboard\\\/#breadcrumb\",\"itemListElement\":[{\"@type\":\"ListItem\",\"position\":1,\"name\":\"Home\",\"item\":\"https:\\\/\\\/casavi.com\\\/en\\\/\"},{\"@type\":\"ListItem\",\"position\":2,\"name\":\"casavi MyBoard\"}]},{\"@type\":\"WebSite\",\"@id\":\"https:\\\/\\\/casavi.com\\\/en\\\/#website\",\"url\":\"https:\\\/\\\/casavi.com\\\/en\\\/\",\"name\":\"EN - casavi.com\\\/en\",\"description\":\"Connected work. Easy management.\",\"publisher\":{\"@id\":\"https:\\\/\\\/casavi.com\\\/en\\\/#organization\"},\"potentialAction\":[{\"@type\":\"SearchAction\",\"target\":{\"@type\":\"EntryPoint\",\"urlTemplate\":\"https:\\\/\\\/casavi.com\\\/en\\\/?s={search_term_string}\"},\"query-input\":{\"@type\":\"PropertyValueSpecification\",\"valueRequired\":true,\"valueName\":\"search_term_string\"}}],\"inLanguage\":\"en-US\"},{\"@type\":\"Organization\",\"@id\":\"https:\\\/\\\/casavi.com\\\/en\\\/#organization\",\"name\":\"EN - casavi.com\\\/en\",\"url\":\"https:\\\/\\\/casavi.com\\\/en\\\/\",\"logo\":{\"@type\":\"ImageObject\",\"inLanguage\":\"en-US\",\"@id\":\"https:\\\/\\\/casavi.com\\\/en\\\/#\\\/schema\\\/logo\\\/image\\\/\",\"url\":\"https:\\\/\\\/casavi.com\\\/en\\\/wp-content\\\/uploads\\\/sites\\\/3\\\/cropped-cropped-cropped-casavi-Icon.png\",\"contentUrl\":\"https:\\\/\\\/casavi.com\\\/en\\\/wp-content\\\/uploads\\\/sites\\\/3\\\/cropped-cropped-cropped-casavi-Icon.png\",\"width\":512,\"height\":512,\"caption\":\"EN - casavi.com\\\/en\"},\"image\":{\"@id\":\"https:\\\/\\\/casavi.com\\\/en\\\/#\\\/schema\\\/logo\\\/image\\\/\"}}]}<\/script>\n<!-- \/ Yoast SEO plugin. -->","yoast_head_json":{"title":"casavi MyBoard - Jetzt mehr erfahren","description":"Die casavi Plattform vernetzt Eigent\u00fcmer, Mieter, Verwalter, Facility Manager und weitere Dienstleister auf intelligente Art und Weise.","robots":{"index":"index","follow":"follow","max-snippet":"max-snippet:-1","max-image-preview":"max-image-preview:large","max-video-preview":"max-video-preview:-1"},"canonical":"https:\/\/casavi.com\/en\/myboard\/","og_locale":"en_US","og_type":"article","og_title":"casavi MyBoard - Jetzt mehr erfahren","og_description":"Die casavi Plattform vernetzt Eigent\u00fcmer, Mieter, Verwalter, Facility Manager und weitere Dienstleister auf intelligente Art und Weise.","og_url":"https:\/\/casavi.com\/en\/myboard\/","og_site_name":"EN - casavi.com\/en","article_modified_time":"2022-04-12T11:27:23+00:00","og_image":[{"url":"https:\/\/casavi.com\/de\/wp-content\/uploads\/sites\/2\/Bildschirmfoto-2020-08-14-um-12.02.20.png","type":"","width":"","height":""}],"twitter_card":"summary_large_image","twitter_misc":{"Est. reading time":"3 minutes"},"schema":{"@context":"https:\/\/schema.org","@graph":[{"@type":"WebPage","@id":"https:\/\/casavi.com\/en\/myboard\/","url":"https:\/\/casavi.com\/en\/myboard\/","name":"casavi MyBoard - Jetzt mehr erfahren","isPartOf":{"@id":"https:\/\/casavi.com\/en\/#website"},"primaryImageOfPage":{"@id":"https:\/\/casavi.com\/en\/myboard\/#primaryimage"},"image":{"@id":"https:\/\/casavi.com\/en\/myboard\/#primaryimage"},"thumbnailUrl":"https:\/\/casavi.com\/de\/wp-content\/uploads\/sites\/2\/Bildschirmfoto-2020-08-14-um-12.02.20.png","datePublished":"2022-04-05T12:11:55+00:00","dateModified":"2022-04-12T11:27:23+00:00","description":"Die casavi Plattform vernetzt Eigent\u00fcmer, Mieter, Verwalter, Facility Manager und weitere Dienstleister auf intelligente Art und Weise.","breadcrumb":{"@id":"https:\/\/casavi.com\/en\/myboard\/#breadcrumb"},"inLanguage":"en-US","potentialAction":[{"@type":"ReadAction","target":["https:\/\/casavi.com\/en\/myboard\/"]}]},{"@type":"ImageObject","inLanguage":"en-US","@id":"https:\/\/casavi.com\/en\/myboard\/#primaryimage","url":"https:\/\/casavi.com\/de\/wp-content\/uploads\/sites\/2\/Bildschirmfoto-2020-08-14-um-12.02.20.png","contentUrl":"https:\/\/casavi.com\/de\/wp-content\/uploads\/sites\/2\/Bildschirmfoto-2020-08-14-um-12.02.20.png"},{"@type":"BreadcrumbList","@id":"https:\/\/casavi.com\/en\/myboard\/#breadcrumb","itemListElement":[{"@type":"ListItem","position":1,"name":"Home","item":"https:\/\/casavi.com\/en\/"},{"@type":"ListItem","position":2,"name":"casavi MyBoard"}]},{"@type":"WebSite","@id":"https:\/\/casavi.com\/en\/#website","url":"https:\/\/casavi.com\/en\/","name":"EN - casavi.com\/en","description":"Connected work. Easy management.","publisher":{"@id":"https:\/\/casavi.com\/en\/#organization"},"potentialAction":[{"@type":"SearchAction","target":{"@type":"EntryPoint","urlTemplate":"https:\/\/casavi.com\/en\/?s={search_term_string}"},"query-input":{"@type":"PropertyValueSpecification","valueRequired":true,"valueName":"search_term_string"}}],"inLanguage":"en-US"},{"@type":"Organization","@id":"https:\/\/casavi.com\/en\/#organization","name":"EN - casavi.com\/en","url":"https:\/\/casavi.com\/en\/","logo":{"@type":"ImageObject","inLanguage":"en-US","@id":"https:\/\/casavi.com\/en\/#\/schema\/logo\/image\/","url":"https:\/\/casavi.com\/en\/wp-content\/uploads\/sites\/3\/cropped-cropped-cropped-casavi-Icon.png","contentUrl":"https:\/\/casavi.com\/en\/wp-content\/uploads\/sites\/3\/cropped-cropped-cropped-casavi-Icon.png","width":512,"height":512,"caption":"EN - casavi.com\/en"},"image":{"@id":"https:\/\/casavi.com\/en\/#\/schema\/logo\/image\/"}}]}},"_links":{"self":[{"href":"https:\/\/casavi.com\/en\/wp-json\/wp\/v2\/pages\/47188","targetHints":{"allow":["GET"]}}],"collection":[{"href":"https:\/\/casavi.com\/en\/wp-json\/wp\/v2\/pages"}],"about":[{"href":"https:\/\/casavi.com\/en\/wp-json\/wp\/v2\/types\/page"}],"author":[{"embeddable":true,"href":"https:\/\/casavi.com\/en\/wp-json\/wp\/v2\/users\/11"}],"replies":[{"embeddable":true,"href":"https:\/\/casavi.com\/en\/wp-json\/wp\/v2\/comments?post=47188"}],"version-history":[{"count":0,"href":"https:\/\/casavi.com\/en\/wp-json\/wp\/v2\/pages\/47188\/revisions"}],"wp:attachment":[{"href":"https:\/\/casavi.com\/en\/wp-json\/wp\/v2\/media?parent=47188"}],"curies":[{"name":"wp","href":"https:\/\/api.w.org\/{rel}","templated":true}]}}