{"id":47693,"date":"2022-02-18T12:17:13","date_gmt":"2022-02-18T11:17:13","guid":{"rendered":"https:\/\/casavi.com\/de\/?page_id=47693"},"modified":"2022-04-19T15:53:49","modified_gmt":"2022-04-19T13:53:49","slug":"mybrand","status":"publish","type":"page","link":"https:\/\/casavi.com\/en\/mybrand\/","title":{"rendered":"casavi MyBrand"},"content":{"rendered":"\n<div class=\"wp-block-group alignfull is-style-casavi-slant\"><div class=\"wp-block-group__inner-container is-layout-flow wp-block-group-is-layout-flow\">\n<div class=\"acf-block-casavi-responsive-spacer clearfix has-space-xs-1 has-space-md-2\" id=\"block_6169844fd5db1\"><\/div>\n\n\n\n<div class=\"wp-block-media-text alignwide has-media-on-the-right is-stacked-on-mobile casavi-grid-35-65 is-style-casavi-default\" style=\"grid-template-columns:auto 35%\"><figure class=\"wp-block-media-text__media\"><img fetchpriority=\"high\" decoding=\"async\" width=\"1024\" height=\"776\" src=\"https:\/\/casavi.com\/de\/wp-content\/uploads\/sites\/2\/Upsellpage_MyBoard-1024x776.jpg\" alt=\"\" class=\"wp-image-47869 size-full\" srcset=\"https:\/\/casavi.com\/en\/wp-content\/uploads\/sites\/3\/Upsellpage_MyBoard-1024x776.jpg 1024w, https:\/\/casavi.com\/en\/wp-content\/uploads\/sites\/3\/Upsellpage_MyBoard-300x227.jpg 300w, https:\/\/casavi.com\/en\/wp-content\/uploads\/sites\/3\/Upsellpage_MyBoard-768x582.jpg 768w, https:\/\/casavi.com\/en\/wp-content\/uploads\/sites\/3\/Upsellpage_MyBoard-1536x1163.jpg 1536w, https:\/\/casavi.com\/en\/wp-content\/uploads\/sites\/3\/Upsellpage_MyBoard-2048x1551.jpg 2048w, https:\/\/casavi.com\/en\/wp-content\/uploads\/sites\/3\/Upsellpage_MyBoard-697x528.jpg 697w\" sizes=\"(max-width: 1024px) 100vw, 1024px\" \/><\/figure><div class=\"wp-block-media-text__content\">\n<h1 class=\"wp-block-heading\" id=\"casavi-mybrand\"><strong>casavi MyBrand<\/strong><\/h1>\n\n\n\n<p>Sie informieren Ihre Kunden digital \u00fcber die Sperrung der Zufahrt n\u00e4chsten Monat und stellen Abrechnungsdokumente und Hausordnung in Ihrem Serviceportal zur Verf\u00fcgung? Hervorragend! Gehen Sie nun den n\u00e4chsten Schritt im Kundenservice.&nbsp;<\/p>\n\n\n\n<p>Stellen Sie Ihren Kunden Ihre <a href=\"https:\/\/casavi.com\/de\/funktionen\/service-app-kundenportal\/\" target=\"_blank\" rel=\"noreferrer noopener\">Serviceplattform<\/a> gestaltet in dem Corporate Design Ihrer Marke auf Ihrer Wunschdomain zur Verf\u00fcgung und begeistern Sie Immobilienbewohner und -Eigent\u00fcmer mit Ihrer eigenen App.<\/p>\n<\/div><\/div>\n\n\n\n<div class=\"acf-block-casavi-responsive-spacer clearfix has-space-xs-2 has-space-md-4\" id=\"block_61698405d5db0\"><\/div>\n<\/div><\/div>\n\n\n\n<div class=\"acf-block-casavi-testimonials clearfix alignwide\" id=\"block_625577153ea25\">\n\t\t\t<div class=\"block-testimonials-inner swiper slider-default\">\n\t\t\t<div class=\"swiper-wrapper\">\n\t\t\t\t\t\t\t\t\t<div class=\"swiper-slide\">\n\t\t\t\t\t\t<div class=\"slide-inner the-testimonial has-cite-subtext has-image\">\n\t\t\t\t\t\t\t<q class=\"testimonial-content\">\n\t\t\t\t\t\t\t\t<p><span style=\"color: var(--text-color);font-family: var(--font-family);font-size: var(--font-size-regular-0);letter-spacing: var(--global-letter-spacing)\"><img decoding=\"async\" class=\"alignright wp-image-48836\" src=\"https:\/\/casavi.com\/de\/wp-content\/uploads\/sites\/2\/Immoagent_Icon_4c-300x300.png\" alt=\"\" width=\"70\" height=\"70\" srcset=\"https:\/\/casavi.com\/en\/wp-content\/uploads\/sites\/3\/Immoagent_Icon_4c-300x300.png 300w, https:\/\/casavi.com\/en\/wp-content\/uploads\/sites\/3\/Immoagent_Icon_4c-150x150.png 150w, https:\/\/casavi.com\/en\/wp-content\/uploads\/sites\/3\/Immoagent_Icon_4c-528x528.png 528w, https:\/\/casavi.com\/en\/wp-content\/uploads\/sites\/3\/Immoagent_Icon_4c.png 591w\" sizes=\"(max-width: 70px) 100vw, 70px\" \/> \u201cIm Entscheidungsprozess rund um die eigene App haben wir von <\/span><a style=\"font-family: var(--font-family);font-size: var(--font-size-regular-0);letter-spacing: var(--global-letter-spacing)\" href=\"https:\/\/www.immoagent.info\/Start.htm\">Immoagent<\/a><span style=\"color: var(--text-color);font-family: var(--font-family);font-size: var(--font-size-regular-0);letter-spacing: var(--global-letter-spacing)\">\u00a0direkt ein<\/span><strong style=\"color: var(--text-color);font-family: var(--font-family);font-size: var(--font-size-regular-0);letter-spacing: var(--global-letter-spacing)\"> App Icon<\/strong><span style=\"color: var(--text-color);font-family: var(--font-family);font-size: var(--font-size-regular-0);letter-spacing: var(--global-letter-spacing)\"> entwickelt, <\/span><\/p>\n<p><span style=\"color: var(--text-color);font-family: var(--font-family);font-size: var(--font-size-regular-0);letter-spacing: var(--global-letter-spacing)\">damit unser Brand in einem einheitlichen <\/span><strong style=\"color: var(--text-color);font-family: var(--font-family);font-size: var(--font-size-regular-0);letter-spacing: var(--global-letter-spacing)\">Look erscheint<\/strong><span style=\"color: var(--text-color);font-family: var(--font-family);font-size: var(--font-size-regular-0);letter-spacing: var(--global-letter-spacing)\">. Wir sind sehr zufrieden mit unserer eigenen App.&#8221;<\/span><\/p>\n\t\t\t\t\t\t\t<\/q>\n\t\t\t\t\t\t\t<cite class=\"testimonial-cite\">\n\t\t\t\t\t\t\t\t<span class=\"testimonial-person\">Herr Klingenberg<\/span>\n\t\t\t\t\t\t\t\t\t\t\t\t\t\t\t\t\t<span class=\"testimonial-positon\">Gesch\u00e4ftsf\u00fchrer des Immoagent Bielefeld<\/span>\n\t\t\t\t\t\t\t\t\t\t\t\t\t\t\t<\/cite>\n\t\t\t\t\t\t\t\t\t\t\t\t\t\t\t<img loading=\"lazy\" decoding=\"async\" width=\"150\" height=\"150\" src=\"https:\/\/casavi.com\/en\/wp-content\/uploads\/sites\/3\/Immoagent_Logo_4c-02-150x150.png\" class=\"testimonial-image\" alt=\"\" \/>\t\t\t\t\t\t\t\t\t\t\t\t\t<\/div>\n\t\t\t\t\t<\/div>\n\t\t\t\t\t\t\t\t<\/div>\n\n\t\t\t\t\t<\/div>\n\t<\/div>\n\n\n\n<div class=\"wp-block-group alignfull has-gray-3-background-color has-background\"><div class=\"wp-block-group__inner-container is-layout-flow wp-block-group-is-layout-flow\">\n<div class=\"acf-block-casavi-responsive-spacer clearfix has-space-xs-1 has-space-md-2\" id=\"block_62557a99d0710\"><\/div>\n\n\n\n<div class=\"wp-block-media-text alignwide is-stacked-on-mobile is-style-casavi-mobile\" style=\"grid-template-columns:30% auto\"><figure class=\"wp-block-media-text__media\"><img loading=\"lazy\" decoding=\"async\" width=\"244\" height=\"528\" src=\"https:\/\/casavi.com\/de\/wp-content\/uploads\/sites\/2\/Upsellpage_MyApp-Mockup-244x528.png\" alt=\"\" class=\"wp-image-47939 size-mobile_crop\" srcset=\"https:\/\/casavi.com\/en\/wp-content\/uploads\/sites\/3\/Upsellpage_MyApp-Mockup-244x528.png 244w, https:\/\/casavi.com\/en\/wp-content\/uploads\/sites\/3\/Upsellpage_MyApp-Mockup-139x300.png 139w, https:\/\/casavi.com\/en\/wp-content\/uploads\/sites\/3\/Upsellpage_MyApp-Mockup-473x1024.png 473w, https:\/\/casavi.com\/en\/wp-content\/uploads\/sites\/3\/Upsellpage_MyApp-Mockup-768x1662.png 768w, https:\/\/casavi.com\/en\/wp-content\/uploads\/sites\/3\/Upsellpage_MyApp-Mockup-710x1536.png 710w, https:\/\/casavi.com\/en\/wp-content\/uploads\/sites\/3\/Upsellpage_MyApp-Mockup-946x2048.png 946w, https:\/\/casavi.com\/en\/wp-content\/uploads\/sites\/3\/Upsellpage_MyApp-Mockup.png 1090w\" sizes=\"(max-width: 244px) 100vw, 244px\" \/><\/figure><div class=\"wp-block-media-text__content\">\n<h2 class=\"wp-block-heading\" id=\"ihre-vorteile-durch-mybrand\"><strong>Ihre Vorteile durch MyBrand<\/strong><\/h2>\n\n\n\n<ul class=\"is-style-casavi-checklist wp-block-list\"><li><strong>Alleinstellungsmerkmal<\/strong> &#8211; Heben Sie sich mit Ihrer eigenen ServiceApp + Portal deutlich von Ihren Mitbewerbern ab, indem Sie Ihre eigene App im Design Ihrer Verwaltung anbieten &#8211; inklusive Logo, Namen Ihrer Hausverwaltung und Farben Ihrer Marke.<\/li><\/ul>\n\n\n\n<ul class=\"is-style-casavi-checklist wp-block-list\"><li><strong>Hoher Wiedererkennungswert durch einheitlichen Marketingauftritt<\/strong> &#8211; Pr\u00e4sentieren Sie sich nach au\u00dfen hin einheitlich &#8211; in individuellen Farben, mit Ihrer Domain und Ihrer Emailadresse f\u00fcr einen hohen Wiedererkennungswert. Im eigenen Design und mit Ihrem Logo versehen erscheinen App + Portal in noch mehr Glanz.<\/li><li><strong>Bessere Suchmaschinenpr\u00e4senz<\/strong> &#8211; Vergeben Sie eine individuelle Domain, verbessern Sie so Ihre Suchmaschinen-Pr\u00e4senz und machen Sie Ihren Kunden den Zugang zum Portal so einfach wie m\u00f6glich. Damit haben Ihre Kunden Ihr <a href=\"https:\/\/casavi.com\/de\/funktionen\/service-app-kundenportal\/\" target=\"_blank\" rel=\"noreferrer noopener\">Serviceportal<\/a> schnell parat und nutzen so mit einer h\u00f6heren Wahrscheinlichkeit den von Ihnen bevorzugten Kommunikationskanal.<\/li><li><strong>Auffindbarkeit des Immobilienunternehmens in den Stores<\/strong> &#8211; Werden Sie ebenfalls im Applestore und im Google Play Store gefunden &#8211; mit einer eigenen App.<\/li><\/ul>\n<\/div><\/div>\n\n\n\n<div class=\"acf-block-casavi-responsive-spacer clearfix has-space-xs-1 has-space-md-2\" id=\"block_616ecee82e934\"><\/div>\n<\/div><\/div>\n\n\n\n<div class=\"wp-block-group alignfull has-white-background-color has-background\"><div class=\"wp-block-group__inner-container is-layout-flow wp-block-group-is-layout-flow\">\n<div class=\"acf-block-casavi-responsive-spacer clearfix has-space-xs-1 has-space-md-2\" id=\"block_61a6325bccd17\"><\/div>\n\n\n\n<h2 class=\"wp-block-heading\" id=\"vorteile-der-kunden-service-app-allgemein-1\"><strong>Vorteile der <a href=\"https:\/\/casavi.com\/de\/funktionen\/service-app-kundenportal\/\" target=\"_blank\" rel=\"noreferrer noopener\">Kunden-Service-App<\/a> allgemein<\/strong><\/h2>\n\n\n\n<ul class=\"is-style-casavi-checklist wp-block-list\"><li><strong>H\u00f6here Kundenzufriedenheit<\/strong> &#8211; alle Informationen an einem Ort&nbsp;<\/li><li><strong>Kurze Informationswege<\/strong> &#8211; immer up to date<\/li><li><strong>Zeitersparnis durch Automatismen<\/strong> &#8211; mehr Effizienz in der Bearbeitung von Kundenanliegen<\/li><li><strong>St\u00e4rkere Pr\u00e4senz beim Kunden <\/strong>&#8211; durch Pushbenachrichtigungen etc.<\/li><\/ul>\n\n\n\n<div class=\"acf-block-casavi-responsive-spacer clearfix has-space-xs-1 has-space-md-2\" id=\"block_620f97414d2a7\"><\/div>\n<\/div><\/div>\n\n\n\n<div class=\"wp-block-group alignfull has-white-background-color has-background\"><div class=\"wp-block-group__inner-container is-layout-flow wp-block-group-is-layout-flow\">\n<div class=\"wp-block-group alignfull has-gray-3-background-color has-background\"><div class=\"wp-block-group__inner-container is-layout-flow wp-block-group-is-layout-flow\">\n<div class=\"acf-block-casavi-responsive-spacer clearfix has-space-xs-1 has-space-md-2\" id=\"block_61dc0bc22b099\"><\/div>\n\n\n\n<div class=\"wp-block-media-text alignwide has-media-on-the-right is-stacked-on-mobile is-style-casavi-decor-right\"><figure class=\"wp-block-media-text__media\"><img loading=\"lazy\" decoding=\"async\" width=\"706\" height=\"391\" src=\"https:\/\/casavi.com\/de\/wp-content\/uploads\/sites\/2\/Upsellpage_MyDomain.png\" alt=\"\" class=\"wp-image-47933 size-full\" srcset=\"https:\/\/casavi.com\/en\/wp-content\/uploads\/sites\/3\/Upsellpage_MyDomain.png 706w, https:\/\/casavi.com\/en\/wp-content\/uploads\/sites\/3\/Upsellpage_MyDomain-300x166.png 300w\" sizes=\"(max-width: 706px) 100vw, 706px\" \/><\/figure><div class=\"wp-block-media-text__content\">\n<h2 class=\"wp-block-heading\" id=\"einrichtung-ihrer-mydomain\"><strong><strong><strong>Einrichtung Ihrer MyDomain<\/strong><\/strong><\/strong><\/h2>\n\n\n\n<p>Die MyDomain ist ein kostenpflichtiges Zusatzmodul von casavi. Mit einem Klick auf den folgenden Button lassen wir Ihnen gerne ein Angebot zukommen.<br>Nach Ihrer Buchung erhalten Sie einen Einrichtungsleitfaden und sobald Sie uns Ihre Domain \u00fcbergeben haben, dauert es in etwa eine Woche bis Ihr <a href=\"https:\/\/casavi.com\/de\/funktionen\/service-app-kundenportal\/\" target=\"_blank\" rel=\"noreferrer noopener\">Kundenserviceportal<\/a> \u00fcber Ihre Domain erreichbar ist.<\/p>\n\n\n\n<div class=\"wp-block-buttons is-layout-flex wp-block-buttons-is-layout-flex\">\n<div class=\"wp-block-button\"><a class=\"wp-block-button__link\" href=\"#myangebotanfordern\">MyDomain Angebot anfordern<\/a><\/div>\n<\/div>\n<\/div><\/div>\n\n\n\n<div class=\"acf-block-casavi-responsive-spacer clearfix has-space-xs-1 has-space-md-2\" id=\"block_62557b42d0711\"><\/div>\n\n\n\n<div class=\"wp-block-columns alignwide is-layout-flex wp-container-core-columns-is-layout-9d6595d7 wp-block-columns-is-layout-flex\">\n<div class=\"wp-block-column is-layout-flow wp-block-column-is-layout-flow\">\n<div class=\"wp-block-buttons is-layout-flex wp-block-buttons-is-layout-flex\"><\/div>\n<\/div>\n\n\n\n<div class=\"wp-block-column is-layout-flow wp-block-column-is-layout-flow\">\n<div class=\"wp-block-buttons alignwide is-layout-flex wp-block-buttons-is-layout-flex\"><\/div>\n<\/div>\n<\/div>\n<\/div><\/div>\n\n\n\n<div class=\"wp-block-group alignfull has-white-background-color has-background\"><div class=\"wp-block-group__inner-container is-layout-flow wp-block-group-is-layout-flow\">\n<div class=\"acf-block-casavi-responsive-spacer clearfix has-space-xs-1 has-space-md-2\" id=\"block_625578a63ea27\"><\/div>\n\n\n\n<div class=\"wp-block-group alignfull has-white-background-color has-background\"><div class=\"wp-block-group__inner-container is-layout-flow wp-block-group-is-layout-flow\">\n<div class=\"wp-block-media-text alignfull is-stacked-on-mobile is-style-casavi-mobile has-white-background-color has-background\" style=\"grid-template-columns:19% auto\"><figure class=\"wp-block-media-text__media\"><img loading=\"lazy\" decoding=\"async\" width=\"251\" height=\"528\" src=\"https:\/\/casavi.com\/de\/wp-content\/uploads\/sites\/2\/Upsellpage_MyApp-Appicon-251x528.png\" alt=\"\" class=\"wp-image-47940 size-mobile_crop\" srcset=\"https:\/\/casavi.com\/en\/wp-content\/uploads\/sites\/3\/Upsellpage_MyApp-Appicon-251x528.png 251w, https:\/\/casavi.com\/en\/wp-content\/uploads\/sites\/3\/Upsellpage_MyApp-Appicon-143x300.png 143w, https:\/\/casavi.com\/en\/wp-content\/uploads\/sites\/3\/Upsellpage_MyApp-Appicon-487x1024.png 487w, https:\/\/casavi.com\/en\/wp-content\/uploads\/sites\/3\/Upsellpage_MyApp-Appicon-768x1615.png 768w, https:\/\/casavi.com\/en\/wp-content\/uploads\/sites\/3\/Upsellpage_MyApp-Appicon-730x1536.png 730w, https:\/\/casavi.com\/en\/wp-content\/uploads\/sites\/3\/Upsellpage_MyApp-Appicon-974x2048.png 974w, https:\/\/casavi.com\/en\/wp-content\/uploads\/sites\/3\/Upsellpage_MyApp-Appicon.png 1150w\" sizes=\"(max-width: 251px) 100vw, 251px\" \/><\/figure><div class=\"wp-block-media-text__content\">\n<h2 class=\"wp-block-heading\" id=\"voraussetzungen-fur-ihre-eigene-myapp\"><strong><strong>Voraussetzungen f\u00fcr Ihre eigene MyApp<\/strong><\/strong><\/h2>\n\n\n\n<p>Die MyApp ist ein kostenpflichtiges Zusatzmodul von casavi. Mit einem Klick auf den folgenden Button lassen wir Ihnen gerne ein Angebot daf\u00fcr zukommen. Nachdem Sie uns die Best\u00e4tigung sowie alle Angaben zur App haben zukommen lassen dauert es in etwa 6 Wochen bis die App in den Stores zur Verf\u00fcgung steht.<\/p>\n\n\n\n<div class=\"wp-block-buttons is-layout-flex wp-block-buttons-is-layout-flex\">\n<div class=\"wp-block-button\"><a class=\"wp-block-button__link\" href=\"#myangebotanfordern\">MyApp Angebot anfordern<\/a><\/div>\n<\/div>\n<\/div><\/div>\n\n\n\n<div class=\"acf-block-casavi-responsive-spacer clearfix has-space-xs-1 has-space-md-2\" id=\"block_6171385c0db06\"><\/div>\n<\/div><\/div>\n<\/div><\/div>\n<\/div><\/div>\n\n\n\n<div class=\"wp-block-group alignfull has-gray-3-background-color has-background\"><div class=\"wp-block-group__inner-container is-layout-flow wp-block-group-is-layout-flow\">\n<div class=\"acf-block-casavi-responsive-spacer clearfix has-space-xs-1 has-space-md-2\" id=\"block_625573a813486\"><\/div>\n\n\n\n<div class=\"wp-block-group is-style-casavi-card has-white-background-color has-background\"><div class=\"wp-block-group__inner-container is-layout-flow wp-block-group-is-layout-flow\">\n<h3 class=\"has-text-align-center wp-block-heading\" id=\"myangebotanfordern\"> Sie haben Fragen? <\/h3>\n\n\n\n<p class=\"has-text-align-center\">Dann beantworten wir sie Ihnen gerne. Hinterlassen Sie uns hier Ihre Telefonnummer und wir rufen Sie dazu an.<\/p>\n\n\n<\/div><\/div>\n\n\n\n<div class=\"acf-block-casavi-responsive-spacer clearfix has-space-xs-2 has-space-md-4\" id=\"block_616ecb3d2e931\"><\/div>\n<\/div><\/div>\n","protected":false},"excerpt":{"rendered":"<p>casavi MyBrand Sie informieren Ihre Kunden digital \u00fcber die Sperrung der Zufahrt n\u00e4chsten Monat und stellen Abrechnungsdokumente und Hausordnung in [&hellip;]<\/p>\n","protected":false},"author":11,"featured_media":0,"parent":0,"menu_order":0,"comment_status":"closed","ping_status":"closed","template":"","meta":{"_acf_changed":false,"_trash_the_other_posts":false,"editor_notices":[],"footnotes":""},"class_list":["post-47693","page","type-page","status-publish","hentry"],"acf":[],"yoast_head":"<!-- This site is optimized with the Yoast SEO plugin v27.4 - https:\/\/yoast.com\/product\/yoast-seo-wordpress\/ -->\n<title>casavi MyBrand- Jetzt mehr erfahren<\/title>\n<meta name=\"description\" content=\"Die casavi Plattform vernetzt Eigent\u00fcmer, Mieter, Verwalter, Facility Manager und weitere Dienstleister auf intelligente Art und Weise.\" \/>\n<meta name=\"robots\" content=\"index, follow, max-snippet:-1, max-image-preview:large, max-video-preview:-1\" \/>\n<link rel=\"canonical\" href=\"https:\/\/casavi.com\/en\/mybrand\/\" \/>\n<meta property=\"og:locale\" content=\"en_US\" \/>\n<meta property=\"og:type\" content=\"article\" \/>\n<meta property=\"og:title\" content=\"casavi MyBrand- Jetzt mehr erfahren\" \/>\n<meta property=\"og:description\" content=\"Die casavi Plattform vernetzt Eigent\u00fcmer, Mieter, Verwalter, Facility Manager und weitere Dienstleister auf intelligente Art und Weise.\" \/>\n<meta property=\"og:url\" content=\"https:\/\/casavi.com\/en\/mybrand\/\" \/>\n<meta property=\"og:site_name\" content=\"EN - casavi.com\/en\" \/>\n<meta property=\"article:modified_time\" content=\"2022-04-19T13:53:49+00:00\" \/>\n<meta property=\"og:image\" content=\"https:\/\/casavi.com\/de\/wp-content\/uploads\/sites\/2\/Upsellpage_MyBoard-1024x776.jpg\" \/>\n<meta name=\"twitter:card\" content=\"summary_large_image\" \/>\n<meta name=\"twitter:label1\" content=\"Est. reading time\" \/>\n\t<meta name=\"twitter:data1\" content=\"3 minutes\" \/>\n<script type=\"application\/ld+json\" class=\"yoast-schema-graph\">{\"@context\":\"https:\\\/\\\/schema.org\",\"@graph\":[{\"@type\":\"WebPage\",\"@id\":\"https:\\\/\\\/casavi.com\\\/en\\\/mybrand\\\/\",\"url\":\"https:\\\/\\\/casavi.com\\\/en\\\/mybrand\\\/\",\"name\":\"casavi MyBrand- Jetzt mehr erfahren\",\"isPartOf\":{\"@id\":\"https:\\\/\\\/casavi.com\\\/en\\\/#website\"},\"primaryImageOfPage\":{\"@id\":\"https:\\\/\\\/casavi.com\\\/en\\\/mybrand\\\/#primaryimage\"},\"image\":{\"@id\":\"https:\\\/\\\/casavi.com\\\/en\\\/mybrand\\\/#primaryimage\"},\"thumbnailUrl\":\"https:\\\/\\\/casavi.com\\\/de\\\/wp-content\\\/uploads\\\/sites\\\/2\\\/Upsellpage_MyBoard-1024x776.jpg\",\"datePublished\":\"2022-02-18T11:17:13+00:00\",\"dateModified\":\"2022-04-19T13:53:49+00:00\",\"description\":\"Die casavi Plattform vernetzt Eigent\u00fcmer, Mieter, Verwalter, Facility Manager und weitere Dienstleister auf intelligente Art und Weise.\",\"breadcrumb\":{\"@id\":\"https:\\\/\\\/casavi.com\\\/en\\\/mybrand\\\/#breadcrumb\"},\"inLanguage\":\"en-US\",\"potentialAction\":[{\"@type\":\"ReadAction\",\"target\":[\"https:\\\/\\\/casavi.com\\\/en\\\/mybrand\\\/\"]}]},{\"@type\":\"ImageObject\",\"inLanguage\":\"en-US\",\"@id\":\"https:\\\/\\\/casavi.com\\\/en\\\/mybrand\\\/#primaryimage\",\"url\":\"https:\\\/\\\/casavi.com\\\/de\\\/wp-content\\\/uploads\\\/sites\\\/2\\\/Upsellpage_MyBoard-1024x776.jpg\",\"contentUrl\":\"https:\\\/\\\/casavi.com\\\/de\\\/wp-content\\\/uploads\\\/sites\\\/2\\\/Upsellpage_MyBoard-1024x776.jpg\"},{\"@type\":\"BreadcrumbList\",\"@id\":\"https:\\\/\\\/casavi.com\\\/en\\\/mybrand\\\/#breadcrumb\",\"itemListElement\":[{\"@type\":\"ListItem\",\"position\":1,\"name\":\"Home\",\"item\":\"https:\\\/\\\/casavi.com\\\/en\\\/\"},{\"@type\":\"ListItem\",\"position\":2,\"name\":\"casavi MyBrand\"}]},{\"@type\":\"WebSite\",\"@id\":\"https:\\\/\\\/casavi.com\\\/en\\\/#website\",\"url\":\"https:\\\/\\\/casavi.com\\\/en\\\/\",\"name\":\"EN - casavi.com\\\/en\",\"description\":\"Connected work. Easy management.\",\"publisher\":{\"@id\":\"https:\\\/\\\/casavi.com\\\/en\\\/#organization\"},\"potentialAction\":[{\"@type\":\"SearchAction\",\"target\":{\"@type\":\"EntryPoint\",\"urlTemplate\":\"https:\\\/\\\/casavi.com\\\/en\\\/?s={search_term_string}\"},\"query-input\":{\"@type\":\"PropertyValueSpecification\",\"valueRequired\":true,\"valueName\":\"search_term_string\"}}],\"inLanguage\":\"en-US\"},{\"@type\":\"Organization\",\"@id\":\"https:\\\/\\\/casavi.com\\\/en\\\/#organization\",\"name\":\"EN - casavi.com\\\/en\",\"url\":\"https:\\\/\\\/casavi.com\\\/en\\\/\",\"logo\":{\"@type\":\"ImageObject\",\"inLanguage\":\"en-US\",\"@id\":\"https:\\\/\\\/casavi.com\\\/en\\\/#\\\/schema\\\/logo\\\/image\\\/\",\"url\":\"https:\\\/\\\/casavi.com\\\/en\\\/wp-content\\\/uploads\\\/sites\\\/3\\\/cropped-cropped-cropped-casavi-Icon.png\",\"contentUrl\":\"https:\\\/\\\/casavi.com\\\/en\\\/wp-content\\\/uploads\\\/sites\\\/3\\\/cropped-cropped-cropped-casavi-Icon.png\",\"width\":512,\"height\":512,\"caption\":\"EN - casavi.com\\\/en\"},\"image\":{\"@id\":\"https:\\\/\\\/casavi.com\\\/en\\\/#\\\/schema\\\/logo\\\/image\\\/\"}}]}<\/script>\n<!-- \/ Yoast SEO plugin. -->","yoast_head_json":{"title":"casavi MyBrand- Jetzt mehr erfahren","description":"Die casavi Plattform vernetzt Eigent\u00fcmer, Mieter, Verwalter, Facility Manager und weitere Dienstleister auf intelligente Art und Weise.","robots":{"index":"index","follow":"follow","max-snippet":"max-snippet:-1","max-image-preview":"max-image-preview:large","max-video-preview":"max-video-preview:-1"},"canonical":"https:\/\/casavi.com\/en\/mybrand\/","og_locale":"en_US","og_type":"article","og_title":"casavi MyBrand- Jetzt mehr erfahren","og_description":"Die casavi Plattform vernetzt Eigent\u00fcmer, Mieter, Verwalter, Facility Manager und weitere Dienstleister auf intelligente Art und Weise.","og_url":"https:\/\/casavi.com\/en\/mybrand\/","og_site_name":"EN - casavi.com\/en","article_modified_time":"2022-04-19T13:53:49+00:00","og_image":[{"url":"https:\/\/casavi.com\/de\/wp-content\/uploads\/sites\/2\/Upsellpage_MyBoard-1024x776.jpg","type":"","width":"","height":""}],"twitter_card":"summary_large_image","twitter_misc":{"Est. reading time":"3 minutes"},"schema":{"@context":"https:\/\/schema.org","@graph":[{"@type":"WebPage","@id":"https:\/\/casavi.com\/en\/mybrand\/","url":"https:\/\/casavi.com\/en\/mybrand\/","name":"casavi MyBrand- Jetzt mehr erfahren","isPartOf":{"@id":"https:\/\/casavi.com\/en\/#website"},"primaryImageOfPage":{"@id":"https:\/\/casavi.com\/en\/mybrand\/#primaryimage"},"image":{"@id":"https:\/\/casavi.com\/en\/mybrand\/#primaryimage"},"thumbnailUrl":"https:\/\/casavi.com\/de\/wp-content\/uploads\/sites\/2\/Upsellpage_MyBoard-1024x776.jpg","datePublished":"2022-02-18T11:17:13+00:00","dateModified":"2022-04-19T13:53:49+00:00","description":"Die casavi Plattform vernetzt Eigent\u00fcmer, Mieter, Verwalter, Facility Manager und weitere Dienstleister auf intelligente Art und Weise.","breadcrumb":{"@id":"https:\/\/casavi.com\/en\/mybrand\/#breadcrumb"},"inLanguage":"en-US","potentialAction":[{"@type":"ReadAction","target":["https:\/\/casavi.com\/en\/mybrand\/"]}]},{"@type":"ImageObject","inLanguage":"en-US","@id":"https:\/\/casavi.com\/en\/mybrand\/#primaryimage","url":"https:\/\/casavi.com\/de\/wp-content\/uploads\/sites\/2\/Upsellpage_MyBoard-1024x776.jpg","contentUrl":"https:\/\/casavi.com\/de\/wp-content\/uploads\/sites\/2\/Upsellpage_MyBoard-1024x776.jpg"},{"@type":"BreadcrumbList","@id":"https:\/\/casavi.com\/en\/mybrand\/#breadcrumb","itemListElement":[{"@type":"ListItem","position":1,"name":"Home","item":"https:\/\/casavi.com\/en\/"},{"@type":"ListItem","position":2,"name":"casavi MyBrand"}]},{"@type":"WebSite","@id":"https:\/\/casavi.com\/en\/#website","url":"https:\/\/casavi.com\/en\/","name":"EN - casavi.com\/en","description":"Connected work. Easy management.","publisher":{"@id":"https:\/\/casavi.com\/en\/#organization"},"potentialAction":[{"@type":"SearchAction","target":{"@type":"EntryPoint","urlTemplate":"https:\/\/casavi.com\/en\/?s={search_term_string}"},"query-input":{"@type":"PropertyValueSpecification","valueRequired":true,"valueName":"search_term_string"}}],"inLanguage":"en-US"},{"@type":"Organization","@id":"https:\/\/casavi.com\/en\/#organization","name":"EN - casavi.com\/en","url":"https:\/\/casavi.com\/en\/","logo":{"@type":"ImageObject","inLanguage":"en-US","@id":"https:\/\/casavi.com\/en\/#\/schema\/logo\/image\/","url":"https:\/\/casavi.com\/en\/wp-content\/uploads\/sites\/3\/cropped-cropped-cropped-casavi-Icon.png","contentUrl":"https:\/\/casavi.com\/en\/wp-content\/uploads\/sites\/3\/cropped-cropped-cropped-casavi-Icon.png","width":512,"height":512,"caption":"EN - casavi.com\/en"},"image":{"@id":"https:\/\/casavi.com\/en\/#\/schema\/logo\/image\/"}}]}},"_links":{"self":[{"href":"https:\/\/casavi.com\/en\/wp-json\/wp\/v2\/pages\/47693","targetHints":{"allow":["GET"]}}],"collection":[{"href":"https:\/\/casavi.com\/en\/wp-json\/wp\/v2\/pages"}],"about":[{"href":"https:\/\/casavi.com\/en\/wp-json\/wp\/v2\/types\/page"}],"author":[{"embeddable":true,"href":"https:\/\/casavi.com\/en\/wp-json\/wp\/v2\/users\/11"}],"replies":[{"embeddable":true,"href":"https:\/\/casavi.com\/en\/wp-json\/wp\/v2\/comments?post=47693"}],"version-history":[{"count":0,"href":"https:\/\/casavi.com\/en\/wp-json\/wp\/v2\/pages\/47693\/revisions"}],"wp:attachment":[{"href":"https:\/\/casavi.com\/en\/wp-json\/wp\/v2\/media?parent=47693"}],"curies":[{"name":"wp","href":"https:\/\/api.w.org\/{rel}","templated":true}]}}